{"id":1409,"date":"2018-06-26T15:31:48","date_gmt":"2018-06-26T15:31:48","guid":{"rendered":"http:\/\/www.reachyourheight.com\/operative-behandlung-precice-internes-verlangerungssystem\/"},"modified":"2018-09-04T19:11:36","modified_gmt":"2018-09-04T19:11:36","slug":"operative-behandlung-precice-internes-verlangerungssystem","status":"publish","type":"page","link":"https:\/\/www.reachyourheight.com\/de\/operations-und-behandlungsmoglichkeiten-zur-beinverlangerung\/operative-behandlung-precice-internes-verlangerungssystem\/","title":{"rendered":"Operative Behandlung\u00a0\u2013\u00a0PRECICE\u00ae internes Verl\u00e4ngerungssystem"},"content":{"rendered":"<p><div class=\"fusion-fullwidth fullwidth-box fusion-builder-row-1 fusion-parallax-none nonhundred-percent-fullwidth non-hundred-percent-height-scrolling fusion-equal-height-columns fusion-no-medium-visibility fusion-no-large-visibility\" style=\"--awb-border-radius-top-left:0px;--awb-border-radius-top-right:0px;--awb-border-radius-bottom-right:0px;--awb-border-radius-bottom-left:0px;--awb-background-image:url(&quot;https:\/\/www.reachyourheight.com\/wp-content\/uploads\/2014\/12\/success-stories-1.png&quot;);--awb-background-size:cover;--awb-flex-wrap:wrap;\" ><div class=\"fusion-builder-row fusion-row\"><div class=\"fusion-layout-column fusion_builder_column fusion-builder-column-0 fusion_builder_column_1_1 1_1 fusion-one-full fusion-column-first fusion-column-last\" style=\"--awb-bg-size:cover;\"><div class=\"fusion-column-wrapper fusion-flex-column-wrapper-legacy\"><div class=\"fusion-column-content-centered\"><div class=\"fusion-column-content\"><div class=\"fusion-text fusion-text-1\"><p style=\"padding-bottom: 0; margin-bottom: 0;\"><a style=\"text-decoration: none; color: #fff; font-weight: bold; text-align: center; letter-spacing: .5px; transition: .2s ease-out; cursor: pointer; border: none; display: inline-block; line-height: 64px; vertical-align: middle; width: 100%; font-size: 22px;\" href=\"\/find-a-doctor\/\">Find A Surgeon<\/a><\/p>\n<\/div><\/div><\/div><div class=\"fusion-clearfix\"><\/div><\/div><\/div><\/div><\/div>\n<div class=\"fusion-fullwidth fullwidth-box fusion-builder-row-2 nonhundred-percent-fullwidth non-hundred-percent-height-scrolling\" style=\"--awb-border-radius-top-left:0px;--awb-border-radius-top-right:0px;--awb-border-radius-bottom-right:0px;--awb-border-radius-bottom-left:0px;--awb-flex-wrap:wrap;\" ><div class=\"fusion-builder-row fusion-row\"><div class=\"fusion-layout-column fusion_builder_column fusion-builder-column-1 fusion_builder_column_1_1 1_1 fusion-one-full fusion-column-first fusion-column-last\" style=\"--awb-bg-size:cover;\"><div class=\"fusion-column-wrapper fusion-flex-column-wrapper-legacy\"><div class=\"fusion-text fusion-text-2\"><h2><\/h2>\n<div id=\"attachment_398\" style=\"width: 322px\" class=\"wp-caption alignright\"><img decoding=\"async\" aria-describedby=\"caption-attachment-398\" class=\"size-full wp-image-798\" src=\"https:\/\/nuvasiveso.wpengine.com\/wp-content\/uploads\/2017\/04\/NuVasive_Precice_Femur_Sequence.jpg\" alt=\"\" width=\"312\" height=\"312\" srcset=\"https:\/\/www.reachyourheight.com\/wp-content\/uploads\/2017\/04\/NuVasive_Precice_Femur_Sequence-66x66.jpg 66w, https:\/\/www.reachyourheight.com\/wp-content\/uploads\/2017\/04\/NuVasive_Precice_Femur_Sequence-115x115.jpg 115w, https:\/\/www.reachyourheight.com\/wp-content\/uploads\/2017\/04\/NuVasive_Precice_Femur_Sequence-150x150.jpg 150w, https:\/\/www.reachyourheight.com\/wp-content\/uploads\/2017\/04\/NuVasive_Precice_Femur_Sequence-200x200.jpg 200w, https:\/\/www.reachyourheight.com\/wp-content\/uploads\/2017\/04\/NuVasive_Precice_Femur_Sequence-300x300.jpg 300w, https:\/\/www.reachyourheight.com\/wp-content\/uploads\/2017\/04\/NuVasive_Precice_Femur_Sequence-400x400.jpg 400w, https:\/\/www.reachyourheight.com\/wp-content\/uploads\/2017\/04\/NuVasive_Precice_Femur_Sequence.jpg 512w\" sizes=\"(max-width: 312px) 100vw, 312px\" \/><p id=\"caption-attachment-398\" class=\"wp-caption-text\">Das interne Verl\u00e4ngerungsverfahren PRECICE funktioniert wie die externe Fixierung nach dem Prinzip der Knochenregeneration. Aber die neue Technologie erm\u00f6glicht die Knochenverl\u00e4ngerung mit einem teleskopischen Ger\u00e4t im Inneren des Knochenmarkraums, und erspart Ihnen somit die Notwendigkeit einer externen Befestigungsvorrichtung.<\/p><\/div>\n<p>Das PRECICE Intramedull\u00e4re System zur Extremit\u00e4tenverl\u00e4ngerung ist ein hochmodernes System.<\/p>\n<p>Der Schl\u00fcssel zur Technologie der NuVasive\u00ae-Plattform ist die magnetische Wirkung zwischen dem PRECICE\u00ae intramedull\u00e4ren (IM) Nagel und der Fernsteuerung.<\/p>\n<p>Diese Technologie erm\u00f6glicht eine pr\u00e4zise gesteuerte Extremit\u00e4tenverl\u00e4ngerung, die eine nichtinvasive und individuell angepasste Distraktion und Behandlung der Patienten erlauben.<\/p>\n<p>Bei der Fernsteuerung (External Remote Control, ERC) handelt es sich um ein tragbares Ger\u00e4t, das den intramedull\u00e4ren Nagel per Knopfdruck pr\u00e4zise verl\u00e4ngert oder verk\u00fcrzt. Die Fernsteuerung l\u00e4sst sich je nach Distraktionsbedarf des Patienten individuell anpassen. Die Fernsteuerung ist f\u00fcr den Gebrauch im klinischen Umfeld oder beim Patienten zu Hause vorgesehen.<br \/>\n<img decoding=\"async\" class=\"alignright size-full wp-image-1151\" src=\"https:\/\/nuvasiveso.wpengine.com\/wp-content\/uploads\/2017\/04\/precice450.png\" alt=\"\" width=\"195\" height=\"450\" srcset=\"https:\/\/www.reachyourheight.com\/wp-content\/uploads\/2017\/04\/precice450-130x300.png 130w, https:\/\/www.reachyourheight.com\/wp-content\/uploads\/2017\/04\/precice450.png 195w\" sizes=\"(max-width: 195px) 100vw, 195px\" \/><\/p>\n<h2>Reach Your Height<sup>\u00ae<\/sup> mit PRECICE<\/h2>\n<ul>\n<li>7 Minuten t\u00e4glich<\/li>\n<li>2,5\u00a0cm pro Monat<\/li>\n<li>Verbesserte Genauigkeit<sup>1<\/sup><\/li>\n<li>Weniger Komplikationen<sup>1<\/sup><\/li>\n<li>Schnellere Heilung<sup>1<\/sup><\/li>\n<li>Weniger Schmerzen<sup>2<\/sup><\/li>\n<li>Fr\u00fchere M\u00f6glichkeit, mit vollem Gewicht ohne Gehhilfen zu belasten<sup>1<\/sup><\/li>\n<li>Keine Infektionen an den Stiftstellen<sup>1<\/sup><\/li>\n<li>H\u00f6here Patientenzufriedenheit<sup>2<\/sup><\/li>\n<\/ul>\n<div class=\"reference-text\">\n<p><sup><strong>1.<\/strong> Laubscher M, Mitchell C, Timms A, et al. Outcomes following femoral lengthening: An initial comparison of the PRECICE intramedullary lengthening nail and the LRS external fixator monorail system. <em>Bone Joint J<\/em> 2016;98-B:1382\u20138.<\/sup><\/p>\n<p><sup><strong>2.<\/strong> Landge V, Shabtai L, Gesheff M, et al. Patient satisfaction after limb lengthening with internal and external devices. <em>J Surg Orthop Adv<\/em> 2015;24(2):174-9.<\/sup><\/p>\n<\/div>\n<\/div><div class=\"fusion-clearfix\"><\/div><\/div><\/div><\/div><\/div><div class=\"fusion-fullwidth fullwidth-box fusion-builder-row-3 nonhundred-percent-fullwidth non-hundred-percent-height-scrolling fusion-equal-height-columns cta\" style=\"--awb-border-radius-top-left:0px;--awb-border-radius-top-right:0px;--awb-border-radius-bottom-right:0px;--awb-border-radius-bottom-left:0px;--awb-padding-bottom:60px;--awb-flex-wrap:wrap;\" ><div class=\"fusion-builder-row fusion-row\"><div class=\"fusion-layout-column fusion_builder_column fusion-builder-column-2 fusion_builder_column_1_3 1_3 fusion-one-third fusion-column-first\" style=\"--awb-padding-top:94px;--awb-padding-bottom:94px;--awb-bg-color:#0099cc;--awb-bg-color-hover:#0099cc;--awb-bg-image:url(&#039;https:\/\/nuvasiveso.wpengine.com\/wp-content\/uploads\/2014\/12\/blue-docs.jpg&#039;);--awb-bg-position:center center;--awb-bg-size:cover;--awb-margin-bottom:0px;width:33.3333333333%;width:calc(33.3333333333% - ( ( 4% + 4% ) * 0.333333333333 ) );margin-right: 4%;\"><div class=\"fusion-column-wrapper fusion-flex-column-wrapper-legacy fusion-column-has-bg-image\" data-bg-url=\"https:\/\/nuvasiveso.wpengine.com\/wp-content\/uploads\/2014\/12\/blue-docs.jpg\"><div class=\"fusion-column-content-centered\"><div class=\"fusion-column-content\"><div class=\"fusion-text fusion-text-3\"><h2 style=\"text-align: center;\">Bereit f\u00fcr<br \/>\nden n\u00e4chsten Schritt?<\/h2>\n<p style=\"text-align: center;\"><a href=\"http:\/\/www.reachyourheight.com\/finden-sie-einen-auf-beinverlangerungen-spezialisierten-chirurgen\/?lang=de\">Einen Arzt finden<\/a><\/p>\n<\/div><\/div><\/div><div class=\"fusion-clearfix\"><\/div><\/div><\/div><div class=\"fusion-layout-column fusion_builder_column fusion-builder-column-3 fusion_builder_column_1_3 1_3 fusion-one-third\" style=\"--awb-padding-top:94px;--awb-padding-right:0px;--awb-padding-bottom:94px;--awb-padding-left:0px;--awb-bg-color:#a8b400;--awb-bg-color-hover:#a8b400;--awb-bg-image:url(&#039;https:\/\/nuvasiveso.wpengine.com\/wp-content\/uploads\/2014\/12\/success-stories.png&#039;);--awb-bg-position:center center;--awb-bg-size:cover;--awb-margin-bottom:0px;width:33.3333333333%;width:calc(33.3333333333% - ( ( 4% + 4% ) * 0.333333333333 ) );margin-right: 4%;\"><div class=\"fusion-column-wrapper fusion-flex-column-wrapper-legacy fusion-column-has-bg-image\" data-bg-url=\"https:\/\/nuvasiveso.wpengine.com\/wp-content\/uploads\/2014\/12\/success-stories.png\"><div class=\"fusion-column-content-centered\"><div class=\"fusion-column-content\"><div class=\"fusion-text fusion-text-4\"><h2 class=\"title\" style=\"text-align: center;\">PATIENTENGESCHICHTE<\/h2>\n<p style=\"text-align: center;\"><a href=\"\/patientengeschichten\/?lang=de\">Erfahren, wie es anderen<br \/>\nLLD-Patienten erging<\/a><\/p>\n<\/div><\/div><\/div><div class=\"fusion-clearfix\"><\/div><\/div><\/div><div class=\"fusion-layout-column fusion_builder_column fusion-builder-column-4 fusion_builder_column_1_3 1_3 fusion-one-third fusion-column-last\" style=\"--awb-padding-top:94px;--awb-padding-right:0px;--awb-padding-bottom:94px;--awb-padding-left:0px;--awb-bg-color:#f2df74;--awb-bg-color-hover:#f2df74;--awb-bg-image:url(&#039;https:\/\/nuvasiveso.wpengine.com\/wp-content\/uploads\/2017\/04\/blue-feet.png&#039;);--awb-bg-position:center center;--awb-bg-size:cover;--awb-margin-bottom:0px;width:33.3333333333%;width:calc(33.3333333333% - ( ( 4% + 4% ) * 0.333333333333 ) );\"><div class=\"fusion-column-wrapper fusion-flex-column-wrapper-legacy fusion-column-has-bg-image\" data-bg-url=\"https:\/\/nuvasiveso.wpengine.com\/wp-content\/uploads\/2017\/04\/blue-feet.png\"><div class=\"fusion-column-content-centered\"><div class=\"fusion-column-content\"><div class=\"fusion-text fusion-text-5\"><h2 class=\"title\" style=\"text-align: center;\">BEINL\u00c4NGEN-<br \/>\nDIFFERENZ<\/h2>\n<p style=\"text-align: center;\"><a href=\"http:\/\/www.reachyourheight.com\/uber-beinlangendifferenz\/?lang=de\">Mehr \u00fcber LLD und<br \/>\nBehandlungsoptionen f\u00fcr Patienten erfahren<\/a><\/p>\n<\/div><\/div><\/div><div class=\"fusion-clearfix\"><\/div><\/div><\/div><\/div><\/div><\/p>\n","protected":false},"excerpt":{"rendered":"","protected":false},"author":2,"featured_media":0,"parent":1510,"menu_order":0,"comment_status":"closed","ping_status":"closed","template":"","meta":{"footnotes":""},"class_list":["post-1409","page","type-page","status-publish","hentry"],"yoast_head":"<!-- This site is optimized with the Yoast SEO plugin v27.4 - https:\/\/yoast.com\/product\/yoast-seo-wordpress\/ -->\n<title>Was sind die Risiken einer Operation zur Beinverl\u00e4ngerung?<\/title>\n<meta name=\"description\" content=\"Eine Operation zur Beinverl\u00e4ngerung ist mit Risiken verbunden. Besprechen Sie mit Ihrem Arzt, welche Form der Beinverl\u00e4ngerung f\u00fcr Sie die richtige w\u00e4re. Lesen Sie hier \u00fcber die allgemeinen Risiken.\" \/>\n<meta name=\"robots\" content=\"index, follow, max-snippet:-1, max-image-preview:large, max-video-preview:-1\" \/>\n<link rel=\"canonical\" href=\"https:\/\/www.reachyourheight.com\/de\/operations-und-behandlungsmoglichkeiten-zur-beinverlangerung\/operative-behandlung-precice-internes-verlangerungssystem\/\" \/>\n<meta property=\"og:locale\" content=\"de_DE\" \/>\n<meta property=\"og:type\" content=\"article\" \/>\n<meta property=\"og:title\" content=\"Was sind die Risiken einer Operation zur Beinverl\u00e4ngerung?\" \/>\n<meta property=\"og:description\" content=\"Eine Operation zur Beinverl\u00e4ngerung ist mit Risiken verbunden. Besprechen Sie mit Ihrem Arzt, welche Form der Beinverl\u00e4ngerung f\u00fcr Sie die richtige w\u00e4re. Lesen Sie hier \u00fcber die allgemeinen Risiken.\" \/>\n<meta property=\"og:url\" content=\"https:\/\/www.reachyourheight.com\/de\/operations-und-behandlungsmoglichkeiten-zur-beinverlangerung\/operative-behandlung-precice-internes-verlangerungssystem\/\" \/>\n<meta property=\"og:site_name\" content=\"Reach Your Height: PRECICE Limb Lengthening System\" \/>\n<meta property=\"article:modified_time\" content=\"2018-09-04T19:11:36+00:00\" \/>\n<meta property=\"og:image\" content=\"https:\/\/nuvasiveso.wpengine.com\/wp-content\/uploads\/2017\/04\/NuVasive_Precice_Femur_Sequence.jpg\" \/>\n<meta name=\"twitter:label1\" content=\"Gesch\u00e4tzte Lesezeit\" \/>\n\t<meta name=\"twitter:data1\" content=\"4 Minuten\" \/>\n<script type=\"application\/ld+json\" class=\"yoast-schema-graph\">{\"@context\":\"https:\\\/\\\/schema.org\",\"@graph\":[{\"@type\":\"WebPage\",\"@id\":\"https:\\\/\\\/www.reachyourheight.com\\\/de\\\/operations-und-behandlungsmoglichkeiten-zur-beinverlangerung\\\/operative-behandlung-precice-internes-verlangerungssystem\\\/\",\"url\":\"https:\\\/\\\/www.reachyourheight.com\\\/de\\\/operations-und-behandlungsmoglichkeiten-zur-beinverlangerung\\\/operative-behandlung-precice-internes-verlangerungssystem\\\/\",\"name\":\"Was sind die Risiken einer Operation zur Beinverl\u00e4ngerung?\",\"isPartOf\":{\"@id\":\"https:\\\/\\\/www.reachyourheight.com\\\/#website\"},\"primaryImageOfPage\":{\"@id\":\"https:\\\/\\\/www.reachyourheight.com\\\/de\\\/operations-und-behandlungsmoglichkeiten-zur-beinverlangerung\\\/operative-behandlung-precice-internes-verlangerungssystem\\\/#primaryimage\"},\"image\":{\"@id\":\"https:\\\/\\\/www.reachyourheight.com\\\/de\\\/operations-und-behandlungsmoglichkeiten-zur-beinverlangerung\\\/operative-behandlung-precice-internes-verlangerungssystem\\\/#primaryimage\"},\"thumbnailUrl\":\"https:\\\/\\\/nuvasiveso.wpengine.com\\\/wp-content\\\/uploads\\\/2017\\\/04\\\/NuVasive_Precice_Femur_Sequence.jpg\",\"datePublished\":\"2018-06-26T15:31:48+00:00\",\"dateModified\":\"2018-09-04T19:11:36+00:00\",\"description\":\"Eine Operation zur Beinverl\u00e4ngerung ist mit Risiken verbunden. Besprechen Sie mit Ihrem Arzt, welche Form der Beinverl\u00e4ngerung f\u00fcr Sie die richtige w\u00e4re. Lesen Sie hier \u00fcber die allgemeinen Risiken.\",\"breadcrumb\":{\"@id\":\"https:\\\/\\\/www.reachyourheight.com\\\/de\\\/operations-und-behandlungsmoglichkeiten-zur-beinverlangerung\\\/operative-behandlung-precice-internes-verlangerungssystem\\\/#breadcrumb\"},\"inLanguage\":\"de-DE\",\"potentialAction\":[{\"@type\":\"ReadAction\",\"target\":[\"https:\\\/\\\/www.reachyourheight.com\\\/de\\\/operations-und-behandlungsmoglichkeiten-zur-beinverlangerung\\\/operative-behandlung-precice-internes-verlangerungssystem\\\/\"]}]},{\"@type\":\"ImageObject\",\"inLanguage\":\"de-DE\",\"@id\":\"https:\\\/\\\/www.reachyourheight.com\\\/de\\\/operations-und-behandlungsmoglichkeiten-zur-beinverlangerung\\\/operative-behandlung-precice-internes-verlangerungssystem\\\/#primaryimage\",\"url\":\"https:\\\/\\\/nuvasiveso.wpengine.com\\\/wp-content\\\/uploads\\\/2017\\\/04\\\/NuVasive_Precice_Femur_Sequence.jpg\",\"contentUrl\":\"https:\\\/\\\/nuvasiveso.wpengine.com\\\/wp-content\\\/uploads\\\/2017\\\/04\\\/NuVasive_Precice_Femur_Sequence.jpg\"},{\"@type\":\"BreadcrumbList\",\"@id\":\"https:\\\/\\\/www.reachyourheight.com\\\/de\\\/operations-und-behandlungsmoglichkeiten-zur-beinverlangerung\\\/operative-behandlung-precice-internes-verlangerungssystem\\\/#breadcrumb\",\"itemListElement\":[{\"@type\":\"ListItem\",\"position\":1,\"name\":\"Home\",\"item\":\"https:\\\/\\\/www.reachyourheight.com\\\/de\\\/\"},{\"@type\":\"ListItem\",\"position\":2,\"name\":\"Operations- und Behandlungsm\u00f6glichkeiten zur Beinverl\u00e4ngerung\",\"item\":\"https:\\\/\\\/www.reachyourheight.com\\\/de\\\/operations-und-behandlungsmoglichkeiten-zur-beinverlangerung\\\/\"},{\"@type\":\"ListItem\",\"position\":3,\"name\":\"Operative Behandlung\u00a0\u2013\u00a0PRECICE\u00ae internes Verl\u00e4ngerungssystem\"}]},{\"@type\":\"WebSite\",\"@id\":\"https:\\\/\\\/www.reachyourheight.com\\\/#website\",\"url\":\"https:\\\/\\\/www.reachyourheight.com\\\/\",\"name\":\"Reach Your Height: PRECICE Limb Lengthening System\",\"description\":\"Reach Your Height: PRECICE Limb Lengthening System\",\"potentialAction\":[{\"@type\":\"SearchAction\",\"target\":{\"@type\":\"EntryPoint\",\"urlTemplate\":\"https:\\\/\\\/www.reachyourheight.com\\\/?s={search_term_string}\"},\"query-input\":{\"@type\":\"PropertyValueSpecification\",\"valueRequired\":true,\"valueName\":\"search_term_string\"}}],\"inLanguage\":\"de-DE\"}]}<\/script>\n<!-- \/ Yoast SEO plugin. -->","yoast_head_json":{"title":"Was sind die Risiken einer Operation zur Beinverl\u00e4ngerung?","description":"Eine Operation zur Beinverl\u00e4ngerung ist mit Risiken verbunden. Besprechen Sie mit Ihrem Arzt, welche Form der Beinverl\u00e4ngerung f\u00fcr Sie die richtige w\u00e4re. Lesen Sie hier \u00fcber die allgemeinen Risiken.","robots":{"index":"index","follow":"follow","max-snippet":"max-snippet:-1","max-image-preview":"max-image-preview:large","max-video-preview":"max-video-preview:-1"},"canonical":"https:\/\/www.reachyourheight.com\/de\/operations-und-behandlungsmoglichkeiten-zur-beinverlangerung\/operative-behandlung-precice-internes-verlangerungssystem\/","og_locale":"de_DE","og_type":"article","og_title":"Was sind die Risiken einer Operation zur Beinverl\u00e4ngerung?","og_description":"Eine Operation zur Beinverl\u00e4ngerung ist mit Risiken verbunden. Besprechen Sie mit Ihrem Arzt, welche Form der Beinverl\u00e4ngerung f\u00fcr Sie die richtige w\u00e4re. Lesen Sie hier \u00fcber die allgemeinen Risiken.","og_url":"https:\/\/www.reachyourheight.com\/de\/operations-und-behandlungsmoglichkeiten-zur-beinverlangerung\/operative-behandlung-precice-internes-verlangerungssystem\/","og_site_name":"Reach Your Height: PRECICE Limb Lengthening System","article_modified_time":"2018-09-04T19:11:36+00:00","og_image":[{"url":"https:\/\/nuvasiveso.wpengine.com\/wp-content\/uploads\/2017\/04\/NuVasive_Precice_Femur_Sequence.jpg","type":"","width":"","height":""}],"twitter_misc":{"Gesch\u00e4tzte Lesezeit":"4 Minuten"},"schema":{"@context":"https:\/\/schema.org","@graph":[{"@type":"WebPage","@id":"https:\/\/www.reachyourheight.com\/de\/operations-und-behandlungsmoglichkeiten-zur-beinverlangerung\/operative-behandlung-precice-internes-verlangerungssystem\/","url":"https:\/\/www.reachyourheight.com\/de\/operations-und-behandlungsmoglichkeiten-zur-beinverlangerung\/operative-behandlung-precice-internes-verlangerungssystem\/","name":"Was sind die Risiken einer Operation zur Beinverl\u00e4ngerung?","isPartOf":{"@id":"https:\/\/www.reachyourheight.com\/#website"},"primaryImageOfPage":{"@id":"https:\/\/www.reachyourheight.com\/de\/operations-und-behandlungsmoglichkeiten-zur-beinverlangerung\/operative-behandlung-precice-internes-verlangerungssystem\/#primaryimage"},"image":{"@id":"https:\/\/www.reachyourheight.com\/de\/operations-und-behandlungsmoglichkeiten-zur-beinverlangerung\/operative-behandlung-precice-internes-verlangerungssystem\/#primaryimage"},"thumbnailUrl":"https:\/\/nuvasiveso.wpengine.com\/wp-content\/uploads\/2017\/04\/NuVasive_Precice_Femur_Sequence.jpg","datePublished":"2018-06-26T15:31:48+00:00","dateModified":"2018-09-04T19:11:36+00:00","description":"Eine Operation zur Beinverl\u00e4ngerung ist mit Risiken verbunden. Besprechen Sie mit Ihrem Arzt, welche Form der Beinverl\u00e4ngerung f\u00fcr Sie die richtige w\u00e4re. Lesen Sie hier \u00fcber die allgemeinen Risiken.","breadcrumb":{"@id":"https:\/\/www.reachyourheight.com\/de\/operations-und-behandlungsmoglichkeiten-zur-beinverlangerung\/operative-behandlung-precice-internes-verlangerungssystem\/#breadcrumb"},"inLanguage":"de-DE","potentialAction":[{"@type":"ReadAction","target":["https:\/\/www.reachyourheight.com\/de\/operations-und-behandlungsmoglichkeiten-zur-beinverlangerung\/operative-behandlung-precice-internes-verlangerungssystem\/"]}]},{"@type":"ImageObject","inLanguage":"de-DE","@id":"https:\/\/www.reachyourheight.com\/de\/operations-und-behandlungsmoglichkeiten-zur-beinverlangerung\/operative-behandlung-precice-internes-verlangerungssystem\/#primaryimage","url":"https:\/\/nuvasiveso.wpengine.com\/wp-content\/uploads\/2017\/04\/NuVasive_Precice_Femur_Sequence.jpg","contentUrl":"https:\/\/nuvasiveso.wpengine.com\/wp-content\/uploads\/2017\/04\/NuVasive_Precice_Femur_Sequence.jpg"},{"@type":"BreadcrumbList","@id":"https:\/\/www.reachyourheight.com\/de\/operations-und-behandlungsmoglichkeiten-zur-beinverlangerung\/operative-behandlung-precice-internes-verlangerungssystem\/#breadcrumb","itemListElement":[{"@type":"ListItem","position":1,"name":"Home","item":"https:\/\/www.reachyourheight.com\/de\/"},{"@type":"ListItem","position":2,"name":"Operations- und Behandlungsm\u00f6glichkeiten zur Beinverl\u00e4ngerung","item":"https:\/\/www.reachyourheight.com\/de\/operations-und-behandlungsmoglichkeiten-zur-beinverlangerung\/"},{"@type":"ListItem","position":3,"name":"Operative Behandlung\u00a0\u2013\u00a0PRECICE\u00ae internes Verl\u00e4ngerungssystem"}]},{"@type":"WebSite","@id":"https:\/\/www.reachyourheight.com\/#website","url":"https:\/\/www.reachyourheight.com\/","name":"Reach Your Height: PRECICE Limb Lengthening System","description":"Reach Your Height: PRECICE Limb Lengthening System","potentialAction":[{"@type":"SearchAction","target":{"@type":"EntryPoint","urlTemplate":"https:\/\/www.reachyourheight.com\/?s={search_term_string}"},"query-input":{"@type":"PropertyValueSpecification","valueRequired":true,"valueName":"search_term_string"}}],"inLanguage":"de-DE"}]}},"_links":{"self":[{"href":"https:\/\/www.reachyourheight.com\/de\/wp-json\/wp\/v2\/pages\/1409","targetHints":{"allow":["GET"]}}],"collection":[{"href":"https:\/\/www.reachyourheight.com\/de\/wp-json\/wp\/v2\/pages"}],"about":[{"href":"https:\/\/www.reachyourheight.com\/de\/wp-json\/wp\/v2\/types\/page"}],"author":[{"embeddable":true,"href":"https:\/\/www.reachyourheight.com\/de\/wp-json\/wp\/v2\/users\/2"}],"replies":[{"embeddable":true,"href":"https:\/\/www.reachyourheight.com\/de\/wp-json\/wp\/v2\/comments?post=1409"}],"version-history":[{"count":0,"href":"https:\/\/www.reachyourheight.com\/de\/wp-json\/wp\/v2\/pages\/1409\/revisions"}],"up":[{"embeddable":true,"href":"https:\/\/www.reachyourheight.com\/de\/wp-json\/wp\/v2\/pages\/1510"}],"wp:attachment":[{"href":"https:\/\/www.reachyourheight.com\/de\/wp-json\/wp\/v2\/media?parent=1409"}],"curies":[{"name":"wp","href":"https:\/\/api.w.org\/{rel}","templated":true}]}}