{"id":1410,"date":"2018-06-26T15:31:49","date_gmt":"2018-06-26T15:31:49","guid":{"rendered":"http:\/\/www.reachyourheight.com\/die-geschichte-von-tobin\/"},"modified":"2018-09-28T19:09:00","modified_gmt":"2018-09-28T19:09:00","slug":"die-geschichte-von-tobin","status":"publish","type":"page","link":"https:\/\/www.reachyourheight.com\/de\/patientengeschichten\/die-geschichte-von-tobin\/","title":{"rendered":"Die Geschichte von Tobin"},"content":{"rendered":"<p><div class=\"fusion-fullwidth fullwidth-box fusion-builder-row-1 fusion-parallax-none nonhundred-percent-fullwidth non-hundred-percent-height-scrolling fusion-equal-height-columns fusion-no-medium-visibility fusion-no-large-visibility\" style=\"--awb-border-radius-top-left:0px;--awb-border-radius-top-right:0px;--awb-border-radius-bottom-right:0px;--awb-border-radius-bottom-left:0px;--awb-background-image:url(&quot;https:\/\/www.reachyourheight.com\/wp-content\/uploads\/2014\/12\/success-stories-1.png&quot;);--awb-background-size:cover;--awb-flex-wrap:wrap;\" ><div class=\"fusion-builder-row fusion-row\"><div class=\"fusion-layout-column fusion_builder_column fusion-builder-column-0 fusion_builder_column_1_1 1_1 fusion-one-full fusion-column-first fusion-column-last\" style=\"--awb-bg-size:cover;\"><div class=\"fusion-column-wrapper fusion-flex-column-wrapper-legacy\"><div class=\"fusion-column-content-centered\"><div class=\"fusion-column-content\"><div class=\"fusion-text fusion-text-1\"><p style=\"padding-bottom: 0; margin-bottom: 0;\"><a style=\"text-decoration: none; color: #fff; font-weight: bold; text-align: center; letter-spacing: .5px; transition: .2s ease-out; cursor: pointer; border: none; display: inline-block; line-height: 64px; vertical-align: middle; width: 100%; font-size: 22px;\" href=\"\/find-a-doctor\/\">Find A Surgeon<\/a><\/p>\n<\/div><\/div><\/div><div class=\"fusion-clearfix\"><\/div><\/div><\/div><\/div><\/div>\n<div class=\"fusion-fullwidth fullwidth-box fusion-builder-row-2 nonhundred-percent-fullwidth non-hundred-percent-height-scrolling\" style=\"--awb-border-radius-top-left:0px;--awb-border-radius-top-right:0px;--awb-border-radius-bottom-right:0px;--awb-border-radius-bottom-left:0px;--awb-padding-top:0px;--awb-padding-bottom:25px;--awb-flex-wrap:wrap;\" ><div class=\"fusion-builder-row fusion-row\"><div class=\"fusion-layout-column fusion_builder_column fusion-builder-column-1 fusion_builder_column_1_1 1_1 fusion-one-full fusion-column-first fusion-column-last\" style=\"--awb-padding-top:20px;--awb-bg-size:cover;\"><div class=\"fusion-column-wrapper fusion-flex-column-wrapper-legacy\"><a class=\"awb-lightbox awb-lightbox-1\" href=\"https:\/\/www.youtube.com\/watch?v=NnrNoOoQlyk&amp;rel=0&amp;autoplay=1\" data-rel=\"iLightbox\"><img decoding=\"async\" src=\"https:\/\/nuvasiveso.wpengine.com\/wp-content\/uploads\/2017\/04\/tobin2.jpg\"><\/a><div class=\"fusion-clearfix\"><\/div><\/div><\/div><\/div><\/div><div class=\"fusion-fullwidth fullwidth-box fusion-builder-row-3 nonhundred-percent-fullwidth non-hundred-percent-height-scrolling\" style=\"--awb-border-radius-top-left:0px;--awb-border-radius-top-right:0px;--awb-border-radius-bottom-right:0px;--awb-border-radius-bottom-left:0px;--awb-flex-wrap:wrap;\" ><div class=\"fusion-builder-row fusion-row\"><div class=\"fusion-layout-column fusion_builder_column fusion-builder-column-2 fusion_builder_column_1_1 1_1 fusion-one-full fusion-column-first fusion-column-last\" style=\"--awb-bg-size:cover;\"><div class=\"fusion-column-wrapper fusion-flex-column-wrapper-legacy\"><div class=\"fusion-text fusion-text-2\"><p><img decoding=\"async\" class=\"alignright size-full wp-image-1267\" src=\"https:\/\/www.reachyourheight.com\/wp-content\/uploads\/2017\/09\/Screen-Shot-2017-11-13-at-2.51.11-PM.png\" alt=\"\" width=\"300\" height=\"315\" srcset=\"https:\/\/www.reachyourheight.com\/wp-content\/uploads\/2017\/09\/Screen-Shot-2017-11-13-at-2.51.11-PM-200x210.png 200w, https:\/\/www.reachyourheight.com\/wp-content\/uploads\/2017\/09\/Screen-Shot-2017-11-13-at-2.51.11-PM-286x300.png 286w, https:\/\/www.reachyourheight.com\/wp-content\/uploads\/2017\/09\/Screen-Shot-2017-11-13-at-2.51.11-PM.png 300w\" sizes=\"(max-width: 300px) 100vw, 300px\" \/>Als eine alte Verletzung aus seiner Kindheit seine Karriere als Junior-Golfspieler bedrohte, fand Tobin Niblett eine L\u00f6sung mit einem Verfahren zur Extremit\u00e4tenverl\u00e4ngerung. Tobin erinnert sich wie es zu der unterschiedlichen Beinl\u00e4nge kam: \u201e2009 brach ich mir das Bein. Da war ich gerade in der sechsten Klasse und versuchte \u00fcber eine Parkbank zu springen. Etwa zwei Jahre sp\u00e4ter merkte ich, dass mein linkes Bein 5 bis 7.5 cm k\u00fcrzer war als mein rechtes Bein.\u201c <\/p>\n<p>Ein Freund verwies Tobin und seine Familie an Dr. Dror Paley in West Palm Beach, Florida. \u201eWir fuhren zu ihm nach Florida und als er uns sah\u201c, erinnert sich Tobin, \u201esagte er sofort: Du bist der ideale Kandidat f\u00fcr das interne System.\u201c <\/p>\n<p>Dr. Paley erkl\u00e4rte, dass, weil die Beine von Tobin zu wachsen aufgeh\u00f6rt hatten, er das k\u00fcrzere linke Bein auf das l\u00e4ngere rechte Bein angleichen w\u00fcrde. \u201eAnstelle des zu Beginn meiner Karriere \u00fcblichen Verl\u00e4ngerungsverfahrens der externen Fixierung verwendeten wir den Precice Nagel, der die neueste Generation an Systemen implantierbarer N\u00e4gel zur Extremit\u00e4tenverl\u00e4ngerung darstellt.\u201c <\/p>\n<p><img decoding=\"async\" class=\"alignleft size-full wp-image-1270\" src=\"https:\/\/www.reachyourheight.com\/wp-content\/uploads\/2017\/09\/Screen-Shot-2017-11-13-at-2.52.26-PM.png\" alt=\"\" width=\"300\" height=\"133\" srcset=\"https:\/\/www.reachyourheight.com\/wp-content\/uploads\/2017\/09\/Screen-Shot-2017-11-13-at-2.52.26-PM-200x89.png 200w, https:\/\/www.reachyourheight.com\/wp-content\/uploads\/2017\/09\/Screen-Shot-2017-11-13-at-2.52.26-PM.png 300w\" sizes=\"(max-width: 300px) 100vw, 300px\" \/>Tobin ist Golfspieler in einem professionellen Juniorteam. Da Dr. Paley wusste, dass es f\u00fcr Tobin wichtig war, dass er seine Sportkarriere nach minimaler Ausfallzeit wieder w\u00fcrde aufnehmen k\u00f6nnen, konzentrierte er sich darauf, operativ eine Beinverl\u00e4ngerung zu erreichen, \u201eund zwar unter der Bedingung, ihn so schnell wie m\u00f6glich wieder fit f\u00fcr seinen Sport zu machen.\u201c <\/p>\n<p>\u201eEr wurde operiert und war dann nur sehr kurze Zeit im Krankenhaus, nur ein paar Tage\u201c, erinnert sich Dr. Paley, \u201eund dann begann der Verl\u00e4ngerungsprozess des Beins mit dem System.\u201c <\/p>\n<p>Tobin f\u00fcgte hinzu: \u201eWir haben 42\u00a0Tage lang um einen Millimeter pro Tag verl\u00e4ngert und mussten uns wirklich jeden Tag darum k\u00fcmmern, hatten aber nat\u00fcrlich auch noch drei bis vier Physiotherapiestunden.\u201c <\/p>\n<p>Tobin erkannte, dass er sich ganz seinem Programm zur Extremit\u00e4tenverl\u00e4ngerung widmen musste. Er erinnert sich daran, dass er \u201e110\u00a0% bei der Physiotherapie geben musste, wenn ich wieder so wie fr\u00fcher Golf spielen wollte.\u201c <\/p>\n<p>Dr. Paley sagt: \u201eDer Verl\u00e4ngerungsprozess selbst ist nicht unbedingt schmerzhaft, aber viele der Streck\u00fcbungen sind es sehr wohl.\u201c <\/p>\n<p>Doch Tobin stellte sich der Herausforderung: \u201eDurch die Physiotherapie m\u00fcssen Sie sich einfach durchk\u00e4mpfen, die Muskeln wirklich strecken, denn Sie m\u00fcssen die Muskeln auf gleiche L\u00e4nge oder l\u00e4nger als vorher bringen.\u201c <\/p>\n<p><img decoding=\"async\" class=\"size-full wp-image-1269 alignright\" src=\"https:\/\/www.reachyourheight.com\/wp-content\/uploads\/2017\/09\/Screen-Shot-2017-11-13-at-2.52.07-PM.png\" alt=\"\" width=\"300\" height=\"143\" srcset=\"https:\/\/www.reachyourheight.com\/wp-content\/uploads\/2017\/09\/Screen-Shot-2017-11-13-at-2.52.07-PM-200x95.png 200w, https:\/\/www.reachyourheight.com\/wp-content\/uploads\/2017\/09\/Screen-Shot-2017-11-13-at-2.52.07-PM.png 300w\" sizes=\"(max-width: 300px) 100vw, 300px\" \/>\u201eTobin\u201c, sagt Dr. Paley, \u201ehat das wirklich mit links gemeistert und hatte nicht wirklich Probleme damit. Er hat das toll gemacht. Und als er die Verl\u00e4ngerung beendet hatte, ging er nach Texas zur\u00fcck und schickte mir solange R\u00f6ntgenaufnahmen, bis der Knochen verheilt war.\u201c <\/p>\n<p>Zwar achtete er darauf, es nicht zu \u00fcbertreiben, aber, so Tobin: \u201eIch wollte definitiv an den Punkt gelangen, wo ich wieder zur\u00fcck auf den Golfplatz konnte. Ehrlich gesagt ist das Bein jetzt besser als es jemals war.\u201c <\/p>\n<p>Nat\u00fcrlich gab es emotionale Hochs und Tiefs auf diesem Weg. Tobin erinnert sich: \u201eAm Anfang habe ich mir schon gefragt, warum das gerade mir passieren musste. [Dr. Paley] half mir durch diese Zeit in meinem Leben. Ich kann nur Gutes \u00fcber ihn sagen. Er ist ein Genie, wenn es um Beinverl\u00e4ngerungen geht.\u201c <\/p>\n<\/div><div class=\"fusion-clearfix\"><\/div><\/div><\/div><\/div><\/div><\/p>\n","protected":false},"excerpt":{"rendered":"","protected":false},"author":2,"featured_media":0,"parent":1478,"menu_order":0,"comment_status":"closed","ping_status":"closed","template":"","meta":{"footnotes":""},"class_list":["post-1410","page","type-page","status-publish","hentry"],"yoast_head":"<!-- This site is optimized with the Yoast SEO plugin v27.4 - https:\/\/yoast.com\/product\/yoast-seo-wordpress\/ -->\n<title>Die Geschichte von Tobin\u00a0\u2013\u00a0Kundenaussage zur Operation einer Beinl\u00e4ngendifferenz mittels PRECICE\u00ae<\/title>\n<meta name=\"description\" content=\"Tobin Niblett brach sich das Bein in der sechsten Klasse, als er \u00fcber eine Parkbank h\u00fcpfte. Einige Jahre sp\u00e4ter bemerkte er, dass ein Bein k\u00fcrzer war, als das andere.\" \/>\n<meta name=\"robots\" content=\"index, follow, max-snippet:-1, max-image-preview:large, max-video-preview:-1\" \/>\n<link rel=\"canonical\" href=\"https:\/\/www.reachyourheight.com\/de\/patientengeschichten\/die-geschichte-von-tobin\/\" \/>\n<meta property=\"og:locale\" content=\"de_DE\" \/>\n<meta property=\"og:type\" content=\"article\" \/>\n<meta property=\"og:title\" content=\"Die Geschichte von Tobin\u00a0\u2013\u00a0Kundenaussage zur Operation einer Beinl\u00e4ngendifferenz mittels PRECICE\u00ae\" \/>\n<meta property=\"og:description\" content=\"Tobin Niblett brach sich das Bein in der sechsten Klasse, als er \u00fcber eine Parkbank h\u00fcpfte. Einige Jahre sp\u00e4ter bemerkte er, dass ein Bein k\u00fcrzer war, als das andere.\" \/>\n<meta property=\"og:url\" content=\"https:\/\/www.reachyourheight.com\/de\/patientengeschichten\/die-geschichte-von-tobin\/\" \/>\n<meta property=\"og:site_name\" content=\"Reach Your Height: PRECICE Limb Lengthening System\" \/>\n<meta property=\"article:modified_time\" content=\"2018-09-28T19:09:00+00:00\" \/>\n<meta property=\"og:image\" content=\"https:\/\/nuvasiveso.wpengine.com\/wp-content\/uploads\/2017\/04\/tobin2.jpg\" \/>\n<meta name=\"twitter:label1\" content=\"Gesch\u00e4tzte Lesezeit\" \/>\n\t<meta name=\"twitter:data1\" content=\"5 Minuten\" \/>\n<script type=\"application\/ld+json\" class=\"yoast-schema-graph\">{\"@context\":\"https:\\\/\\\/schema.org\",\"@graph\":[{\"@type\":\"WebPage\",\"@id\":\"https:\\\/\\\/www.reachyourheight.com\\\/de\\\/patientengeschichten\\\/die-geschichte-von-tobin\\\/\",\"url\":\"https:\\\/\\\/www.reachyourheight.com\\\/de\\\/patientengeschichten\\\/die-geschichte-von-tobin\\\/\",\"name\":\"Die Geschichte von Tobin\u00a0\u2013\u00a0Kundenaussage zur Operation einer Beinl\u00e4ngendifferenz mittels PRECICE\u00ae\",\"isPartOf\":{\"@id\":\"https:\\\/\\\/www.reachyourheight.com\\\/#website\"},\"primaryImageOfPage\":{\"@id\":\"https:\\\/\\\/www.reachyourheight.com\\\/de\\\/patientengeschichten\\\/die-geschichte-von-tobin\\\/#primaryimage\"},\"image\":{\"@id\":\"https:\\\/\\\/www.reachyourheight.com\\\/de\\\/patientengeschichten\\\/die-geschichte-von-tobin\\\/#primaryimage\"},\"thumbnailUrl\":\"https:\\\/\\\/nuvasiveso.wpengine.com\\\/wp-content\\\/uploads\\\/2017\\\/04\\\/tobin2.jpg\",\"datePublished\":\"2018-06-26T15:31:49+00:00\",\"dateModified\":\"2018-09-28T19:09:00+00:00\",\"description\":\"Tobin Niblett brach sich das Bein in der sechsten Klasse, als er \u00fcber eine Parkbank h\u00fcpfte. Einige Jahre sp\u00e4ter bemerkte er, dass ein Bein k\u00fcrzer war, als das andere.\",\"breadcrumb\":{\"@id\":\"https:\\\/\\\/www.reachyourheight.com\\\/de\\\/patientengeschichten\\\/die-geschichte-von-tobin\\\/#breadcrumb\"},\"inLanguage\":\"de-DE\",\"potentialAction\":[{\"@type\":\"ReadAction\",\"target\":[\"https:\\\/\\\/www.reachyourheight.com\\\/de\\\/patientengeschichten\\\/die-geschichte-von-tobin\\\/\"]}]},{\"@type\":\"ImageObject\",\"inLanguage\":\"de-DE\",\"@id\":\"https:\\\/\\\/www.reachyourheight.com\\\/de\\\/patientengeschichten\\\/die-geschichte-von-tobin\\\/#primaryimage\",\"url\":\"https:\\\/\\\/nuvasiveso.wpengine.com\\\/wp-content\\\/uploads\\\/2017\\\/04\\\/tobin2.jpg\",\"contentUrl\":\"https:\\\/\\\/nuvasiveso.wpengine.com\\\/wp-content\\\/uploads\\\/2017\\\/04\\\/tobin2.jpg\"},{\"@type\":\"BreadcrumbList\",\"@id\":\"https:\\\/\\\/www.reachyourheight.com\\\/de\\\/patientengeschichten\\\/die-geschichte-von-tobin\\\/#breadcrumb\",\"itemListElement\":[{\"@type\":\"ListItem\",\"position\":1,\"name\":\"Home\",\"item\":\"https:\\\/\\\/www.reachyourheight.com\\\/de\\\/\"},{\"@type\":\"ListItem\",\"position\":2,\"name\":\"Patientengeschichten\",\"item\":\"https:\\\/\\\/www.reachyourheight.com\\\/de\\\/patientengeschichten\\\/\"},{\"@type\":\"ListItem\",\"position\":3,\"name\":\"Die Geschichte von Tobin\"}]},{\"@type\":\"WebSite\",\"@id\":\"https:\\\/\\\/www.reachyourheight.com\\\/#website\",\"url\":\"https:\\\/\\\/www.reachyourheight.com\\\/\",\"name\":\"Reach Your Height: PRECICE Limb Lengthening System\",\"description\":\"Reach Your Height: PRECICE Limb Lengthening System\",\"potentialAction\":[{\"@type\":\"SearchAction\",\"target\":{\"@type\":\"EntryPoint\",\"urlTemplate\":\"https:\\\/\\\/www.reachyourheight.com\\\/?s={search_term_string}\"},\"query-input\":{\"@type\":\"PropertyValueSpecification\",\"valueRequired\":true,\"valueName\":\"search_term_string\"}}],\"inLanguage\":\"de-DE\"}]}<\/script>\n<!-- \/ Yoast SEO plugin. -->","yoast_head_json":{"title":"Die Geschichte von Tobin\u00a0\u2013\u00a0Kundenaussage zur Operation einer Beinl\u00e4ngendifferenz mittels PRECICE\u00ae","description":"Tobin Niblett brach sich das Bein in der sechsten Klasse, als er \u00fcber eine Parkbank h\u00fcpfte. Einige Jahre sp\u00e4ter bemerkte er, dass ein Bein k\u00fcrzer war, als das andere.","robots":{"index":"index","follow":"follow","max-snippet":"max-snippet:-1","max-image-preview":"max-image-preview:large","max-video-preview":"max-video-preview:-1"},"canonical":"https:\/\/www.reachyourheight.com\/de\/patientengeschichten\/die-geschichte-von-tobin\/","og_locale":"de_DE","og_type":"article","og_title":"Die Geschichte von Tobin\u00a0\u2013\u00a0Kundenaussage zur Operation einer Beinl\u00e4ngendifferenz mittels PRECICE\u00ae","og_description":"Tobin Niblett brach sich das Bein in der sechsten Klasse, als er \u00fcber eine Parkbank h\u00fcpfte. Einige Jahre sp\u00e4ter bemerkte er, dass ein Bein k\u00fcrzer war, als das andere.","og_url":"https:\/\/www.reachyourheight.com\/de\/patientengeschichten\/die-geschichte-von-tobin\/","og_site_name":"Reach Your Height: PRECICE Limb Lengthening System","article_modified_time":"2018-09-28T19:09:00+00:00","og_image":[{"url":"https:\/\/nuvasiveso.wpengine.com\/wp-content\/uploads\/2017\/04\/tobin2.jpg","type":"","width":"","height":""}],"twitter_misc":{"Gesch\u00e4tzte Lesezeit":"5 Minuten"},"schema":{"@context":"https:\/\/schema.org","@graph":[{"@type":"WebPage","@id":"https:\/\/www.reachyourheight.com\/de\/patientengeschichten\/die-geschichte-von-tobin\/","url":"https:\/\/www.reachyourheight.com\/de\/patientengeschichten\/die-geschichte-von-tobin\/","name":"Die Geschichte von Tobin\u00a0\u2013\u00a0Kundenaussage zur Operation einer Beinl\u00e4ngendifferenz mittels PRECICE\u00ae","isPartOf":{"@id":"https:\/\/www.reachyourheight.com\/#website"},"primaryImageOfPage":{"@id":"https:\/\/www.reachyourheight.com\/de\/patientengeschichten\/die-geschichte-von-tobin\/#primaryimage"},"image":{"@id":"https:\/\/www.reachyourheight.com\/de\/patientengeschichten\/die-geschichte-von-tobin\/#primaryimage"},"thumbnailUrl":"https:\/\/nuvasiveso.wpengine.com\/wp-content\/uploads\/2017\/04\/tobin2.jpg","datePublished":"2018-06-26T15:31:49+00:00","dateModified":"2018-09-28T19:09:00+00:00","description":"Tobin Niblett brach sich das Bein in der sechsten Klasse, als er \u00fcber eine Parkbank h\u00fcpfte. Einige Jahre sp\u00e4ter bemerkte er, dass ein Bein k\u00fcrzer war, als das andere.","breadcrumb":{"@id":"https:\/\/www.reachyourheight.com\/de\/patientengeschichten\/die-geschichte-von-tobin\/#breadcrumb"},"inLanguage":"de-DE","potentialAction":[{"@type":"ReadAction","target":["https:\/\/www.reachyourheight.com\/de\/patientengeschichten\/die-geschichte-von-tobin\/"]}]},{"@type":"ImageObject","inLanguage":"de-DE","@id":"https:\/\/www.reachyourheight.com\/de\/patientengeschichten\/die-geschichte-von-tobin\/#primaryimage","url":"https:\/\/nuvasiveso.wpengine.com\/wp-content\/uploads\/2017\/04\/tobin2.jpg","contentUrl":"https:\/\/nuvasiveso.wpengine.com\/wp-content\/uploads\/2017\/04\/tobin2.jpg"},{"@type":"BreadcrumbList","@id":"https:\/\/www.reachyourheight.com\/de\/patientengeschichten\/die-geschichte-von-tobin\/#breadcrumb","itemListElement":[{"@type":"ListItem","position":1,"name":"Home","item":"https:\/\/www.reachyourheight.com\/de\/"},{"@type":"ListItem","position":2,"name":"Patientengeschichten","item":"https:\/\/www.reachyourheight.com\/de\/patientengeschichten\/"},{"@type":"ListItem","position":3,"name":"Die Geschichte von Tobin"}]},{"@type":"WebSite","@id":"https:\/\/www.reachyourheight.com\/#website","url":"https:\/\/www.reachyourheight.com\/","name":"Reach Your Height: PRECICE Limb Lengthening System","description":"Reach Your Height: PRECICE Limb Lengthening System","potentialAction":[{"@type":"SearchAction","target":{"@type":"EntryPoint","urlTemplate":"https:\/\/www.reachyourheight.com\/?s={search_term_string}"},"query-input":{"@type":"PropertyValueSpecification","valueRequired":true,"valueName":"search_term_string"}}],"inLanguage":"de-DE"}]}},"_links":{"self":[{"href":"https:\/\/www.reachyourheight.com\/de\/wp-json\/wp\/v2\/pages\/1410","targetHints":{"allow":["GET"]}}],"collection":[{"href":"https:\/\/www.reachyourheight.com\/de\/wp-json\/wp\/v2\/pages"}],"about":[{"href":"https:\/\/www.reachyourheight.com\/de\/wp-json\/wp\/v2\/types\/page"}],"author":[{"embeddable":true,"href":"https:\/\/www.reachyourheight.com\/de\/wp-json\/wp\/v2\/users\/2"}],"replies":[{"embeddable":true,"href":"https:\/\/www.reachyourheight.com\/de\/wp-json\/wp\/v2\/comments?post=1410"}],"version-history":[{"count":0,"href":"https:\/\/www.reachyourheight.com\/de\/wp-json\/wp\/v2\/pages\/1410\/revisions"}],"up":[{"embeddable":true,"href":"https:\/\/www.reachyourheight.com\/de\/wp-json\/wp\/v2\/pages\/1478"}],"wp:attachment":[{"href":"https:\/\/www.reachyourheight.com\/de\/wp-json\/wp\/v2\/media?parent=1410"}],"curies":[{"name":"wp","href":"https:\/\/api.w.org\/{rel}","templated":true}]}}