{"id":1411,"date":"2018-06-26T15:31:49","date_gmt":"2018-06-26T15:31:49","guid":{"rendered":"http:\/\/www.reachyourheight.com\/die-geschichte-von-renee\/"},"modified":"2018-09-28T19:16:06","modified_gmt":"2018-09-28T19:16:06","slug":"die-geschichte-von-renee","status":"publish","type":"page","link":"https:\/\/www.reachyourheight.com\/de\/patientengeschichten\/die-geschichte-von-renee\/","title":{"rendered":"Die Geschichte von Renee"},"content":{"rendered":"<p><div class=\"fusion-fullwidth fullwidth-box fusion-builder-row-1 fusion-parallax-none nonhundred-percent-fullwidth non-hundred-percent-height-scrolling fusion-equal-height-columns fusion-no-medium-visibility fusion-no-large-visibility\" style=\"--awb-border-radius-top-left:0px;--awb-border-radius-top-right:0px;--awb-border-radius-bottom-right:0px;--awb-border-radius-bottom-left:0px;--awb-background-image:url(&quot;https:\/\/www.reachyourheight.com\/wp-content\/uploads\/2014\/12\/success-stories-1.png&quot;);--awb-background-size:cover;--awb-flex-wrap:wrap;\" ><div class=\"fusion-builder-row fusion-row\"><div class=\"fusion-layout-column fusion_builder_column fusion-builder-column-0 fusion_builder_column_1_1 1_1 fusion-one-full fusion-column-first fusion-column-last\" style=\"--awb-bg-size:cover;\"><div class=\"fusion-column-wrapper fusion-flex-column-wrapper-legacy\"><div class=\"fusion-column-content-centered\"><div class=\"fusion-column-content\"><div class=\"fusion-text fusion-text-1\"><p style=\"padding-bottom: 0; margin-bottom: 0;\"><a style=\"text-decoration: none; color: #fff; font-weight: bold; text-align: center; letter-spacing: .5px; transition: .2s ease-out; cursor: pointer; border: none; display: inline-block; line-height: 64px; vertical-align: middle; width: 100%; font-size: 22px;\" href=\"\/find-a-doctor\/\">Find A Surgeon<\/a><\/p>\n<\/div><\/div><\/div><div class=\"fusion-clearfix\"><\/div><\/div><\/div><\/div><\/div>\n<div class=\"fusion-fullwidth fullwidth-box fusion-builder-row-2 nonhundred-percent-fullwidth non-hundred-percent-height-scrolling\" style=\"--awb-border-radius-top-left:0px;--awb-border-radius-top-right:0px;--awb-border-radius-bottom-right:0px;--awb-border-radius-bottom-left:0px;--awb-padding-top:0px;--awb-padding-bottom:25px;--awb-flex-wrap:wrap;\" ><div class=\"fusion-builder-row fusion-row\"><div class=\"fusion-layout-column fusion_builder_column fusion-builder-column-1 fusion_builder_column_1_1 1_1 fusion-one-full fusion-column-first fusion-column-last\" style=\"--awb-padding-top:20px;--awb-bg-size:cover;\"><div class=\"fusion-column-wrapper fusion-flex-column-wrapper-legacy\"><a class=\"awb-lightbox awb-lightbox-1\" href=\"https:\/\/www.youtube.com\/watch?v=YMG9wYXtfpQ&amp;rel=0&amp;autoplay=1\" data-rel=\"iLightbox\"><img decoding=\"async\" src=\"https:\/\/nuvasiveso.wpengine.com\/wp-content\/uploads\/2017\/04\/renee2.jpg\"><\/a><div class=\"fusion-clearfix\"><\/div><\/div><\/div><\/div><\/div><div class=\"fusion-fullwidth fullwidth-box fusion-builder-row-3 nonhundred-percent-fullwidth non-hundred-percent-height-scrolling\" style=\"--awb-border-radius-top-left:0px;--awb-border-radius-top-right:0px;--awb-border-radius-bottom-right:0px;--awb-border-radius-bottom-left:0px;--awb-flex-wrap:wrap;\" ><div class=\"fusion-builder-row fusion-row\"><div class=\"fusion-layout-column fusion_builder_column fusion-builder-column-2 fusion_builder_column_1_1 1_1 fusion-one-full fusion-column-first fusion-column-last\" style=\"--awb-bg-size:cover;\"><div class=\"fusion-column-wrapper fusion-flex-column-wrapper-legacy\"><div class=\"fusion-text fusion-text-2\"><p>Renee Cloutier-Voss war nur wenige Tage alt, als ihre Mutter eine Delle in ihrem rechten Bein bemerkte. Das war der erste Hinweis auf das, was sich dann als angeborene Fehlbildung herausstellte\u00a0\u2013\u00a0und mit einer Reihe von schweren Entscheidungen verbunden war.<\/p>\n<p><img decoding=\"async\" class=\"alignright wp-image-1263 size-medium\" src=\"https:\/\/www.reachyourheight.com\/wp-content\/uploads\/2017\/09\/renee1-300x209.png\" alt=\"\" width=\"300\" height=\"209\" srcset=\"https:\/\/www.reachyourheight.com\/wp-content\/uploads\/2017\/09\/renee1-200x139.png 200w, https:\/\/www.reachyourheight.com\/wp-content\/uploads\/2017\/09\/renee1-300x209.png 300w, https:\/\/www.reachyourheight.com\/wp-content\/uploads\/2017\/09\/renee1-400x278.png 400w, https:\/\/www.reachyourheight.com\/wp-content\/uploads\/2017\/09\/renee1.png 431w\" sizes=\"(max-width: 300px) 100vw, 300px\" \/>\u201eBei der Geburt von Renee wussten wir noch nicht, dass ihre Beine unterschiedlich lang waren\u201c, sagt ihre Mutter, Erica Voss. \u201eSie war gerade 3\u00a0Tage aus dem Krankenhaus. Als ich sie anzog, sah ich eine kleine Delle in ihrem Bein.\u201c<\/p>\n<p>\u201eIch wurde mit fibularer Hemimelie geboren, das hei\u00dft also, mir fehlt mein Wadenknochen. Mein rechtes Bein war zu kurz, f\u00fcgt Renee hinzu.<\/p>\n<p><img decoding=\"async\" class=\"alignleft wp-image-1264 size-medium\" src=\"https:\/\/www.reachyourheight.com\/wp-content\/uploads\/2017\/09\/renee2-300x216.png\" alt=\"\" width=\"300\" height=\"216\" srcset=\"https:\/\/www.reachyourheight.com\/wp-content\/uploads\/2017\/09\/renee2-200x144.png 200w, https:\/\/www.reachyourheight.com\/wp-content\/uploads\/2017\/09\/renee2-300x216.png 300w, https:\/\/www.reachyourheight.com\/wp-content\/uploads\/2017\/09\/renee2-400x288.png 400w, https:\/\/www.reachyourheight.com\/wp-content\/uploads\/2017\/09\/renee2.png 423w\" sizes=\"(max-width: 300px) 100vw, 300px\" \/>Fibulare Hemimelie ist ein Geburtsdefekt, der auf verschiedene Weise behandelt werden kann, je nach Patient und Schwere der Erkrankung. Renees Eltern fuhren das erste Jahr mit ihr zu verschiedenen \u00c4rzten, um sich nach Behandlungsoptionen zu erkundigen.<\/p>\n<p>\u201eSie waren vor die Entscheidung gestellt, das Bein entweder amputieren zu lassen\u201c, sagt Renee, \u201eoder den mit Operationen und m\u00f6glichen Infektionen\u00a0\u2013\u00a0die ich auch hatte\u00a0\u2013\u00a0 verbundenen Verl\u00e4ngerungsprozess und das Risiko in Kauf zu nehmen, dass ich nie wie andere w\u00fcrde gehen k\u00f6nnen.\u201c<\/p>\n<p>Erica erinnert sich daran, dass die \u00c4rzte, von denen sie sich beraten lie\u00dfen, nicht einer Meinung dar\u00fcber waren, wie mit der fibularen Hemimelie ihrer Tochter umzugehen sei.<\/p>\n<p>&#8222;Es stand 50:50&#8220;, sagt Erica. &#8222;Die eine H\u00e4lfte war f\u00fcr das Amputieren, es w\u00e4re einfacher f\u00fcr sie, weil sie nicht viele andere M\u00f6glichkeiten h\u00e4tte und Ihre Beine immer deformiert bleiben w\u00fcrden. Aber die anderen sagten dann: &#8222;es kann sich mit der Zeit eine L\u00f6sung finden, um Ihr Bein wiederherzustellen&#8220;.<\/p>\n<p><img decoding=\"async\" class=\"alignright wp-image-1265 size-medium\" src=\"https:\/\/www.reachyourheight.com\/wp-content\/uploads\/2017\/09\/renee3-300x185.png\" alt=\"\" width=\"300\" height=\"185\" srcset=\"https:\/\/www.reachyourheight.com\/wp-content\/uploads\/2017\/09\/renee3-200x123.png 200w, https:\/\/www.reachyourheight.com\/wp-content\/uploads\/2017\/09\/renee3-300x185.png 300w, https:\/\/www.reachyourheight.com\/wp-content\/uploads\/2017\/09\/renee3-400x247.png 400w, https:\/\/www.reachyourheight.com\/wp-content\/uploads\/2017\/09\/renee3.png 563w\" sizes=\"(max-width: 300px) 100vw, 300px\" \/>Renee unterzog sich vielen Operationen und wurde bei vielen \u00c4rzten vorstellig, die versuchten, ihr Bein zu verl\u00e4ngern oder das Wachstum eines Wadenbeins anzuregen. \u201eIch war bei vielen \u00c4rzten und wenn man dann beim richtigen Arzt gelandet ist, merkt man das\u00a0\u2013\u00a0man hat gleich einen Bezug zu ihm.\u201c Dr. Shawn Standard, Leiter der p\u00e4diatrischen Orthop\u00e4die am International Center for Limb Lengthening in Baltimore, erwies sich als der richtige Arzt f\u00fcr Renee.<\/p>\n<p><img decoding=\"async\" class=\"alignleft wp-image-1266 size-medium\" src=\"https:\/\/www.reachyourheight.com\/wp-content\/uploads\/2017\/09\/renee4-234x300.png\" alt=\"\" width=\"234\" height=\"300\" srcset=\"https:\/\/www.reachyourheight.com\/wp-content\/uploads\/2017\/09\/renee4-200x256.png 200w, https:\/\/www.reachyourheight.com\/wp-content\/uploads\/2017\/09\/renee4-234x300.png 234w, https:\/\/www.reachyourheight.com\/wp-content\/uploads\/2017\/09\/renee4.png 264w\" sizes=\"(max-width: 234px) 100vw, 234px\" \/>\u201eBei der \u00fcberwiegenden Mehrzahl der Patienten, die bei mir vorstellig werden, kann der Knochen aufgebaut werden\u201c, sagt Dr. Standard. \u201eVorher wurde bei \u00fcber 90\u00a0% amputiert. Nun werden bei \u00fcber 90\u00a0% Knochenaufbaubehandlungen durchgef\u00fchrt.\u201c<\/p>\n<p>Obwohl sie bereits mit einem Verfahren mit externen Fixierungen rechneten, warteten Erica und Renee gespannt auf einen Anruf von Dr. Standard, um mehr \u00fcber das neue System zu erfahren. Erica erinnert sich:\u00a0\u201eEr rief an und erkl\u00e4rte uns das neue Verfahren, von dem er dachte, dass es bei Renee funktionieren k\u00f6nnte. Es handelt sich dabei um eine interne Stange, die in die Mitte des Knochens eingef\u00fchrt wird. Keine externen Festhalter, keine Behinderung, keine Infektionen an der Stiftstelle, die man reinigen muss.\u201c<\/p>\n<p>Dr. Standard sagt: \u201eF\u00fcr uns sind die Gespr\u00e4che mit Patienten, die erst ein externes und anschlie\u00dfend ein internes System haben, sehr interessant. Sie sind alle der einheitlichen Meinung, dass das interne System auf wunderbare Weise anders und weniger schmerzhaft ist.\u201c<\/p>\n<p>Erica meint:\u00a0\u201eIch fragte Dr. Standard, ob er dieses Verfahren auch durchf\u00fchren w\u00fcrde, wenn das seine Tochter w\u00e4re. Und er sagte: \u201aJa\u2018.\u201c<\/p>\n<p>Das sagt Renee \u00fcber die Zeit ihrer Beinverl\u00e4ngerung: \u201eDie Operation und der Heilungsprozess sind eine harte Zeit, aber ich denke, mit der richtigen Haltung und der entsprechenden Willenskraft und Einstellung\u00a0\u2013\u00a0ja die richtige Einstellung ist wohl eine gute Basis &#8211; Ich denke, damit kann man alles schaffen.\u201c<\/p>\n<p>Dr. Standard war beeindruckt: \u201eSie hatte eine tolle Unterst\u00fctzung durch ihre Familie und sie selbst war sehr engagiert&#8230; sie wusste genau, worauf sie sich einlie\u00df und war bereit f\u00fcr die Physiotherapie und alles andere, was damit einherging.\u201c<\/p>\n<p>Doch er gibt zu, dass das alles hart erarbeitet ist: \u201eEs ist immer noch eine Beinverl\u00e4ngerung und man muss sich diesem Prozess voll und ganz verschreiben. Es ist ein Abenteuer, dem man sich ganz und gar widmen muss.\u201c<\/p>\n<p>Renee erinnert sich: \u201eIch war f\u00fcr etwa ein Jahr auf Kr\u00fccken angewiesen, konnte nicht gehen oder mit meinen Br\u00fcdern spielen. Nun stehe ich jeden Tag auf und kann gehen, das nutze ich voll und ganz aus und mache das beste aus jedem einzelnen Tag. Andere fragen mich die ganze Zeit, ob ich mir Sport ansehe. Dann schau ich sie an und sage\u00a0\u2013 Nein, ich schaue mir Sport nicht an, ich mache Sport. Warum soll ich mir Sport ansehen, wenn ich ihn selbst betreiben kann?\u201c<\/p>\n<\/div><div class=\"fusion-clearfix\"><\/div><\/div><\/div><\/div><\/div><\/p>\n","protected":false},"excerpt":{"rendered":"","protected":false},"author":2,"featured_media":0,"parent":1478,"menu_order":10,"comment_status":"closed","ping_status":"closed","template":"","meta":{"footnotes":""},"class_list":["post-1411","page","type-page","status-publish","hentry"],"yoast_head":"<!-- This site is optimized with the Yoast SEO plugin v27.4 - https:\/\/yoast.com\/product\/yoast-seo-wordpress\/ -->\n<title>Die Geschichte von Renee\u00a0\u2013\u00a0Kundenaussage zur Operation einer Beinl\u00e4ngendifferenz mittels PRECICE\u00ae<\/title>\n<meta name=\"description\" content=\"Sie kam mit einer fibularen Hemimelie (ohne Wadenbein) zur Welt und hat einen Gro\u00dfteil ihres Lebens in Arztpraxen verbracht. Ihre Beinl\u00e4ngendifferenz betrug 7,5\u00a0cm (3\u00a0Zoll).\" \/>\n<meta name=\"robots\" content=\"index, follow, max-snippet:-1, max-image-preview:large, max-video-preview:-1\" \/>\n<link rel=\"canonical\" href=\"https:\/\/www.reachyourheight.com\/de\/patientengeschichten\/die-geschichte-von-renee\/\" \/>\n<meta property=\"og:locale\" content=\"de_DE\" \/>\n<meta property=\"og:type\" content=\"article\" \/>\n<meta property=\"og:title\" content=\"Die Geschichte von Renee\u00a0\u2013\u00a0Kundenaussage zur Operation einer Beinl\u00e4ngendifferenz mittels PRECICE\u00ae\" \/>\n<meta property=\"og:description\" content=\"Sie kam mit einer fibularen Hemimelie (ohne Wadenbein) zur Welt und hat einen Gro\u00dfteil ihres Lebens in Arztpraxen verbracht. Ihre Beinl\u00e4ngendifferenz betrug 7,5\u00a0cm (3\u00a0Zoll).\" \/>\n<meta property=\"og:url\" content=\"https:\/\/www.reachyourheight.com\/de\/patientengeschichten\/die-geschichte-von-renee\/\" \/>\n<meta property=\"og:site_name\" content=\"Reach Your Height: PRECICE Limb Lengthening System\" \/>\n<meta property=\"article:modified_time\" content=\"2018-09-28T19:16:06+00:00\" \/>\n<meta property=\"og:image\" content=\"https:\/\/nuvasiveso.wpengine.com\/wp-content\/uploads\/2017\/04\/renee2.jpg\" \/>\n<meta name=\"twitter:label1\" content=\"Gesch\u00e4tzte Lesezeit\" \/>\n\t<meta name=\"twitter:data1\" content=\"6 Minuten\" \/>\n<script type=\"application\/ld+json\" class=\"yoast-schema-graph\">{\"@context\":\"https:\\\/\\\/schema.org\",\"@graph\":[{\"@type\":\"WebPage\",\"@id\":\"https:\\\/\\\/www.reachyourheight.com\\\/de\\\/patientengeschichten\\\/die-geschichte-von-renee\\\/\",\"url\":\"https:\\\/\\\/www.reachyourheight.com\\\/de\\\/patientengeschichten\\\/die-geschichte-von-renee\\\/\",\"name\":\"Die Geschichte von Renee\u00a0\u2013\u00a0Kundenaussage zur Operation einer Beinl\u00e4ngendifferenz mittels PRECICE\u00ae\",\"isPartOf\":{\"@id\":\"https:\\\/\\\/www.reachyourheight.com\\\/#website\"},\"primaryImageOfPage\":{\"@id\":\"https:\\\/\\\/www.reachyourheight.com\\\/de\\\/patientengeschichten\\\/die-geschichte-von-renee\\\/#primaryimage\"},\"image\":{\"@id\":\"https:\\\/\\\/www.reachyourheight.com\\\/de\\\/patientengeschichten\\\/die-geschichte-von-renee\\\/#primaryimage\"},\"thumbnailUrl\":\"https:\\\/\\\/nuvasiveso.wpengine.com\\\/wp-content\\\/uploads\\\/2017\\\/04\\\/renee2.jpg\",\"datePublished\":\"2018-06-26T15:31:49+00:00\",\"dateModified\":\"2018-09-28T19:16:06+00:00\",\"description\":\"Sie kam mit einer fibularen Hemimelie (ohne Wadenbein) zur Welt und hat einen Gro\u00dfteil ihres Lebens in Arztpraxen verbracht. Ihre Beinl\u00e4ngendifferenz betrug 7,5\u00a0cm (3\u00a0Zoll).\",\"breadcrumb\":{\"@id\":\"https:\\\/\\\/www.reachyourheight.com\\\/de\\\/patientengeschichten\\\/die-geschichte-von-renee\\\/#breadcrumb\"},\"inLanguage\":\"de-DE\",\"potentialAction\":[{\"@type\":\"ReadAction\",\"target\":[\"https:\\\/\\\/www.reachyourheight.com\\\/de\\\/patientengeschichten\\\/die-geschichte-von-renee\\\/\"]}]},{\"@type\":\"ImageObject\",\"inLanguage\":\"de-DE\",\"@id\":\"https:\\\/\\\/www.reachyourheight.com\\\/de\\\/patientengeschichten\\\/die-geschichte-von-renee\\\/#primaryimage\",\"url\":\"https:\\\/\\\/nuvasiveso.wpengine.com\\\/wp-content\\\/uploads\\\/2017\\\/04\\\/renee2.jpg\",\"contentUrl\":\"https:\\\/\\\/nuvasiveso.wpengine.com\\\/wp-content\\\/uploads\\\/2017\\\/04\\\/renee2.jpg\"},{\"@type\":\"BreadcrumbList\",\"@id\":\"https:\\\/\\\/www.reachyourheight.com\\\/de\\\/patientengeschichten\\\/die-geschichte-von-renee\\\/#breadcrumb\",\"itemListElement\":[{\"@type\":\"ListItem\",\"position\":1,\"name\":\"Home\",\"item\":\"https:\\\/\\\/www.reachyourheight.com\\\/de\\\/\"},{\"@type\":\"ListItem\",\"position\":2,\"name\":\"Patientengeschichten\",\"item\":\"https:\\\/\\\/www.reachyourheight.com\\\/de\\\/patientengeschichten\\\/\"},{\"@type\":\"ListItem\",\"position\":3,\"name\":\"Die Geschichte von Renee\"}]},{\"@type\":\"WebSite\",\"@id\":\"https:\\\/\\\/www.reachyourheight.com\\\/#website\",\"url\":\"https:\\\/\\\/www.reachyourheight.com\\\/\",\"name\":\"Reach Your Height: PRECICE Limb Lengthening System\",\"description\":\"Reach Your Height: PRECICE Limb Lengthening System\",\"potentialAction\":[{\"@type\":\"SearchAction\",\"target\":{\"@type\":\"EntryPoint\",\"urlTemplate\":\"https:\\\/\\\/www.reachyourheight.com\\\/?s={search_term_string}\"},\"query-input\":{\"@type\":\"PropertyValueSpecification\",\"valueRequired\":true,\"valueName\":\"search_term_string\"}}],\"inLanguage\":\"de-DE\"}]}<\/script>\n<!-- \/ Yoast SEO plugin. -->","yoast_head_json":{"title":"Die Geschichte von Renee\u00a0\u2013\u00a0Kundenaussage zur Operation einer Beinl\u00e4ngendifferenz mittels PRECICE\u00ae","description":"Sie kam mit einer fibularen Hemimelie (ohne Wadenbein) zur Welt und hat einen Gro\u00dfteil ihres Lebens in Arztpraxen verbracht. Ihre Beinl\u00e4ngendifferenz betrug 7,5\u00a0cm (3\u00a0Zoll).","robots":{"index":"index","follow":"follow","max-snippet":"max-snippet:-1","max-image-preview":"max-image-preview:large","max-video-preview":"max-video-preview:-1"},"canonical":"https:\/\/www.reachyourheight.com\/de\/patientengeschichten\/die-geschichte-von-renee\/","og_locale":"de_DE","og_type":"article","og_title":"Die Geschichte von Renee\u00a0\u2013\u00a0Kundenaussage zur Operation einer Beinl\u00e4ngendifferenz mittels PRECICE\u00ae","og_description":"Sie kam mit einer fibularen Hemimelie (ohne Wadenbein) zur Welt und hat einen Gro\u00dfteil ihres Lebens in Arztpraxen verbracht. Ihre Beinl\u00e4ngendifferenz betrug 7,5\u00a0cm (3\u00a0Zoll).","og_url":"https:\/\/www.reachyourheight.com\/de\/patientengeschichten\/die-geschichte-von-renee\/","og_site_name":"Reach Your Height: PRECICE Limb Lengthening System","article_modified_time":"2018-09-28T19:16:06+00:00","og_image":[{"url":"https:\/\/nuvasiveso.wpengine.com\/wp-content\/uploads\/2017\/04\/renee2.jpg","type":"","width":"","height":""}],"twitter_misc":{"Gesch\u00e4tzte Lesezeit":"6 Minuten"},"schema":{"@context":"https:\/\/schema.org","@graph":[{"@type":"WebPage","@id":"https:\/\/www.reachyourheight.com\/de\/patientengeschichten\/die-geschichte-von-renee\/","url":"https:\/\/www.reachyourheight.com\/de\/patientengeschichten\/die-geschichte-von-renee\/","name":"Die Geschichte von Renee\u00a0\u2013\u00a0Kundenaussage zur Operation einer Beinl\u00e4ngendifferenz mittels PRECICE\u00ae","isPartOf":{"@id":"https:\/\/www.reachyourheight.com\/#website"},"primaryImageOfPage":{"@id":"https:\/\/www.reachyourheight.com\/de\/patientengeschichten\/die-geschichte-von-renee\/#primaryimage"},"image":{"@id":"https:\/\/www.reachyourheight.com\/de\/patientengeschichten\/die-geschichte-von-renee\/#primaryimage"},"thumbnailUrl":"https:\/\/nuvasiveso.wpengine.com\/wp-content\/uploads\/2017\/04\/renee2.jpg","datePublished":"2018-06-26T15:31:49+00:00","dateModified":"2018-09-28T19:16:06+00:00","description":"Sie kam mit einer fibularen Hemimelie (ohne Wadenbein) zur Welt und hat einen Gro\u00dfteil ihres Lebens in Arztpraxen verbracht. Ihre Beinl\u00e4ngendifferenz betrug 7,5\u00a0cm (3\u00a0Zoll).","breadcrumb":{"@id":"https:\/\/www.reachyourheight.com\/de\/patientengeschichten\/die-geschichte-von-renee\/#breadcrumb"},"inLanguage":"de-DE","potentialAction":[{"@type":"ReadAction","target":["https:\/\/www.reachyourheight.com\/de\/patientengeschichten\/die-geschichte-von-renee\/"]}]},{"@type":"ImageObject","inLanguage":"de-DE","@id":"https:\/\/www.reachyourheight.com\/de\/patientengeschichten\/die-geschichte-von-renee\/#primaryimage","url":"https:\/\/nuvasiveso.wpengine.com\/wp-content\/uploads\/2017\/04\/renee2.jpg","contentUrl":"https:\/\/nuvasiveso.wpengine.com\/wp-content\/uploads\/2017\/04\/renee2.jpg"},{"@type":"BreadcrumbList","@id":"https:\/\/www.reachyourheight.com\/de\/patientengeschichten\/die-geschichte-von-renee\/#breadcrumb","itemListElement":[{"@type":"ListItem","position":1,"name":"Home","item":"https:\/\/www.reachyourheight.com\/de\/"},{"@type":"ListItem","position":2,"name":"Patientengeschichten","item":"https:\/\/www.reachyourheight.com\/de\/patientengeschichten\/"},{"@type":"ListItem","position":3,"name":"Die Geschichte von Renee"}]},{"@type":"WebSite","@id":"https:\/\/www.reachyourheight.com\/#website","url":"https:\/\/www.reachyourheight.com\/","name":"Reach Your Height: PRECICE Limb Lengthening System","description":"Reach Your Height: PRECICE Limb Lengthening System","potentialAction":[{"@type":"SearchAction","target":{"@type":"EntryPoint","urlTemplate":"https:\/\/www.reachyourheight.com\/?s={search_term_string}"},"query-input":{"@type":"PropertyValueSpecification","valueRequired":true,"valueName":"search_term_string"}}],"inLanguage":"de-DE"}]}},"_links":{"self":[{"href":"https:\/\/www.reachyourheight.com\/de\/wp-json\/wp\/v2\/pages\/1411","targetHints":{"allow":["GET"]}}],"collection":[{"href":"https:\/\/www.reachyourheight.com\/de\/wp-json\/wp\/v2\/pages"}],"about":[{"href":"https:\/\/www.reachyourheight.com\/de\/wp-json\/wp\/v2\/types\/page"}],"author":[{"embeddable":true,"href":"https:\/\/www.reachyourheight.com\/de\/wp-json\/wp\/v2\/users\/2"}],"replies":[{"embeddable":true,"href":"https:\/\/www.reachyourheight.com\/de\/wp-json\/wp\/v2\/comments?post=1411"}],"version-history":[{"count":0,"href":"https:\/\/www.reachyourheight.com\/de\/wp-json\/wp\/v2\/pages\/1411\/revisions"}],"up":[{"embeddable":true,"href":"https:\/\/www.reachyourheight.com\/de\/wp-json\/wp\/v2\/pages\/1478"}],"wp:attachment":[{"href":"https:\/\/www.reachyourheight.com\/de\/wp-json\/wp\/v2\/media?parent=1411"}],"curies":[{"name":"wp","href":"https:\/\/api.w.org\/{rel}","templated":true}]}}