{"id":1412,"date":"2018-06-26T15:31:50","date_gmt":"2018-06-26T15:31:50","guid":{"rendered":"http:\/\/www.reachyourheight.com\/die-geschichte-von-mark\/"},"modified":"2021-04-09T20:55:33","modified_gmt":"2021-04-09T20:55:33","slug":"die-geschichte-von-mark","status":"publish","type":"page","link":"https:\/\/www.reachyourheight.com\/de\/patientengeschichten\/die-geschichte-von-mark\/","title":{"rendered":"Die Geschichte von Mark"},"content":{"rendered":"<p><div class=\"fusion-fullwidth fullwidth-box fusion-builder-row-1 fusion-parallax-none nonhundred-percent-fullwidth non-hundred-percent-height-scrolling fusion-equal-height-columns fusion-no-medium-visibility fusion-no-large-visibility\" style=\"--awb-border-radius-top-left:0px;--awb-border-radius-top-right:0px;--awb-border-radius-bottom-right:0px;--awb-border-radius-bottom-left:0px;--awb-background-image:url(&quot;https:\/\/www.reachyourheight.com\/wp-content\/uploads\/2014\/12\/success-stories-1.png&quot;);--awb-background-size:cover;--awb-flex-wrap:wrap;\" ><div class=\"fusion-builder-row fusion-row\"><div class=\"fusion-layout-column fusion_builder_column fusion-builder-column-0 fusion_builder_column_1_1 1_1 fusion-one-full fusion-column-first fusion-column-last\" style=\"--awb-bg-size:cover;\"><div class=\"fusion-column-wrapper fusion-flex-column-wrapper-legacy\"><div class=\"fusion-column-content-centered\"><div class=\"fusion-column-content\"><div class=\"fusion-text fusion-text-1\"><p style=\"padding-bottom: 0; margin-bottom: 0;\"><a style=\"text-decoration: none; color: #fff; font-weight: bold; text-align: center; letter-spacing: .5px; transition: .2s ease-out; cursor: pointer; border: none; display: inline-block; line-height: 64px; vertical-align: middle; width: 100%; font-size: 22px;\" href=\"\/find-a-doctor\/\">Find A Surgeon<\/a><\/p>\n<\/div><\/div><\/div><div class=\"fusion-clearfix\"><\/div><\/div><\/div><\/div><\/div>\n<div class=\"fusion-fullwidth fullwidth-box fusion-builder-row-2 nonhundred-percent-fullwidth non-hundred-percent-height-scrolling\" style=\"--awb-border-radius-top-left:0px;--awb-border-radius-top-right:0px;--awb-border-radius-bottom-right:0px;--awb-border-radius-bottom-left:0px;--awb-padding-top:0px;--awb-padding-bottom:25px;--awb-flex-wrap:wrap;\" ><div class=\"fusion-builder-row fusion-row\"><div class=\"fusion-layout-column fusion_builder_column fusion-builder-column-1 fusion_builder_column_1_1 1_1 fusion-one-full fusion-column-first fusion-column-last\" style=\"--awb-padding-top:20px;--awb-bg-size:cover;\"><div class=\"fusion-column-wrapper fusion-flex-column-wrapper-legacy\"><a class=\"awb-lightbox awb-lightbox-1\"><img decoding=\"async\" src=\"http:\/\/www.reachyourheight.com\/wp-content\/uploads\/revslider\/homepage\/patient_mark_nyc_2.jpg\"><\/a><div class=\"fusion-clearfix\"><\/div><\/div><\/div><\/div><\/div><div class=\"fusion-fullwidth fullwidth-box fusion-builder-row-3 nonhundred-percent-fullwidth non-hundred-percent-height-scrolling\" style=\"--awb-border-radius-top-left:0px;--awb-border-radius-top-right:0px;--awb-border-radius-bottom-right:0px;--awb-border-radius-bottom-left:0px;--awb-flex-wrap:wrap;\" ><div class=\"fusion-builder-row fusion-row\"><div class=\"fusion-layout-column fusion_builder_column fusion-builder-column-2 fusion_builder_column_1_1 1_1 fusion-one-full fusion-column-first fusion-column-last\" style=\"--awb-bg-size:cover;\"><div class=\"fusion-column-wrapper fusion-flex-column-wrapper-legacy\"><div class=\"fusion-text fusion-text-2\"><h3>\u201eMark ist ein Hochleistungssportler. Er fordert mich heraus und schl\u00e4gt mich.\u201c<\/h3>\n<p><img decoding=\"async\" class=\"alignright size-full wp-image-1275\" src=\"\/wp-content\/uploads\/2017\/09\/Screen-Shot-2017-11-13-at-4.02.00-PM.png\" alt=\"\" width=\"300\" height=\"422\" srcset=\"https:\/\/www.reachyourheight.com\/wp-content\/uploads\/2017\/09\/Screen-Shot-2017-11-13-at-4.02.00-PM-200x281.png 200w, https:\/\/www.reachyourheight.com\/wp-content\/uploads\/2017\/09\/Screen-Shot-2017-11-13-at-4.02.00-PM-213x300.png 213w, https:\/\/www.reachyourheight.com\/wp-content\/uploads\/2017\/09\/Screen-Shot-2017-11-13-at-4.02.00-PM.png 300w\" sizes=\"(max-width: 300px) 100vw, 300px\" \/>Ein b\u00f6sartiger Tumor in seinem rechten Oberschenkel f\u00fchrte bei Mark DuMoulin zu einem betr\u00e4chtlichen L\u00e4ngenunterschied zwischen seinen Beinen. Nach der Operation zur Entfernung des erkrankten Knochens und dem anschlie\u00dfenden Eingriff zur Wiederherstellung seines rechten Beines, war das Beim immer noch f\u00fcnf Zentimeter k\u00fcrzer als sein linkes Bein.<\/p>\n<p>Mark erz\u00e4hlt seine Geschichte von Beginn an: \u201eEines Tages erhielt ich einen Anruf, bei dem man mir sagte, dass bei mir Krebs festgestellt wurde. Zuerst w\u00fcrden sie mich chemotherapeutisch behandeln und dann den Tumor operativ entfernen, was in meinem Fall bedeutete, dass ca. 21\u00a0Zentimeter des Oberschenkelknochens entfernt w\u00fcrden.\u201c<\/p>\n<p>Marks Arzt war Dr. S. Robert Rozbruch, MD, Chef des Limb Lengthening and Complex Reconstruction Service am New York City Hospital for Special Surgery. Er beschreibt das Wiederherstellungsverfahren, das \u201etrifokale Knochentransplantation (trifocal bone transplant)\u201c genannt wird: \u201eDer Schaden an seinem Oberschenkelknochen war ziemlich gro\u00df. Daher schnitten wir den Knochen an zwei Stellen auseinander und \u00fcbertrugen Knochenmasse von beiden Enden, um die dadurch entstandene L\u00fccke aufzuf\u00fcllen.\u201c<\/p>\n<p>Mark erinnert sich: \u201eEr hatte mir einen externen Fixateur am Bein angelegt. Das sieht wie ein Metallrahmen mit Dr\u00e4hten und Stiften aus, die durch die Haut in den Knochen gehen. Nachdem all das gemacht wurde und wir auf wundersame Weise diesen Oberschenkelknochen wiederhergestellt haben, war das rechte Bein immer noch 5 Zentimeter k\u00fcrzer als das linke Bein.\u201c<\/p>\n<p>Dr. Rozbruch sagt:\u00a0\u201eDa hatte er schon so viele Operationen mit dem Fixateur externe und der Methode des Knochentransports \u00fcber N\u00e4gel hinter sich. Au\u00dferdem h\u00e4tten wir die 5 Zentimeter nicht mehr \u00fcber den Oberschenkel zur\u00fcckgewonnen, aber ihn 5 Zentimeter zu kurz zu lassen, kam nat\u00fcrlich auch nicht infrage.\u201c<\/p>\n<p><img decoding=\"async\" class=\"alignleft size-full wp-image-1273\" src=\"http:\/\/www.reachyourheight.com\/wp-content\/uploads\/2017\/09\/Screen-Shot-2017-11-13-at-4.00.44-PM.png\" alt=\"\" width=\"300\" height=\"152\" srcset=\"https:\/\/www.reachyourheight.com\/wp-content\/uploads\/2017\/09\/Screen-Shot-2017-11-13-at-4.00.44-PM-200x101.png 200w, https:\/\/www.reachyourheight.com\/wp-content\/uploads\/2017\/09\/Screen-Shot-2017-11-13-at-4.00.44-PM.png 300w\" sizes=\"(max-width: 300px) 100vw, 300px\" \/>Mark erinnert sich an sein Gespr\u00e4ch mit Dr. Rozbruch: \u201eAlso, was machen wir denn jetzt? \u201aNa ja, wir verl\u00e4ngern einfach Ihren Schienbeinknochen.\u2018 Hei\u00dft das, dass ich wieder so einen Rahmen angelegt bekomme? Und er sagte: \u201aNein, es gibt jetzt einen neuen Nagel, der den Knochen intern verl\u00e4ngert. Da gibt es keine Dr\u00e4hte, die durch Ihre Haut gehen\u2018.\u201c<\/p>\n<p>Dr. Rozbruch beschreibt den Schienbeinverl\u00e4ngerungsnagel: \u201ePrecice ist ein vollst\u00e4ndig implantierbarer, intramedull\u00e4rer Verl\u00e4ngerungsnagel. Da steht nichts aus dem Bein heraus, kein Fixateur externe. Im Inneren befinden sich ein Magnet und Schienen und eine Teleskopstange.\u201c<\/p>\n<p>Mark erz\u00e4hlt weiter: \u201eEr hat mir mit einem Sharpie-Marker auf dem Bein aufgemalt, wo die Fernsteuerung angelegt werden muss. Man schiebt sie ein bisschen hoch und runter und kann dann sp\u00fcren, wo der Magnet sich mit dem Nagel im Inneren verbindet.\u201c<\/p>\n<p><img decoding=\"async\" class=\"alignright size-full wp-image-1274\" src=\"http:\/\/www.reachyourheight.com\/wp-content\/uploads\/2017\/09\/Screen-Shot-2017-11-13-at-4.01.14-PM.png\" alt=\"\" width=\"300\" height=\"149\" srcset=\"https:\/\/www.reachyourheight.com\/wp-content\/uploads\/2017\/09\/Screen-Shot-2017-11-13-at-4.01.14-PM-200x99.png 200w, https:\/\/www.reachyourheight.com\/wp-content\/uploads\/2017\/09\/Screen-Shot-2017-11-13-at-4.01.14-PM.png 300w\" sizes=\"(max-width: 300px) 100vw, 300px\" \/>Wenn man auf einen Knopf auf der Fernsteuerung dr\u00fcckt, dreht sich der Magnet und das verl\u00e4ngert\u00a0\u2013\u00a0fachmedizinisch hei\u00dft das \u201edistrahiert\u201c\u00a0\u2013\u00a0die Teleskopstange.<\/p>\n<p>Mark sagt:\u00a0\u201eIn meinem Fall wurde das viermal am Tag gemacht und dann nach sechs Wochen oder so hatte das Bein die richtige L\u00e4nge.\u201c<\/p>\n<p>Mit dem Precice Nagel, sagt Dr. Rozbruch:\u00a0\u201ekonnten wir bei ihm eine zus\u00e4tzliche Knochenl\u00e4nge von \u00fcber sein Schienbein erzielen.\u201c Mit dem internen Verl\u00e4ngerungssystem st\u00fctzt die Teleskopstange den neuen Knochen. Bei einer Verl\u00e4ngerung von 5 Zentimeter k\u00f6nnen unsere Patienten in der Regel nach drei, maximal vier Monaten wieder gehen.\u201c<\/p>\n<p>F\u00fcr Mark ist diese Behandlungm\u00f6glichkeit ein einschneidendes Ereignis: &#8222;Es ist fast surreal, dass ich wieder an diesem Punkt in meinem Leben angelangt bin. Ich f\u00fchle mich durch diese Behandlungm\u00f6glichkeit besser als in den Jahren vor der Krebsdiagnose. Ich bin gl\u00fccklich, dass diese Behandlungsm\u00f6glichkeit bei mir funktioniert hat.&#8220;<\/p>\n<p><img decoding=\"async\" class=\"alignleft size-full wp-image-1276\" src=\"http:\/\/www.reachyourheight.com\/wp-content\/uploads\/2017\/09\/Screen-Shot-2017-11-13-at-4.02.16-PM.png\" alt=\"\" width=\"300\" height=\"150\" srcset=\"https:\/\/www.reachyourheight.com\/wp-content\/uploads\/2017\/09\/Screen-Shot-2017-11-13-at-4.02.16-PM-200x100.png 200w, https:\/\/www.reachyourheight.com\/wp-content\/uploads\/2017\/09\/Screen-Shot-2017-11-13-at-4.02.16-PM.png 300w\" sizes=\"(max-width: 300px) 100vw, 300px\" \/>Dr. Rozbruch sagt, dass Marks Beinl\u00e4ngendifferenz aufgrund der Krebserkrankung nun vollst\u00e4ndig wieder hergestellt wurde: &#8222;Die Verl\u00e4ngerungsn\u00e4gel und Befestigungsschrauben wurden in einer weiteren Operation entfernt und das Ergebnis sind gleich lange und gerade Beine mit einem nat\u00fcrlichen Knochen. Die Beinl\u00e4nge ist somit vollst\u00e4ndig mit nat\u00fcrlichem Knochen wiederhergestellt.&#8220;<\/p>\n<\/div><div class=\"fusion-clearfix\"><\/div><\/div><\/div><\/div><\/div><\/p>\n","protected":false},"excerpt":{"rendered":"","protected":false},"author":2,"featured_media":0,"parent":1478,"menu_order":20,"comment_status":"closed","ping_status":"closed","template":"","meta":{"footnotes":""},"class_list":["post-1412","page","type-page","status-publish","hentry"],"yoast_head":"<!-- This site is optimized with the Yoast SEO plugin v27.4 - https:\/\/yoast.com\/product\/yoast-seo-wordpress\/ -->\n<title>Die Geschichte von Mark\u00a0\u2013\u00a0Kundenaussage zur Operation einer Beinl\u00e4ngendifferenz mittels PRECICE\u00ae<\/title>\n<meta name=\"description\" content=\"Bei der Operation von Mark gab es eine Komplikation: ein gro\u00dfer Teil seines Oberschenkelknochens wurde entfernt. Das f\u00fchrte zu einer Beinl\u00e4ngendifferenz. Sein rechtes Bein war f\u00fcnf Zentimeter (zwei Zoll) zu kurz.\" \/>\n<meta name=\"robots\" content=\"index, follow, max-snippet:-1, max-image-preview:large, max-video-preview:-1\" \/>\n<link rel=\"canonical\" href=\"https:\/\/www.reachyourheight.com\/de\/patientengeschichten\/die-geschichte-von-mark\/\" \/>\n<meta property=\"og:locale\" content=\"de_DE\" \/>\n<meta property=\"og:type\" content=\"article\" \/>\n<meta property=\"og:title\" content=\"Die Geschichte von Mark\u00a0\u2013\u00a0Kundenaussage zur Operation einer Beinl\u00e4ngendifferenz mittels PRECICE\u00ae\" \/>\n<meta property=\"og:description\" content=\"Bei der Operation von Mark gab es eine Komplikation: ein gro\u00dfer Teil seines Oberschenkelknochens wurde entfernt. Das f\u00fchrte zu einer Beinl\u00e4ngendifferenz. Sein rechtes Bein war f\u00fcnf Zentimeter (zwei Zoll) zu kurz.\" \/>\n<meta property=\"og:url\" content=\"https:\/\/www.reachyourheight.com\/de\/patientengeschichten\/die-geschichte-von-mark\/\" \/>\n<meta property=\"og:site_name\" content=\"Reach Your Height: PRECICE Limb Lengthening System\" \/>\n<meta property=\"article:modified_time\" content=\"2021-04-09T20:55:33+00:00\" \/>\n<meta property=\"og:image\" content=\"http:\/\/www.reachyourheight.com\/wp-content\/uploads\/revslider\/homepage\/patient_mark_nyc_2.jpg\" \/>\n<meta name=\"twitter:label1\" content=\"Gesch\u00e4tzte Lesezeit\" \/>\n\t<meta name=\"twitter:data1\" content=\"5 Minuten\" \/>\n<script type=\"application\/ld+json\" class=\"yoast-schema-graph\">{\"@context\":\"https:\\\/\\\/schema.org\",\"@graph\":[{\"@type\":\"WebPage\",\"@id\":\"https:\\\/\\\/www.reachyourheight.com\\\/de\\\/patientengeschichten\\\/die-geschichte-von-mark\\\/\",\"url\":\"https:\\\/\\\/www.reachyourheight.com\\\/de\\\/patientengeschichten\\\/die-geschichte-von-mark\\\/\",\"name\":\"Die Geschichte von Mark\u00a0\u2013\u00a0Kundenaussage zur Operation einer Beinl\u00e4ngendifferenz mittels PRECICE\u00ae\",\"isPartOf\":{\"@id\":\"https:\\\/\\\/www.reachyourheight.com\\\/#website\"},\"primaryImageOfPage\":{\"@id\":\"https:\\\/\\\/www.reachyourheight.com\\\/de\\\/patientengeschichten\\\/die-geschichte-von-mark\\\/#primaryimage\"},\"image\":{\"@id\":\"https:\\\/\\\/www.reachyourheight.com\\\/de\\\/patientengeschichten\\\/die-geschichte-von-mark\\\/#primaryimage\"},\"thumbnailUrl\":\"http:\\\/\\\/www.reachyourheight.com\\\/wp-content\\\/uploads\\\/revslider\\\/homepage\\\/patient_mark_nyc_2.jpg\",\"datePublished\":\"2018-06-26T15:31:50+00:00\",\"dateModified\":\"2021-04-09T20:55:33+00:00\",\"description\":\"Bei der Operation von Mark gab es eine Komplikation: ein gro\u00dfer Teil seines Oberschenkelknochens wurde entfernt. Das f\u00fchrte zu einer Beinl\u00e4ngendifferenz. Sein rechtes Bein war f\u00fcnf Zentimeter (zwei Zoll) zu kurz.\",\"breadcrumb\":{\"@id\":\"https:\\\/\\\/www.reachyourheight.com\\\/de\\\/patientengeschichten\\\/die-geschichte-von-mark\\\/#breadcrumb\"},\"inLanguage\":\"de-DE\",\"potentialAction\":[{\"@type\":\"ReadAction\",\"target\":[\"https:\\\/\\\/www.reachyourheight.com\\\/de\\\/patientengeschichten\\\/die-geschichte-von-mark\\\/\"]}]},{\"@type\":\"ImageObject\",\"inLanguage\":\"de-DE\",\"@id\":\"https:\\\/\\\/www.reachyourheight.com\\\/de\\\/patientengeschichten\\\/die-geschichte-von-mark\\\/#primaryimage\",\"url\":\"http:\\\/\\\/www.reachyourheight.com\\\/wp-content\\\/uploads\\\/revslider\\\/homepage\\\/patient_mark_nyc_2.jpg\",\"contentUrl\":\"http:\\\/\\\/www.reachyourheight.com\\\/wp-content\\\/uploads\\\/revslider\\\/homepage\\\/patient_mark_nyc_2.jpg\"},{\"@type\":\"BreadcrumbList\",\"@id\":\"https:\\\/\\\/www.reachyourheight.com\\\/de\\\/patientengeschichten\\\/die-geschichte-von-mark\\\/#breadcrumb\",\"itemListElement\":[{\"@type\":\"ListItem\",\"position\":1,\"name\":\"Home\",\"item\":\"https:\\\/\\\/www.reachyourheight.com\\\/de\\\/\"},{\"@type\":\"ListItem\",\"position\":2,\"name\":\"Patientengeschichten\",\"item\":\"https:\\\/\\\/www.reachyourheight.com\\\/de\\\/patientengeschichten\\\/\"},{\"@type\":\"ListItem\",\"position\":3,\"name\":\"Die Geschichte von Mark\"}]},{\"@type\":\"WebSite\",\"@id\":\"https:\\\/\\\/www.reachyourheight.com\\\/#website\",\"url\":\"https:\\\/\\\/www.reachyourheight.com\\\/\",\"name\":\"Reach Your Height: PRECICE Limb Lengthening System\",\"description\":\"Reach Your Height: PRECICE Limb Lengthening System\",\"potentialAction\":[{\"@type\":\"SearchAction\",\"target\":{\"@type\":\"EntryPoint\",\"urlTemplate\":\"https:\\\/\\\/www.reachyourheight.com\\\/?s={search_term_string}\"},\"query-input\":{\"@type\":\"PropertyValueSpecification\",\"valueRequired\":true,\"valueName\":\"search_term_string\"}}],\"inLanguage\":\"de-DE\"}]}<\/script>\n<!-- \/ Yoast SEO plugin. -->","yoast_head_json":{"title":"Die Geschichte von Mark\u00a0\u2013\u00a0Kundenaussage zur Operation einer Beinl\u00e4ngendifferenz mittels PRECICE\u00ae","description":"Bei der Operation von Mark gab es eine Komplikation: ein gro\u00dfer Teil seines Oberschenkelknochens wurde entfernt. Das f\u00fchrte zu einer Beinl\u00e4ngendifferenz. Sein rechtes Bein war f\u00fcnf Zentimeter (zwei Zoll) zu kurz.","robots":{"index":"index","follow":"follow","max-snippet":"max-snippet:-1","max-image-preview":"max-image-preview:large","max-video-preview":"max-video-preview:-1"},"canonical":"https:\/\/www.reachyourheight.com\/de\/patientengeschichten\/die-geschichte-von-mark\/","og_locale":"de_DE","og_type":"article","og_title":"Die Geschichte von Mark\u00a0\u2013\u00a0Kundenaussage zur Operation einer Beinl\u00e4ngendifferenz mittels PRECICE\u00ae","og_description":"Bei der Operation von Mark gab es eine Komplikation: ein gro\u00dfer Teil seines Oberschenkelknochens wurde entfernt. Das f\u00fchrte zu einer Beinl\u00e4ngendifferenz. Sein rechtes Bein war f\u00fcnf Zentimeter (zwei Zoll) zu kurz.","og_url":"https:\/\/www.reachyourheight.com\/de\/patientengeschichten\/die-geschichte-von-mark\/","og_site_name":"Reach Your Height: PRECICE Limb Lengthening System","article_modified_time":"2021-04-09T20:55:33+00:00","og_image":[{"url":"http:\/\/www.reachyourheight.com\/wp-content\/uploads\/revslider\/homepage\/patient_mark_nyc_2.jpg","type":"","width":"","height":""}],"twitter_misc":{"Gesch\u00e4tzte Lesezeit":"5 Minuten"},"schema":{"@context":"https:\/\/schema.org","@graph":[{"@type":"WebPage","@id":"https:\/\/www.reachyourheight.com\/de\/patientengeschichten\/die-geschichte-von-mark\/","url":"https:\/\/www.reachyourheight.com\/de\/patientengeschichten\/die-geschichte-von-mark\/","name":"Die Geschichte von Mark\u00a0\u2013\u00a0Kundenaussage zur Operation einer Beinl\u00e4ngendifferenz mittels PRECICE\u00ae","isPartOf":{"@id":"https:\/\/www.reachyourheight.com\/#website"},"primaryImageOfPage":{"@id":"https:\/\/www.reachyourheight.com\/de\/patientengeschichten\/die-geschichte-von-mark\/#primaryimage"},"image":{"@id":"https:\/\/www.reachyourheight.com\/de\/patientengeschichten\/die-geschichte-von-mark\/#primaryimage"},"thumbnailUrl":"http:\/\/www.reachyourheight.com\/wp-content\/uploads\/revslider\/homepage\/patient_mark_nyc_2.jpg","datePublished":"2018-06-26T15:31:50+00:00","dateModified":"2021-04-09T20:55:33+00:00","description":"Bei der Operation von Mark gab es eine Komplikation: ein gro\u00dfer Teil seines Oberschenkelknochens wurde entfernt. Das f\u00fchrte zu einer Beinl\u00e4ngendifferenz. Sein rechtes Bein war f\u00fcnf Zentimeter (zwei Zoll) zu kurz.","breadcrumb":{"@id":"https:\/\/www.reachyourheight.com\/de\/patientengeschichten\/die-geschichte-von-mark\/#breadcrumb"},"inLanguage":"de-DE","potentialAction":[{"@type":"ReadAction","target":["https:\/\/www.reachyourheight.com\/de\/patientengeschichten\/die-geschichte-von-mark\/"]}]},{"@type":"ImageObject","inLanguage":"de-DE","@id":"https:\/\/www.reachyourheight.com\/de\/patientengeschichten\/die-geschichte-von-mark\/#primaryimage","url":"http:\/\/www.reachyourheight.com\/wp-content\/uploads\/revslider\/homepage\/patient_mark_nyc_2.jpg","contentUrl":"http:\/\/www.reachyourheight.com\/wp-content\/uploads\/revslider\/homepage\/patient_mark_nyc_2.jpg"},{"@type":"BreadcrumbList","@id":"https:\/\/www.reachyourheight.com\/de\/patientengeschichten\/die-geschichte-von-mark\/#breadcrumb","itemListElement":[{"@type":"ListItem","position":1,"name":"Home","item":"https:\/\/www.reachyourheight.com\/de\/"},{"@type":"ListItem","position":2,"name":"Patientengeschichten","item":"https:\/\/www.reachyourheight.com\/de\/patientengeschichten\/"},{"@type":"ListItem","position":3,"name":"Die Geschichte von Mark"}]},{"@type":"WebSite","@id":"https:\/\/www.reachyourheight.com\/#website","url":"https:\/\/www.reachyourheight.com\/","name":"Reach Your Height: PRECICE Limb Lengthening System","description":"Reach Your Height: PRECICE Limb Lengthening System","potentialAction":[{"@type":"SearchAction","target":{"@type":"EntryPoint","urlTemplate":"https:\/\/www.reachyourheight.com\/?s={search_term_string}"},"query-input":{"@type":"PropertyValueSpecification","valueRequired":true,"valueName":"search_term_string"}}],"inLanguage":"de-DE"}]}},"_links":{"self":[{"href":"https:\/\/www.reachyourheight.com\/de\/wp-json\/wp\/v2\/pages\/1412","targetHints":{"allow":["GET"]}}],"collection":[{"href":"https:\/\/www.reachyourheight.com\/de\/wp-json\/wp\/v2\/pages"}],"about":[{"href":"https:\/\/www.reachyourheight.com\/de\/wp-json\/wp\/v2\/types\/page"}],"author":[{"embeddable":true,"href":"https:\/\/www.reachyourheight.com\/de\/wp-json\/wp\/v2\/users\/2"}],"replies":[{"embeddable":true,"href":"https:\/\/www.reachyourheight.com\/de\/wp-json\/wp\/v2\/comments?post=1412"}],"version-history":[{"count":0,"href":"https:\/\/www.reachyourheight.com\/de\/wp-json\/wp\/v2\/pages\/1412\/revisions"}],"up":[{"embeddable":true,"href":"https:\/\/www.reachyourheight.com\/de\/wp-json\/wp\/v2\/pages\/1478"}],"wp:attachment":[{"href":"https:\/\/www.reachyourheight.com\/de\/wp-json\/wp\/v2\/media?parent=1412"}],"curies":[{"name":"wp","href":"https:\/\/api.w.org\/{rel}","templated":true}]}}