{"id":1413,"date":"2018-06-26T15:31:50","date_gmt":"2018-06-26T15:31:50","guid":{"rendered":"http:\/\/www.reachyourheight.com\/die-geschichte-von-lauryn\/"},"modified":"2018-09-04T16:59:04","modified_gmt":"2018-09-04T16:59:04","slug":"die-geschichte-von-lauryn","status":"publish","type":"page","link":"https:\/\/www.reachyourheight.com\/de\/patientengeschichten\/die-geschichte-von-lauryn\/","title":{"rendered":"Die Geschichte von Lauryn"},"content":{"rendered":"<p><div class=\"fusion-fullwidth fullwidth-box fusion-builder-row-1 fusion-parallax-none nonhundred-percent-fullwidth non-hundred-percent-height-scrolling fusion-equal-height-columns fusion-no-medium-visibility fusion-no-large-visibility\" style=\"--awb-border-radius-top-left:0px;--awb-border-radius-top-right:0px;--awb-border-radius-bottom-right:0px;--awb-border-radius-bottom-left:0px;--awb-background-image:url(&quot;https:\/\/www.reachyourheight.com\/wp-content\/uploads\/2014\/12\/success-stories-1.png&quot;);--awb-background-size:cover;--awb-flex-wrap:wrap;\" ><div class=\"fusion-builder-row fusion-row\"><div class=\"fusion-layout-column fusion_builder_column fusion-builder-column-0 fusion_builder_column_1_1 1_1 fusion-one-full fusion-column-first fusion-column-last\" style=\"--awb-bg-size:cover;\"><div class=\"fusion-column-wrapper fusion-flex-column-wrapper-legacy\"><div class=\"fusion-column-content-centered\"><div class=\"fusion-column-content\"><div class=\"fusion-text fusion-text-1\"><p style=\"padding-bottom: 0; margin-bottom: 0;\"><a style=\"text-decoration: none; color: #fff; font-weight: bold; text-align: center; letter-spacing: .5px; transition: .2s ease-out; cursor: pointer; border: none; display: inline-block; line-height: 64px; vertical-align: middle; width: 100%; font-size: 22px;\" href=\"\/find-a-doctor\/\">Find A Surgeon<\/a><\/p>\n<\/div><\/div><\/div><div class=\"fusion-clearfix\"><\/div><\/div><\/div><\/div><\/div>\n<div class=\"fusion-fullwidth fullwidth-box fusion-builder-row-2 nonhundred-percent-fullwidth non-hundred-percent-height-scrolling\" style=\"--awb-border-radius-top-left:0px;--awb-border-radius-top-right:0px;--awb-border-radius-bottom-right:0px;--awb-border-radius-bottom-left:0px;--awb-padding-top:0px;--awb-padding-bottom:25px;--awb-flex-wrap:wrap;\" ><div class=\"fusion-builder-row fusion-row\"><div class=\"fusion-layout-column fusion_builder_column fusion-builder-column-1 fusion_builder_column_1_1 1_1 fusion-one-full fusion-column-first fusion-column-last\" style=\"--awb-padding-top:20px;--awb-bg-size:cover;\"><div class=\"fusion-column-wrapper fusion-flex-column-wrapper-legacy\"><a class=\"awb-lightbox awb-lightbox-1\" href=\"https:\/\/www.youtube.com\/watch?v=uiQ8Q6_dUR0&amp;rel=0&amp;autoplay=1\" data-rel=\"iLightbox\"><img decoding=\"async\" src=\"https:\/\/nuvasiveso.wpengine.com\/wp-content\/uploads\/2017\/04\/lauryn2.jpg\"><\/a><div class=\"fusion-clearfix\"><\/div><\/div><\/div><\/div><\/div><div class=\"fusion-fullwidth fullwidth-box fusion-builder-row-3 nonhundred-percent-fullwidth non-hundred-percent-height-scrolling\" style=\"--awb-border-radius-top-left:0px;--awb-border-radius-top-right:0px;--awb-border-radius-bottom-right:0px;--awb-border-radius-bottom-left:0px;--awb-flex-wrap:wrap;\" ><div class=\"fusion-builder-row fusion-row\"><div class=\"fusion-layout-column fusion_builder_column fusion-builder-column-2 fusion_builder_column_1_1 1_1 fusion-one-full fusion-column-first fusion-column-last\" style=\"--awb-bg-size:cover;\"><div class=\"fusion-column-wrapper fusion-flex-column-wrapper-legacy\"><div class=\"fusion-text fusion-text-2\"><p>Wir wissen nie, wann das Schicksal eingreift und unser Leben f\u00fcr immer ver\u00e4ndert. F\u00fcr Lauryn Kapiloff geschah das w\u00e4hrend eines Familienurlaubs. Ihre Mutter, Tracy, beginnt mit der Geschichte: \u201eWir waren w\u00e4hrend der Weihnachtsferien vor vier oder f\u00fcnf Jahren im Skiurlaub.\u201c<\/p>\n<p>\u201eMeine Skier \u00fcberkreuzten sich hinten\u201c, erinnert sich Lauryn, \u201eund ich rammte einen Baum.\u201c<\/p>\n<p><img decoding=\"async\" class=\"alignright size-full wp-image-1277\" src=\"\/wp-content\/uploads\/2017\/09\/Screen-Shot-2017-11-13-at-4.10.55-PM.png\" alt=\"\" width=\"300\" height=\"152\" srcset=\"https:\/\/www.reachyourheight.com\/wp-content\/uploads\/2017\/09\/Screen-Shot-2017-11-13-at-4.10.55-PM-200x101.png 200w, https:\/\/www.reachyourheight.com\/wp-content\/uploads\/2017\/09\/Screen-Shot-2017-11-13-at-4.10.55-PM.png 300w\" sizes=\"(max-width: 300px) 100vw, 300px\" \/>Ihre Mutter Tracy beschreibt die Verletzung: \u201eSie erkannten, dass sie einen Oberschenkelbruch hatte, allerdings an der Wachstumsfuge.\u201c Selbst, nachdem der Bruch im oberen rechten Bein verheilt sein w\u00fcrde, w\u00fcrde das Bein k\u00fcrzer bleiben und ein Leben lang ein Problem darstellen. \u201eWenn sie ihre volle K\u00f6rpergr\u00f6\u00dfe erreicht h\u00e4tte, w\u00fcrden ihre Beine eine Differenz von 6,35 Zentimeter aufweisen.\u201c<\/p>\n<p>Der Arzt in Houston, der Lauryn urspr\u00fcnglich behandelt hatte, empfahl ein Verfahren zur Extremit\u00e4tenverl\u00e4ngerung mit dem PRECICE System. Als der Arzt bekannt gab, dass er in Ruhestand gehen werde, entschied sich die Familie daf\u00fcr, dass Dr. Mark Dahl mit Lauryn arbeiten sollte.<\/p>\n<p>Dr. Dahl beschreibt sein Vorgehen: \u201eWenn sich eine Familie f\u00fcr das Knochenverl\u00e4ngerungsverfahren entscheidet, analysieren wir den Patienten anhand einer Untersuchung, nehmen den Krankheitsverlauf auf, bestimmen sein spezielles Problem und setzen dann realistische Ziele; was wir erreichen k\u00f6nnen. Und wir sorgen daf\u00fcr, dass wir eine Angleichung erreichen und Ihre Erwartungen erf\u00fcllt werden.\u201c<\/p>\n<p>Dr. Dahl erkl\u00e4rte Lauryns Zustand und wie das PRECICE System zur Korrektur eingesetzt wurde: &#8222;Also, hier k\u00f6nnen Sie sehen, dass das M\u00e4dchen ein zu kurzes Bein hat; das rechte Bein ist dreieinalb Zentimenter k\u00fcrzer als das linke Bein. Wir m\u00f6chten eine Osteotomie direkt durch den gesunden Abschnitt im Knochen hier vornehmen, den Knochen operativ begradigen und dann einen Nagel in den Oberschenkelknochen einf\u00fchren, ihn dort fixieren und eine Woche sp\u00e4ter mit der Verl\u00e4ngerung beginnen.\u201c<\/p>\n<p>Dr. Dahl verglich eine normale Knochenheilung ohne Hilfsmittel mit den Ergebnissen der PRECICE Extremit\u00e4tenverl\u00e4ngerung. \u201eH\u00e4ufig begradigt sich der Knochen selbst und bildet sich mit dem Wachstum des Kindes um. Es gibt F\u00e4lle, bei denen ein Kind im Alter von vier Jahren einen Bruch hat, den sie auf keinem R\u00f6ntgenbild sehen k\u00f6nnen, wenn das Kind 14\u00a0ist. Das gleiche gilt f\u00fcr Knochenverl\u00e4ngerungsf\u00e4lle.\u201c<\/p>\n<p>Lauryn und ihre Mutter erinnern sich an den Verl\u00e4ngerungsprozess. Lauryn sagt: \u201eIch musste die Verl\u00e4ngerung viermal am Tage jeweils eine Minute lang durchf\u00fchren.\u201c Tracy sagt: \u201eDas Behandlungsschema, das er verschrieben hatte, war Teil unseres t\u00e4glichen Lebens.\u201c<\/p>\n<p><img decoding=\"async\" class=\"alignleft size-full wp-image-1278\" src=\"https:\/\/www.reachyourheight.com\/wp-content\/uploads\/2017\/09\/Screen-Shot-2017-11-13-at-4.12.02-PM.png\" alt=\"\" width=\"300\" height=\"176\" srcset=\"https:\/\/www.reachyourheight.com\/wp-content\/uploads\/2017\/09\/Screen-Shot-2017-11-13-at-4.12.02-PM-200x117.png 200w, https:\/\/www.reachyourheight.com\/wp-content\/uploads\/2017\/09\/Screen-Shot-2017-11-13-at-4.12.02-PM.png 300w\" sizes=\"(max-width: 300px) 100vw, 300px\" \/>Trotzdem erinnert sich Tracy:\u00a0\u201eSie konnte alles machen. Wir waren im Schwimmbad, besuchten ihre Freunde in einem Camp, wir waren bei einem Baseballspiel, und man konnte nicht sehen, dass da etwas mit ihr passierte.\u201c<\/p>\n<p>Mit Blick auf die Aufnahmen, die ein Jahr sp\u00e4ter gemacht wurden, sagt Dr. Dahl: &#8222;Sehen Sie wie gerade Ihre Beine sind. Sie sind gleich lang. Der Nagel und Ihr K\u00f6rper haben Ihre Arbeit gemacht. Die Entfernung der Nagel ist jetzt ganz einfach. Am besten nimmt sie der Arzt, der sie implantiert hat, auch wieder heraus. F\u00fcr gew\u00f6hnlich treten danach keine sehr starken Schmerzen auf und es kommt auch nicht zu gro\u00dfen Einschr\u00e4nkungen bei den Aktivit\u00e4ten.\u201c<\/p>\n<p>Tracy half Lauryn bei der mitunter schwierigen Rehabilitationsphase. \u201eDas war schon eine Herausforderung. Es war schmerzhaft und manchmal weigerte sie sich. Aber Sie m\u00fcssen wissen, dass Sie hierbei eine Verpflichtung eingehen. Sie m\u00fcssen zum Arzt gehen, R\u00f6ntgenaufnahmen machen lassen und die Verl\u00e4ngerung durchf\u00fchren, auch wenn Ihr Kind es einfach nicht will, ja sogar, wenn es unangenehm ist. Aber ich w\u00fcrde sagen: \u201aDie M\u00fchen haben sich am Ende gelohnt.\u2018 Und jetzt, da sie teilnehmen kann, woran sie will, erkennt auch sie, dass sich die ganze harte Arbeit bezahlt gemacht hat.\u201c<\/p>\n<p>Lauryn hat eine ganz positive Einstellung. \u201eIch liebe Kunst. Ich liebe es zu singen, zu tanzen und Theater zu spielen. Ich hatte bisher noch nicht getanzt und wollte es wirklich einmal ausprobieren. Nun, nach meiner Operation, geht das so viel besser.\u201c<\/p>\n<\/div><div class=\"fusion-clearfix\"><\/div><\/div><\/div><\/div><\/div><\/p>\n","protected":false},"excerpt":{"rendered":"","protected":false},"author":2,"featured_media":0,"parent":1478,"menu_order":30,"comment_status":"closed","ping_status":"closed","template":"","meta":{"footnotes":""},"class_list":["post-1413","page","type-page","status-publish","hentry"],"yoast_head":"<!-- This site is optimized with the Yoast SEO plugin v26.7 - https:\/\/yoast.com\/wordpress\/plugins\/seo\/ -->\n<title>Die Geschichte von Lauryn\u00a0\u2013\u00a0Kundenaussage zur Operation einer Beinl\u00e4ngendifferenz mittels PRECICE\u00ae<\/title>\n<meta name=\"description\" content=\"Lauryn hatte sich ihr Bein gebrochen. Bei dem Bruch wurde ihre Wachstumsfuge besch\u00e4digt, was zu einer Beinl\u00e4ngendifferenz f\u00fchrte. Sie erhielt ein Beinverl\u00e4ngerungsverfahren mit PRECICE.\" \/>\n<meta name=\"robots\" content=\"index, follow, max-snippet:-1, max-image-preview:large, max-video-preview:-1\" \/>\n<link rel=\"canonical\" href=\"https:\/\/www.reachyourheight.com\/de\/patientengeschichten\/die-geschichte-von-lauryn\/\" \/>\n<meta property=\"og:locale\" content=\"de_DE\" \/>\n<meta property=\"og:type\" content=\"article\" \/>\n<meta property=\"og:title\" content=\"Die Geschichte von Lauryn\u00a0\u2013\u00a0Kundenaussage zur Operation einer Beinl\u00e4ngendifferenz mittels PRECICE\u00ae\" \/>\n<meta property=\"og:description\" content=\"Lauryn hatte sich ihr Bein gebrochen. Bei dem Bruch wurde ihre Wachstumsfuge besch\u00e4digt, was zu einer Beinl\u00e4ngendifferenz f\u00fchrte. Sie erhielt ein Beinverl\u00e4ngerungsverfahren mit PRECICE.\" \/>\n<meta property=\"og:url\" content=\"https:\/\/www.reachyourheight.com\/de\/patientengeschichten\/die-geschichte-von-lauryn\/\" \/>\n<meta property=\"og:site_name\" content=\"Reach Your Height: PRECICE Limb Lengthening System\" \/>\n<meta property=\"article:modified_time\" content=\"2018-09-04T16:59:04+00:00\" \/>\n<meta property=\"og:image\" content=\"https:\/\/nuvasiveso.wpengine.com\/wp-content\/uploads\/2017\/04\/lauryn2.jpg\" \/>\n<meta name=\"twitter:label1\" content=\"Gesch\u00e4tzte Lesezeit\" \/>\n\t<meta name=\"twitter:data1\" content=\"5 Minuten\" \/>\n<script type=\"application\/ld+json\" class=\"yoast-schema-graph\">{\"@context\":\"https:\/\/schema.org\",\"@graph\":[{\"@type\":\"WebPage\",\"@id\":\"https:\/\/www.reachyourheight.com\/de\/patientengeschichten\/die-geschichte-von-lauryn\/\",\"url\":\"https:\/\/www.reachyourheight.com\/de\/patientengeschichten\/die-geschichte-von-lauryn\/\",\"name\":\"Die Geschichte von Lauryn\u00a0\u2013\u00a0Kundenaussage zur Operation einer Beinl\u00e4ngendifferenz mittels PRECICE\u00ae\",\"isPartOf\":{\"@id\":\"https:\/\/www.reachyourheight.com\/#website\"},\"primaryImageOfPage\":{\"@id\":\"https:\/\/www.reachyourheight.com\/de\/patientengeschichten\/die-geschichte-von-lauryn\/#primaryimage\"},\"image\":{\"@id\":\"https:\/\/www.reachyourheight.com\/de\/patientengeschichten\/die-geschichte-von-lauryn\/#primaryimage\"},\"thumbnailUrl\":\"https:\/\/nuvasiveso.wpengine.com\/wp-content\/uploads\/2017\/04\/lauryn2.jpg\",\"datePublished\":\"2018-06-26T15:31:50+00:00\",\"dateModified\":\"2018-09-04T16:59:04+00:00\",\"description\":\"Lauryn hatte sich ihr Bein gebrochen. Bei dem Bruch wurde ihre Wachstumsfuge besch\u00e4digt, was zu einer Beinl\u00e4ngendifferenz f\u00fchrte. Sie erhielt ein Beinverl\u00e4ngerungsverfahren mit PRECICE.\",\"breadcrumb\":{\"@id\":\"https:\/\/www.reachyourheight.com\/de\/patientengeschichten\/die-geschichte-von-lauryn\/#breadcrumb\"},\"inLanguage\":\"de-DE\",\"potentialAction\":[{\"@type\":\"ReadAction\",\"target\":[\"https:\/\/www.reachyourheight.com\/de\/patientengeschichten\/die-geschichte-von-lauryn\/\"]}]},{\"@type\":\"ImageObject\",\"inLanguage\":\"de-DE\",\"@id\":\"https:\/\/www.reachyourheight.com\/de\/patientengeschichten\/die-geschichte-von-lauryn\/#primaryimage\",\"url\":\"https:\/\/nuvasiveso.wpengine.com\/wp-content\/uploads\/2017\/04\/lauryn2.jpg\",\"contentUrl\":\"https:\/\/nuvasiveso.wpengine.com\/wp-content\/uploads\/2017\/04\/lauryn2.jpg\"},{\"@type\":\"BreadcrumbList\",\"@id\":\"https:\/\/www.reachyourheight.com\/de\/patientengeschichten\/die-geschichte-von-lauryn\/#breadcrumb\",\"itemListElement\":[{\"@type\":\"ListItem\",\"position\":1,\"name\":\"Home\",\"item\":\"https:\/\/www.reachyourheight.com\/de\/\"},{\"@type\":\"ListItem\",\"position\":2,\"name\":\"Patientengeschichten\",\"item\":\"https:\/\/www.reachyourheight.com\/de\/patientengeschichten\/\"},{\"@type\":\"ListItem\",\"position\":3,\"name\":\"Die Geschichte von Lauryn\"}]},{\"@type\":\"WebSite\",\"@id\":\"https:\/\/www.reachyourheight.com\/#website\",\"url\":\"https:\/\/www.reachyourheight.com\/\",\"name\":\"Reach Your Height: PRECICE Limb Lengthening System\",\"description\":\"Reach Your Height: PRECICE Limb Lengthening System\",\"potentialAction\":[{\"@type\":\"SearchAction\",\"target\":{\"@type\":\"EntryPoint\",\"urlTemplate\":\"https:\/\/www.reachyourheight.com\/?s={search_term_string}\"},\"query-input\":{\"@type\":\"PropertyValueSpecification\",\"valueRequired\":true,\"valueName\":\"search_term_string\"}}],\"inLanguage\":\"de-DE\"}]}<\/script>\n<!-- \/ Yoast SEO plugin. -->","yoast_head_json":{"title":"Die Geschichte von Lauryn\u00a0\u2013\u00a0Kundenaussage zur Operation einer Beinl\u00e4ngendifferenz mittels PRECICE\u00ae","description":"Lauryn hatte sich ihr Bein gebrochen. Bei dem Bruch wurde ihre Wachstumsfuge besch\u00e4digt, was zu einer Beinl\u00e4ngendifferenz f\u00fchrte. Sie erhielt ein Beinverl\u00e4ngerungsverfahren mit PRECICE.","robots":{"index":"index","follow":"follow","max-snippet":"max-snippet:-1","max-image-preview":"max-image-preview:large","max-video-preview":"max-video-preview:-1"},"canonical":"https:\/\/www.reachyourheight.com\/de\/patientengeschichten\/die-geschichte-von-lauryn\/","og_locale":"de_DE","og_type":"article","og_title":"Die Geschichte von Lauryn\u00a0\u2013\u00a0Kundenaussage zur Operation einer Beinl\u00e4ngendifferenz mittels PRECICE\u00ae","og_description":"Lauryn hatte sich ihr Bein gebrochen. Bei dem Bruch wurde ihre Wachstumsfuge besch\u00e4digt, was zu einer Beinl\u00e4ngendifferenz f\u00fchrte. Sie erhielt ein Beinverl\u00e4ngerungsverfahren mit PRECICE.","og_url":"https:\/\/www.reachyourheight.com\/de\/patientengeschichten\/die-geschichte-von-lauryn\/","og_site_name":"Reach Your Height: PRECICE Limb Lengthening System","article_modified_time":"2018-09-04T16:59:04+00:00","og_image":[{"url":"https:\/\/nuvasiveso.wpengine.com\/wp-content\/uploads\/2017\/04\/lauryn2.jpg","type":"","width":"","height":""}],"twitter_misc":{"Gesch\u00e4tzte Lesezeit":"5 Minuten"},"schema":{"@context":"https:\/\/schema.org","@graph":[{"@type":"WebPage","@id":"https:\/\/www.reachyourheight.com\/de\/patientengeschichten\/die-geschichte-von-lauryn\/","url":"https:\/\/www.reachyourheight.com\/de\/patientengeschichten\/die-geschichte-von-lauryn\/","name":"Die Geschichte von Lauryn\u00a0\u2013\u00a0Kundenaussage zur Operation einer Beinl\u00e4ngendifferenz mittels PRECICE\u00ae","isPartOf":{"@id":"https:\/\/www.reachyourheight.com\/#website"},"primaryImageOfPage":{"@id":"https:\/\/www.reachyourheight.com\/de\/patientengeschichten\/die-geschichte-von-lauryn\/#primaryimage"},"image":{"@id":"https:\/\/www.reachyourheight.com\/de\/patientengeschichten\/die-geschichte-von-lauryn\/#primaryimage"},"thumbnailUrl":"https:\/\/nuvasiveso.wpengine.com\/wp-content\/uploads\/2017\/04\/lauryn2.jpg","datePublished":"2018-06-26T15:31:50+00:00","dateModified":"2018-09-04T16:59:04+00:00","description":"Lauryn hatte sich ihr Bein gebrochen. Bei dem Bruch wurde ihre Wachstumsfuge besch\u00e4digt, was zu einer Beinl\u00e4ngendifferenz f\u00fchrte. Sie erhielt ein Beinverl\u00e4ngerungsverfahren mit PRECICE.","breadcrumb":{"@id":"https:\/\/www.reachyourheight.com\/de\/patientengeschichten\/die-geschichte-von-lauryn\/#breadcrumb"},"inLanguage":"de-DE","potentialAction":[{"@type":"ReadAction","target":["https:\/\/www.reachyourheight.com\/de\/patientengeschichten\/die-geschichte-von-lauryn\/"]}]},{"@type":"ImageObject","inLanguage":"de-DE","@id":"https:\/\/www.reachyourheight.com\/de\/patientengeschichten\/die-geschichte-von-lauryn\/#primaryimage","url":"https:\/\/nuvasiveso.wpengine.com\/wp-content\/uploads\/2017\/04\/lauryn2.jpg","contentUrl":"https:\/\/nuvasiveso.wpengine.com\/wp-content\/uploads\/2017\/04\/lauryn2.jpg"},{"@type":"BreadcrumbList","@id":"https:\/\/www.reachyourheight.com\/de\/patientengeschichten\/die-geschichte-von-lauryn\/#breadcrumb","itemListElement":[{"@type":"ListItem","position":1,"name":"Home","item":"https:\/\/www.reachyourheight.com\/de\/"},{"@type":"ListItem","position":2,"name":"Patientengeschichten","item":"https:\/\/www.reachyourheight.com\/de\/patientengeschichten\/"},{"@type":"ListItem","position":3,"name":"Die Geschichte von Lauryn"}]},{"@type":"WebSite","@id":"https:\/\/www.reachyourheight.com\/#website","url":"https:\/\/www.reachyourheight.com\/","name":"Reach Your Height: PRECICE Limb Lengthening System","description":"Reach Your Height: PRECICE Limb Lengthening System","potentialAction":[{"@type":"SearchAction","target":{"@type":"EntryPoint","urlTemplate":"https:\/\/www.reachyourheight.com\/?s={search_term_string}"},"query-input":{"@type":"PropertyValueSpecification","valueRequired":true,"valueName":"search_term_string"}}],"inLanguage":"de-DE"}]}},"_links":{"self":[{"href":"https:\/\/www.reachyourheight.com\/de\/wp-json\/wp\/v2\/pages\/1413","targetHints":{"allow":["GET"]}}],"collection":[{"href":"https:\/\/www.reachyourheight.com\/de\/wp-json\/wp\/v2\/pages"}],"about":[{"href":"https:\/\/www.reachyourheight.com\/de\/wp-json\/wp\/v2\/types\/page"}],"author":[{"embeddable":true,"href":"https:\/\/www.reachyourheight.com\/de\/wp-json\/wp\/v2\/users\/2"}],"replies":[{"embeddable":true,"href":"https:\/\/www.reachyourheight.com\/de\/wp-json\/wp\/v2\/comments?post=1413"}],"version-history":[{"count":0,"href":"https:\/\/www.reachyourheight.com\/de\/wp-json\/wp\/v2\/pages\/1413\/revisions"}],"up":[{"embeddable":true,"href":"https:\/\/www.reachyourheight.com\/de\/wp-json\/wp\/v2\/pages\/1478"}],"wp:attachment":[{"href":"https:\/\/www.reachyourheight.com\/de\/wp-json\/wp\/v2\/media?parent=1413"}],"curies":[{"name":"wp","href":"https:\/\/api.w.org\/{rel}","templated":true}]}}