{"id":1414,"date":"2018-06-26T15:31:51","date_gmt":"2018-06-26T15:31:51","guid":{"rendered":"http:\/\/www.reachyourheight.com\/angeborene-beinlangendifferenz\/"},"modified":"2020-09-24T10:25:12","modified_gmt":"2020-09-24T10:25:12","slug":"angeborene-beinlangendifferenz","status":"publish","type":"page","link":"https:\/\/www.reachyourheight.com\/de\/uber-beinlangendifferenz\/angeborene-beinlangendifferenz\/","title":{"rendered":"Angeborene Beinl\u00e4ngendifferenz"},"content":{"rendered":"<p><div class=\"fusion-fullwidth fullwidth-box fusion-builder-row-1 fusion-parallax-none nonhundred-percent-fullwidth non-hundred-percent-height-scrolling fusion-equal-height-columns fusion-no-medium-visibility fusion-no-large-visibility\" style=\"--awb-border-radius-top-left:0px;--awb-border-radius-top-right:0px;--awb-border-radius-bottom-right:0px;--awb-border-radius-bottom-left:0px;--awb-background-image:url(&quot;https:\/\/www.reachyourheight.com\/wp-content\/uploads\/2014\/12\/success-stories-1.png&quot;);--awb-background-size:cover;--awb-flex-wrap:wrap;\" ><div class=\"fusion-builder-row fusion-row\"><div class=\"fusion-layout-column fusion_builder_column fusion-builder-column-0 fusion_builder_column_1_1 1_1 fusion-one-full fusion-column-first fusion-column-last\" style=\"--awb-bg-size:cover;\"><div class=\"fusion-column-wrapper fusion-flex-column-wrapper-legacy\"><div class=\"fusion-column-content-centered\"><div class=\"fusion-column-content\"><div class=\"fusion-text fusion-text-1\"><p style=\"padding-bottom: 0; margin-bottom: 0;\"><a style=\"text-decoration: none; color: #fff; font-weight: bold; text-align: center; letter-spacing: .5px; transition: .2s ease-out; cursor: pointer; border: none; display: inline-block; line-height: 64px; vertical-align: middle; width: 100%; font-size: 22px;\" href=\"\/find-a-doctor\/\">Find A Surgeon<\/a><\/p>\n<\/div><\/div><\/div><div class=\"fusion-clearfix\"><\/div><\/div><\/div><\/div><\/div>\n<div class=\"fusion-fullwidth fullwidth-box fusion-builder-row-2 nonhundred-percent-fullwidth non-hundred-percent-height-scrolling\" style=\"--awb-border-radius-top-left:0px;--awb-border-radius-top-right:0px;--awb-border-radius-bottom-right:0px;--awb-border-radius-bottom-left:0px;--awb-padding-top:25px;--awb-padding-bottom:60px;--awb-flex-wrap:wrap;\" ><div class=\"fusion-builder-row fusion-row\"><div class=\"fusion-layout-column fusion_builder_column fusion-builder-column-1 fusion_builder_column_1_1 1_1 fusion-one-full fusion-column-first fusion-column-last\" style=\"--awb-bg-size:cover;\"><div class=\"fusion-column-wrapper fusion-flex-column-wrapper-legacy\"><div class=\"fusion-text fusion-text-2\"><p>Some people develop limb length discrepancy in childhood, but it\u2019s possible to be born with some degree of inequality. The limb length difference can either remain the same during growth (called static limb length discrepancy), or the difference can worsen as the child grows (called dynamic limb length discrepancy).<\/p>\n<p>Congenital disorders (conditions existing at or before birth) may cause growth abnormalities that contribute to limb length discrepancy. Generally, it&#8217;s more common for congenital disorders to stall limb growth, but some rare conditions may cause accelerated growth as well.<\/p>\n<p>Hemihypertrophy and hemiatrophy are congenital disorders that cause growth disparity between the two sides of the body \u2013 making one leg longer than the other. Hemihypertrophy causes one half of the body to grow faster than the other, whereas hemiatrophy refers to a condition in which one half of the body is shorter than the other. Patients with these conditions generally have a milder degree of shortening than those with other congenital disorders.<\/p>\n<p>Other congenital disorders that cause limb length discrepancy include:<\/p>\n<ul>\n<li>Fibular hemimelia \u2013 congenital shortening or absence of the calf bone (fibula)<\/li>\n<li>Tibial hemimelia \u2013 congenital shortening or absence of the shin bone (tibia)<\/li>\n<li>Proximal femoral focal deficiency \u2013 congenital defects in the hip or thigh bone (femur), leading to a shorter leg<\/li>\n<li>Femoral hemimelia \u2013 congenital shortening or absence of the thigh bone<\/li>\n<li>Coxa vara \u2013 congenital or development deformity of the hip that leads to a shorter leg<\/li>\n<li>Posteromedial bowing of the tibia \u2013 congenital bowing of the shin bones<\/li>\n<li>Developmental dysplasia of the hip \u2013 congenital condition in which the hip joint doesn&#8217;t develop normally<\/li>\n<\/ul>\n<p>Cases of congenital limb length discrepancy are often challenging. Not only may there be a greater inequality in limb length, but it also increases proportionally as children continue to grow. Before committing to a treatment plan, it\u2019s important to find a surgeon who specializes in limb length discrepancy, and who has significant experience with lengthening of congenital limb length discrepancy.<\/p>\n<\/div><div class=\"fusion-clearfix\"><\/div><\/div><\/div><\/div><\/div><div class=\"fusion-fullwidth fullwidth-box fusion-builder-row-3 nonhundred-percent-fullwidth non-hundred-percent-height-scrolling fusion-equal-height-columns cta\" style=\"--awb-border-radius-top-left:0px;--awb-border-radius-top-right:0px;--awb-border-radius-bottom-right:0px;--awb-border-radius-bottom-left:0px;--awb-padding-bottom:60px;--awb-flex-wrap:wrap;\" ><div class=\"fusion-builder-row fusion-row\"><div class=\"fusion-layout-column fusion_builder_column fusion-builder-column-2 fusion_builder_column_1_3 1_3 fusion-one-third fusion-column-first\" style=\"--awb-padding-top:94px;--awb-padding-bottom:94px;--awb-bg-color:#0099cc;--awb-bg-color-hover:#0099cc;--awb-bg-image:url(&#039;https:\/\/nuvasiveso.wpengine.com\/wp-content\/uploads\/2014\/12\/blue-docs.jpg&#039;);--awb-bg-position:center center;--awb-bg-size:cover;--awb-margin-bottom:0px;width:33.3333333333%;width:calc(33.3333333333% - ( ( 4% + 4% ) * 0.333333333333 ) );margin-right: 4%;\"><div class=\"fusion-column-wrapper fusion-flex-column-wrapper-legacy fusion-column-has-bg-image\" data-bg-url=\"https:\/\/nuvasiveso.wpengine.com\/wp-content\/uploads\/2014\/12\/blue-docs.jpg\"><div class=\"fusion-column-content-centered\"><div class=\"fusion-column-content\"><div class=\"fusion-text fusion-text-3\"><h2 style=\"text-align: center;\">Ready To Take<br \/>\nThe Next Step?<\/h2>\n<p style=\"text-align: center;\"><a href=\"\/find-a-doctor\/\">Find a surgeon<\/a><\/p>\n<\/div><\/div><\/div><div class=\"fusion-clearfix\"><\/div><\/div><\/div><div class=\"fusion-layout-column fusion_builder_column fusion-builder-column-3 fusion_builder_column_1_3 1_3 fusion-one-third\" style=\"--awb-padding-top:94px;--awb-padding-right:0px;--awb-padding-bottom:94px;--awb-padding-left:0px;--awb-bg-color:#a8b400;--awb-bg-color-hover:#a8b400;--awb-bg-image:url(&#039;https:\/\/nuvasiveso.wpengine.com\/wp-content\/uploads\/2014\/12\/success-stories.png&#039;);--awb-bg-position:center center;--awb-bg-size:cover;--awb-margin-bottom:0px;width:33.3333333333%;width:calc(33.3333333333% - ( ( 4% + 4% ) * 0.333333333333 ) );margin-right: 4%;\"><div class=\"fusion-column-wrapper fusion-flex-column-wrapper-legacy fusion-column-has-bg-image\" data-bg-url=\"https:\/\/nuvasiveso.wpengine.com\/wp-content\/uploads\/2014\/12\/success-stories.png\"><div class=\"fusion-column-content-centered\"><div class=\"fusion-column-content\"><div class=\"fusion-text fusion-text-4\"><h2 class=\"title\" style=\"text-align: center;\">SUCCESS<br \/>\nSTORIES<\/h2>\n<p style=\"text-align: center;\"><a href=\"\/surgery-success\/\">Hear from real LLD patients<br \/>\nabout their experiences<\/a><\/p>\n<\/div><\/div><\/div><div class=\"fusion-clearfix\"><\/div><\/div><\/div><div class=\"fusion-layout-column fusion_builder_column fusion-builder-column-4 fusion_builder_column_1_3 1_3 fusion-one-third fusion-column-last\" style=\"--awb-padding-top:94px;--awb-padding-right:0px;--awb-padding-bottom:94px;--awb-padding-left:0px;--awb-bg-color:#f2df74;--awb-bg-color-hover:#f2df74;--awb-bg-image:url(&#039;https:\/\/nuvasiveso.wpengine.com\/wp-content\/uploads\/2017\/04\/blue-feet.png&#039;);--awb-bg-position:center center;--awb-bg-size:cover;--awb-margin-bottom:0px;width:33.3333333333%;width:calc(33.3333333333% - ( ( 4% + 4% ) * 0.333333333333 ) );\"><div class=\"fusion-column-wrapper fusion-flex-column-wrapper-legacy fusion-column-has-bg-image\" data-bg-url=\"https:\/\/nuvasiveso.wpengine.com\/wp-content\/uploads\/2017\/04\/blue-feet.png\"><div class=\"fusion-column-content-centered\"><div class=\"fusion-column-content\"><div class=\"fusion-text fusion-text-5\"><h2 class=\"title\" style=\"text-align: center;\">LIMB LENGTH<br \/>\nDISCREPANCY<\/h2>\n<p style=\"text-align: center;\"><a href=\"\/about-limb-length-discrepancy\/\">Learn more about LLD and<br \/>\ntreatment options for patients<\/a><\/p>\n<\/div><\/div><\/div><div class=\"fusion-clearfix\"><\/div><\/div><\/div><\/div><\/div><\/p>\n","protected":false},"excerpt":{"rendered":"","protected":false},"author":2,"featured_media":0,"parent":1477,"menu_order":0,"comment_status":"closed","ping_status":"closed","template":"","meta":{"footnotes":""},"class_list":["post-1414","page","type-page","status-publish","hentry"],"yoast_head":"<!-- This site is optimized with the Yoast SEO plugin v26.7 - https:\/\/yoast.com\/wordpress\/plugins\/seo\/ -->\n<title>Angeborene statische oder dynamische Bein- oder Extremit\u00e4tenl\u00e4ngendifferenzen<\/title>\n<meta name=\"description\" content=\"Eine Beinl\u00e4ngendifferenz kann bereits in der Kindheit entstehen. Es ist auch m\u00f6glich, dass man bereits mit einer gewissen Beinl\u00e4ngendifferenz geboren wurde. Dieser Zustand kann sich w\u00e4hrend Ihres Wachstums verschlimmern.\" \/>\n<meta name=\"robots\" content=\"index, follow, max-snippet:-1, max-image-preview:large, max-video-preview:-1\" \/>\n<link rel=\"canonical\" href=\"https:\/\/www.reachyourheight.com\/de\/uber-beinlangendifferenz\/angeborene-beinlangendifferenz\/\" \/>\n<meta property=\"og:locale\" content=\"de_DE\" \/>\n<meta property=\"og:type\" content=\"article\" \/>\n<meta property=\"og:title\" content=\"Angeborene statische oder dynamische Bein- oder Extremit\u00e4tenl\u00e4ngendifferenzen\" \/>\n<meta property=\"og:description\" content=\"Eine Beinl\u00e4ngendifferenz kann bereits in der Kindheit entstehen. Es ist auch m\u00f6glich, dass man bereits mit einer gewissen Beinl\u00e4ngendifferenz geboren wurde. Dieser Zustand kann sich w\u00e4hrend Ihres Wachstums verschlimmern.\" \/>\n<meta property=\"og:url\" content=\"https:\/\/www.reachyourheight.com\/de\/uber-beinlangendifferenz\/angeborene-beinlangendifferenz\/\" \/>\n<meta property=\"og:site_name\" content=\"Reach Your Height: PRECICE Limb Lengthening System\" \/>\n<meta property=\"article:modified_time\" content=\"2020-09-24T10:25:12+00:00\" \/>\n<meta name=\"twitter:label1\" content=\"Gesch\u00e4tzte Lesezeit\" \/>\n\t<meta name=\"twitter:data1\" content=\"4 Minuten\" \/>\n<script type=\"application\/ld+json\" class=\"yoast-schema-graph\">{\"@context\":\"https:\/\/schema.org\",\"@graph\":[{\"@type\":\"WebPage\",\"@id\":\"https:\/\/www.reachyourheight.com\/de\/uber-beinlangendifferenz\/angeborene-beinlangendifferenz\/\",\"url\":\"https:\/\/www.reachyourheight.com\/de\/uber-beinlangendifferenz\/angeborene-beinlangendifferenz\/\",\"name\":\"Angeborene statische oder dynamische Bein- oder Extremit\u00e4tenl\u00e4ngendifferenzen\",\"isPartOf\":{\"@id\":\"https:\/\/www.reachyourheight.com\/#website\"},\"datePublished\":\"2018-06-26T15:31:51+00:00\",\"dateModified\":\"2020-09-24T10:25:12+00:00\",\"description\":\"Eine Beinl\u00e4ngendifferenz kann bereits in der Kindheit entstehen. Es ist auch m\u00f6glich, dass man bereits mit einer gewissen Beinl\u00e4ngendifferenz geboren wurde. Dieser Zustand kann sich w\u00e4hrend Ihres Wachstums verschlimmern.\",\"breadcrumb\":{\"@id\":\"https:\/\/www.reachyourheight.com\/de\/uber-beinlangendifferenz\/angeborene-beinlangendifferenz\/#breadcrumb\"},\"inLanguage\":\"de-DE\",\"potentialAction\":[{\"@type\":\"ReadAction\",\"target\":[\"https:\/\/www.reachyourheight.com\/de\/uber-beinlangendifferenz\/angeborene-beinlangendifferenz\/\"]}]},{\"@type\":\"BreadcrumbList\",\"@id\":\"https:\/\/www.reachyourheight.com\/de\/uber-beinlangendifferenz\/angeborene-beinlangendifferenz\/#breadcrumb\",\"itemListElement\":[{\"@type\":\"ListItem\",\"position\":1,\"name\":\"Home\",\"item\":\"https:\/\/www.reachyourheight.com\/de\/\"},{\"@type\":\"ListItem\",\"position\":2,\"name\":\"\u00dcber Beinl\u00e4ngendifferenzen\",\"item\":\"https:\/\/www.reachyourheight.com\/de\/uber-beinlangendifferenz\/\"},{\"@type\":\"ListItem\",\"position\":3,\"name\":\"Angeborene Beinl\u00e4ngendifferenz\"}]},{\"@type\":\"WebSite\",\"@id\":\"https:\/\/www.reachyourheight.com\/#website\",\"url\":\"https:\/\/www.reachyourheight.com\/\",\"name\":\"Reach Your Height: PRECICE Limb Lengthening System\",\"description\":\"Reach Your Height: PRECICE Limb Lengthening System\",\"potentialAction\":[{\"@type\":\"SearchAction\",\"target\":{\"@type\":\"EntryPoint\",\"urlTemplate\":\"https:\/\/www.reachyourheight.com\/?s={search_term_string}\"},\"query-input\":{\"@type\":\"PropertyValueSpecification\",\"valueRequired\":true,\"valueName\":\"search_term_string\"}}],\"inLanguage\":\"de-DE\"}]}<\/script>\n<!-- \/ Yoast SEO plugin. -->","yoast_head_json":{"title":"Angeborene statische oder dynamische Bein- oder Extremit\u00e4tenl\u00e4ngendifferenzen","description":"Eine Beinl\u00e4ngendifferenz kann bereits in der Kindheit entstehen. Es ist auch m\u00f6glich, dass man bereits mit einer gewissen Beinl\u00e4ngendifferenz geboren wurde. Dieser Zustand kann sich w\u00e4hrend Ihres Wachstums verschlimmern.","robots":{"index":"index","follow":"follow","max-snippet":"max-snippet:-1","max-image-preview":"max-image-preview:large","max-video-preview":"max-video-preview:-1"},"canonical":"https:\/\/www.reachyourheight.com\/de\/uber-beinlangendifferenz\/angeborene-beinlangendifferenz\/","og_locale":"de_DE","og_type":"article","og_title":"Angeborene statische oder dynamische Bein- oder Extremit\u00e4tenl\u00e4ngendifferenzen","og_description":"Eine Beinl\u00e4ngendifferenz kann bereits in der Kindheit entstehen. Es ist auch m\u00f6glich, dass man bereits mit einer gewissen Beinl\u00e4ngendifferenz geboren wurde. Dieser Zustand kann sich w\u00e4hrend Ihres Wachstums verschlimmern.","og_url":"https:\/\/www.reachyourheight.com\/de\/uber-beinlangendifferenz\/angeborene-beinlangendifferenz\/","og_site_name":"Reach Your Height: PRECICE Limb Lengthening System","article_modified_time":"2020-09-24T10:25:12+00:00","twitter_misc":{"Gesch\u00e4tzte Lesezeit":"4 Minuten"},"schema":{"@context":"https:\/\/schema.org","@graph":[{"@type":"WebPage","@id":"https:\/\/www.reachyourheight.com\/de\/uber-beinlangendifferenz\/angeborene-beinlangendifferenz\/","url":"https:\/\/www.reachyourheight.com\/de\/uber-beinlangendifferenz\/angeborene-beinlangendifferenz\/","name":"Angeborene statische oder dynamische Bein- oder Extremit\u00e4tenl\u00e4ngendifferenzen","isPartOf":{"@id":"https:\/\/www.reachyourheight.com\/#website"},"datePublished":"2018-06-26T15:31:51+00:00","dateModified":"2020-09-24T10:25:12+00:00","description":"Eine Beinl\u00e4ngendifferenz kann bereits in der Kindheit entstehen. Es ist auch m\u00f6glich, dass man bereits mit einer gewissen Beinl\u00e4ngendifferenz geboren wurde. Dieser Zustand kann sich w\u00e4hrend Ihres Wachstums verschlimmern.","breadcrumb":{"@id":"https:\/\/www.reachyourheight.com\/de\/uber-beinlangendifferenz\/angeborene-beinlangendifferenz\/#breadcrumb"},"inLanguage":"de-DE","potentialAction":[{"@type":"ReadAction","target":["https:\/\/www.reachyourheight.com\/de\/uber-beinlangendifferenz\/angeborene-beinlangendifferenz\/"]}]},{"@type":"BreadcrumbList","@id":"https:\/\/www.reachyourheight.com\/de\/uber-beinlangendifferenz\/angeborene-beinlangendifferenz\/#breadcrumb","itemListElement":[{"@type":"ListItem","position":1,"name":"Home","item":"https:\/\/www.reachyourheight.com\/de\/"},{"@type":"ListItem","position":2,"name":"\u00dcber Beinl\u00e4ngendifferenzen","item":"https:\/\/www.reachyourheight.com\/de\/uber-beinlangendifferenz\/"},{"@type":"ListItem","position":3,"name":"Angeborene Beinl\u00e4ngendifferenz"}]},{"@type":"WebSite","@id":"https:\/\/www.reachyourheight.com\/#website","url":"https:\/\/www.reachyourheight.com\/","name":"Reach Your Height: PRECICE Limb Lengthening System","description":"Reach Your Height: PRECICE Limb Lengthening System","potentialAction":[{"@type":"SearchAction","target":{"@type":"EntryPoint","urlTemplate":"https:\/\/www.reachyourheight.com\/?s={search_term_string}"},"query-input":{"@type":"PropertyValueSpecification","valueRequired":true,"valueName":"search_term_string"}}],"inLanguage":"de-DE"}]}},"_links":{"self":[{"href":"https:\/\/www.reachyourheight.com\/de\/wp-json\/wp\/v2\/pages\/1414","targetHints":{"allow":["GET"]}}],"collection":[{"href":"https:\/\/www.reachyourheight.com\/de\/wp-json\/wp\/v2\/pages"}],"about":[{"href":"https:\/\/www.reachyourheight.com\/de\/wp-json\/wp\/v2\/types\/page"}],"author":[{"embeddable":true,"href":"https:\/\/www.reachyourheight.com\/de\/wp-json\/wp\/v2\/users\/2"}],"replies":[{"embeddable":true,"href":"https:\/\/www.reachyourheight.com\/de\/wp-json\/wp\/v2\/comments?post=1414"}],"version-history":[{"count":0,"href":"https:\/\/www.reachyourheight.com\/de\/wp-json\/wp\/v2\/pages\/1414\/revisions"}],"up":[{"embeddable":true,"href":"https:\/\/www.reachyourheight.com\/de\/wp-json\/wp\/v2\/pages\/1477"}],"wp:attachment":[{"href":"https:\/\/www.reachyourheight.com\/de\/wp-json\/wp\/v2\/media?parent=1414"}],"curies":[{"name":"wp","href":"https:\/\/api.w.org\/{rel}","templated":true}]}}