{"id":1415,"date":"2018-06-26T15:31:51","date_gmt":"2018-06-26T15:31:51","guid":{"rendered":"http:\/\/www.reachyourheight.com\/entwicklungsbedingte-beinlangendifferenz\/"},"modified":"2020-09-24T10:25:44","modified_gmt":"2020-09-24T10:25:44","slug":"entwicklungsbedingte-beinlangendifferenz","status":"publish","type":"page","link":"https:\/\/www.reachyourheight.com\/de\/uber-beinlangendifferenz\/entwicklungsbedingte-beinlangendifferenz\/","title":{"rendered":"Entwicklungsbedingte Beinl\u00e4ngendifferenz"},"content":{"rendered":"<p><div class=\"fusion-fullwidth fullwidth-box fusion-builder-row-1 fusion-parallax-none nonhundred-percent-fullwidth non-hundred-percent-height-scrolling fusion-equal-height-columns fusion-no-medium-visibility fusion-no-large-visibility\" style=\"--awb-border-radius-top-left:0px;--awb-border-radius-top-right:0px;--awb-border-radius-bottom-right:0px;--awb-border-radius-bottom-left:0px;--awb-background-image:url(&quot;https:\/\/www.reachyourheight.com\/wp-content\/uploads\/2014\/12\/success-stories-1.png&quot;);--awb-background-size:cover;--awb-flex-wrap:wrap;\" ><div class=\"fusion-builder-row fusion-row\"><div class=\"fusion-layout-column fusion_builder_column fusion-builder-column-0 fusion_builder_column_1_1 1_1 fusion-one-full fusion-column-first fusion-column-last\" style=\"--awb-bg-size:cover;\"><div class=\"fusion-column-wrapper fusion-flex-column-wrapper-legacy\"><div class=\"fusion-column-content-centered\"><div class=\"fusion-column-content\"><div class=\"fusion-text fusion-text-1\"><p style=\"padding-bottom: 0; margin-bottom: 0;\"><a style=\"text-decoration: none; color: #fff; font-weight: bold; text-align: center; letter-spacing: .5px; transition: .2s ease-out; cursor: pointer; border: none; display: inline-block; line-height: 64px; vertical-align: middle; width: 100%; font-size: 22px;\" href=\"\/find-a-doctor\/\">Find A Surgeon<\/a><\/p>\n<\/div><\/div><\/div><div class=\"fusion-clearfix\"><\/div><\/div><\/div><\/div><\/div>\n<div class=\"fusion-fullwidth fullwidth-box fusion-builder-row-2 nonhundred-percent-fullwidth non-hundred-percent-height-scrolling\" style=\"--awb-border-radius-top-left:0px;--awb-border-radius-top-right:0px;--awb-border-radius-bottom-right:0px;--awb-border-radius-bottom-left:0px;--awb-padding-top:25px;--awb-padding-bottom:60px;--awb-flex-wrap:wrap;\" ><div class=\"fusion-builder-row fusion-row\"><div class=\"fusion-layout-column fusion_builder_column fusion-builder-column-1 fusion_builder_column_1_1 1_1 fusion-one-full fusion-column-first fusion-column-last\" style=\"--awb-bg-size:cover;\"><div class=\"fusion-column-wrapper fusion-flex-column-wrapper-legacy\"><div class=\"fusion-text fusion-text-2\"><p><img decoding=\"async\" class=\"alignright size-full wp-image-1144\" src=\"\/wp-content\/uploads\/2017\/04\/Growth-Plates-Leg-Animation4.gif\" alt=\"\" width=\"321\" height=\"450\" \/>During childhood, certain illnesses or injuries can slow or damage growth plates, causing developmental limb length discrepancy.<\/p>\n<p>In adolescence, growth plates close and are replaced by solid bone, but until then, they are one of the weakest areas of the growing skeleton and vulnerable to injury.<\/p>\n<p>With growth plate injuries, such as a fracture, limb length discrepancy develops over time because the damaged growth plate cannot match the development of the corresponding growth plate in the opposite leg. This type of injury may not be noticed at first, but it will show over the years as the limbs grow at different rates.<\/p>\n<p>Diseases of the bone, such as osteomyelitis, can also injure the growth plate. In this case, bacteria or viruses in a child&#8217;s bloodstream or tissue can infect a bone, causing osteomyelitis. Generally, this type of bone infection is found in premature infants and babies born with complications, and infection is most common in the long bones of the body.<\/p>\n<p>Other conditions that may cause stalled limb growth or limb length discrepancy include Ollier&#8217;s disease, neurofibromatosis, multiple hereditary exostoses, polio, infection, radiation, cerebral palsy, spina bifida, and clubfoot, as well as other bone diseases and lower extremity deformities.<\/p>\n<\/div><div class=\"fusion-clearfix\"><\/div><\/div><\/div><\/div><\/div><div class=\"fusion-fullwidth fullwidth-box fusion-builder-row-3 nonhundred-percent-fullwidth non-hundred-percent-height-scrolling fusion-equal-height-columns cta\" style=\"--awb-border-radius-top-left:0px;--awb-border-radius-top-right:0px;--awb-border-radius-bottom-right:0px;--awb-border-radius-bottom-left:0px;--awb-padding-bottom:60px;--awb-flex-wrap:wrap;\" ><div class=\"fusion-builder-row fusion-row\"><div class=\"fusion-layout-column fusion_builder_column fusion-builder-column-2 fusion_builder_column_1_3 1_3 fusion-one-third fusion-column-first\" style=\"--awb-padding-top:94px;--awb-padding-bottom:94px;--awb-bg-color:#0099cc;--awb-bg-color-hover:#0099cc;--awb-bg-image:url(&#039;https:\/\/nuvasiveso.wpengine.com\/wp-content\/uploads\/2014\/12\/blue-docs.jpg&#039;);--awb-bg-position:center center;--awb-bg-size:cover;--awb-margin-bottom:0px;width:33.3333333333%;width:calc(33.3333333333% - ( ( 4% + 4% ) * 0.333333333333 ) );margin-right: 4%;\"><div class=\"fusion-column-wrapper fusion-flex-column-wrapper-legacy fusion-column-has-bg-image\" data-bg-url=\"https:\/\/nuvasiveso.wpengine.com\/wp-content\/uploads\/2014\/12\/blue-docs.jpg\"><div class=\"fusion-column-content-centered\"><div class=\"fusion-column-content\"><div class=\"fusion-text fusion-text-3\"><h2 style=\"text-align: center;\">Ready To Take<br \/>\nThe Next Step?<\/h2>\n<p style=\"text-align: center;\"><a href=\"\/find-a-doctor\/\">Find a surgeon<\/a><\/p>\n<\/div><\/div><\/div><div class=\"fusion-clearfix\"><\/div><\/div><\/div><div class=\"fusion-layout-column fusion_builder_column fusion-builder-column-3 fusion_builder_column_1_3 1_3 fusion-one-third\" style=\"--awb-padding-top:94px;--awb-padding-right:0px;--awb-padding-bottom:94px;--awb-padding-left:0px;--awb-bg-color:#a8b400;--awb-bg-color-hover:#a8b400;--awb-bg-image:url(&#039;https:\/\/nuvasiveso.wpengine.com\/wp-content\/uploads\/2014\/12\/success-stories.png&#039;);--awb-bg-position:center center;--awb-bg-size:cover;--awb-margin-bottom:0px;width:33.3333333333%;width:calc(33.3333333333% - ( ( 4% + 4% ) * 0.333333333333 ) );margin-right: 4%;\"><div class=\"fusion-column-wrapper fusion-flex-column-wrapper-legacy fusion-column-has-bg-image\" data-bg-url=\"https:\/\/nuvasiveso.wpengine.com\/wp-content\/uploads\/2014\/12\/success-stories.png\"><div class=\"fusion-column-content-centered\"><div class=\"fusion-column-content\"><div class=\"fusion-text fusion-text-4\"><h2 class=\"title\" style=\"text-align: center;\">SUCCESS<br \/>\nSTORIES<\/h2>\n<p style=\"text-align: center;\"><a href=\"\/surgery-success\/\">Hear from real LLD patients<br \/>\nabout their experiences<\/a><\/p>\n<\/div><\/div><\/div><div class=\"fusion-clearfix\"><\/div><\/div><\/div><div class=\"fusion-layout-column fusion_builder_column fusion-builder-column-4 fusion_builder_column_1_3 1_3 fusion-one-third fusion-column-last\" style=\"--awb-padding-top:94px;--awb-padding-right:0px;--awb-padding-bottom:94px;--awb-padding-left:0px;--awb-bg-color:#f2df74;--awb-bg-color-hover:#f2df74;--awb-bg-image:url(&#039;https:\/\/nuvasiveso.wpengine.com\/wp-content\/uploads\/2017\/04\/blue-feet.png&#039;);--awb-bg-position:center center;--awb-bg-size:cover;--awb-margin-bottom:0px;width:33.3333333333%;width:calc(33.3333333333% - ( ( 4% + 4% ) * 0.333333333333 ) );\"><div class=\"fusion-column-wrapper fusion-flex-column-wrapper-legacy fusion-column-has-bg-image\" data-bg-url=\"https:\/\/nuvasiveso.wpengine.com\/wp-content\/uploads\/2017\/04\/blue-feet.png\"><div class=\"fusion-column-content-centered\"><div class=\"fusion-column-content\"><div class=\"fusion-text fusion-text-5\"><h2 class=\"title\" style=\"text-align: center;\">LIMB LENGTH<br \/>\nDISCREPANCY<\/h2>\n<p style=\"text-align: center;\"><a href=\"\/about-limb-length-discrepancy\/\">Learn more about LLD and<br \/>\ntreatment options for patients<\/a><\/p>\n<\/div><\/div><\/div><div class=\"fusion-clearfix\"><\/div><\/div><\/div><\/div><\/div><\/p>\n","protected":false},"excerpt":{"rendered":"","protected":false},"author":2,"featured_media":0,"parent":1477,"menu_order":10,"comment_status":"closed","ping_status":"closed","template":"","meta":{"footnotes":""},"class_list":["post-1415","page","type-page","status-publish","hentry"],"yoast_head":"<!-- This site is optimized with the Yoast SEO plugin v26.7 - https:\/\/yoast.com\/wordpress\/plugins\/seo\/ -->\n<title>Entwicklungsbedingte Beinl\u00e4ngendifferenz\u00a0\u2013\u00a0Besch\u00e4digung der Wachstumsfugen<\/title>\n<meta name=\"description\" content=\"Die entwicklungsbedingte Beinl\u00e4ngendifferenz (LLD) kann durch bestimmte Krankheiten oder Verletzungen entstehen, die zur Verlangsamung oder Besch\u00e4digung der Wachstumsfugen und damit zu einer entwicklungsbedingten LLD f\u00fchren kann.\" \/>\n<meta name=\"robots\" content=\"index, follow, max-snippet:-1, max-image-preview:large, max-video-preview:-1\" \/>\n<link rel=\"canonical\" href=\"https:\/\/www.reachyourheight.com\/de\/uber-beinlangendifferenz\/entwicklungsbedingte-beinlangendifferenz\/\" \/>\n<meta property=\"og:locale\" content=\"de_DE\" \/>\n<meta property=\"og:type\" content=\"article\" \/>\n<meta property=\"og:title\" content=\"Entwicklungsbedingte Beinl\u00e4ngendifferenz\u00a0\u2013\u00a0Besch\u00e4digung der Wachstumsfugen\" \/>\n<meta property=\"og:description\" content=\"Die entwicklungsbedingte Beinl\u00e4ngendifferenz (LLD) kann durch bestimmte Krankheiten oder Verletzungen entstehen, die zur Verlangsamung oder Besch\u00e4digung der Wachstumsfugen und damit zu einer entwicklungsbedingten LLD f\u00fchren kann.\" \/>\n<meta property=\"og:url\" content=\"https:\/\/www.reachyourheight.com\/de\/uber-beinlangendifferenz\/entwicklungsbedingte-beinlangendifferenz\/\" \/>\n<meta property=\"og:site_name\" content=\"Reach Your Height: PRECICE Limb Lengthening System\" \/>\n<meta property=\"article:modified_time\" content=\"2020-09-24T10:25:44+00:00\" \/>\n<meta property=\"og:image\" content=\"https:\/\/www.reachyourheight.com\/wp-content\/uploads\/2017\/04\/Growth-Plates-Leg-Animation4.gif\" \/>\n<meta name=\"twitter:label1\" content=\"Gesch\u00e4tzte Lesezeit\" \/>\n\t<meta name=\"twitter:data1\" content=\"4 Minuten\" \/>\n<script type=\"application\/ld+json\" class=\"yoast-schema-graph\">{\"@context\":\"https:\/\/schema.org\",\"@graph\":[{\"@type\":\"WebPage\",\"@id\":\"https:\/\/www.reachyourheight.com\/de\/uber-beinlangendifferenz\/entwicklungsbedingte-beinlangendifferenz\/\",\"url\":\"https:\/\/www.reachyourheight.com\/de\/uber-beinlangendifferenz\/entwicklungsbedingte-beinlangendifferenz\/\",\"name\":\"Entwicklungsbedingte Beinl\u00e4ngendifferenz\u00a0\u2013\u00a0Besch\u00e4digung der Wachstumsfugen\",\"isPartOf\":{\"@id\":\"https:\/\/www.reachyourheight.com\/#website\"},\"datePublished\":\"2018-06-26T15:31:51+00:00\",\"dateModified\":\"2020-09-24T10:25:44+00:00\",\"description\":\"Die entwicklungsbedingte Beinl\u00e4ngendifferenz (LLD) kann durch bestimmte Krankheiten oder Verletzungen entstehen, die zur Verlangsamung oder Besch\u00e4digung der Wachstumsfugen und damit zu einer entwicklungsbedingten LLD f\u00fchren kann.\",\"breadcrumb\":{\"@id\":\"https:\/\/www.reachyourheight.com\/de\/uber-beinlangendifferenz\/entwicklungsbedingte-beinlangendifferenz\/#breadcrumb\"},\"inLanguage\":\"de-DE\",\"potentialAction\":[{\"@type\":\"ReadAction\",\"target\":[\"https:\/\/www.reachyourheight.com\/de\/uber-beinlangendifferenz\/entwicklungsbedingte-beinlangendifferenz\/\"]}]},{\"@type\":\"BreadcrumbList\",\"@id\":\"https:\/\/www.reachyourheight.com\/de\/uber-beinlangendifferenz\/entwicklungsbedingte-beinlangendifferenz\/#breadcrumb\",\"itemListElement\":[{\"@type\":\"ListItem\",\"position\":1,\"name\":\"Home\",\"item\":\"https:\/\/www.reachyourheight.com\/de\/\"},{\"@type\":\"ListItem\",\"position\":2,\"name\":\"\u00dcber Beinl\u00e4ngendifferenzen\",\"item\":\"https:\/\/www.reachyourheight.com\/de\/uber-beinlangendifferenz\/\"},{\"@type\":\"ListItem\",\"position\":3,\"name\":\"Entwicklungsbedingte Beinl\u00e4ngendifferenz\"}]},{\"@type\":\"WebSite\",\"@id\":\"https:\/\/www.reachyourheight.com\/#website\",\"url\":\"https:\/\/www.reachyourheight.com\/\",\"name\":\"Reach Your Height: PRECICE Limb Lengthening System\",\"description\":\"Reach Your Height: PRECICE Limb Lengthening System\",\"potentialAction\":[{\"@type\":\"SearchAction\",\"target\":{\"@type\":\"EntryPoint\",\"urlTemplate\":\"https:\/\/www.reachyourheight.com\/?s={search_term_string}\"},\"query-input\":{\"@type\":\"PropertyValueSpecification\",\"valueRequired\":true,\"valueName\":\"search_term_string\"}}],\"inLanguage\":\"de-DE\"}]}<\/script>\n<!-- \/ Yoast SEO plugin. -->","yoast_head_json":{"title":"Entwicklungsbedingte Beinl\u00e4ngendifferenz\u00a0\u2013\u00a0Besch\u00e4digung der Wachstumsfugen","description":"Die entwicklungsbedingte Beinl\u00e4ngendifferenz (LLD) kann durch bestimmte Krankheiten oder Verletzungen entstehen, die zur Verlangsamung oder Besch\u00e4digung der Wachstumsfugen und damit zu einer entwicklungsbedingten LLD f\u00fchren kann.","robots":{"index":"index","follow":"follow","max-snippet":"max-snippet:-1","max-image-preview":"max-image-preview:large","max-video-preview":"max-video-preview:-1"},"canonical":"https:\/\/www.reachyourheight.com\/de\/uber-beinlangendifferenz\/entwicklungsbedingte-beinlangendifferenz\/","og_locale":"de_DE","og_type":"article","og_title":"Entwicklungsbedingte Beinl\u00e4ngendifferenz\u00a0\u2013\u00a0Besch\u00e4digung der Wachstumsfugen","og_description":"Die entwicklungsbedingte Beinl\u00e4ngendifferenz (LLD) kann durch bestimmte Krankheiten oder Verletzungen entstehen, die zur Verlangsamung oder Besch\u00e4digung der Wachstumsfugen und damit zu einer entwicklungsbedingten LLD f\u00fchren kann.","og_url":"https:\/\/www.reachyourheight.com\/de\/uber-beinlangendifferenz\/entwicklungsbedingte-beinlangendifferenz\/","og_site_name":"Reach Your Height: PRECICE Limb Lengthening System","article_modified_time":"2020-09-24T10:25:44+00:00","og_image":[{"url":"https:\/\/www.reachyourheight.com\/wp-content\/uploads\/2017\/04\/Growth-Plates-Leg-Animation4.gif","type":"","width":"","height":""}],"twitter_misc":{"Gesch\u00e4tzte Lesezeit":"4 Minuten"},"schema":{"@context":"https:\/\/schema.org","@graph":[{"@type":"WebPage","@id":"https:\/\/www.reachyourheight.com\/de\/uber-beinlangendifferenz\/entwicklungsbedingte-beinlangendifferenz\/","url":"https:\/\/www.reachyourheight.com\/de\/uber-beinlangendifferenz\/entwicklungsbedingte-beinlangendifferenz\/","name":"Entwicklungsbedingte Beinl\u00e4ngendifferenz\u00a0\u2013\u00a0Besch\u00e4digung der Wachstumsfugen","isPartOf":{"@id":"https:\/\/www.reachyourheight.com\/#website"},"datePublished":"2018-06-26T15:31:51+00:00","dateModified":"2020-09-24T10:25:44+00:00","description":"Die entwicklungsbedingte Beinl\u00e4ngendifferenz (LLD) kann durch bestimmte Krankheiten oder Verletzungen entstehen, die zur Verlangsamung oder Besch\u00e4digung der Wachstumsfugen und damit zu einer entwicklungsbedingten LLD f\u00fchren kann.","breadcrumb":{"@id":"https:\/\/www.reachyourheight.com\/de\/uber-beinlangendifferenz\/entwicklungsbedingte-beinlangendifferenz\/#breadcrumb"},"inLanguage":"de-DE","potentialAction":[{"@type":"ReadAction","target":["https:\/\/www.reachyourheight.com\/de\/uber-beinlangendifferenz\/entwicklungsbedingte-beinlangendifferenz\/"]}]},{"@type":"BreadcrumbList","@id":"https:\/\/www.reachyourheight.com\/de\/uber-beinlangendifferenz\/entwicklungsbedingte-beinlangendifferenz\/#breadcrumb","itemListElement":[{"@type":"ListItem","position":1,"name":"Home","item":"https:\/\/www.reachyourheight.com\/de\/"},{"@type":"ListItem","position":2,"name":"\u00dcber Beinl\u00e4ngendifferenzen","item":"https:\/\/www.reachyourheight.com\/de\/uber-beinlangendifferenz\/"},{"@type":"ListItem","position":3,"name":"Entwicklungsbedingte Beinl\u00e4ngendifferenz"}]},{"@type":"WebSite","@id":"https:\/\/www.reachyourheight.com\/#website","url":"https:\/\/www.reachyourheight.com\/","name":"Reach Your Height: PRECICE Limb Lengthening System","description":"Reach Your Height: PRECICE Limb Lengthening System","potentialAction":[{"@type":"SearchAction","target":{"@type":"EntryPoint","urlTemplate":"https:\/\/www.reachyourheight.com\/?s={search_term_string}"},"query-input":{"@type":"PropertyValueSpecification","valueRequired":true,"valueName":"search_term_string"}}],"inLanguage":"de-DE"}]}},"_links":{"self":[{"href":"https:\/\/www.reachyourheight.com\/de\/wp-json\/wp\/v2\/pages\/1415","targetHints":{"allow":["GET"]}}],"collection":[{"href":"https:\/\/www.reachyourheight.com\/de\/wp-json\/wp\/v2\/pages"}],"about":[{"href":"https:\/\/www.reachyourheight.com\/de\/wp-json\/wp\/v2\/types\/page"}],"author":[{"embeddable":true,"href":"https:\/\/www.reachyourheight.com\/de\/wp-json\/wp\/v2\/users\/2"}],"replies":[{"embeddable":true,"href":"https:\/\/www.reachyourheight.com\/de\/wp-json\/wp\/v2\/comments?post=1415"}],"version-history":[{"count":0,"href":"https:\/\/www.reachyourheight.com\/de\/wp-json\/wp\/v2\/pages\/1415\/revisions"}],"up":[{"embeddable":true,"href":"https:\/\/www.reachyourheight.com\/de\/wp-json\/wp\/v2\/pages\/1477"}],"wp:attachment":[{"href":"https:\/\/www.reachyourheight.com\/de\/wp-json\/wp\/v2\/media?parent=1415"}],"curies":[{"name":"wp","href":"https:\/\/api.w.org\/{rel}","templated":true}]}}