{"id":1421,"date":"2018-06-26T15:31:55","date_gmt":"2018-06-26T15:31:55","guid":{"rendered":"http:\/\/www.reachyourheight.com\/precice-arzte\/"},"modified":"2018-06-26T15:31:55","modified_gmt":"2018-06-26T15:31:55","slug":"precice-arzte","status":"publish","type":"page","link":"https:\/\/www.reachyourheight.com\/de\/precice-arzte\/","title":{"rendered":"PRECICE<sup>&reg;<\/sup> \u00c4rzte"},"content":{"rendered":"<p><div class=\"fusion-fullwidth fullwidth-box fusion-builder-row-1 nonhundred-percent-fullwidth non-hundred-percent-height-scrolling\" style=\"--awb-border-radius-top-left:0px;--awb-border-radius-top-right:0px;--awb-border-radius-bottom-right:0px;--awb-border-radius-bottom-left:0px;--awb-padding-top:60px;--awb-padding-bottom:60px;--awb-flex-wrap:wrap;\" ><div class=\"fusion-builder-row fusion-row\"><div class=\"fusion-layout-column fusion_builder_column fusion-builder-column-0 fusion_builder_column_1_1 1_1 fusion-one-full fusion-column-first fusion-column-last\" style=\"--awb-bg-size:cover;--awb-margin-bottom:0px;\"><div class=\"fusion-column-wrapper fusion-flex-column-wrapper-legacy\"><div class=\"fusion-text fusion-text-1\"><div style=\"float: right;\"><img decoding=\"async\" class=\"alignnone\" src=\"\/wp-content\/uploads\/2014\/12\/post-op.png\" alt=\"\"\/><\/div>\n<p>Gerne bieten wir Schulungen und Unterst\u00fctzung f\u00fcr alle unsere Produkte an. <\/p>\n<p>Jahrzehntelang galt die Verl\u00e4ngerungsmethode von Knochen mittels Distraktion (Distraktionsosteogenese) mithilfe eines \u00e4u\u00dferen Festhalters (Fixateur externe) von Ilizarov als die beste Methode zur Verl\u00e4ngerung von Extremit\u00e4ten. J\u00fcngste technische Fortschritte haben nun weniger invasive Alternativen hervorgebracht. Mit einem einstellbaren System, das in das Knochenmark eingesetzt wird (intramedull\u00e4res System) wird kein \u00e4u\u00dferer Rahmen oder Festhalter (Fixateur externe) mehr ben\u00f6tigt. \u00c4u\u00dfere Fixierrahmen gehen h\u00e4ufig mit Infektionen an der Stiftstelle und anderen Komplikationen einher.<sup>1<\/sup> <\/p>\n<p>Bei dem von uns entwickelten PRECICE intramedull\u00e4ren System zur Extremit\u00e4tenverl\u00e4ngerung handelt es sich um eine anpassbare, in das Knochenmark eingesetzte Vorrichtung mit integrierten Magneten, die \u00fcber eine Fernsteuerung gesteuert wird. Das PRECICE System ist f\u00fcr eine pr\u00e4zise und kontrollierte Verl\u00e4ngerung des Oberschenkelknochens (Femur) oder des Schienbeins (Tibia) konzipiert. <\/p>\n<p>Entscheidend bei dieser Technologie ist die nichtinvasive magnetische Interaktion zwischen dem PRECICE Implantat und der PRECICE Fernsteuerung (External Remote Controller, ERC), einem tragbaren Handger\u00e4t, mit dem das PRECICE Implantat verl\u00e4ngert wird. <\/p>\n<p>Die PRECICE Fernsteuerung ist so programmiert, dass der Oberschenkel- oder Schienbeinknochen genau gem\u00e4\u00df der Verschreibung des Arztes verl\u00e4ngert wird. Es werden w\u00f6chentlich medizinische und radiologische Untersuchungen durchgef\u00fchrt, um das Knochenwachstum und die Verl\u00e4ngerung zu \u00fcberpr\u00fcfen. Die Verl\u00e4ngerungsrate kann vom Arzt je nach Qualit\u00e4t des nachgewachsenen Knochens angepasst werden. <\/p>\n<p>Eine sorgf\u00e4ltige Untersuchung und Planung vor der Operation, die richtige Operationsmethode und eine langfristige Versorgung nach der Operation durch erfahrene \u00c4rzte sind f\u00fcr den Erfolg jeder Beinverl\u00e4ngerungsbehandlung ausschlaggebend. <\/p>\n<p>Das PRECICE intramedull\u00e4re System zur Extremit\u00e4tenverl\u00e4ngerung kann zusammen mit dem TraumaCad\u00ae digitalen Bildgebungssoftwaresystem zur Erstellung einer Vorlage vor der Operation verwendet werden.<\/p>\n<\/div><div class=\"fusion-clearfix\"><\/div><\/div><\/div><\/div><\/div><div class=\"fusion-fullwidth fullwidth-box fusion-builder-row-2 nonhundred-percent-fullwidth non-hundred-percent-height-scrolling\" style=\"--awb-border-radius-top-left:0px;--awb-border-radius-top-right:0px;--awb-border-radius-bottom-right:0px;--awb-border-radius-bottom-left:0px;--awb-padding-top:00px;--awb-padding-bottom:60px;--awb-flex-wrap:wrap;\" ><div class=\"fusion-builder-row fusion-row\"><div class=\"fusion-layout-column fusion_builder_column fusion-builder-column-1 fusion_builder_column_1_2 1_2 fusion-one-half fusion-column-first\" style=\"--awb-bg-size:cover;width:50%;width:calc(50% - ( ( 4% ) * 0.5 ) );margin-right: 4%;\"><div class=\"fusion-column-wrapper fusion-flex-column-wrapper-legacy\"><a class=\"awb-lightbox awb-lightbox-1\" href=\"https:\/\/www.youtube.com\/watch?v=hPYADpOOjdc&amp;rel=0&amp;autoplay=1\" data-rel=\"iLightbox\"><img decoding=\"async\" src=\"http:\/\/www.reachyourheight.com\/wp-content\/uploads\/2014\/12\/Screen-Shot-2017-05-12-at-9.52.58-AM.png\"><\/a><div class=\"fusion-text fusion-text-2\"><p><strong>Retrograde Femur-Operationstechnik<\/strong><\/p>\n<\/div><div class=\"fusion-clearfix\"><\/div><\/div><\/div><div class=\"fusion-layout-column fusion_builder_column fusion-builder-column-2 fusion_builder_column_1_2 1_2 fusion-one-half fusion-column-last\" style=\"--awb-bg-size:cover;width:50%;width:calc(50% - ( ( 4% ) * 0.5 ) );\"><div class=\"fusion-column-wrapper fusion-flex-column-wrapper-legacy\"><a class=\"awb-lightbox awb-lightbox-2\" href=\"https:\/\/www.youtube.com\/watch?v=rhSlQmXR5N4&amp;rel=0&amp;autoplay=1\" data-rel=\"iLightbox\"><img decoding=\"async\" src=\"http:\/\/www.reachyourheight.com\/wp-content\/uploads\/2014\/12\/Screen-Shot-2017-05-12-at-9.52.58-AM.png\"><\/a><div class=\"fusion-text fusion-text-3\"><p><strong>Antegrade Femur-Operationstechnik<\/strong><\/p>\n<\/div><div class=\"fusion-clearfix\"><\/div><\/div><\/div><div class=\"fusion-layout-column fusion_builder_column fusion-builder-column-3 fusion_builder_column_1_4 1_4 fusion-one-fourth fusion-column-first\" style=\"--awb-bg-size:cover;width:25%;width:calc(25% - ( ( 4% + 4% ) * 0.25 ) );margin-right: 4%;\"><div class=\"fusion-column-wrapper fusion-flex-column-wrapper-legacy\"><div class=\"fusion-clearfix\"><\/div><\/div><\/div><div class=\"fusion-layout-column fusion_builder_column fusion-builder-column-4 fusion_builder_column_1_2 1_2 fusion-one-half\" style=\"--awb-bg-size:cover;width:50%;width:calc(50% - ( ( 4% + 4% ) * 0.5 ) );margin-right: 4%;\"><div class=\"fusion-column-wrapper fusion-flex-column-wrapper-legacy\"><a class=\"awb-lightbox awb-lightbox-3\" href=\"https:\/\/www.youtube.com\/watch?v=EiCRHCBHZw8&amp;rel=0&amp;autoplay=1\" data-rel=\"iLightbox\"><img decoding=\"async\" src=\"http:\/\/www.reachyourheight.com\/wp-content\/uploads\/2014\/12\/Screen-Shot-2017-05-12-at-9.52.58-AM.png\"><\/a><div class=\"fusion-text fusion-text-4\"><p><strong>Antegrade Tibia-Operationstechnik<\/strong><\/p>\n<\/div><div class=\"fusion-clearfix\"><\/div><\/div><\/div><div class=\"fusion-layout-column fusion_builder_column fusion-builder-column-5 fusion_builder_column_1_4 1_4 fusion-one-fourth fusion-column-last\" style=\"--awb-bg-size:cover;width:25%;width:calc(25% - ( ( 4% + 4% ) * 0.25 ) );\"><div class=\"fusion-column-wrapper fusion-flex-column-wrapper-legacy\"><div class=\"fusion-clearfix\"><\/div><\/div><\/div><\/div><\/div><div class=\"fusion-fullwidth fullwidth-box fusion-builder-row-3 nonhundred-percent-fullwidth non-hundred-percent-height-scrolling\" style=\"--awb-border-radius-top-left:0px;--awb-border-radius-top-right:0px;--awb-border-radius-bottom-right:0px;--awb-border-radius-bottom-left:0px;--awb-padding-top:0px;--awb-flex-wrap:wrap;\" ><div class=\"fusion-builder-row fusion-row\"><div class=\"fusion-layout-column fusion_builder_column fusion-builder-column-6 fusion_builder_column_1_2 1_2 fusion-one-half fusion-column-first\" style=\"--awb-bg-size:cover;width:50%;width:calc(50% - ( ( 4% ) * 0.5 ) );margin-right: 4%;\"><div class=\"fusion-column-wrapper fusion-flex-column-wrapper-legacy\"><div class=\"fusion-text fusion-text-5\"><\/p>\n<h2>\u00c4rzte-Datenbanken<\/h2>\n<p><strong>Limb Lengthening and Reconstruction Society<\/strong><br \/>\nWebsite: <a title=\"Limb Lengthening and Reconstruction Society\" href=\"http:\/\/www.llrs.org\" target=\"_blank\" rel=\"noopener noreferrer\">www.llrs.org<\/a><br \/>\n<strong>The Pediatric Orthopaedic Society of North America<\/strong><br \/>\nWebsite: <a title=\"The Pediatric Orthopaedic Society of North America\" href=\"http:\/\/posna.org\" target=\"_blank\" rel=\"noopener noreferrer\">www.posna.org<\/a><br \/>\n<strong>American Academy of Orthopaedic Surgeons<\/strong><br \/>\nWebsite: <a title=\"American Academy of Orthopaedic Surgeons\" href=\"http:\/\/aaos.org\" target=\"_blank\" rel=\"noopener noreferrer\">www.aaos.org<\/a><br \/>\n<strong>British Limb Reconstruction Society<\/strong><br \/>\nWebsite: <a title=\"British Limb Reconstruction Society\" href=\"http:\/\/blrs.org.uk\" target=\"_blank\" rel=\"noopener noreferrer\">www.blrs.org.uk<\/a><\/p>\n<\/div><div class=\"fusion-clearfix\"><\/div><\/div><\/div><div class=\"fusion-layout-column fusion_builder_column fusion-builder-column-7 fusion_builder_column_1_2 1_2 fusion-one-half fusion-column-last\" style=\"--awb-bg-size:cover;width:50%;width:calc(50% - ( ( 4% ) * 0.5 ) );\"><div class=\"fusion-column-wrapper fusion-flex-column-wrapper-legacy\"><div class=\"fusion-text fusion-text-6\"><\/p>\n<h2>Weitere Informationen<\/h2>\n<p><a href=\"http:\/\/www.reachyourheight.com\/wp-content\/uploads\/2016\/04\/PRECICE-Core-Sales-Sheet.pdf\">PRECICE Hauptvertriebsformular<\/a><\/p>\n<\/div><div class=\"fusion-text fusion-text-7\"><\/p>\n<h2>PRECICE Produktlinie<\/h2>\n<p><a href=\"\/intramedullary-limb-lengthening-system\/\"><img decoding=\"async\" class=\"alignnone size-full wp-image-450\" src=\"\/wp-content\/uploads\/2014\/07\/nail.jpg\" alt=\"nail\" width=\"233\" height=\"114\"\/><\/a> <a href=\"\/precice-external-remote-controller-erc\"><img decoding=\"async\" class=\"alignnone size-full wp-image-449\" src=\"\/wp-content\/uploads\/2014\/07\/ercbutton.jpg\" alt=\"ercbutton\" width=\"233\" height=\"114\"\/><\/a><\/p>\n<\/div><div class=\"fusion-clearfix\"><\/div><\/div><\/div><div class=\"fusion-layout-column fusion_builder_column fusion-builder-column-8 fusion_builder_column_1_1 1_1 fusion-one-full fusion-column-first fusion-column-last\" style=\"--awb-bg-size:cover;\"><div class=\"fusion-column-wrapper fusion-flex-column-wrapper-legacy\"><div class=\"fusion-text fusion-text-8\"><div class=\"reference-text\">\n<p><sup><strong>1.<\/strong> Fragomen AT, Rozbruch SR. The mechanics of external fixation. <em>HSS J<\/em> 2007; Feb 3(1):13-29.<\/sup> <\/p>\n<hr\/>\n<p><sup>Achtung: Gem\u00e4\u00df dem Bundesgesetz der USA darf dieses Produkt nur auf Anordnung eines Arztes oder von einem Arzt erworben werden.<\/sup> <\/p>\n<p><sup>Der Arzt ist f\u00fcr die Anwendung eines ordnungsgem\u00e4\u00dfen operativen Verfahrens verantwortlich. Operationsmethoden werden als Informationshilfen zur Verf\u00fcgung gestellt. Jeder Arzt muss jedoch auf Basis seiner eigenen pers\u00f6nlichen medizinischen Ausbildung und Erfahrung \u00fcberpr\u00fcfen, ob die jeweilige Operationsmethode angemessen ist.<\/sup> <\/p>\n<p><sup>Weiterf\u00fchrende Informationen zum Gebrauch, Kontraindikationen, Warn- und Sicherheitshinweise, Vorsichtsma\u00dfnahmen und Sterilisierung sind in der dem Produkt beiliegenden Gebrauchsanweisung enthalten. Die Gebrauchsanweisung kann auch durch Kontaktaufnahme mit uns erhalten werden.<\/sup> <\/p>\n<\/div>\n<\/div><style>\n.fusion-main-menu > ul > li > a {  \nline-height: 16px !important;    \npadding-top: 56px !important;   \nheight: 16px !important;    \npadding-bottom: 20px !important;}\n<\/style><div class=\"fusion-clearfix\"><\/div><\/div><\/div><\/div><\/div><\/p>\n","protected":false},"excerpt":{"rendered":"","protected":false},"author":2,"featured_media":0,"parent":0,"menu_order":0,"comment_status":"closed","ping_status":"closed","template":"","meta":{"footnotes":""},"class_list":["post-1421","page","type-page","status-publish","hentry"],"yoast_head":"<!-- This site is optimized with the Yoast SEO plugin v27.4 - https:\/\/yoast.com\/product\/yoast-seo-wordpress\/ -->\n<title>PRECICE\u00ae Beinverl\u00e4ngerungssystem<\/title>\n<meta name=\"description\" content=\"Precice Fernsteuerung zur Behandlung von Beinl\u00e4ngendifferenzen.\" \/>\n<meta name=\"robots\" content=\"index, follow, max-snippet:-1, max-image-preview:large, max-video-preview:-1\" \/>\n<link rel=\"canonical\" href=\"https:\/\/www.reachyourheight.com\/de\/precice-arzte\/\" \/>\n<meta property=\"og:locale\" content=\"de_DE\" \/>\n<meta property=\"og:type\" content=\"article\" \/>\n<meta property=\"og:title\" content=\"PRECICE\u00ae Beinverl\u00e4ngerungssystem\" \/>\n<meta property=\"og:description\" content=\"Precice Fernsteuerung zur Behandlung von Beinl\u00e4ngendifferenzen.\" \/>\n<meta property=\"og:url\" content=\"https:\/\/www.reachyourheight.com\/de\/precice-arzte\/\" \/>\n<meta property=\"og:site_name\" content=\"Reach Your Height: PRECICE Limb Lengthening System\" \/>\n<meta property=\"og:image\" content=\"https:\/\/www.reachyourheight.com\/wp-content\/uploads\/2014\/12\/post-op.png\" \/>\n<meta name=\"twitter:label1\" content=\"Gesch\u00e4tzte Lesezeit\" \/>\n\t<meta name=\"twitter:data1\" content=\"7 Minuten\" \/>\n<script type=\"application\/ld+json\" class=\"yoast-schema-graph\">{\"@context\":\"https:\\\/\\\/schema.org\",\"@graph\":[{\"@type\":\"WebPage\",\"@id\":\"https:\\\/\\\/www.reachyourheight.com\\\/de\\\/precice-arzte\\\/\",\"url\":\"https:\\\/\\\/www.reachyourheight.com\\\/de\\\/precice-arzte\\\/\",\"name\":\"PRECICE\u00ae Beinverl\u00e4ngerungssystem\",\"isPartOf\":{\"@id\":\"https:\\\/\\\/www.reachyourheight.com\\\/#website\"},\"primaryImageOfPage\":{\"@id\":\"https:\\\/\\\/www.reachyourheight.com\\\/de\\\/precice-arzte\\\/#primaryimage\"},\"image\":{\"@id\":\"https:\\\/\\\/www.reachyourheight.com\\\/de\\\/precice-arzte\\\/#primaryimage\"},\"thumbnailUrl\":\"http:\\\/\\\/www.reachyourheight.com\\\/wp-content\\\/uploads\\\/2014\\\/12\\\/Screen-Shot-2017-05-12-at-9.52.58-AM.png\",\"datePublished\":\"2018-06-26T15:31:55+00:00\",\"description\":\"Precice Fernsteuerung zur Behandlung von Beinl\u00e4ngendifferenzen.\",\"breadcrumb\":{\"@id\":\"https:\\\/\\\/www.reachyourheight.com\\\/de\\\/precice-arzte\\\/#breadcrumb\"},\"inLanguage\":\"de-DE\",\"potentialAction\":[{\"@type\":\"ReadAction\",\"target\":[\"https:\\\/\\\/www.reachyourheight.com\\\/de\\\/precice-arzte\\\/\"]}]},{\"@type\":\"ImageObject\",\"inLanguage\":\"de-DE\",\"@id\":\"https:\\\/\\\/www.reachyourheight.com\\\/de\\\/precice-arzte\\\/#primaryimage\",\"url\":\"http:\\\/\\\/www.reachyourheight.com\\\/wp-content\\\/uploads\\\/2014\\\/12\\\/Screen-Shot-2017-05-12-at-9.52.58-AM.png\",\"contentUrl\":\"http:\\\/\\\/www.reachyourheight.com\\\/wp-content\\\/uploads\\\/2014\\\/12\\\/Screen-Shot-2017-05-12-at-9.52.58-AM.png\"},{\"@type\":\"BreadcrumbList\",\"@id\":\"https:\\\/\\\/www.reachyourheight.com\\\/de\\\/precice-arzte\\\/#breadcrumb\",\"itemListElement\":[{\"@type\":\"ListItem\",\"position\":1,\"name\":\"Home\",\"item\":\"https:\\\/\\\/www.reachyourheight.com\\\/de\\\/\"},{\"@type\":\"ListItem\",\"position\":2,\"name\":\"PRECICE&reg; \u00c4rzte\"}]},{\"@type\":\"WebSite\",\"@id\":\"https:\\\/\\\/www.reachyourheight.com\\\/#website\",\"url\":\"https:\\\/\\\/www.reachyourheight.com\\\/\",\"name\":\"Reach Your Height: PRECICE Limb Lengthening System\",\"description\":\"Reach Your Height: PRECICE Limb Lengthening System\",\"potentialAction\":[{\"@type\":\"SearchAction\",\"target\":{\"@type\":\"EntryPoint\",\"urlTemplate\":\"https:\\\/\\\/www.reachyourheight.com\\\/?s={search_term_string}\"},\"query-input\":{\"@type\":\"PropertyValueSpecification\",\"valueRequired\":true,\"valueName\":\"search_term_string\"}}],\"inLanguage\":\"de-DE\"}]}<\/script>\n<!-- \/ Yoast SEO plugin. -->","yoast_head_json":{"title":"PRECICE\u00ae Beinverl\u00e4ngerungssystem","description":"Precice Fernsteuerung zur Behandlung von Beinl\u00e4ngendifferenzen.","robots":{"index":"index","follow":"follow","max-snippet":"max-snippet:-1","max-image-preview":"max-image-preview:large","max-video-preview":"max-video-preview:-1"},"canonical":"https:\/\/www.reachyourheight.com\/de\/precice-arzte\/","og_locale":"de_DE","og_type":"article","og_title":"PRECICE\u00ae Beinverl\u00e4ngerungssystem","og_description":"Precice Fernsteuerung zur Behandlung von Beinl\u00e4ngendifferenzen.","og_url":"https:\/\/www.reachyourheight.com\/de\/precice-arzte\/","og_site_name":"Reach Your Height: PRECICE Limb Lengthening System","og_image":[{"url":"https:\/\/www.reachyourheight.com\/wp-content\/uploads\/2014\/12\/post-op.png","type":"","width":"","height":""}],"twitter_misc":{"Gesch\u00e4tzte Lesezeit":"7 Minuten"},"schema":{"@context":"https:\/\/schema.org","@graph":[{"@type":"WebPage","@id":"https:\/\/www.reachyourheight.com\/de\/precice-arzte\/","url":"https:\/\/www.reachyourheight.com\/de\/precice-arzte\/","name":"PRECICE\u00ae Beinverl\u00e4ngerungssystem","isPartOf":{"@id":"https:\/\/www.reachyourheight.com\/#website"},"primaryImageOfPage":{"@id":"https:\/\/www.reachyourheight.com\/de\/precice-arzte\/#primaryimage"},"image":{"@id":"https:\/\/www.reachyourheight.com\/de\/precice-arzte\/#primaryimage"},"thumbnailUrl":"http:\/\/www.reachyourheight.com\/wp-content\/uploads\/2014\/12\/Screen-Shot-2017-05-12-at-9.52.58-AM.png","datePublished":"2018-06-26T15:31:55+00:00","description":"Precice Fernsteuerung zur Behandlung von Beinl\u00e4ngendifferenzen.","breadcrumb":{"@id":"https:\/\/www.reachyourheight.com\/de\/precice-arzte\/#breadcrumb"},"inLanguage":"de-DE","potentialAction":[{"@type":"ReadAction","target":["https:\/\/www.reachyourheight.com\/de\/precice-arzte\/"]}]},{"@type":"ImageObject","inLanguage":"de-DE","@id":"https:\/\/www.reachyourheight.com\/de\/precice-arzte\/#primaryimage","url":"http:\/\/www.reachyourheight.com\/wp-content\/uploads\/2014\/12\/Screen-Shot-2017-05-12-at-9.52.58-AM.png","contentUrl":"http:\/\/www.reachyourheight.com\/wp-content\/uploads\/2014\/12\/Screen-Shot-2017-05-12-at-9.52.58-AM.png"},{"@type":"BreadcrumbList","@id":"https:\/\/www.reachyourheight.com\/de\/precice-arzte\/#breadcrumb","itemListElement":[{"@type":"ListItem","position":1,"name":"Home","item":"https:\/\/www.reachyourheight.com\/de\/"},{"@type":"ListItem","position":2,"name":"PRECICE&reg; \u00c4rzte"}]},{"@type":"WebSite","@id":"https:\/\/www.reachyourheight.com\/#website","url":"https:\/\/www.reachyourheight.com\/","name":"Reach Your Height: PRECICE Limb Lengthening System","description":"Reach Your Height: PRECICE Limb Lengthening System","potentialAction":[{"@type":"SearchAction","target":{"@type":"EntryPoint","urlTemplate":"https:\/\/www.reachyourheight.com\/?s={search_term_string}"},"query-input":{"@type":"PropertyValueSpecification","valueRequired":true,"valueName":"search_term_string"}}],"inLanguage":"de-DE"}]}},"_links":{"self":[{"href":"https:\/\/www.reachyourheight.com\/de\/wp-json\/wp\/v2\/pages\/1421","targetHints":{"allow":["GET"]}}],"collection":[{"href":"https:\/\/www.reachyourheight.com\/de\/wp-json\/wp\/v2\/pages"}],"about":[{"href":"https:\/\/www.reachyourheight.com\/de\/wp-json\/wp\/v2\/types\/page"}],"author":[{"embeddable":true,"href":"https:\/\/www.reachyourheight.com\/de\/wp-json\/wp\/v2\/users\/2"}],"replies":[{"embeddable":true,"href":"https:\/\/www.reachyourheight.com\/de\/wp-json\/wp\/v2\/comments?post=1421"}],"version-history":[{"count":0,"href":"https:\/\/www.reachyourheight.com\/de\/wp-json\/wp\/v2\/pages\/1421\/revisions"}],"wp:attachment":[{"href":"https:\/\/www.reachyourheight.com\/de\/wp-json\/wp\/v2\/media?parent=1421"}],"curies":[{"name":"wp","href":"https:\/\/api.w.org\/{rel}","templated":true}]}}