{"id":1423,"date":"2018-06-26T15:31:56","date_gmt":"2018-06-26T15:31:56","guid":{"rendered":"http:\/\/www.reachyourheight.com\/reach-your-height-geschaftsbedingungen\/"},"modified":"2018-07-10T15:41:31","modified_gmt":"2018-07-10T15:41:31","slug":"reach-your-height-geschaftsbedingungen","status":"publish","type":"page","link":"https:\/\/www.reachyourheight.com\/de\/reach-your-height-geschaftsbedingungen\/","title":{"rendered":"Reach Your Height Gesch\u00e4ftsbedingungen"},"content":{"rendered":"<div class=\"fusion-fullwidth fullwidth-box fusion-builder-row-1 nonhundred-percent-fullwidth non-hundred-percent-height-scrolling\" style=\"--awb-border-radius-top-left:0px;--awb-border-radius-top-right:0px;--awb-border-radius-bottom-right:0px;--awb-border-radius-bottom-left:0px;--awb-padding-top:60px;--awb-padding-bottom:60px;--awb-flex-wrap:wrap;\" ><div class=\"fusion-builder-row fusion-row\"><div class=\"fusion-layout-column fusion_builder_column fusion-builder-column-0 fusion_builder_column_1_1 1_1 fusion-one-full fusion-column-first fusion-column-last\" style=\"--awb-bg-size:cover;\"><div class=\"fusion-column-wrapper fusion-flex-column-wrapper-legacy\"><div class=\"fusion-text fusion-text-1\"><p>NUVASIVE\u00ae, INC. (\u201eNUVASIVE\u201c, \u201eWIR\u201c ODER \u201eUNS\u201c) Nutzungsbedingungen der Internetpr\u00e4senz<\/p>\n<p>DIE HIER ANGEGEBENEN GESCH\u00c4FTSBEDINGUNGEN (DIE \u201eBEDINGUNGEN\u201c) REGELN DIE NUTZUNG DIESER WEBSITE IM INTERNET. DIESE BEDINGUNGEN STELLEN EINEN RECHTSG\u00dcLTIGEN VERTRAG ZWISCHEN IHNEN UND NUVASIVE DAR UND REGELN IHREN ZUGANG ZU UND DIE NUTZUNG DER UNTERNEHMENSEIGENEN WEBSITE VON NUVASIVE, DIE SIE UNTER WWW.REACHYOURHEIGHT.COM ZUSAMMEN MIT DEN \u00dcBER DIESE WEBSITE (DIE \u201eWEBSITE\u201c) VERF\u00dcGBAREN SERVICES ERREICHEN K\u00d6NNEN. WENN SIE EINER DIESER BEDINGUNGEN NICHT ZUSTIMMEN, GREIFEN SICH NICHT AUF DIESE WEBSITE ODER ETWAIGE DARIN ENTHALTENE INFORMATIONEN AUF DIESER WEBSITE ZU. MIT DER NUTZUNG DIESER WEBSITE GEBEN SIE IHR EINVERST\u00c4NDNIS ZUR EINHALTUNG JEDER DER HIERIN ERL\u00c4UTERTEN BEDINGUNGEN. NUVASIVE KANN JEDERZEIT \u00c4NDERUNGEN AM INHALT UND DEN SERVICEANGEBOTEN AUF DIESER WEBSITE VORNEHMEN. NUVASIVE KANN DIESE BEDINGUNGEN JEDERZEIT DURCH VER\u00d6FFENTLICHUNG VON AKTUALISIERTEN BEDINGUNGEN AUF DER WEBSITE \u00c4NDERN UND REGISTRIERTE NUTZER PER E-MAIL \u00dcBER DIESE \u00c4NDERUNG BENACHRICHTIGEN. WENN SIE EINER \u00c4NDERUNG NICHT ZUSTIMMEN K\u00d6NNEN, STEHT ES IHNEN NUR OFFEN, DIE WEBSITE NICHT MEHR ZU NUTZEN. WENN SIE DIESE WEBSITE NACH WIE VOR NUTZEN, HEISST DAS, DASS SIE DIE \u00c4NDERUNG ANGENOMMEN HABEN.<\/p>\n<p>SIE M\u00dcSSEN MINDESTENS 18\u00a0JAHRE ALT SEIN, UM DIESE WEBSITE NUTZEN ZU D\u00dcFREN. HIERMIT BEST\u00c4TIGEN SIE, DASS SIE MINDESTENS 18\u00a0JAHRE ALT SIND.<\/p>\n<p>Allgemeine Nutzungsbeschr\u00e4nkungen.<\/p>\n<p>NUVASIVE stellt Inhalte und Services \u00fcber diese Website bereit. Bestimmte auf dieser Website dargestellte Informationen, Dokumente und Services, einschlie\u00dflich Inhalte, Logos, Grafiken und Bilder (zusammen, die \u201eMaterialien\u201c) werden Ihnen von NUVASIVE bereitgestellt und sind urheberrechtlich gesch\u00fctzt und\/oder Warenzeichen von NUVASIVE oder Mitwirkenden von NUVASIVE.<\/p>\n<p>NUVASIVE gesteht Ihnen ein begrenztes, privates, nicht exklusives und nicht \u00fcbertragbares Recht zur Nutzung, Anzeige und Vervielf\u00e4ltigung der Materialien und Nutzung der Services auf dieser Website ausschlie\u00dflich zum pers\u00f6nlichen Gebrauch zu. Mit Ausnahme des im obigen Satz erl\u00e4uterten Nutzungsrechts erkl\u00e4ren Sie sich damit einverstanden, dass Sie kein Recht zur \u00c4nderung, Bearbeitung, Kopie, Vervielf\u00e4ltigung, Erstellung von davon abgeleiteten Werken, Rekonstruktion, Modifikation, Erweiterung oder anderweitigen Nutzung der Materialien haben. Dieses beschr\u00e4nkte Nutzungsrecht erlischt automatisch und ohne vorherige Benachrichtigung, wenn Sie gegen eine der Bedingungen versto\u00dfen oder, wenn wir Ihre Nutzung dieser Website aus einem anderen Grund beenden. Nach Beendigung dieses beschr\u00e4nkten Nutzungsrechts erkl\u00e4ren Sie sich damit einverstanden, sofort s\u00e4mtliche heruntergeladenen oder ausgedruckten Materialien zu vernichten. Mit Ausnahme der hierin erl\u00e4uterten Rechte, erkl\u00e4ren Sie sich damit einverstanden, dass Sie keine Rechte, Anspr\u00fcche oder Forderungen an oder f\u00fcr diese Website oder etwaige Materialien darin haben.<\/p>\n<p>Datenschutz.<\/p>\n<p>Ihre Nutzung dieser Website wird \u00fcber die Datenschutzrichtlinien von NUVASIVE geregelt, die unter NuVasive.com\/privacy-policy\/ verf\u00fcgbar sind.<\/p>\n<p>Inhalte Dritter.<\/p>\n<p>Bestimmte Informationen und andere Inhalte k\u00f6nnen von Drittpartei-Lizenzgebern und Lieferanten f\u00fcr NUVASIVE zur Verf\u00fcgung gestellt worden sein (\u201eInhalte Dritter\u201c). Die Inhalte Dritter sind in jedem Fall urheberrechtlich gesch\u00fctzt und\/oder Warenzeichen ihrer Autoren\/Lizenzgeber. Sie erkl\u00e4ren sich damit einverstanden, Inhalte Dritter nur auf Ihrem pers\u00f6nlichen Rechner und nur f\u00fcr Ihren pers\u00f6nlichen Gebrauch anzuzeigen. Sie erkl\u00e4ren sich damit einverstanden, dass Sie kein Recht zum Herunterladen, Zwischenspeichern, Vervielf\u00e4ltigen, Ver\u00e4ndern, Anzeigen (ausgenommen wie in diesem Absatz erl\u00e4utert), Bearbeiten oder Erweitern irgendwelcher Inhalte Dritter auf irgendeine Weise haben, es sei denn, Sie haben die Erlaubnis des Eigent\u00fcmers der Inhalte Dritter dazu erhalten. NUVASIVE \u00dcBERNIMMT KEINE HAFTUNG F\u00dcR S\u00c4MTLICHE AUSDR\u00dcCKLICHE, IMPLIZITE UND GESETZLICHE GEW\u00c4HRLEISTUNGEN UND BEDINGUNGEN IM HINBLICK AUF INHALTE DRITTER, UNTER ANDEREM NICHT F\u00dcR ALLE IMPLIZITEN GEW\u00c4HRLEISTUNGEN DER MARKTG\u00c4NGIGKEIT, EIGNUNG F\u00dcR EINEN BESTIMMTEN ZWECK UND NICHTVERLETZUNG.<\/p>\n<p>Links zu Websites von Drittanbietern.<\/p>\n<p>Diese Website kann mit anderen Websites verlinkt sein, die keine Websites von NUVASIVE sind. NUVASIVE stellt Ihnen diese Links nur der Einfachheit halber zur Verf\u00fcgung und haftet nicht f\u00fcr solche verlinkten Websites, unter anderem nicht f\u00fcr auf diesen Websites angezeigte Inhalte oder Links.<\/p>\n<p>Unbefugte Aktivit\u00e4ten.<\/p>\n<p>Die unzul\u00e4ssige Nutzung etwaiger Materialien oder Inhalte Dritter auf dieser Website kann einen Versto\u00df gegen bestimmte Gesetze und Vorschriften darstellen. Sie stimmen zu, dass Sie NUVASIVE und seine leitenden Angestellten, Direktoren, Mitarbeiter, Tochtergesellschaften, Vertreter, Lizenzgeber und Gesch\u00e4ftspartner schadlos halten von s\u00e4mtlichen Kosten, Schadensersatzanspr\u00fcchen, Verpflichtungen und Ausgaben (einschlie\u00dflich Anwalts- und Rechtskosten), die gegen NUVASIVE oder jede andere schadlos gehaltene Partei in Bezug auf oder verursacht durch oder zum Zweck der Vermeidung von s\u00e4mtlichen Anspr\u00fcchen oder Forderungen Dritter, die durch Ihre Nutzung dieser Website oder die Nutzung dieser Website einer jeden anderen Person unter Ihrem Namen und\/oder Ihrem Passwort aufgrund eines Versto\u00dfes gegen ein geltendes Gesetz oder eine Vorschrift, gegen Urheber- oder Warenzeichenrechte oder andere Rechte einer Drittpartei gestellt werden.<\/p>\n<p>NUVASIVE beh\u00e4lt sich das Recht vor, Ihren Zugang zu und Ihre Nutzung der Website ganz oder teilweise zu jeder Zeit und aus beliebigen Gr\u00fcnden, ob begr\u00fcndet oder unbegr\u00fcndet, umgehend zu beenden. Nach solch einer Beendigung endet auch Ihr Nutzungsrecht an dieser Website umgehend und Sie m\u00fcssen alle Informationen und Inhalte, die Sie von dieser Website bezogen haben, zusammen mit allen Kopien davon vernichten.<\/p>\n<p>Eigentumsrechte.<\/p>\n<p>Alle Warenzeichen auf dieser Website, die mit einem \u00ae versehen sind, sind eingetragene Warenzeichen von NuVasive, Inc. Alle mit einem \u2122 versehenen Warenzeichen sind in den USA gesetzlich gesch\u00fctzte Warenzeichen von NuVasive, Inc. Alle Warenzeichen, Namen und Logos Dritter auf dieser Website sind das Eigentum ihrer jeweiligen Eigent\u00fcmer.<\/p>\n<p>Soweit nicht anderweitig angegeben, sind diese Bedingungen, alle Informationen und Bildschirme, die auf dieser Website erscheinen, einschlie\u00dflich der Dokumente, Services, des Website-Designs, der Texte, Grafiken, Logos, Bilder und Icons, sowie die Anordnung davon, das ausschlie\u00dfliche Eigentum von NUVASIVE, INC., Copyright \u00a9 2017 NUVASIVE. Alle hiermit nicht ausdr\u00fccklich erw\u00e4hnten Rechte bleiben vorbehalten. Soweit nicht anders durch geltendes Gesetz erforderlich oder beschr\u00e4nkt, sind s\u00e4mtliche Vervielf\u00e4ltigungen, Verteilungen, Modifikationen, Neu\u00fcbertragungen oder Ver\u00f6ffentlichungen s\u00e4mtlicher urheberrechtlich gesch\u00fctzter Materialien ohne vorheriges schriftliches Einverst\u00e4ndnis des Eigent\u00fcmers oder ohne Lizenz streng verboten.<\/p>\n<p>Kundenaussagen.<\/p>\n<p>Sie erkennen hiermit an, dass Sie f\u00fcr die Kundenaussagen, die Sie auf dieser Website einreichen (jedes eine \u201eKundenaussage\u201c), verantwortlich sind und dass Sie, und nicht NUVASIVE, f\u00fcr jede von Ihnen eingereichte Kundenaussage haften, unter anderem f\u00fcr seine Gesetzm\u00e4\u00dfigkeit, Seriosit\u00e4t und Richtigkeit und dass Ihre Kundenaussage genau ist. Sie erkl\u00e4ren sich einverstanden, dass jede von Ihnen eingereichte Kundenaussage in Zusammenhang mit dieser Website auf einer nichtpropriet\u00e4ren und nichtvertraulichen Basis erfolgt. Sie sind einverstanden, dass NUVASIVE eine Kundenaussage f\u00fcr beliebige Zwecke verwenden darf und dass Sie NUVASIVE ein dauerhaftes, \u00fcbertragbares und nicht exklusives, weltweites, geb\u00fchrenfreies Recht zur Verlinkung, Nutzung, Verwendung, \u00f6ffentlichen Darstellung oder Anzeige, Vervielf\u00e4ltigung, Verteilung, Modifizierung und Aufbereitung von davon abgeleiteten Arbeiten der Kundenaussage (in jedem Medium, gleich, ob bekannt oder gegenw\u00e4rtig nicht bekannt oder erfunden) gew\u00e4hren. Sie erkl\u00e4ren sich einverstanden, dass NUVASIVE die Nutzung, Modifizierung, L\u00f6schung oder Entfernung einer jeden Kundenaussage verweigern kann\u00a0\u2013\u00a0begr\u00fcndet oder unbegr\u00fcndet, mit oder ohne Benachrichtigung, aus jedwedem Grund oder grundlos bzw. aufgrund s\u00e4mtlicher Ma\u00dfnahmen\u00a0\u2013\u00a0die NUVASIVE selbst oder f\u00fcr jeden anderen Nutzer dieser Website und\/oder Services als f\u00fcr nicht angemessen oder st\u00f6rend h\u00e4lt.<\/p>\n<p>Gew\u00e4hrleistungsausschluss.<\/p>\n<p>Sie nutzen diese Website und\/oder die Services auf eigenes Risiko. Weder die Materialien noch die Inhalte Dritter wurden teilweise oder im Ganzen von NUVASIVE \u00fcberpr\u00fcft und best\u00e4tigt. Sie k\u00f6nnen Ungenauigkeiten, orthografische oder andere Fehler enthalten. NUVASIVE garantiert weder die Genauigkeit noch Zeitm\u00e4\u00dfigkeit der Materialien oder Inhalte Dritter auf dieser Website. NUVASIVE haftet nicht f\u00fcr Fehler oder Auslassungen in den Materialien und\/oder Inhalten Dritter, gleich, ob NUVASIVE selbst oder unsere Lizenzgeber diese bereitgestellt haben. Es liegt in Ihrer eigenen Verantwortung, die Genauigkeit und Vollst\u00e4ndigkeit der Materialien und\/oder Inhalte Dritter auf dieser Website zu \u00fcberpr\u00fcfen.<\/p>\n<p>NUVASIVE GIBT WEDER F\u00dcR SICH SELBST NOCH F\u00dcR SEINE LIZENZGEBER EINE AUSDR\u00dcCKLICHE, IMPLIZITE ODER GESETZLICHE GEW\u00c4HR, GEW\u00c4HRLEISTUNGEN ODER GARANTIEN IN VERBINDUNG MIT DIESER WEBSITE ODER F\u00dcR DIE DARIN ANGEBOTENEN SERVICES, MATERIALIEN ODER INHALTE DRITTER, IN BEZUG AUF DIE QUALIT\u00c4T, EIGNUNG, WAHRHEIT, GENAUIGKEIT ODER VOLLST\u00c4NDIGKEIT IRGENDEINER INFORMATION ODER EINES MATERIALS, DAS SICH AUF DIESER WEBSITE BEFINDET ODER DARGESTELLT WIRD, EINSCHLIESSLICH NICHT F\u00dcR MATERIALIEN UND INHALTE DRITTER. SOWEIT NICHT ANDERWEITIG AUSDR\u00dcCKLICH ANGEGEBEN, WERDEN DIESE WEBSITE, DIE DARIN ANGEBOTENEN ODER DARGESTELLTEN SERVICES, MATERIALIEN, INHALTE DRITTER UND S\u00c4MTLICHE ANDERE DARIN ENTHALTENEN ODER DARGESTELLTEN INFORMATIONEN UND MATERIALIEN IM MAXIMALEN GESETZLICH ZUL\u00c4SSIGEN MASSE ALS \u201eWIE BESEHEN\u201c, \u201eWIE VERF\u00dcGBAR\u201c UND \u201eWO VORHANDEN\u201c UND OHNE ETWAIGE GEW\u00c4HRLEISTUNGEN JEDER ART, UNTER ANDEREM IMPLIZITEN GEW\u00c4HRLEISTUNGEN DER MARKTG\u00c4NGIGKEIT, EIGNUNG F\u00dcR EINEN BESTIMMTEN ZWECK ODER DER NICHTVERLETZUNG VON RECHTEN DRITTER, BEREITGESTELLT.<br \/> DIE AUF DIESER WEBSITE VERF\u00dcGBAREN INFORMATIONEN DIENEN NUR DER INFORMATION. DIE INFORMATIONEN SOLLEN WEDER MEDIZINISCHEN RAT NOCH EINE DIAGNOSE ODER BEHANDLUNG ERSETZEN. KONSULTIEREN SIE STETS IHREN ARZT ODER EINE ANDERE QUALIFIZIERTE MEDIZINISCHE FACHKRAFT BEI FRAGEN IN BEZUG AUF IHRE ERKRANKUNG. IGNORIEREN SIE NIEMALS EINEN MEDIZINISCHEN RAT ODER Z\u00d6GERN SIE DIE MEDIZINISCHE BERATUNG NIEMALS AUFGRUND VON ETWAS, WAS SIE AUF DIESER WEBSITE GELESEN HABEN, HINAUS!<br \/> WENN SIE DER MEINUNG SIND, DASS SIE EIN MEDIZINISCHER NOTFALL SIND, RUFEN SIE UMGEHEND IHREN ARZT ODER 112 AN.<\/p>\n<p>NUVASIVE EMPFIEHLT ODER VERB\u00dcRGT SICH WEDER F\u00dcR IRGENDWELCHE CHIRURGEN ODER \u00c4RZTE, NOCH F\u00dcR MEINUNGEN ODER ANDERE INFORMATIONEN, DIE AUF DIESER WEBSITE ZU FINDEN SIND ODER DARIN ERW\u00c4HNT WERDEN. SIE TRAGEN ALLEIN DIE VERANTWORTUNG, WENN SIE SICH AUF DIE AUF DIESER WEBSITE BEREITGESTELLTEN INFORMATIONEN VERLASSEN.<\/p>\n<p>NUVASIVE GARANTIERT IHNEN NICHT, DASS DIE VERWENDUNG DIESER WEBSITE ST\u00d6RUNGSFREI, FEHLERFREI ODER SICHER IST, DASS DEFEKTE BEHOBEN ODER DASS DIE WEBSITE ODER DER ODER DIE SERVER, AUF DENEN DIESE WEBSITE GEHOSTET WIRD, FREI VON VIREN ODER ANDEREN SCH\u00c4DLICHEN KOMPONENTEN SIND. SIE ERKENNEN AN, DASS SIE DIE VERANTWORTUNG F\u00dcR DEN ERHALT UND DIE PFLEGE S\u00c4MTLICHER TELEFON- UND COMPUTERHARDWARE UND ANDERER F\u00dcR DEN ZUGANG ZU UND DIE NUTZUNG DIESER WEBSITE BEN\u00d6TIGTEN GER\u00c4TE UND ALLE DAMIT VERBUNDENEN KOSTEN \u00dcBERNEHMEN.<\/p>\n<p>Haftungsbeschr\u00e4nkung.<\/p>\n<p>NUVASIVE UND SEINE TOCHTERGESELLSCHAFTEN, DIREKTOREN, LEITENDEN ANGESTELLTEN, MITARBEITER, KONSILIAR\u00c4RZTE, VERTRETER, LIEFERANTEN UND ANDERE VERMITTLER HAFTEN IHNEN GEGEN\u00dcBER NICHT F\u00dcR ETWAIGE SCH\u00c4DEN, DIE SICH AUS DER ANZEIGE, VERVIELF\u00c4LTIGUNG, DEM HERUNTERLADEN ODER DER NUTZUNG S\u00c4MTLICHER MATERIALIEN ODER INHALTE DRITTER AUF BZW. VON DIESER WEBSITE ERGEBEN M\u00d6GEN. UNTER KEINEN UMST\u00c4NDEN HAFTET NUVASIVE IHNEN GEGEN\u00dcBER F\u00dcR ETWAIGE INDIREKTE, AUSSERORDENTLICHE, EXEMPLARISCHE, STRAFPFLICHTIGE, SONDER-, ZUF\u00c4LLIGE ODER FOLGESCH\u00c4DEN (EINSCHLIESSLICH VERLUST VON DATEN, UMS\u00c4TZEN, GEWINNEN, NUTZUNGS- ODER ANDEREN WIRTSCHAFTLICHEN VORTEILEN), DIE SICH ERGEBEN M\u00d6GEN, AUCH, WENN NUVASIVE DIE M\u00d6GLICHKEIT EINES SOLCHEN SCHADENS BEKANNT IST.<br \/> IN BESTIMMTEN STAATEN SIND DIE HIERIN ERL\u00c4UTERTEN HAFTUNGSBESCHR\u00c4NKUNGEN NICHT ZUL\u00c4SSIG. DAHER K\u00d6NNEN DIESE HAFTUNGSBESCHR\u00c4NKUNGEN EVENTUELL F\u00dcR SIE NICHT GELTEN.<\/p>\n<p>Lokales Recht; Ausfuhrkontrolle.<\/p>\n<p>NUVASIVE kontrolliert und betreibt diese Website von seiner Zentrale in den Vereinigten Staaten von Amerika aus, und die Materialien und\/oder Inhalte Dritter k\u00f6nnen f\u00fcr die Nutzung an anderen Standorten nicht angemessen sein. Wenn Sie die Website au\u00dferhalb der Vereinigten Staaten von Amerika nutzen, sind Sie verantwortlich f\u00fcr die Einhaltung der lokalen Gesetze.<\/p>\n<p>Zukunftsorientierte Aussage.<\/p>\n<p>Die Aussagen in s\u00e4mtlichen Pressemeldungen von NUVASIVE, die in dieser Website enthalten sind oder m\u00fcndlich oder schriftlich \u00fcbermittelt werden, die uns oder unser Management betreffen und die keine Fakten aus der Vergangenheit darstellen, sind \u201ezukunftsorientierte Aussagen\u201c. Zukunftsorientierte Aussagen umfassen ohne Einschr\u00e4nkung Aussagen, die (a) die Ausdr\u00fccke wie \u201esind der Meinung, dass\u201c, \u201eerwarten, dass\u201c, \u201egehen davon aus, dass\u201c, \u201erechnen damit, dass\u201c oder \u00e4hnlich bedeutsame bzw. gleichbedeutende Ausdr\u00fccke im Hinblick auf unser Management enthalten; (b) speziell als zukunftsorientiert identifiziert wurden; (c) unseren Plan oder Pl\u00e4ne, Zielsetzungen oder Ziele f\u00fcr zuk\u00fcnftige Gesch\u00e4fte oder Produkte beschreiben; oder (d) sich mit den Eigenschaften oder dem Wachstum unserer M\u00e4rkte oder Kunden bzw. mit unserer erwarteten Liquidit\u00e4t oder Kapitalressourcen besch\u00e4ftigen. Zukunftsorientierte Aussagen sind nur Prognosen zu wichtigen Faktoren und Risiken. Die tats\u00e4chlichen Ergebnisse k\u00f6nnen wesentlich von der zukunftsorientierten Aussage abweichen. Diese wichtigen Faktoren und Risiken umfassen ohne Einschr\u00e4nkungen wirtschaftliche, den Wettbewerb betreffende, beh\u00f6rdliche und technologische Faktoren in Verbindung mit unseren Gesch\u00e4ften, M\u00e4rkten, Produkten, Dienstleistungen und Preisen. Wichtige Faktoren und Risiken, die im aktuellen Jahresbericht von NUVASIVE beschrieben und im SEC-Filing enthalten sind, k\u00f6nnen von Zeit zu Zeit in zus\u00e4tzlichen Berichten und anderen Dokumenten der SEC-Filings von NUVASIVE n\u00e4her erl\u00e4utert sein. Kopien der letzten Berichte und andere Filings von NUVASIVE k\u00f6nnen \u00fcber das SEC-EDGAR-System unter www.sec.gov oder kostenlos direkt \u00fcber NUVASIVE selbst bezogen werden. NUVASIVE lehnt ausdr\u00fccklich jede Verpflichtung oder Verantwortung zur Aktualisierung oder \u00dcberarbeitung oder Erg\u00e4nzung von zukunftsorientierten Aussagen in s\u00e4mtlichen Pressemeldungen oder generell ab.<\/p>\n<p>Allgemeines.<\/p>\n<p>Wenn Sie gegen diese Bedingungen versto\u00dfen, kann NUVASIVE ohne Vorank\u00fcndigung Ihren Zugriff auf diese Website beenden und\/oder zeitweilig sperren. NUVASIVE wird jedoch vorrangig darauf zur\u00fcckgreifen, Sie auf ein unangemessenes Verhalten hinzuweisen und notwendige Korrekturma\u00dfnahmen empfehlen. Bei bestimmten Verst\u00f6\u00dfen gegen diese Bedingungen kann, nach Ermessen von NUVASIVE, Ihr Zugriff auf diese Website jedoch sofort beendet werden. NUVASIVE ist berechtigt, passwortgesch\u00fctzte Konten jederzeit und aus beliebigen Gr\u00fcnden zu k\u00fcndigen. Diese Bedingungen unterliegen, ungeachtet der Rechtsstandwahl oder der Konflikte von gesetzlichen Bestimmungen, kalifornischem Recht sowie dem dar\u00fcberstehenden US-amerikanischen Bundesrecht. S\u00e4mtliche Streitigkeiten in Bezug auf diese Bedingungen oder diese Website m\u00fcssen in den Gerichten von Kalifornien vorgebracht werden. Wird eine dieser Bedingungen als mit geltendem Recht f\u00fcr nicht vereinbar befunden, dann soll diese Bedingung als Reflexion der Absichten der Parteien betrachtet werden. Andere Bedingungen werden hiervon nicht ber\u00fchrt. Sollte NUVASIVE eine dieser Bedingungen nicht durchsetzen, hei\u00dft das nicht, dass diese Bedingung nicht gilt. Diese Bedingungen stellen die gesamte Vereinbarung zwischen Ihnen und NUVASIVE dar und ersetzen alle vorherigen oder aktuellen Verhandlungen, Gespr\u00e4che oder Vereinbarungen zwischen Ihnen und NUVASIVE \u00fcber diese Website. Die Eigentumsrechte, Garantieausschl\u00fcsse, von Ihnen gemachte Zusicherungen, Haftungsfreistellungen, Haftungsbeschr\u00e4nkungen und allgemeinen Bestimmungen gelten auch nach Erl\u00f6schen dieser Bedingungen.<\/p>\n<\/div><div class=\"fusion-clearfix\"><\/div><\/div><\/div><\/div><\/div>\n","protected":false},"excerpt":{"rendered":"","protected":false},"author":2,"featured_media":0,"parent":0,"menu_order":0,"comment_status":"closed","ping_status":"closed","template":"","meta":{"footnotes":""},"class_list":["post-1423","page","type-page","status-publish","hentry"],"yoast_head":"<!-- This site is optimized with the Yoast SEO plugin v27.4 - https:\/\/yoast.com\/product\/yoast-seo-wordpress\/ -->\n<title>Reach Your Height\u00a0\u2013\u00a0 Gesch\u00e4ftsbedingungen\u00a0\u2013\u00a0PRECICE System zur Beinverl\u00e4ngerung<\/title>\n<meta name=\"description\" content=\"Reach Your Height: PRECICE System zur Beinverl\u00e4ngerung\u00a0\u2013\u00a0(\u201eNUVASIVE\u201c, \u201eWIR\u201c ODER \u201eUNS\u201c) Nutzungsbedingungen der Internetpr\u00e4senz DIE GESCH\u00c4FTSBEDINGUNGEN:\" \/>\n<meta name=\"robots\" content=\"index, follow, max-snippet:-1, max-image-preview:large, max-video-preview:-1\" \/>\n<link rel=\"canonical\" href=\"https:\/\/www.reachyourheight.com\/de\/reach-your-height-geschaftsbedingungen\/\" \/>\n<meta property=\"og:locale\" content=\"de_DE\" \/>\n<meta property=\"og:type\" content=\"article\" \/>\n<meta property=\"og:title\" content=\"Reach Your Height\u00a0\u2013\u00a0 Gesch\u00e4ftsbedingungen\u00a0\u2013\u00a0PRECICE System zur Beinverl\u00e4ngerung\" \/>\n<meta property=\"og:description\" content=\"Reach Your Height: PRECICE System zur Beinverl\u00e4ngerung\u00a0\u2013\u00a0(\u201eNUVASIVE\u201c, \u201eWIR\u201c ODER \u201eUNS\u201c) Nutzungsbedingungen der Internetpr\u00e4senz DIE GESCH\u00c4FTSBEDINGUNGEN:\" \/>\n<meta property=\"og:url\" content=\"https:\/\/www.reachyourheight.com\/de\/reach-your-height-geschaftsbedingungen\/\" \/>\n<meta property=\"og:site_name\" content=\"Reach Your Height: PRECICE Limb Lengthening System\" \/>\n<meta property=\"article:modified_time\" content=\"2018-07-10T15:41:31+00:00\" \/>\n<meta name=\"twitter:label1\" content=\"Gesch\u00e4tzte Lesezeit\" \/>\n\t<meta name=\"twitter:data1\" content=\"12 Minuten\" \/>\n<script type=\"application\/ld+json\" class=\"yoast-schema-graph\">{\"@context\":\"https:\\\/\\\/schema.org\",\"@graph\":[{\"@type\":\"WebPage\",\"@id\":\"https:\\\/\\\/www.reachyourheight.com\\\/de\\\/reach-your-height-geschaftsbedingungen\\\/\",\"url\":\"https:\\\/\\\/www.reachyourheight.com\\\/de\\\/reach-your-height-geschaftsbedingungen\\\/\",\"name\":\"Reach Your Height\u00a0\u2013\u00a0 Gesch\u00e4ftsbedingungen\u00a0\u2013\u00a0PRECICE System zur Beinverl\u00e4ngerung\",\"isPartOf\":{\"@id\":\"https:\\\/\\\/www.reachyourheight.com\\\/#website\"},\"datePublished\":\"2018-06-26T15:31:56+00:00\",\"dateModified\":\"2018-07-10T15:41:31+00:00\",\"description\":\"Reach Your Height: PRECICE System zur Beinverl\u00e4ngerung\u00a0\u2013\u00a0(\u201eNUVASIVE\u201c, \u201eWIR\u201c ODER \u201eUNS\u201c) Nutzungsbedingungen der Internetpr\u00e4senz DIE GESCH\u00c4FTSBEDINGUNGEN:\",\"breadcrumb\":{\"@id\":\"https:\\\/\\\/www.reachyourheight.com\\\/de\\\/reach-your-height-geschaftsbedingungen\\\/#breadcrumb\"},\"inLanguage\":\"de-DE\",\"potentialAction\":[{\"@type\":\"ReadAction\",\"target\":[\"https:\\\/\\\/www.reachyourheight.com\\\/de\\\/reach-your-height-geschaftsbedingungen\\\/\"]}]},{\"@type\":\"BreadcrumbList\",\"@id\":\"https:\\\/\\\/www.reachyourheight.com\\\/de\\\/reach-your-height-geschaftsbedingungen\\\/#breadcrumb\",\"itemListElement\":[{\"@type\":\"ListItem\",\"position\":1,\"name\":\"Home\",\"item\":\"https:\\\/\\\/www.reachyourheight.com\\\/de\\\/\"},{\"@type\":\"ListItem\",\"position\":2,\"name\":\"Reach Your Height Gesch\u00e4ftsbedingungen\"}]},{\"@type\":\"WebSite\",\"@id\":\"https:\\\/\\\/www.reachyourheight.com\\\/#website\",\"url\":\"https:\\\/\\\/www.reachyourheight.com\\\/\",\"name\":\"Reach Your Height: PRECICE Limb Lengthening System\",\"description\":\"Reach Your Height: PRECICE Limb Lengthening System\",\"potentialAction\":[{\"@type\":\"SearchAction\",\"target\":{\"@type\":\"EntryPoint\",\"urlTemplate\":\"https:\\\/\\\/www.reachyourheight.com\\\/?s={search_term_string}\"},\"query-input\":{\"@type\":\"PropertyValueSpecification\",\"valueRequired\":true,\"valueName\":\"search_term_string\"}}],\"inLanguage\":\"de-DE\"}]}<\/script>\n<!-- \/ Yoast SEO plugin. -->","yoast_head_json":{"title":"Reach Your Height\u00a0\u2013\u00a0 Gesch\u00e4ftsbedingungen\u00a0\u2013\u00a0PRECICE System zur Beinverl\u00e4ngerung","description":"Reach Your Height: PRECICE System zur Beinverl\u00e4ngerung\u00a0\u2013\u00a0(\u201eNUVASIVE\u201c, \u201eWIR\u201c ODER \u201eUNS\u201c) Nutzungsbedingungen der Internetpr\u00e4senz DIE GESCH\u00c4FTSBEDINGUNGEN:","robots":{"index":"index","follow":"follow","max-snippet":"max-snippet:-1","max-image-preview":"max-image-preview:large","max-video-preview":"max-video-preview:-1"},"canonical":"https:\/\/www.reachyourheight.com\/de\/reach-your-height-geschaftsbedingungen\/","og_locale":"de_DE","og_type":"article","og_title":"Reach Your Height\u00a0\u2013\u00a0 Gesch\u00e4ftsbedingungen\u00a0\u2013\u00a0PRECICE System zur Beinverl\u00e4ngerung","og_description":"Reach Your Height: PRECICE System zur Beinverl\u00e4ngerung\u00a0\u2013\u00a0(\u201eNUVASIVE\u201c, \u201eWIR\u201c ODER \u201eUNS\u201c) Nutzungsbedingungen der Internetpr\u00e4senz DIE GESCH\u00c4FTSBEDINGUNGEN:","og_url":"https:\/\/www.reachyourheight.com\/de\/reach-your-height-geschaftsbedingungen\/","og_site_name":"Reach Your Height: PRECICE Limb Lengthening System","article_modified_time":"2018-07-10T15:41:31+00:00","twitter_misc":{"Gesch\u00e4tzte Lesezeit":"12 Minuten"},"schema":{"@context":"https:\/\/schema.org","@graph":[{"@type":"WebPage","@id":"https:\/\/www.reachyourheight.com\/de\/reach-your-height-geschaftsbedingungen\/","url":"https:\/\/www.reachyourheight.com\/de\/reach-your-height-geschaftsbedingungen\/","name":"Reach Your Height\u00a0\u2013\u00a0 Gesch\u00e4ftsbedingungen\u00a0\u2013\u00a0PRECICE System zur Beinverl\u00e4ngerung","isPartOf":{"@id":"https:\/\/www.reachyourheight.com\/#website"},"datePublished":"2018-06-26T15:31:56+00:00","dateModified":"2018-07-10T15:41:31+00:00","description":"Reach Your Height: PRECICE System zur Beinverl\u00e4ngerung\u00a0\u2013\u00a0(\u201eNUVASIVE\u201c, \u201eWIR\u201c ODER \u201eUNS\u201c) Nutzungsbedingungen der Internetpr\u00e4senz DIE GESCH\u00c4FTSBEDINGUNGEN:","breadcrumb":{"@id":"https:\/\/www.reachyourheight.com\/de\/reach-your-height-geschaftsbedingungen\/#breadcrumb"},"inLanguage":"de-DE","potentialAction":[{"@type":"ReadAction","target":["https:\/\/www.reachyourheight.com\/de\/reach-your-height-geschaftsbedingungen\/"]}]},{"@type":"BreadcrumbList","@id":"https:\/\/www.reachyourheight.com\/de\/reach-your-height-geschaftsbedingungen\/#breadcrumb","itemListElement":[{"@type":"ListItem","position":1,"name":"Home","item":"https:\/\/www.reachyourheight.com\/de\/"},{"@type":"ListItem","position":2,"name":"Reach Your Height Gesch\u00e4ftsbedingungen"}]},{"@type":"WebSite","@id":"https:\/\/www.reachyourheight.com\/#website","url":"https:\/\/www.reachyourheight.com\/","name":"Reach Your Height: PRECICE Limb Lengthening System","description":"Reach Your Height: PRECICE Limb Lengthening System","potentialAction":[{"@type":"SearchAction","target":{"@type":"EntryPoint","urlTemplate":"https:\/\/www.reachyourheight.com\/?s={search_term_string}"},"query-input":{"@type":"PropertyValueSpecification","valueRequired":true,"valueName":"search_term_string"}}],"inLanguage":"de-DE"}]}},"_links":{"self":[{"href":"https:\/\/www.reachyourheight.com\/de\/wp-json\/wp\/v2\/pages\/1423","targetHints":{"allow":["GET"]}}],"collection":[{"href":"https:\/\/www.reachyourheight.com\/de\/wp-json\/wp\/v2\/pages"}],"about":[{"href":"https:\/\/www.reachyourheight.com\/de\/wp-json\/wp\/v2\/types\/page"}],"author":[{"embeddable":true,"href":"https:\/\/www.reachyourheight.com\/de\/wp-json\/wp\/v2\/users\/2"}],"replies":[{"embeddable":true,"href":"https:\/\/www.reachyourheight.com\/de\/wp-json\/wp\/v2\/comments?post=1423"}],"version-history":[{"count":0,"href":"https:\/\/www.reachyourheight.com\/de\/wp-json\/wp\/v2\/pages\/1423\/revisions"}],"wp:attachment":[{"href":"https:\/\/www.reachyourheight.com\/de\/wp-json\/wp\/v2\/media?parent=1423"}],"curies":[{"name":"wp","href":"https:\/\/api.w.org\/{rel}","templated":true}]}}