{"id":1425,"date":"2018-06-26T15:31:57","date_gmt":"2018-06-26T15:31:57","guid":{"rendered":"http:\/\/www.reachyourheight.com\/schuhzurichtungen-fur-beinlangendifferenzen\/"},"modified":"2018-09-20T18:32:20","modified_gmt":"2018-09-20T18:32:20","slug":"schuhzurichtungen-fur-beinlangendifferenzen","status":"publish","type":"page","link":"https:\/\/www.reachyourheight.com\/de\/operations-und-behandlungsmoglichkeiten-zur-beinverlangerung\/schuhzurichtungen-fur-beinlangendifferenzen\/","title":{"rendered":"Schuherh\u00f6hung f\u00fcr Beinl\u00e4ngendifferenzen"},"content":{"rendered":"<p><div class=\"fusion-fullwidth fullwidth-box fusion-builder-row-1 fusion-parallax-none nonhundred-percent-fullwidth non-hundred-percent-height-scrolling fusion-equal-height-columns fusion-no-medium-visibility fusion-no-large-visibility\" style=\"--awb-border-radius-top-left:0px;--awb-border-radius-top-right:0px;--awb-border-radius-bottom-right:0px;--awb-border-radius-bottom-left:0px;--awb-background-image:url(&quot;https:\/\/www.reachyourheight.com\/wp-content\/uploads\/2014\/12\/success-stories-1.png&quot;);--awb-background-size:cover;--awb-flex-wrap:wrap;\" ><div class=\"fusion-builder-row fusion-row\"><div class=\"fusion-layout-column fusion_builder_column fusion-builder-column-0 fusion_builder_column_1_1 1_1 fusion-one-full fusion-column-first fusion-column-last\" style=\"--awb-bg-size:cover;\"><div class=\"fusion-column-wrapper fusion-flex-column-wrapper-legacy\"><div class=\"fusion-column-content-centered\"><div class=\"fusion-column-content\"><div class=\"fusion-text fusion-text-1\"><p style=\"padding-bottom: 0; margin-bottom: 0;\"><a style=\"text-decoration: none; color: #fff; font-weight: bold; text-align: center; letter-spacing: .5px; transition: .2s ease-out; cursor: pointer; border: none; display: inline-block; line-height: 64px; vertical-align: middle; width: 100%; font-size: 22px;\" href=\"\/find-a-doctor\/\">Find A Surgeon<\/a><\/p>\n<\/div><\/div><\/div><div class=\"fusion-clearfix\"><\/div><\/div><\/div><\/div><\/div>\n<div class=\"fusion-fullwidth fullwidth-box fusion-builder-row-2 nonhundred-percent-fullwidth non-hundred-percent-height-scrolling\" style=\"--awb-border-radius-top-left:0px;--awb-border-radius-top-right:0px;--awb-border-radius-bottom-right:0px;--awb-border-radius-bottom-left:0px;--awb-padding-top:25px;--awb-padding-bottom:60px;--awb-flex-wrap:wrap;\" ><div class=\"fusion-builder-row fusion-row\"><div class=\"fusion-layout-column fusion_builder_column fusion-builder-column-1 fusion_builder_column_1_1 1_1 fusion-one-full fusion-column-first fusion-column-last\" style=\"--awb-bg-size:cover;\"><div class=\"fusion-column-wrapper fusion-flex-column-wrapper-legacy\"><div class=\"fusion-text fusion-text-2\"><div id=\"attachment_821\" style=\"width: 425px\" class=\"wp-caption alignright\"><img decoding=\"async\" aria-describedby=\"caption-attachment-821\" class=\"size-full wp-image-821\" src=\"\/wp-content\/uploads\/2017\/04\/shoeliftsm.jpg\" alt=\"\" width=\"415\" height=\"148\" srcset=\"https:\/\/www.reachyourheight.com\/wp-content\/uploads\/2017\/04\/shoeliftsm-200x71.jpg 200w, https:\/\/www.reachyourheight.com\/wp-content\/uploads\/2017\/04\/shoeliftsm-300x107.jpg 300w, https:\/\/www.reachyourheight.com\/wp-content\/uploads\/2017\/04\/shoeliftsm-400x143.jpg 400w, https:\/\/www.reachyourheight.com\/wp-content\/uploads\/2017\/04\/shoeliftsm.jpg 415w\" sizes=\"(max-width: 415px) 100vw, 415px\" \/><p id=\"caption-attachment-821\" class=\"wp-caption-text\">Sportschuhe mit einer 2,5\u00a0zm hohen Erh\u00f6hung am rechten Schuh. Passende Erh\u00f6hungen bedecken die gesamte Schuhsohle, nicht nur die Ferse.<\/p><\/div>\n<p>H\u00e4ufig stellt eine Beinl\u00e4ngendifferenz (LLD) von h\u00f6chstens 2\u00a0cm kein funktionelles Problem dar. Wenn dieser Unterschied jedoch zu Unannehmlichkeiten oder Beschwerden f\u00fchrt, empfehlen \u00c4rzte h\u00e4ufig eine Schuherh\u00f6hung anstelle einer Operation.<\/p>\n<p>Schuherh\u00f6hungen k\u00f6nnen dabei helfen, die Beinl\u00e4ngen anzupassen und sind die h\u00e4ufigste nichtoperative Behandlungsmethode f\u00fcr eine Beinl\u00e4ngendifferenz. In vielen F\u00e4llen kann mit dieser Erh\u00f6hung die Beinl\u00e4ngendifferenz auf ein angenehmes Ma\u00df verringert werden. Mit einer Erh\u00f6hung kann der Patient h\u00e4ufig besser gehen oder laufen und sie kann die bei geringer Beinl\u00e4ngendifferenz entstehenden R\u00fcckenschmerzen lindern.<\/p>\n<p><img decoding=\"async\" class=\"size-full wp-image-1147 alignright\" src=\"https:\/\/nuvasiveso.wpengine.com\/wp-content\/uploads\/2017\/04\/shoe450.png\" alt=\"\" width=\"196\" height=\"450\" srcset=\"https:\/\/www.reachyourheight.com\/wp-content\/uploads\/2017\/04\/shoe450-131x300.png 131w, https:\/\/www.reachyourheight.com\/wp-content\/uploads\/2017\/04\/shoe450.png 196w\" sizes=\"(max-width: 196px) 100vw, 196px\" \/>Eine Erh\u00f6hung birgt zwar keine medizinischen Risiken, kann jedoch eine recht teure Behandlungsoption darstellen, da f\u00fcr jedes getragene Paar Schuhe eine Erh\u00f6hung angefertigt werden muss. Wenn die Erh\u00f6hung h\u00f6chstens 1 cm betr\u00e4gt, kann sie in den Schuh eingelegt werden. Diese Art von Schuherh\u00f6hung kann dann immer in den jeweilig getragenen Schuh eingelegt werden und ist f\u00fcr andere nicht sichtbar. Erh\u00f6hungen mit einer H\u00f6he von \u00fcber 1\u00a0cm m\u00fcssen unter dem Schuh angebracht werden. Diese Erh\u00f6hungen sind fest mit einem bestimmten Schuh verbunden. Manchmal sind auch individuell gefertigte Schuhe erforderlich.<\/p>\n<p>Erh\u00f6hungen k\u00f6nnen zum Ausgleich von Beinl\u00e4ngendifferenzen ohne zeitliche Beschr\u00e4nkung getragen werden. Einige Patienten st\u00f6rt es jedoch, dass sie f\u00fcr ihre Schuhe immer eine Schuherh\u00f6hung ben\u00f6tigen. Au\u00dferdem beheben Erh\u00f6hungen die L\u00e4ngendifferenz nat\u00fcrlich nicht, wenn Sie keine Schuhe tragen.<\/p>\n<p>In manchen F\u00e4llen kann bei kleinen Kindern mit einer massiven Beinl\u00e4ngendifferenz eine Orthoprothese als vor\u00fcbergehende Ma\u00dfnahme eingesetzt werden. Diese Prothesen sind jedoch sperrig und k\u00f6nnen auch zu Gleichgewichtsproblemen f\u00fchren.<\/p>\n<\/div><div class=\"fusion-clearfix\"><\/div><\/div><\/div><\/div><\/div><div class=\"fusion-fullwidth fullwidth-box fusion-builder-row-3 nonhundred-percent-fullwidth non-hundred-percent-height-scrolling fusion-equal-height-columns cta\" style=\"--awb-border-radius-top-left:0px;--awb-border-radius-top-right:0px;--awb-border-radius-bottom-right:0px;--awb-border-radius-bottom-left:0px;--awb-padding-bottom:60px;--awb-flex-wrap:wrap;\" ><div class=\"fusion-builder-row fusion-row\"><div class=\"fusion-layout-column fusion_builder_column fusion-builder-column-2 fusion_builder_column_1_3 1_3 fusion-one-third fusion-column-first\" style=\"--awb-padding-top:94px;--awb-padding-bottom:94px;--awb-bg-color:#0099cc;--awb-bg-color-hover:#0099cc;--awb-bg-image:url(&#039;https:\/\/nuvasiveso.wpengine.com\/wp-content\/uploads\/2014\/12\/blue-docs.jpg&#039;);--awb-bg-position:center center;--awb-bg-size:cover;--awb-margin-bottom:0px;width:33.3333333333%;width:calc(33.3333333333% - ( ( 4% + 4% ) * 0.333333333333 ) );margin-right: 4%;\"><div class=\"fusion-column-wrapper fusion-flex-column-wrapper-legacy fusion-column-has-bg-image\" data-bg-url=\"https:\/\/nuvasiveso.wpengine.com\/wp-content\/uploads\/2014\/12\/blue-docs.jpg\"><div class=\"fusion-column-content-centered\"><div class=\"fusion-column-content\"><div class=\"fusion-text fusion-text-3\"><\/p>\n<h2 style=\"text-align: center;\">Bereit f\u00fcr<br \/>\nden n\u00e4chsten Schritt?<\/h2>\n<p><br class=\"xliff-newline\"\/><\/p>\n<p style=\"text-align: center;\"><a href=\"http:\/\/www.reachyourheight.com\/finden-sie-einen-auf-beinverlangerungen-spezialisierten-chirurgen\/?lang=de\">Einen Arzt finden<\/a><\/p>\n<\/div><\/div><\/div><div class=\"fusion-clearfix\"><\/div><\/div><\/div><div class=\"fusion-layout-column fusion_builder_column fusion-builder-column-3 fusion_builder_column_1_3 1_3 fusion-one-third\" style=\"--awb-padding-top:94px;--awb-padding-right:0px;--awb-padding-bottom:94px;--awb-padding-left:0px;--awb-bg-color:#a8b400;--awb-bg-color-hover:#a8b400;--awb-bg-image:url(&#039;https:\/\/nuvasiveso.wpengine.com\/wp-content\/uploads\/2014\/12\/success-stories.png&#039;);--awb-bg-position:center center;--awb-bg-size:cover;--awb-margin-bottom:0px;width:33.3333333333%;width:calc(33.3333333333% - ( ( 4% + 4% ) * 0.333333333333 ) );margin-right: 4%;\"><div class=\"fusion-column-wrapper fusion-flex-column-wrapper-legacy fusion-column-has-bg-image\" data-bg-url=\"https:\/\/nuvasiveso.wpengine.com\/wp-content\/uploads\/2014\/12\/success-stories.png\"><div class=\"fusion-column-content-centered\"><div class=\"fusion-column-content\"><div class=\"fusion-text fusion-text-4\"><h2 class=\"title\" style=\"text-align: center;\">PATIENTENGESCHICHTE<\/h2>\n<p style=\"text-align: center;\"><a href=\"http:\/\/www.reachyourheight.com\/patientengeschichten\/?lang=de\">Erfahren, wie es anderen<br \/>\nLLD-Patienten erging<\/a><\/p>\n<\/div><\/div><\/div><div class=\"fusion-clearfix\"><\/div><\/div><\/div><div class=\"fusion-layout-column fusion_builder_column fusion-builder-column-4 fusion_builder_column_1_3 1_3 fusion-one-third fusion-column-last\" style=\"--awb-padding-top:94px;--awb-padding-right:0px;--awb-padding-bottom:94px;--awb-padding-left:0px;--awb-bg-color:#f2df74;--awb-bg-color-hover:#f2df74;--awb-bg-image:url(&#039;https:\/\/nuvasiveso.wpengine.com\/wp-content\/uploads\/2017\/04\/blue-feet.png&#039;);--awb-bg-position:center center;--awb-bg-size:cover;--awb-margin-bottom:0px;width:33.3333333333%;width:calc(33.3333333333% - ( ( 4% + 4% ) * 0.333333333333 ) );\"><div class=\"fusion-column-wrapper fusion-flex-column-wrapper-legacy fusion-column-has-bg-image\" data-bg-url=\"https:\/\/nuvasiveso.wpengine.com\/wp-content\/uploads\/2017\/04\/blue-feet.png\"><div class=\"fusion-column-content-centered\"><div class=\"fusion-column-content\"><div class=\"fusion-text fusion-text-5\"><h2 class=\"title\" style=\"text-align: center;\">BEINL\u00c4NGEN-<br \/>\nDIFFERENZ<\/h2>\n<p><br class=\"xliff-newline\"\/><\/p>\n<p style=\"text-align: center;\"><a href=\"http:\/\/www.reachyourheight.com\/uber-beinlangendifferenz\/?lang=de\">Mehr \u00fcber LLD und<br \/>\nBehandlungsoptionen f\u00fcr Patienten erfahren<\/a><\/p>\n<\/div><\/div><\/div><div class=\"fusion-clearfix\"><\/div><\/div><\/div><\/div><\/div><\/p>\n","protected":false},"excerpt":{"rendered":"","protected":false},"author":2,"featured_media":0,"parent":1510,"menu_order":1,"comment_status":"closed","ping_status":"closed","template":"","meta":{"footnotes":""},"class_list":["post-1425","page","type-page","status-publish","hentry"],"yoast_head":"<!-- This site is optimized with the Yoast SEO plugin v27.4 - https:\/\/yoast.com\/product\/yoast-seo-wordpress\/ -->\n<title>Schuhzurichtung\u00a0\u2013\u00a0nichtoperative Behandlung\u00a0\u2013\u00a0Beinl\u00e4ngendifferenz<\/title>\n<meta name=\"description\" content=\"Schuhzurichtungen k\u00f6nnen dabei helfen, die Beinl\u00e4ngen anzupassen und sind f\u00fcr viele Menschen die h\u00e4ufigste nichtoperative Behandlungsmethode zur Korrektur einer Beinl\u00e4ngendifferenz.\" \/>\n<meta name=\"robots\" content=\"index, follow, max-snippet:-1, max-image-preview:large, max-video-preview:-1\" \/>\n<link rel=\"canonical\" href=\"https:\/\/www.reachyourheight.com\/de\/operations-und-behandlungsmoglichkeiten-zur-beinverlangerung\/schuhzurichtungen-fur-beinlangendifferenzen\/\" \/>\n<meta property=\"og:locale\" content=\"de_DE\" \/>\n<meta property=\"og:type\" content=\"article\" \/>\n<meta property=\"og:title\" content=\"Schuhzurichtung\u00a0\u2013\u00a0nichtoperative Behandlung\u00a0\u2013\u00a0Beinl\u00e4ngendifferenz\" \/>\n<meta property=\"og:description\" content=\"Schuhzurichtungen k\u00f6nnen dabei helfen, die Beinl\u00e4ngen anzupassen und sind f\u00fcr viele Menschen die h\u00e4ufigste nichtoperative Behandlungsmethode zur Korrektur einer Beinl\u00e4ngendifferenz.\" \/>\n<meta property=\"og:url\" content=\"https:\/\/www.reachyourheight.com\/de\/operations-und-behandlungsmoglichkeiten-zur-beinverlangerung\/schuhzurichtungen-fur-beinlangendifferenzen\/\" \/>\n<meta property=\"og:site_name\" content=\"Reach Your Height: PRECICE Limb Lengthening System\" \/>\n<meta property=\"article:modified_time\" content=\"2018-09-20T18:32:20+00:00\" \/>\n<meta property=\"og:image\" content=\"https:\/\/www.reachyourheight.com\/wp-content\/uploads\/2017\/04\/shoeliftsm.jpg\" \/>\n<meta name=\"twitter:label1\" content=\"Gesch\u00e4tzte Lesezeit\" \/>\n\t<meta name=\"twitter:data1\" content=\"4 Minuten\" \/>\n<script type=\"application\/ld+json\" class=\"yoast-schema-graph\">{\"@context\":\"https:\\\/\\\/schema.org\",\"@graph\":[{\"@type\":\"WebPage\",\"@id\":\"https:\\\/\\\/www.reachyourheight.com\\\/de\\\/operations-und-behandlungsmoglichkeiten-zur-beinverlangerung\\\/schuhzurichtungen-fur-beinlangendifferenzen\\\/\",\"url\":\"https:\\\/\\\/www.reachyourheight.com\\\/de\\\/operations-und-behandlungsmoglichkeiten-zur-beinverlangerung\\\/schuhzurichtungen-fur-beinlangendifferenzen\\\/\",\"name\":\"Schuhzurichtung\u00a0\u2013\u00a0nichtoperative Behandlung\u00a0\u2013\u00a0Beinl\u00e4ngendifferenz\",\"isPartOf\":{\"@id\":\"https:\\\/\\\/www.reachyourheight.com\\\/#website\"},\"primaryImageOfPage\":{\"@id\":\"https:\\\/\\\/www.reachyourheight.com\\\/de\\\/operations-und-behandlungsmoglichkeiten-zur-beinverlangerung\\\/schuhzurichtungen-fur-beinlangendifferenzen\\\/#primaryimage\"},\"image\":{\"@id\":\"https:\\\/\\\/www.reachyourheight.com\\\/de\\\/operations-und-behandlungsmoglichkeiten-zur-beinverlangerung\\\/schuhzurichtungen-fur-beinlangendifferenzen\\\/#primaryimage\"},\"thumbnailUrl\":\"https:\\\/\\\/nuvasiveso.wpengine.com\\\/wp-content\\\/uploads\\\/2017\\\/04\\\/shoe450.png\",\"datePublished\":\"2018-06-26T15:31:57+00:00\",\"dateModified\":\"2018-09-20T18:32:20+00:00\",\"description\":\"Schuhzurichtungen k\u00f6nnen dabei helfen, die Beinl\u00e4ngen anzupassen und sind f\u00fcr viele Menschen die h\u00e4ufigste nichtoperative Behandlungsmethode zur Korrektur einer Beinl\u00e4ngendifferenz.\",\"breadcrumb\":{\"@id\":\"https:\\\/\\\/www.reachyourheight.com\\\/de\\\/operations-und-behandlungsmoglichkeiten-zur-beinverlangerung\\\/schuhzurichtungen-fur-beinlangendifferenzen\\\/#breadcrumb\"},\"inLanguage\":\"de-DE\",\"potentialAction\":[{\"@type\":\"ReadAction\",\"target\":[\"https:\\\/\\\/www.reachyourheight.com\\\/de\\\/operations-und-behandlungsmoglichkeiten-zur-beinverlangerung\\\/schuhzurichtungen-fur-beinlangendifferenzen\\\/\"]}]},{\"@type\":\"ImageObject\",\"inLanguage\":\"de-DE\",\"@id\":\"https:\\\/\\\/www.reachyourheight.com\\\/de\\\/operations-und-behandlungsmoglichkeiten-zur-beinverlangerung\\\/schuhzurichtungen-fur-beinlangendifferenzen\\\/#primaryimage\",\"url\":\"https:\\\/\\\/nuvasiveso.wpengine.com\\\/wp-content\\\/uploads\\\/2017\\\/04\\\/shoe450.png\",\"contentUrl\":\"https:\\\/\\\/nuvasiveso.wpengine.com\\\/wp-content\\\/uploads\\\/2017\\\/04\\\/shoe450.png\"},{\"@type\":\"BreadcrumbList\",\"@id\":\"https:\\\/\\\/www.reachyourheight.com\\\/de\\\/operations-und-behandlungsmoglichkeiten-zur-beinverlangerung\\\/schuhzurichtungen-fur-beinlangendifferenzen\\\/#breadcrumb\",\"itemListElement\":[{\"@type\":\"ListItem\",\"position\":1,\"name\":\"Home\",\"item\":\"https:\\\/\\\/www.reachyourheight.com\\\/de\\\/\"},{\"@type\":\"ListItem\",\"position\":2,\"name\":\"Operations- und Behandlungsm\u00f6glichkeiten zur Beinverl\u00e4ngerung\",\"item\":\"https:\\\/\\\/www.reachyourheight.com\\\/de\\\/operations-und-behandlungsmoglichkeiten-zur-beinverlangerung\\\/\"},{\"@type\":\"ListItem\",\"position\":3,\"name\":\"Schuherh\u00f6hung f\u00fcr Beinl\u00e4ngendifferenzen\"}]},{\"@type\":\"WebSite\",\"@id\":\"https:\\\/\\\/www.reachyourheight.com\\\/#website\",\"url\":\"https:\\\/\\\/www.reachyourheight.com\\\/\",\"name\":\"Reach Your Height: PRECICE Limb Lengthening System\",\"description\":\"Reach Your Height: PRECICE Limb Lengthening System\",\"potentialAction\":[{\"@type\":\"SearchAction\",\"target\":{\"@type\":\"EntryPoint\",\"urlTemplate\":\"https:\\\/\\\/www.reachyourheight.com\\\/?s={search_term_string}\"},\"query-input\":{\"@type\":\"PropertyValueSpecification\",\"valueRequired\":true,\"valueName\":\"search_term_string\"}}],\"inLanguage\":\"de-DE\"}]}<\/script>\n<!-- \/ Yoast SEO plugin. -->","yoast_head_json":{"title":"Schuhzurichtung\u00a0\u2013\u00a0nichtoperative Behandlung\u00a0\u2013\u00a0Beinl\u00e4ngendifferenz","description":"Schuhzurichtungen k\u00f6nnen dabei helfen, die Beinl\u00e4ngen anzupassen und sind f\u00fcr viele Menschen die h\u00e4ufigste nichtoperative Behandlungsmethode zur Korrektur einer Beinl\u00e4ngendifferenz.","robots":{"index":"index","follow":"follow","max-snippet":"max-snippet:-1","max-image-preview":"max-image-preview:large","max-video-preview":"max-video-preview:-1"},"canonical":"https:\/\/www.reachyourheight.com\/de\/operations-und-behandlungsmoglichkeiten-zur-beinverlangerung\/schuhzurichtungen-fur-beinlangendifferenzen\/","og_locale":"de_DE","og_type":"article","og_title":"Schuhzurichtung\u00a0\u2013\u00a0nichtoperative Behandlung\u00a0\u2013\u00a0Beinl\u00e4ngendifferenz","og_description":"Schuhzurichtungen k\u00f6nnen dabei helfen, die Beinl\u00e4ngen anzupassen und sind f\u00fcr viele Menschen die h\u00e4ufigste nichtoperative Behandlungsmethode zur Korrektur einer Beinl\u00e4ngendifferenz.","og_url":"https:\/\/www.reachyourheight.com\/de\/operations-und-behandlungsmoglichkeiten-zur-beinverlangerung\/schuhzurichtungen-fur-beinlangendifferenzen\/","og_site_name":"Reach Your Height: PRECICE Limb Lengthening System","article_modified_time":"2018-09-20T18:32:20+00:00","og_image":[{"url":"https:\/\/www.reachyourheight.com\/wp-content\/uploads\/2017\/04\/shoeliftsm.jpg","type":"","width":"","height":""}],"twitter_misc":{"Gesch\u00e4tzte Lesezeit":"4 Minuten"},"schema":{"@context":"https:\/\/schema.org","@graph":[{"@type":"WebPage","@id":"https:\/\/www.reachyourheight.com\/de\/operations-und-behandlungsmoglichkeiten-zur-beinverlangerung\/schuhzurichtungen-fur-beinlangendifferenzen\/","url":"https:\/\/www.reachyourheight.com\/de\/operations-und-behandlungsmoglichkeiten-zur-beinverlangerung\/schuhzurichtungen-fur-beinlangendifferenzen\/","name":"Schuhzurichtung\u00a0\u2013\u00a0nichtoperative Behandlung\u00a0\u2013\u00a0Beinl\u00e4ngendifferenz","isPartOf":{"@id":"https:\/\/www.reachyourheight.com\/#website"},"primaryImageOfPage":{"@id":"https:\/\/www.reachyourheight.com\/de\/operations-und-behandlungsmoglichkeiten-zur-beinverlangerung\/schuhzurichtungen-fur-beinlangendifferenzen\/#primaryimage"},"image":{"@id":"https:\/\/www.reachyourheight.com\/de\/operations-und-behandlungsmoglichkeiten-zur-beinverlangerung\/schuhzurichtungen-fur-beinlangendifferenzen\/#primaryimage"},"thumbnailUrl":"https:\/\/nuvasiveso.wpengine.com\/wp-content\/uploads\/2017\/04\/shoe450.png","datePublished":"2018-06-26T15:31:57+00:00","dateModified":"2018-09-20T18:32:20+00:00","description":"Schuhzurichtungen k\u00f6nnen dabei helfen, die Beinl\u00e4ngen anzupassen und sind f\u00fcr viele Menschen die h\u00e4ufigste nichtoperative Behandlungsmethode zur Korrektur einer Beinl\u00e4ngendifferenz.","breadcrumb":{"@id":"https:\/\/www.reachyourheight.com\/de\/operations-und-behandlungsmoglichkeiten-zur-beinverlangerung\/schuhzurichtungen-fur-beinlangendifferenzen\/#breadcrumb"},"inLanguage":"de-DE","potentialAction":[{"@type":"ReadAction","target":["https:\/\/www.reachyourheight.com\/de\/operations-und-behandlungsmoglichkeiten-zur-beinverlangerung\/schuhzurichtungen-fur-beinlangendifferenzen\/"]}]},{"@type":"ImageObject","inLanguage":"de-DE","@id":"https:\/\/www.reachyourheight.com\/de\/operations-und-behandlungsmoglichkeiten-zur-beinverlangerung\/schuhzurichtungen-fur-beinlangendifferenzen\/#primaryimage","url":"https:\/\/nuvasiveso.wpengine.com\/wp-content\/uploads\/2017\/04\/shoe450.png","contentUrl":"https:\/\/nuvasiveso.wpengine.com\/wp-content\/uploads\/2017\/04\/shoe450.png"},{"@type":"BreadcrumbList","@id":"https:\/\/www.reachyourheight.com\/de\/operations-und-behandlungsmoglichkeiten-zur-beinverlangerung\/schuhzurichtungen-fur-beinlangendifferenzen\/#breadcrumb","itemListElement":[{"@type":"ListItem","position":1,"name":"Home","item":"https:\/\/www.reachyourheight.com\/de\/"},{"@type":"ListItem","position":2,"name":"Operations- und Behandlungsm\u00f6glichkeiten zur Beinverl\u00e4ngerung","item":"https:\/\/www.reachyourheight.com\/de\/operations-und-behandlungsmoglichkeiten-zur-beinverlangerung\/"},{"@type":"ListItem","position":3,"name":"Schuherh\u00f6hung f\u00fcr Beinl\u00e4ngendifferenzen"}]},{"@type":"WebSite","@id":"https:\/\/www.reachyourheight.com\/#website","url":"https:\/\/www.reachyourheight.com\/","name":"Reach Your Height: PRECICE Limb Lengthening System","description":"Reach Your Height: PRECICE Limb Lengthening System","potentialAction":[{"@type":"SearchAction","target":{"@type":"EntryPoint","urlTemplate":"https:\/\/www.reachyourheight.com\/?s={search_term_string}"},"query-input":{"@type":"PropertyValueSpecification","valueRequired":true,"valueName":"search_term_string"}}],"inLanguage":"de-DE"}]}},"_links":{"self":[{"href":"https:\/\/www.reachyourheight.com\/de\/wp-json\/wp\/v2\/pages\/1425","targetHints":{"allow":["GET"]}}],"collection":[{"href":"https:\/\/www.reachyourheight.com\/de\/wp-json\/wp\/v2\/pages"}],"about":[{"href":"https:\/\/www.reachyourheight.com\/de\/wp-json\/wp\/v2\/types\/page"}],"author":[{"embeddable":true,"href":"https:\/\/www.reachyourheight.com\/de\/wp-json\/wp\/v2\/users\/2"}],"replies":[{"embeddable":true,"href":"https:\/\/www.reachyourheight.com\/de\/wp-json\/wp\/v2\/comments?post=1425"}],"version-history":[{"count":0,"href":"https:\/\/www.reachyourheight.com\/de\/wp-json\/wp\/v2\/pages\/1425\/revisions"}],"up":[{"embeddable":true,"href":"https:\/\/www.reachyourheight.com\/de\/wp-json\/wp\/v2\/pages\/1510"}],"wp:attachment":[{"href":"https:\/\/www.reachyourheight.com\/de\/wp-json\/wp\/v2\/media?parent=1425"}],"curies":[{"name":"wp","href":"https:\/\/api.w.org\/{rel}","templated":true}]}}