{"id":1426,"date":"2018-06-26T15:31:58","date_gmt":"2018-06-26T15:31:58","guid":{"rendered":"http:\/\/www.reachyourheight.com\/knochenverkurzung-bei-beinlangendifferenzen\/"},"modified":"2020-12-15T19:12:30","modified_gmt":"2020-12-15T19:12:30","slug":"knochenverkurzung-bei-beinlangendifferenzen","status":"publish","type":"page","link":"https:\/\/www.reachyourheight.com\/de\/operations-und-behandlungsmoglichkeiten-zur-beinverlangerung\/knochenverkurzung-bei-beinlangendifferenzen\/","title":{"rendered":"Knochenverk\u00fcrzung bei Beinl\u00e4ngendifferenzen"},"content":{"rendered":"<p><div class=\"fusion-fullwidth fullwidth-box fusion-builder-row-1 fusion-parallax-none nonhundred-percent-fullwidth non-hundred-percent-height-scrolling fusion-equal-height-columns fusion-no-medium-visibility fusion-no-large-visibility\" style=\"--awb-border-radius-top-left:0px;--awb-border-radius-top-right:0px;--awb-border-radius-bottom-right:0px;--awb-border-radius-bottom-left:0px;--awb-background-image:url(&quot;https:\/\/www.reachyourheight.com\/wp-content\/uploads\/2014\/12\/success-stories-1.png&quot;);--awb-background-size:cover;--awb-flex-wrap:wrap;\" ><div class=\"fusion-builder-row fusion-row\"><div class=\"fusion-layout-column fusion_builder_column fusion-builder-column-0 fusion_builder_column_1_1 1_1 fusion-one-full fusion-column-first fusion-column-last\" style=\"--awb-bg-size:cover;\"><div class=\"fusion-column-wrapper fusion-flex-column-wrapper-legacy\"><div class=\"fusion-column-content-centered\"><div class=\"fusion-column-content\"><div class=\"fusion-text fusion-text-1\"><p style=\"padding-bottom: 0; margin-bottom: 0;\"><a style=\"text-decoration: none; color: #fff; font-weight: bold; text-align: center; letter-spacing: .5px; transition: .2s ease-out; cursor: pointer; border: none; display: inline-block; line-height: 64px; vertical-align: middle; width: 100%; font-size: 22px;\" href=\"\/find-a-doctor\/\">Find A Surgeon<\/a><\/p>\n<\/div><\/div><\/div><div class=\"fusion-clearfix\"><\/div><\/div><\/div><\/div><\/div>\n<div class=\"fusion-fullwidth fullwidth-box fusion-builder-row-2 nonhundred-percent-fullwidth non-hundred-percent-height-scrolling\" style=\"--awb-border-radius-top-left:0px;--awb-border-radius-top-right:0px;--awb-border-radius-bottom-right:0px;--awb-border-radius-bottom-left:0px;--awb-padding-top:25px;--awb-padding-bottom:60px;--awb-flex-wrap:wrap;\" ><div class=\"fusion-builder-row fusion-row\"><div class=\"fusion-layout-column fusion_builder_column fusion-builder-column-1 fusion_builder_column_1_1 1_1 fusion-one-full fusion-column-first fusion-column-last\" style=\"--awb-bg-size:cover;\"><div class=\"fusion-column-wrapper fusion-flex-column-wrapper-legacy\"><div class=\"fusion-text fusion-text-2\"><p><img decoding=\"async\" class=\"alignright size-full wp-image-1148\" src=\"https:\/\/nuvasiveso.wpengine.com\/wp-content\/uploads\/2017\/04\/boneshortening450.png\" alt=\"\" width=\"209\" height=\"450\" srcset=\"https:\/\/www.reachyourheight.com\/wp-content\/uploads\/2017\/04\/boneshortening450-139x300.png 139w, https:\/\/www.reachyourheight.com\/wp-content\/uploads\/2017\/04\/boneshortening450-200x431.png 200w, https:\/\/www.reachyourheight.com\/wp-content\/uploads\/2017\/04\/boneshortening450.png 209w\" sizes=\"(max-width: 209px) 100vw, 209px\" \/><\/p>\n<p>Leg shortening or restricting is considered for smaller differences in leg length (usually less than 5 cm or 2 in.). The longer bone is cut, and a section is removed. Then the ends of the cut bone are joined together.<\/p>\n<p>During healing, fixation is necessary to hold the bone in place. Either a metal rod is inserted down the center of the bone, or a metal plate with screws is placed on the bone. This metal rod is usually removed after one year.<\/p>\n<p>Bone shortening can pose significant risks and, in the case of a leg length discrepancy, it will make your full potential height shorter than if leg lengthening surgery was used to achieve limb equality. If too much length is removed from a bone, muscle weakness can be a permanent side effect. Additionally, there is a risk of nonunion, when a bone fails to heal properly, causing pain that may last months or even years.<\/p>\n<p>After bone shortening surgery, it is common to spend two to three weeks in the hospital, and sometimes a cast may be placed on the leg for three to four weeks. Muscle weakness is common, but it often can be resolved with physical therapy. Crutches are generally necessary for six to eight weeks, and it may take six to 12 weeks to regain normal knee control and function.<\/p>\n<\/div><div class=\"fusion-clearfix\"><\/div><\/div><\/div><\/div><\/div><div class=\"fusion-fullwidth fullwidth-box fusion-builder-row-3 nonhundred-percent-fullwidth non-hundred-percent-height-scrolling fusion-equal-height-columns cta\" style=\"--awb-border-radius-top-left:0px;--awb-border-radius-top-right:0px;--awb-border-radius-bottom-right:0px;--awb-border-radius-bottom-left:0px;--awb-padding-bottom:60px;--awb-flex-wrap:wrap;\" ><div class=\"fusion-builder-row fusion-row\"><div class=\"fusion-layout-column fusion_builder_column fusion-builder-column-2 fusion_builder_column_1_3 1_3 fusion-one-third fusion-column-first\" style=\"--awb-padding-top:94px;--awb-padding-bottom:94px;--awb-bg-color:#0099cc;--awb-bg-color-hover:#0099cc;--awb-bg-image:url(&#039;https:\/\/nuvasiveso.wpengine.com\/wp-content\/uploads\/2014\/12\/blue-docs.jpg&#039;);--awb-bg-position:center center;--awb-bg-size:cover;--awb-margin-bottom:0px;width:33.3333333333%;width:calc(33.3333333333% - ( ( 4% + 4% ) * 0.333333333333 ) );margin-right: 4%;\"><div class=\"fusion-column-wrapper fusion-flex-column-wrapper-legacy fusion-column-has-bg-image\" data-bg-url=\"https:\/\/nuvasiveso.wpengine.com\/wp-content\/uploads\/2014\/12\/blue-docs.jpg\"><div class=\"fusion-column-content-centered\"><div class=\"fusion-column-content\"><div class=\"fusion-text fusion-text-3\"><h2 style=\"text-align: center;\">Ready To Take<br \/>\nThe Next Step?<\/h2>\n<p style=\"text-align: center;\"><a href=\"https:\/\/www.reachyourheight.com\/de\/finden-sie-einen-auf-beinverlangerungen-spezialisierten-chirurgen\/\">Find a surgeon<\/a><\/p>\n<\/div><\/div><\/div><div class=\"fusion-clearfix\"><\/div><\/div><\/div><div class=\"fusion-layout-column fusion_builder_column fusion-builder-column-3 fusion_builder_column_1_3 1_3 fusion-one-third\" style=\"--awb-padding-top:94px;--awb-padding-right:0px;--awb-padding-bottom:94px;--awb-padding-left:0px;--awb-bg-color:#a8b400;--awb-bg-color-hover:#a8b400;--awb-bg-image:url(&#039;https:\/\/nuvasiveso.wpengine.com\/wp-content\/uploads\/2014\/12\/success-stories.png&#039;);--awb-bg-position:center center;--awb-bg-size:cover;--awb-margin-bottom:0px;width:33.3333333333%;width:calc(33.3333333333% - ( ( 4% + 4% ) * 0.333333333333 ) );margin-right: 4%;\"><div class=\"fusion-column-wrapper fusion-flex-column-wrapper-legacy fusion-column-has-bg-image\" data-bg-url=\"https:\/\/nuvasiveso.wpengine.com\/wp-content\/uploads\/2014\/12\/success-stories.png\"><div class=\"fusion-column-content-centered\"><div class=\"fusion-column-content\"><div class=\"fusion-text fusion-text-4\"><h2 class=\"title\" style=\"text-align: center;\">SUCCESS<br \/>\nSTORIES<\/h2>\n<p style=\"text-align: center;\"><a href=\"https:\/\/www.reachyourheight.com\/de\/patientengeschichten\/\">Hear from real LLD patients<br \/>\nabout their experiences<\/a><\/p>\n<\/div><\/div><\/div><div class=\"fusion-clearfix\"><\/div><\/div><\/div><div class=\"fusion-layout-column fusion_builder_column fusion-builder-column-4 fusion_builder_column_1_3 1_3 fusion-one-third fusion-column-last\" style=\"--awb-padding-top:94px;--awb-padding-right:0px;--awb-padding-bottom:94px;--awb-padding-left:0px;--awb-bg-color:#f2df74;--awb-bg-color-hover:#f2df74;--awb-bg-image:url(&#039;https:\/\/nuvasiveso.wpengine.com\/wp-content\/uploads\/2017\/04\/blue-feet.png&#039;);--awb-bg-position:center center;--awb-bg-size:cover;--awb-margin-bottom:0px;width:33.3333333333%;width:calc(33.3333333333% - ( ( 4% + 4% ) * 0.333333333333 ) );\"><div class=\"fusion-column-wrapper fusion-flex-column-wrapper-legacy fusion-column-has-bg-image\" data-bg-url=\"https:\/\/nuvasiveso.wpengine.com\/wp-content\/uploads\/2017\/04\/blue-feet.png\"><div class=\"fusion-column-content-centered\"><div class=\"fusion-column-content\"><div class=\"fusion-text fusion-text-5\"><h2 class=\"title\" style=\"text-align: center;\">LIMB LENGTH<br \/>\nDISCREPANCY<\/h2>\n<p style=\"text-align: center;\"><a href=\"https:\/\/www.reachyourheight.com\/de\/uber-beinlangendifferenz\/\">Learn more about LLD and<br \/>\ntreatment options for patients<\/a><\/p>\n<\/div><\/div><\/div><div class=\"fusion-clearfix\"><\/div><\/div><\/div><\/div><\/div><\/p>\n","protected":false},"excerpt":{"rendered":"","protected":false},"author":2,"featured_media":0,"parent":1510,"menu_order":10,"comment_status":"closed","ping_status":"closed","template":"","meta":{"footnotes":""},"class_list":["post-1426","page","type-page","status-publish","hentry"],"yoast_head":"<!-- This site is optimized with the Yoast SEO plugin v27.4 - https:\/\/yoast.com\/product\/yoast-seo-wordpress\/ -->\n<title>Knochenverk\u00fcrzung\u00a0\u2013\u00a0Behandlung einer Beinl\u00e4ngendifferenz<\/title>\n<meta name=\"description\" content=\"Eine Beinl\u00e4ngendifferenz (Leg Length Discrepancy, LLD) kann durch Verk\u00fcrzen des l\u00e4ngeren Beins korrigiert werden. Eine Knochenverk\u00fcrzung kann in der Regel nur bei Kindern oder Erwachsenen, die gerade ausgewachsen sind, durchgef\u00fchrt werden.\" \/>\n<meta name=\"robots\" content=\"index, follow, max-snippet:-1, max-image-preview:large, max-video-preview:-1\" \/>\n<link rel=\"canonical\" href=\"https:\/\/www.reachyourheight.com\/de\/operations-und-behandlungsmoglichkeiten-zur-beinverlangerung\/knochenverkurzung-bei-beinlangendifferenzen\/\" \/>\n<meta property=\"og:locale\" content=\"de_DE\" \/>\n<meta property=\"og:type\" content=\"article\" \/>\n<meta property=\"og:title\" content=\"Knochenverk\u00fcrzung\u00a0\u2013\u00a0Behandlung einer Beinl\u00e4ngendifferenz\" \/>\n<meta property=\"og:description\" content=\"Eine Beinl\u00e4ngendifferenz (Leg Length Discrepancy, LLD) kann durch Verk\u00fcrzen des l\u00e4ngeren Beins korrigiert werden. Eine Knochenverk\u00fcrzung kann in der Regel nur bei Kindern oder Erwachsenen, die gerade ausgewachsen sind, durchgef\u00fchrt werden.\" \/>\n<meta property=\"og:url\" content=\"https:\/\/www.reachyourheight.com\/de\/operations-und-behandlungsmoglichkeiten-zur-beinverlangerung\/knochenverkurzung-bei-beinlangendifferenzen\/\" \/>\n<meta property=\"og:site_name\" content=\"Reach Your Height: PRECICE Limb Lengthening System\" \/>\n<meta property=\"article:modified_time\" content=\"2020-12-15T19:12:30+00:00\" \/>\n<meta property=\"og:image\" content=\"https:\/\/nuvasiveso.wpengine.com\/wp-content\/uploads\/2017\/04\/boneshortening450.png\" \/>\n<meta name=\"twitter:label1\" content=\"Gesch\u00e4tzte Lesezeit\" \/>\n\t<meta name=\"twitter:data1\" content=\"5 Minuten\" \/>\n<script type=\"application\/ld+json\" class=\"yoast-schema-graph\">{\"@context\":\"https:\\\/\\\/schema.org\",\"@graph\":[{\"@type\":\"WebPage\",\"@id\":\"https:\\\/\\\/www.reachyourheight.com\\\/de\\\/operations-und-behandlungsmoglichkeiten-zur-beinverlangerung\\\/knochenverkurzung-bei-beinlangendifferenzen\\\/\",\"url\":\"https:\\\/\\\/www.reachyourheight.com\\\/de\\\/operations-und-behandlungsmoglichkeiten-zur-beinverlangerung\\\/knochenverkurzung-bei-beinlangendifferenzen\\\/\",\"name\":\"Knochenverk\u00fcrzung\u00a0\u2013\u00a0Behandlung einer Beinl\u00e4ngendifferenz\",\"isPartOf\":{\"@id\":\"https:\\\/\\\/www.reachyourheight.com\\\/#website\"},\"primaryImageOfPage\":{\"@id\":\"https:\\\/\\\/www.reachyourheight.com\\\/de\\\/operations-und-behandlungsmoglichkeiten-zur-beinverlangerung\\\/knochenverkurzung-bei-beinlangendifferenzen\\\/#primaryimage\"},\"image\":{\"@id\":\"https:\\\/\\\/www.reachyourheight.com\\\/de\\\/operations-und-behandlungsmoglichkeiten-zur-beinverlangerung\\\/knochenverkurzung-bei-beinlangendifferenzen\\\/#primaryimage\"},\"thumbnailUrl\":\"https:\\\/\\\/nuvasiveso.wpengine.com\\\/wp-content\\\/uploads\\\/2017\\\/04\\\/boneshortening450.png\",\"datePublished\":\"2018-06-26T15:31:58+00:00\",\"dateModified\":\"2020-12-15T19:12:30+00:00\",\"description\":\"Eine Beinl\u00e4ngendifferenz (Leg Length Discrepancy, LLD) kann durch Verk\u00fcrzen des l\u00e4ngeren Beins korrigiert werden. Eine Knochenverk\u00fcrzung kann in der Regel nur bei Kindern oder Erwachsenen, die gerade ausgewachsen sind, durchgef\u00fchrt werden.\",\"breadcrumb\":{\"@id\":\"https:\\\/\\\/www.reachyourheight.com\\\/de\\\/operations-und-behandlungsmoglichkeiten-zur-beinverlangerung\\\/knochenverkurzung-bei-beinlangendifferenzen\\\/#breadcrumb\"},\"inLanguage\":\"de-DE\",\"potentialAction\":[{\"@type\":\"ReadAction\",\"target\":[\"https:\\\/\\\/www.reachyourheight.com\\\/de\\\/operations-und-behandlungsmoglichkeiten-zur-beinverlangerung\\\/knochenverkurzung-bei-beinlangendifferenzen\\\/\"]}]},{\"@type\":\"ImageObject\",\"inLanguage\":\"de-DE\",\"@id\":\"https:\\\/\\\/www.reachyourheight.com\\\/de\\\/operations-und-behandlungsmoglichkeiten-zur-beinverlangerung\\\/knochenverkurzung-bei-beinlangendifferenzen\\\/#primaryimage\",\"url\":\"https:\\\/\\\/nuvasiveso.wpengine.com\\\/wp-content\\\/uploads\\\/2017\\\/04\\\/boneshortening450.png\",\"contentUrl\":\"https:\\\/\\\/nuvasiveso.wpengine.com\\\/wp-content\\\/uploads\\\/2017\\\/04\\\/boneshortening450.png\"},{\"@type\":\"BreadcrumbList\",\"@id\":\"https:\\\/\\\/www.reachyourheight.com\\\/de\\\/operations-und-behandlungsmoglichkeiten-zur-beinverlangerung\\\/knochenverkurzung-bei-beinlangendifferenzen\\\/#breadcrumb\",\"itemListElement\":[{\"@type\":\"ListItem\",\"position\":1,\"name\":\"Home\",\"item\":\"https:\\\/\\\/www.reachyourheight.com\\\/de\\\/\"},{\"@type\":\"ListItem\",\"position\":2,\"name\":\"Operations- und Behandlungsm\u00f6glichkeiten zur Beinverl\u00e4ngerung\",\"item\":\"https:\\\/\\\/www.reachyourheight.com\\\/de\\\/operations-und-behandlungsmoglichkeiten-zur-beinverlangerung\\\/\"},{\"@type\":\"ListItem\",\"position\":3,\"name\":\"Knochenverk\u00fcrzung bei Beinl\u00e4ngendifferenzen\"}]},{\"@type\":\"WebSite\",\"@id\":\"https:\\\/\\\/www.reachyourheight.com\\\/#website\",\"url\":\"https:\\\/\\\/www.reachyourheight.com\\\/\",\"name\":\"Reach Your Height: PRECICE Limb Lengthening System\",\"description\":\"Reach Your Height: PRECICE Limb Lengthening System\",\"potentialAction\":[{\"@type\":\"SearchAction\",\"target\":{\"@type\":\"EntryPoint\",\"urlTemplate\":\"https:\\\/\\\/www.reachyourheight.com\\\/?s={search_term_string}\"},\"query-input\":{\"@type\":\"PropertyValueSpecification\",\"valueRequired\":true,\"valueName\":\"search_term_string\"}}],\"inLanguage\":\"de-DE\"}]}<\/script>\n<!-- \/ Yoast SEO plugin. -->","yoast_head_json":{"title":"Knochenverk\u00fcrzung\u00a0\u2013\u00a0Behandlung einer Beinl\u00e4ngendifferenz","description":"Eine Beinl\u00e4ngendifferenz (Leg Length Discrepancy, LLD) kann durch Verk\u00fcrzen des l\u00e4ngeren Beins korrigiert werden. Eine Knochenverk\u00fcrzung kann in der Regel nur bei Kindern oder Erwachsenen, die gerade ausgewachsen sind, durchgef\u00fchrt werden.","robots":{"index":"index","follow":"follow","max-snippet":"max-snippet:-1","max-image-preview":"max-image-preview:large","max-video-preview":"max-video-preview:-1"},"canonical":"https:\/\/www.reachyourheight.com\/de\/operations-und-behandlungsmoglichkeiten-zur-beinverlangerung\/knochenverkurzung-bei-beinlangendifferenzen\/","og_locale":"de_DE","og_type":"article","og_title":"Knochenverk\u00fcrzung\u00a0\u2013\u00a0Behandlung einer Beinl\u00e4ngendifferenz","og_description":"Eine Beinl\u00e4ngendifferenz (Leg Length Discrepancy, LLD) kann durch Verk\u00fcrzen des l\u00e4ngeren Beins korrigiert werden. Eine Knochenverk\u00fcrzung kann in der Regel nur bei Kindern oder Erwachsenen, die gerade ausgewachsen sind, durchgef\u00fchrt werden.","og_url":"https:\/\/www.reachyourheight.com\/de\/operations-und-behandlungsmoglichkeiten-zur-beinverlangerung\/knochenverkurzung-bei-beinlangendifferenzen\/","og_site_name":"Reach Your Height: PRECICE Limb Lengthening System","article_modified_time":"2020-12-15T19:12:30+00:00","og_image":[{"url":"https:\/\/nuvasiveso.wpengine.com\/wp-content\/uploads\/2017\/04\/boneshortening450.png","type":"","width":"","height":""}],"twitter_misc":{"Gesch\u00e4tzte Lesezeit":"5 Minuten"},"schema":{"@context":"https:\/\/schema.org","@graph":[{"@type":"WebPage","@id":"https:\/\/www.reachyourheight.com\/de\/operations-und-behandlungsmoglichkeiten-zur-beinverlangerung\/knochenverkurzung-bei-beinlangendifferenzen\/","url":"https:\/\/www.reachyourheight.com\/de\/operations-und-behandlungsmoglichkeiten-zur-beinverlangerung\/knochenverkurzung-bei-beinlangendifferenzen\/","name":"Knochenverk\u00fcrzung\u00a0\u2013\u00a0Behandlung einer Beinl\u00e4ngendifferenz","isPartOf":{"@id":"https:\/\/www.reachyourheight.com\/#website"},"primaryImageOfPage":{"@id":"https:\/\/www.reachyourheight.com\/de\/operations-und-behandlungsmoglichkeiten-zur-beinverlangerung\/knochenverkurzung-bei-beinlangendifferenzen\/#primaryimage"},"image":{"@id":"https:\/\/www.reachyourheight.com\/de\/operations-und-behandlungsmoglichkeiten-zur-beinverlangerung\/knochenverkurzung-bei-beinlangendifferenzen\/#primaryimage"},"thumbnailUrl":"https:\/\/nuvasiveso.wpengine.com\/wp-content\/uploads\/2017\/04\/boneshortening450.png","datePublished":"2018-06-26T15:31:58+00:00","dateModified":"2020-12-15T19:12:30+00:00","description":"Eine Beinl\u00e4ngendifferenz (Leg Length Discrepancy, LLD) kann durch Verk\u00fcrzen des l\u00e4ngeren Beins korrigiert werden. Eine Knochenverk\u00fcrzung kann in der Regel nur bei Kindern oder Erwachsenen, die gerade ausgewachsen sind, durchgef\u00fchrt werden.","breadcrumb":{"@id":"https:\/\/www.reachyourheight.com\/de\/operations-und-behandlungsmoglichkeiten-zur-beinverlangerung\/knochenverkurzung-bei-beinlangendifferenzen\/#breadcrumb"},"inLanguage":"de-DE","potentialAction":[{"@type":"ReadAction","target":["https:\/\/www.reachyourheight.com\/de\/operations-und-behandlungsmoglichkeiten-zur-beinverlangerung\/knochenverkurzung-bei-beinlangendifferenzen\/"]}]},{"@type":"ImageObject","inLanguage":"de-DE","@id":"https:\/\/www.reachyourheight.com\/de\/operations-und-behandlungsmoglichkeiten-zur-beinverlangerung\/knochenverkurzung-bei-beinlangendifferenzen\/#primaryimage","url":"https:\/\/nuvasiveso.wpengine.com\/wp-content\/uploads\/2017\/04\/boneshortening450.png","contentUrl":"https:\/\/nuvasiveso.wpengine.com\/wp-content\/uploads\/2017\/04\/boneshortening450.png"},{"@type":"BreadcrumbList","@id":"https:\/\/www.reachyourheight.com\/de\/operations-und-behandlungsmoglichkeiten-zur-beinverlangerung\/knochenverkurzung-bei-beinlangendifferenzen\/#breadcrumb","itemListElement":[{"@type":"ListItem","position":1,"name":"Home","item":"https:\/\/www.reachyourheight.com\/de\/"},{"@type":"ListItem","position":2,"name":"Operations- und Behandlungsm\u00f6glichkeiten zur Beinverl\u00e4ngerung","item":"https:\/\/www.reachyourheight.com\/de\/operations-und-behandlungsmoglichkeiten-zur-beinverlangerung\/"},{"@type":"ListItem","position":3,"name":"Knochenverk\u00fcrzung bei Beinl\u00e4ngendifferenzen"}]},{"@type":"WebSite","@id":"https:\/\/www.reachyourheight.com\/#website","url":"https:\/\/www.reachyourheight.com\/","name":"Reach Your Height: PRECICE Limb Lengthening System","description":"Reach Your Height: PRECICE Limb Lengthening System","potentialAction":[{"@type":"SearchAction","target":{"@type":"EntryPoint","urlTemplate":"https:\/\/www.reachyourheight.com\/?s={search_term_string}"},"query-input":{"@type":"PropertyValueSpecification","valueRequired":true,"valueName":"search_term_string"}}],"inLanguage":"de-DE"}]}},"_links":{"self":[{"href":"https:\/\/www.reachyourheight.com\/de\/wp-json\/wp\/v2\/pages\/1426","targetHints":{"allow":["GET"]}}],"collection":[{"href":"https:\/\/www.reachyourheight.com\/de\/wp-json\/wp\/v2\/pages"}],"about":[{"href":"https:\/\/www.reachyourheight.com\/de\/wp-json\/wp\/v2\/types\/page"}],"author":[{"embeddable":true,"href":"https:\/\/www.reachyourheight.com\/de\/wp-json\/wp\/v2\/users\/2"}],"replies":[{"embeddable":true,"href":"https:\/\/www.reachyourheight.com\/de\/wp-json\/wp\/v2\/comments?post=1426"}],"version-history":[{"count":0,"href":"https:\/\/www.reachyourheight.com\/de\/wp-json\/wp\/v2\/pages\/1426\/revisions"}],"up":[{"embeddable":true,"href":"https:\/\/www.reachyourheight.com\/de\/wp-json\/wp\/v2\/pages\/1510"}],"wp:attachment":[{"href":"https:\/\/www.reachyourheight.com\/de\/wp-json\/wp\/v2\/media?parent=1426"}],"curies":[{"name":"wp","href":"https:\/\/api.w.org\/{rel}","templated":true}]}}