{"id":1427,"date":"2018-06-26T15:31:58","date_gmt":"2018-06-26T15:31:58","guid":{"rendered":"http:\/\/www.reachyourheight.com\/operative-behandlung-epiphysiodese-wachstumsblockade\/"},"modified":"2020-12-15T19:32:39","modified_gmt":"2020-12-15T19:32:39","slug":"operative-behandlung-epiphysiodese-wachstumsblockade","status":"publish","type":"page","link":"https:\/\/www.reachyourheight.com\/de\/operations-und-behandlungsmoglichkeiten-zur-beinverlangerung\/operative-behandlung-epiphysiodese-wachstumsblockade\/","title":{"rendered":"Operative Behandlung\u00a0\u2013\u00a0Epiphysiodese (Wachstumsblockade)"},"content":{"rendered":"<p><div class=\"fusion-fullwidth fullwidth-box fusion-builder-row-1 fusion-parallax-none nonhundred-percent-fullwidth non-hundred-percent-height-scrolling fusion-equal-height-columns fusion-no-medium-visibility fusion-no-large-visibility\" style=\"--awb-border-radius-top-left:0px;--awb-border-radius-top-right:0px;--awb-border-radius-bottom-right:0px;--awb-border-radius-bottom-left:0px;--awb-background-image:url(&quot;https:\/\/www.reachyourheight.com\/wp-content\/uploads\/2014\/12\/success-stories-1.png&quot;);--awb-background-size:cover;--awb-flex-wrap:wrap;\" ><div class=\"fusion-builder-row fusion-row\"><div class=\"fusion-layout-column fusion_builder_column fusion-builder-column-0 fusion_builder_column_1_1 1_1 fusion-one-full fusion-column-first fusion-column-last\" style=\"--awb-bg-size:cover;\"><div class=\"fusion-column-wrapper fusion-flex-column-wrapper-legacy\"><div class=\"fusion-column-content-centered\"><div class=\"fusion-column-content\"><div class=\"fusion-text fusion-text-1\"><p style=\"padding-bottom: 0; margin-bottom: 0;\"><a style=\"text-decoration: none; color: #fff; font-weight: bold; text-align: center; letter-spacing: .5px; transition: .2s ease-out; cursor: pointer; border: none; display: inline-block; line-height: 64px; vertical-align: middle; width: 100%; font-size: 22px;\" href=\"\/find-a-doctor\/\">Find A Surgeon<\/a><\/p>\n<\/div><\/div><\/div><div class=\"fusion-clearfix\"><\/div><\/div><\/div><\/div><\/div>\n<div class=\"fusion-fullwidth fullwidth-box fusion-builder-row-2 nonhundred-percent-fullwidth non-hundred-percent-height-scrolling\" style=\"--awb-border-radius-top-left:0px;--awb-border-radius-top-right:0px;--awb-border-radius-bottom-right:0px;--awb-border-radius-bottom-left:0px;--awb-padding-top:25px;--awb-padding-bottom:60px;--awb-flex-wrap:wrap;\" ><div class=\"fusion-builder-row fusion-row\"><div class=\"fusion-layout-column fusion_builder_column fusion-builder-column-1 fusion_builder_column_1_1 1_1 fusion-one-full fusion-column-first fusion-column-last\" style=\"--awb-bg-size:cover;\"><div class=\"fusion-column-wrapper fusion-flex-column-wrapper-legacy\"><div class=\"fusion-text fusion-text-2\"><div id=\"attachment_820\" style=\"width: 251px\" class=\"wp-caption alignright\"><img decoding=\"async\" aria-describedby=\"caption-attachment-820\" class=\"size-full wp-image-820\" src=\"\/wp-content\/uploads\/2017\/04\/growtharrest.jpg\" alt=\"\" width=\"241\" height=\"305\" srcset=\"https:\/\/www.reachyourheight.com\/wp-content\/uploads\/2017\/04\/growtharrest-200x253.jpg 200w, https:\/\/www.reachyourheight.com\/wp-content\/uploads\/2017\/04\/growtharrest-237x300.jpg 237w, https:\/\/www.reachyourheight.com\/wp-content\/uploads\/2017\/04\/growtharrest.jpg 241w\" sizes=\"(max-width: 241px) 100vw, 241px\" \/><p id=\"caption-attachment-820\" class=\"wp-caption-text\">Schrauben und Platten werden in den Knochen ober- und unterhalb der Wachstumsfuge eingesetzt, die dadurch am Wachsen gehindert wird.<br \/>\u00c4rzte k\u00f6nnen auch Knorpel ausschaben und so das Wachstum dauerhaft stoppen.<\/p><\/div>\n<p>Eine Methode zur Korrektur einer Beinl\u00e4ngendifferenz ist die Verlangsamung des Wachstums des l\u00e4ngeren Beins, damit das k\u00fcrzere Bein die Gelegenheit hat, dem Wachstum des l\u00e4ngeren Beins nachzukommen.<\/p>\n<p>Bei Kindern, bei denen sich die Knochen noch im Wachstum befinden, kann die Korrektur der Beinl\u00e4ngendifferenz mit einer Operation erfolgen, die das Wachstum in der l\u00e4ngeren Extremit\u00e4t verz\u00f6gert oder stoppt. F\u00fcr Erwachsene ist dieses Verfahren nicht geeignet.<\/p>\n<p>Jeder der langen Knochen in Ihrem Bein (Oberschenkelknochen, Schienbein und Wadenbein) hat eine Wachstumsfuge oben und unten am Knochen. Ihr Arzt kann das Wachstum eines Knochens auf unterschiedliche Weise verlangsamen, indem er eine oder mehrere Wachstumsfugen in den Knochen des l\u00e4ngeren Beins behandelt.<\/p>\n<p>Eine Epiphysiodese ist ein bei Kindern durchgef\u00fchrtes Verfahren, bei dem die Wachstumsfuge (Epiphyse)\u00a0\u2013\u00a0vor\u00fcbergehend oder dauerhaft\u00a0\u2013\u00a0fusioniert wird, um das Wachstum des Knochens im guten Bein zu blockieren. Damit wird die Beinl\u00e4ngendifferenz aber nicht sofort behoben. Vielmehr wird die Beinl\u00e4ngendifferenz mit zunehmendem Wachstum der k\u00fcrzeren Extremit\u00e4t immer geringf\u00fcgiger.<\/p>\n<p><img decoding=\"async\" class=\"size-full wp-image-1149 alignright\" src=\"\/wp-content\/uploads\/2017\/04\/growtharr450.png\" alt=\"\" width=\"236\" height=\"450\" srcset=\"https:\/\/www.reachyourheight.com\/wp-content\/uploads\/2017\/04\/growtharr450-157x300.png 157w, https:\/\/www.reachyourheight.com\/wp-content\/uploads\/2017\/04\/growtharr450-200x381.png 200w, https:\/\/www.reachyourheight.com\/wp-content\/uploads\/2017\/04\/growtharr450.png 236w\" sizes=\"(max-width: 236px) 100vw, 236px\" \/>Es gibt mehrere h\u00e4ufig eingesetzte Methoden f\u00fcr eine operative Wachstumsblockade (Epiphysiodese). \u00c4rzte k\u00f6nnen die Wachstumsfuge anbohren, Schrauben in die Wachstumsfuge einsetzen oder jede Seite der Wachstumsfuge mit einer kleinen Platte versperren, damit der Knochen am Wachsen gehindert wird. Sie k\u00f6nnen auch verbleibenden Knorpel dauerhaft entfernen, um das Wachstum zu stoppen.<\/p>\n<p>Eine Wachstumsblockade kann bei einer gro\u00dfen Beinl\u00e4ngendifferenz in Verbindung mit einer Beinverl\u00e4ngerungsoperation eingesetzt werden, um zu vermeiden, dass zus\u00e4tzliche Verl\u00e4ngerungsverfahren ben\u00f6tigt werden. Wenn Sie zum Beispiel eine Ungleichheit von 10\u00a0cm aufweisen und bereits 7\u00a0cm durch eine Verl\u00e4ngerung dazugewonnen wurden, k\u00f6nnte eine Wachstumsblockade der Extremit\u00e4t zur Angleichung an die fehlenden 3\u00a0cm angewendet werden, ohne dass eine weitere Operation n\u00f6tig w\u00e4re.<\/p>\n<p>Der Zeitpunkt f\u00fcr dieses Verfahren ist dabei ausschlaggebend. Ein Arzt muss die m\u00f6gliche Gesamtk\u00f6rpergr\u00f6\u00dfe bestimmen und genau festlegen, zu welchem Zeitpunkt in der Pubert\u00e4t das Verfahren durchgef\u00fchrt werden soll, damit die Extremit\u00e4ten am Ende des Skelettwachstums nahezu gleich lang sind.<\/p>\n<p>Trotz aller technologischen Fortschritte in der Medizin, ist die genaue zeitliche Festlegung f\u00fcr die Durchf\u00fchrung einer Epiphysiodese immer noch nur eine auf wissenschaftlichen Erkenntnissen beruhende Vermutung. Der Arzt muss das verbleibende Wachstumspotenzial beurteilen und entscheiden, wann der richtige Zeitpunkt w\u00e4re, um das Wachstum zu stoppen, damit die gew\u00fcnschte Korrektur erreicht wird. Der Arzt muss sich zudem f\u00fcr die richtige(n) Wachstumsfuge(n) entscheiden, die er oder sie f\u00fcr die Korrektur blockieren m\u00f6chte.<\/p>\n<p>Dieser Beurteilungsprozess ist auch heute noch eine ungenaue Wissenschaft. In den meisten F\u00e4llen sollte Ihr Arzt jedoch in der Lage sein, den Zeitpunkt ziemlich genau bestimmen zu k\u00f6nnen. Es ist jedoch m\u00f6glich, dass die Beinl\u00e4ngen mit der Epiphysiodese entweder unter- oder \u00fcberkorrigiert werden.<\/p>\n<p>H\u00e4ufig finden Kinder und ihre Eltern diese Behandlungsoption nicht sehr ansprechend, da das l\u00e4ngere Bein effektiv verk\u00fcrzt wird und das gesunde Bein operiert werden muss.<\/p>\n<p>Au\u00dferdem basiert dieser operative Eingriff darauf, das Wachstum der l\u00e4ngeren Gliedma\u00dfe zu verz\u00f6gern, damit die k\u00fcrzere Gliedma\u00dfe an L\u00e4nge aufholen kann\u00a0\u2013\u00a0was im Fall einer Beinl\u00e4ngendifferenz bedeuten w\u00fcrde, dass der Patient kleiner wird als vorgesehen. Die verlorene K\u00f6rpergr\u00f6\u00dfe entspricht der L\u00e4nge der gew\u00fcnschten Korrektur der Beinl\u00e4ngendifferenz.<\/p>\n<p>Wenn der Patient zum Beispiel eine Beinl\u00e4ngendifferenz von 2\u00a0cm hat, w\u00fcrde der Patient potenziell 2\u00a0cm K\u00f6rpergr\u00f6\u00dfe verlieren, um gleich lange Beine zu erhalten. Wenn der Unterschied geringf\u00fcgig ist, sollte das den Patienten nicht weiter beunruhigen. F\u00fcr Patienten, die ohnehin nicht sehr gro\u00df sein w\u00fcrden, wenn sie ausgewachsen sind, k\u00f6nnte der Verlust von K\u00f6rpergr\u00f6\u00dfe jedoch nicht so leicht hinzunehmen sein.<\/p>\n<p>Hinweis: Wenn eine Epiphysiodese durchgef\u00fchrt wurde, aber am Ende des Wachstums immer noch eine Beinl\u00e4ngendifferenz vorliegt, stehen dem Patienten immer noch die anderen Verfahren zur Behebung der Beinl\u00e4ngendifferenz offen. Beispielsweise kann eine f\u00fcr das k\u00fcrzere Bein verwendet werden, wenn es sich nur noch um einen kleinen Unterschied handelt. Bei gr\u00f6\u00dferen Restunterschieden k\u00f6nnte die k\u00fcrzere Extremit\u00e4t verl\u00e4ngert oder die l\u00e4ngere verk\u00fcrzt werden, indem man ein St\u00fcck des Knochens entfernt.<\/p>\n<\/div><div class=\"fusion-clearfix\"><\/div><\/div><\/div><\/div><\/div><div class=\"fusion-fullwidth fullwidth-box fusion-builder-row-3 nonhundred-percent-fullwidth non-hundred-percent-height-scrolling fusion-equal-height-columns cta\" style=\"--awb-border-radius-top-left:0px;--awb-border-radius-top-right:0px;--awb-border-radius-bottom-right:0px;--awb-border-radius-bottom-left:0px;--awb-padding-bottom:60px;--awb-flex-wrap:wrap;\" ><div class=\"fusion-builder-row fusion-row\"><div class=\"fusion-layout-column fusion_builder_column fusion-builder-column-2 fusion_builder_column_1_3 1_3 fusion-one-third fusion-column-first\" style=\"--awb-padding-top:94px;--awb-padding-bottom:94px;--awb-bg-color:#0099cc;--awb-bg-color-hover:#0099cc;--awb-bg-image:url(&#039;\/wp-content\/uploads\/2014\/12\/blue-docs.jpg&#039;);--awb-bg-position:center center;--awb-bg-size:cover;--awb-margin-bottom:0px;width:33.3333333333%;width:calc(33.3333333333% - ( ( 4% + 4% ) * 0.333333333333 ) );margin-right: 4%;\"><div class=\"fusion-column-wrapper fusion-flex-column-wrapper-legacy fusion-column-has-bg-image\" data-bg-url=\"\/wp-content\/uploads\/2014\/12\/blue-docs.jpg\"><div class=\"fusion-column-content-centered\"><div class=\"fusion-column-content\"><div class=\"fusion-text fusion-text-3\"><h2 style=\"text-align: center;\">Bereit f\u00fcr<br \/>\nden n\u00e4chsten Schritt?<\/h2>\n<p><br class=\"xliff-newline\"\/><\/p>\n<p style=\"text-align: center;\"><a href=\"https:\/\/www.reachyourheight.com\/de\/finden-sie-einen-auf-beinverlangerungen-spezialisierten-chirurgen\/\">Einen Arzt finden<\/a><\/p>\n<\/div><\/div><\/div><div class=\"fusion-clearfix\"><\/div><\/div><\/div><div class=\"fusion-layout-column fusion_builder_column fusion-builder-column-3 fusion_builder_column_1_3 1_3 fusion-one-third\" style=\"--awb-padding-top:94px;--awb-padding-right:0px;--awb-padding-bottom:94px;--awb-padding-left:0px;--awb-bg-color:#a8b400;--awb-bg-color-hover:#a8b400;--awb-bg-image:url(&#039;\/wp-content\/uploads\/2014\/12\/success-stories.png&#039;);--awb-bg-position:center center;--awb-bg-size:cover;--awb-margin-bottom:0px;width:33.3333333333%;width:calc(33.3333333333% - ( ( 4% + 4% ) * 0.333333333333 ) );margin-right: 4%;\"><div class=\"fusion-column-wrapper fusion-flex-column-wrapper-legacy fusion-column-has-bg-image\" data-bg-url=\"\/wp-content\/uploads\/2014\/12\/success-stories.png\"><div class=\"fusion-column-content-centered\"><div class=\"fusion-column-content\"><div class=\"fusion-text fusion-text-4\"><h2 class=\"title\" style=\"text-align: center;\">PATIENTENGESCHICHTE<\/h2>\n<p style=\"text-align: center;\"><a href=\"https:\/\/www.reachyourheight.com\/de\/patientengeschichten\/\">Erfahren, wie es anderen<br \/>\nLLD-Patienten erging<\/a><\/p>\n<\/div><\/div><\/div><div class=\"fusion-clearfix\"><\/div><\/div><\/div><div class=\"fusion-layout-column fusion_builder_column fusion-builder-column-4 fusion_builder_column_1_3 1_3 fusion-one-third fusion-column-last\" style=\"--awb-padding-top:94px;--awb-padding-right:0px;--awb-padding-bottom:94px;--awb-padding-left:0px;--awb-bg-color:#f2df74;--awb-bg-color-hover:#f2df74;--awb-bg-image:url(&#039;\/wp-content\/uploads\/2017\/04\/blue-feet.png&#039;);--awb-bg-position:center center;--awb-bg-size:cover;--awb-margin-bottom:0px;width:33.3333333333%;width:calc(33.3333333333% - ( ( 4% + 4% ) * 0.333333333333 ) );\"><div class=\"fusion-column-wrapper fusion-flex-column-wrapper-legacy fusion-column-has-bg-image\" data-bg-url=\"\/wp-content\/uploads\/2017\/04\/blue-feet.png\"><div class=\"fusion-column-content-centered\"><div class=\"fusion-column-content\"><div class=\"fusion-text fusion-text-5\"><h2 class=\"title\" style=\"text-align: center;\">BEINL\u00c4NGEN-<br \/>\nDIFFERENZ<\/h2>\n<p>&nbsp;<\/p>\n<p style=\"text-align: center;\"><a href=\"https:\/\/www.reachyourheight.com\/de\/uber-beinlangendifferenz\/\">Mehr \u00fcber LLD und<br \/>\nBehandlungsoptionen f\u00fcr Patienten erfahren<\/a><\/p>\n<\/div><\/div><\/div><div class=\"fusion-clearfix\"><\/div><\/div><\/div><\/div><\/div><\/p>\n","protected":false},"excerpt":{"rendered":"","protected":false},"author":2,"featured_media":0,"parent":1510,"menu_order":20,"comment_status":"closed","ping_status":"closed","template":"","meta":{"footnotes":""},"class_list":["post-1427","page","type-page","status-publish","hentry"],"yoast_head":"<!-- This site is optimized with the Yoast SEO plugin v27.4 - https:\/\/yoast.com\/product\/yoast-seo-wordpress\/ -->\n<title>Epiphysiodese (Wachstumsblockade)\u00a0\u2013\u00a0Behandlung einer Beinl\u00e4ngendifferenz<\/title>\n<meta name=\"description\" content=\"Eine Epiphysiodese ist ein bei Kindern durchgef\u00fchrtes Verfahren, bei dem die Wachstumsfuge (Epiphyse)\u00a0\u2013\u00a0vor\u00fcbergehend oder dauerhaft\u00a0\u2013\u00a0fusioniert wird, um das Wachstum des Knochens im guten Bein zu blockieren.\" \/>\n<meta name=\"robots\" content=\"index, follow, max-snippet:-1, max-image-preview:large, max-video-preview:-1\" \/>\n<link rel=\"canonical\" href=\"https:\/\/www.reachyourheight.com\/de\/operations-und-behandlungsmoglichkeiten-zur-beinverlangerung\/operative-behandlung-epiphysiodese-wachstumsblockade\/\" \/>\n<meta property=\"og:locale\" content=\"de_DE\" \/>\n<meta property=\"og:type\" content=\"article\" \/>\n<meta property=\"og:title\" content=\"Epiphysiodese (Wachstumsblockade)\u00a0\u2013\u00a0Behandlung einer Beinl\u00e4ngendifferenz\" \/>\n<meta property=\"og:description\" content=\"Eine Epiphysiodese ist ein bei Kindern durchgef\u00fchrtes Verfahren, bei dem die Wachstumsfuge (Epiphyse)\u00a0\u2013\u00a0vor\u00fcbergehend oder dauerhaft\u00a0\u2013\u00a0fusioniert wird, um das Wachstum des Knochens im guten Bein zu blockieren.\" \/>\n<meta property=\"og:url\" content=\"https:\/\/www.reachyourheight.com\/de\/operations-und-behandlungsmoglichkeiten-zur-beinverlangerung\/operative-behandlung-epiphysiodese-wachstumsblockade\/\" \/>\n<meta property=\"og:site_name\" content=\"Reach Your Height: PRECICE Limb Lengthening System\" \/>\n<meta property=\"article:modified_time\" content=\"2020-12-15T19:32:39+00:00\" \/>\n<meta property=\"og:image\" content=\"https:\/\/www.reachyourheight.com\/wp-content\/uploads\/2017\/04\/growtharrest.jpg\" \/>\n<meta name=\"twitter:label1\" content=\"Gesch\u00e4tzte Lesezeit\" \/>\n\t<meta name=\"twitter:data1\" content=\"7 Minuten\" \/>\n<script type=\"application\/ld+json\" class=\"yoast-schema-graph\">{\"@context\":\"https:\\\/\\\/schema.org\",\"@graph\":[{\"@type\":\"WebPage\",\"@id\":\"https:\\\/\\\/www.reachyourheight.com\\\/de\\\/operations-und-behandlungsmoglichkeiten-zur-beinverlangerung\\\/operative-behandlung-epiphysiodese-wachstumsblockade\\\/\",\"url\":\"https:\\\/\\\/www.reachyourheight.com\\\/de\\\/operations-und-behandlungsmoglichkeiten-zur-beinverlangerung\\\/operative-behandlung-epiphysiodese-wachstumsblockade\\\/\",\"name\":\"Epiphysiodese (Wachstumsblockade)\u00a0\u2013\u00a0Behandlung einer Beinl\u00e4ngendifferenz\",\"isPartOf\":{\"@id\":\"https:\\\/\\\/www.reachyourheight.com\\\/#website\"},\"datePublished\":\"2018-06-26T15:31:58+00:00\",\"dateModified\":\"2020-12-15T19:32:39+00:00\",\"description\":\"Eine Epiphysiodese ist ein bei Kindern durchgef\u00fchrtes Verfahren, bei dem die Wachstumsfuge (Epiphyse)\u00a0\u2013\u00a0vor\u00fcbergehend oder dauerhaft\u00a0\u2013\u00a0fusioniert wird, um das Wachstum des Knochens im guten Bein zu blockieren.\",\"breadcrumb\":{\"@id\":\"https:\\\/\\\/www.reachyourheight.com\\\/de\\\/operations-und-behandlungsmoglichkeiten-zur-beinverlangerung\\\/operative-behandlung-epiphysiodese-wachstumsblockade\\\/#breadcrumb\"},\"inLanguage\":\"de-DE\",\"potentialAction\":[{\"@type\":\"ReadAction\",\"target\":[\"https:\\\/\\\/www.reachyourheight.com\\\/de\\\/operations-und-behandlungsmoglichkeiten-zur-beinverlangerung\\\/operative-behandlung-epiphysiodese-wachstumsblockade\\\/\"]}]},{\"@type\":\"BreadcrumbList\",\"@id\":\"https:\\\/\\\/www.reachyourheight.com\\\/de\\\/operations-und-behandlungsmoglichkeiten-zur-beinverlangerung\\\/operative-behandlung-epiphysiodese-wachstumsblockade\\\/#breadcrumb\",\"itemListElement\":[{\"@type\":\"ListItem\",\"position\":1,\"name\":\"Home\",\"item\":\"https:\\\/\\\/www.reachyourheight.com\\\/de\\\/\"},{\"@type\":\"ListItem\",\"position\":2,\"name\":\"Operations- und Behandlungsm\u00f6glichkeiten zur Beinverl\u00e4ngerung\",\"item\":\"https:\\\/\\\/www.reachyourheight.com\\\/de\\\/operations-und-behandlungsmoglichkeiten-zur-beinverlangerung\\\/\"},{\"@type\":\"ListItem\",\"position\":3,\"name\":\"Operative Behandlung\u00a0\u2013\u00a0Epiphysiodese (Wachstumsblockade)\"}]},{\"@type\":\"WebSite\",\"@id\":\"https:\\\/\\\/www.reachyourheight.com\\\/#website\",\"url\":\"https:\\\/\\\/www.reachyourheight.com\\\/\",\"name\":\"Reach Your Height: PRECICE Limb Lengthening System\",\"description\":\"Reach Your Height: PRECICE Limb Lengthening System\",\"potentialAction\":[{\"@type\":\"SearchAction\",\"target\":{\"@type\":\"EntryPoint\",\"urlTemplate\":\"https:\\\/\\\/www.reachyourheight.com\\\/?s={search_term_string}\"},\"query-input\":{\"@type\":\"PropertyValueSpecification\",\"valueRequired\":true,\"valueName\":\"search_term_string\"}}],\"inLanguage\":\"de-DE\"}]}<\/script>\n<!-- \/ Yoast SEO plugin. -->","yoast_head_json":{"title":"Epiphysiodese (Wachstumsblockade)\u00a0\u2013\u00a0Behandlung einer Beinl\u00e4ngendifferenz","description":"Eine Epiphysiodese ist ein bei Kindern durchgef\u00fchrtes Verfahren, bei dem die Wachstumsfuge (Epiphyse)\u00a0\u2013\u00a0vor\u00fcbergehend oder dauerhaft\u00a0\u2013\u00a0fusioniert wird, um das Wachstum des Knochens im guten Bein zu blockieren.","robots":{"index":"index","follow":"follow","max-snippet":"max-snippet:-1","max-image-preview":"max-image-preview:large","max-video-preview":"max-video-preview:-1"},"canonical":"https:\/\/www.reachyourheight.com\/de\/operations-und-behandlungsmoglichkeiten-zur-beinverlangerung\/operative-behandlung-epiphysiodese-wachstumsblockade\/","og_locale":"de_DE","og_type":"article","og_title":"Epiphysiodese (Wachstumsblockade)\u00a0\u2013\u00a0Behandlung einer Beinl\u00e4ngendifferenz","og_description":"Eine Epiphysiodese ist ein bei Kindern durchgef\u00fchrtes Verfahren, bei dem die Wachstumsfuge (Epiphyse)\u00a0\u2013\u00a0vor\u00fcbergehend oder dauerhaft\u00a0\u2013\u00a0fusioniert wird, um das Wachstum des Knochens im guten Bein zu blockieren.","og_url":"https:\/\/www.reachyourheight.com\/de\/operations-und-behandlungsmoglichkeiten-zur-beinverlangerung\/operative-behandlung-epiphysiodese-wachstumsblockade\/","og_site_name":"Reach Your Height: PRECICE Limb Lengthening System","article_modified_time":"2020-12-15T19:32:39+00:00","og_image":[{"url":"https:\/\/www.reachyourheight.com\/wp-content\/uploads\/2017\/04\/growtharrest.jpg","type":"","width":"","height":""}],"twitter_misc":{"Gesch\u00e4tzte Lesezeit":"7 Minuten"},"schema":{"@context":"https:\/\/schema.org","@graph":[{"@type":"WebPage","@id":"https:\/\/www.reachyourheight.com\/de\/operations-und-behandlungsmoglichkeiten-zur-beinverlangerung\/operative-behandlung-epiphysiodese-wachstumsblockade\/","url":"https:\/\/www.reachyourheight.com\/de\/operations-und-behandlungsmoglichkeiten-zur-beinverlangerung\/operative-behandlung-epiphysiodese-wachstumsblockade\/","name":"Epiphysiodese (Wachstumsblockade)\u00a0\u2013\u00a0Behandlung einer Beinl\u00e4ngendifferenz","isPartOf":{"@id":"https:\/\/www.reachyourheight.com\/#website"},"datePublished":"2018-06-26T15:31:58+00:00","dateModified":"2020-12-15T19:32:39+00:00","description":"Eine Epiphysiodese ist ein bei Kindern durchgef\u00fchrtes Verfahren, bei dem die Wachstumsfuge (Epiphyse)\u00a0\u2013\u00a0vor\u00fcbergehend oder dauerhaft\u00a0\u2013\u00a0fusioniert wird, um das Wachstum des Knochens im guten Bein zu blockieren.","breadcrumb":{"@id":"https:\/\/www.reachyourheight.com\/de\/operations-und-behandlungsmoglichkeiten-zur-beinverlangerung\/operative-behandlung-epiphysiodese-wachstumsblockade\/#breadcrumb"},"inLanguage":"de-DE","potentialAction":[{"@type":"ReadAction","target":["https:\/\/www.reachyourheight.com\/de\/operations-und-behandlungsmoglichkeiten-zur-beinverlangerung\/operative-behandlung-epiphysiodese-wachstumsblockade\/"]}]},{"@type":"BreadcrumbList","@id":"https:\/\/www.reachyourheight.com\/de\/operations-und-behandlungsmoglichkeiten-zur-beinverlangerung\/operative-behandlung-epiphysiodese-wachstumsblockade\/#breadcrumb","itemListElement":[{"@type":"ListItem","position":1,"name":"Home","item":"https:\/\/www.reachyourheight.com\/de\/"},{"@type":"ListItem","position":2,"name":"Operations- und Behandlungsm\u00f6glichkeiten zur Beinverl\u00e4ngerung","item":"https:\/\/www.reachyourheight.com\/de\/operations-und-behandlungsmoglichkeiten-zur-beinverlangerung\/"},{"@type":"ListItem","position":3,"name":"Operative Behandlung\u00a0\u2013\u00a0Epiphysiodese (Wachstumsblockade)"}]},{"@type":"WebSite","@id":"https:\/\/www.reachyourheight.com\/#website","url":"https:\/\/www.reachyourheight.com\/","name":"Reach Your Height: PRECICE Limb Lengthening System","description":"Reach Your Height: PRECICE Limb Lengthening System","potentialAction":[{"@type":"SearchAction","target":{"@type":"EntryPoint","urlTemplate":"https:\/\/www.reachyourheight.com\/?s={search_term_string}"},"query-input":{"@type":"PropertyValueSpecification","valueRequired":true,"valueName":"search_term_string"}}],"inLanguage":"de-DE"}]}},"_links":{"self":[{"href":"https:\/\/www.reachyourheight.com\/de\/wp-json\/wp\/v2\/pages\/1427","targetHints":{"allow":["GET"]}}],"collection":[{"href":"https:\/\/www.reachyourheight.com\/de\/wp-json\/wp\/v2\/pages"}],"about":[{"href":"https:\/\/www.reachyourheight.com\/de\/wp-json\/wp\/v2\/types\/page"}],"author":[{"embeddable":true,"href":"https:\/\/www.reachyourheight.com\/de\/wp-json\/wp\/v2\/users\/2"}],"replies":[{"embeddable":true,"href":"https:\/\/www.reachyourheight.com\/de\/wp-json\/wp\/v2\/comments?post=1427"}],"version-history":[{"count":0,"href":"https:\/\/www.reachyourheight.com\/de\/wp-json\/wp\/v2\/pages\/1427\/revisions"}],"up":[{"embeddable":true,"href":"https:\/\/www.reachyourheight.com\/de\/wp-json\/wp\/v2\/pages\/1510"}],"wp:attachment":[{"href":"https:\/\/www.reachyourheight.com\/de\/wp-json\/wp\/v2\/media?parent=1427"}],"curies":[{"name":"wp","href":"https:\/\/api.w.org\/{rel}","templated":true}]}}