{"id":1428,"date":"2018-06-26T15:31:59","date_gmt":"2018-06-26T15:31:59","guid":{"rendered":"http:\/\/www.reachyourheight.com\/operative-behandlung-externe-fixierung\/"},"modified":"2019-06-14T18:38:13","modified_gmt":"2019-06-14T18:38:13","slug":"operative-behandlung-externe-fixierung","status":"publish","type":"page","link":"https:\/\/www.reachyourheight.com\/de\/operations-und-behandlungsmoglichkeiten-zur-beinverlangerung\/operative-behandlung-externe-fixierung\/","title":{"rendered":"Operative Behandlung\u00a0\u2013\u00a0Externe Fixierung"},"content":{"rendered":"<p><div class=\"fusion-fullwidth fullwidth-box fusion-builder-row-1 fusion-parallax-none nonhundred-percent-fullwidth non-hundred-percent-height-scrolling fusion-equal-height-columns fusion-no-medium-visibility fusion-no-large-visibility\" style=\"--awb-border-radius-top-left:0px;--awb-border-radius-top-right:0px;--awb-border-radius-bottom-right:0px;--awb-border-radius-bottom-left:0px;--awb-background-image:url(&quot;https:\/\/www.reachyourheight.com\/wp-content\/uploads\/2014\/12\/success-stories-1.png&quot;);--awb-background-size:cover;--awb-flex-wrap:wrap;\" ><div class=\"fusion-builder-row fusion-row\"><div class=\"fusion-layout-column fusion_builder_column fusion-builder-column-0 fusion_builder_column_1_1 1_1 fusion-one-full fusion-column-first fusion-column-last\" style=\"--awb-bg-size:cover;\"><div class=\"fusion-column-wrapper fusion-flex-column-wrapper-legacy\"><div class=\"fusion-column-content-centered\"><div class=\"fusion-column-content\"><div class=\"fusion-text fusion-text-1\"><p style=\"padding-bottom: 0; margin-bottom: 0;\"><a style=\"text-decoration: none; color: #fff; font-weight: bold; text-align: center; letter-spacing: .5px; transition: .2s ease-out; cursor: pointer; border: none; display: inline-block; line-height: 64px; vertical-align: middle; width: 100%; font-size: 22px;\" href=\"\/find-a-doctor\/\">Find A Surgeon<\/a><\/p>\n<\/div><\/div><\/div><div class=\"fusion-clearfix\"><\/div><\/div><\/div><\/div><\/div>\n<div class=\"fusion-fullwidth fullwidth-box fusion-builder-row-2 nonhundred-percent-fullwidth non-hundred-percent-height-scrolling\" style=\"--awb-border-radius-top-left:0px;--awb-border-radius-top-right:0px;--awb-border-radius-bottom-right:0px;--awb-border-radius-bottom-left:0px;--awb-padding-top:25px;--awb-padding-bottom:60px;--awb-flex-wrap:wrap;\" ><div class=\"fusion-builder-row fusion-row\"><div class=\"fusion-layout-column fusion_builder_column fusion-builder-column-1 fusion_builder_column_1_1 1_1 fusion-one-full fusion-column-first fusion-column-last\" style=\"--awb-bg-size:cover;\"><div class=\"fusion-column-wrapper fusion-flex-column-wrapper-legacy\"><div class=\"fusion-text fusion-text-2\"><div id=\"attachment_797\" style=\"width: 310px\" class=\"wp-caption alignright\"><img decoding=\"async\" aria-describedby=\"caption-attachment-797\" class=\"size-full wp-image-797\" src=\"https:\/\/nuvasiveso.wpengine.com\/wp-content\/uploads\/2017\/04\/RingPro_C_v4.jpg\" alt=\"\" width=\"300\" height=\"500\"\/><p id=\"caption-attachment-797\" class=\"wp-caption-text\">Einen Fixateur externe kann man sich als einen K\u00e4fig oder Rahmen vorstellen, der mit Spezialschrauben oder -dr\u00e4hten am Knochen befestigt wird. Der Fixateur befindet sich au\u00dfen am Bein, w\u00e4hrend die Schrauben oder Dr\u00e4hte durch die Haut im Knochen verankert werden. Durch die Verankerung dieser k\u00e4figartigen Vorrichtung am Bein und durch das Auseinanderziehen wird eine Verl\u00e4ngerung des Knochens erreicht.<\/p><\/div>\n<p>Diese Beinverl\u00e4ngerungsmethode funktioniert nach dem Prinzip der Knochenregeneration (Osteogenese) w\u00e4hrend die Knochen auseinandergezogen werden. Bei einer externen Fixierung wird eine individuell angepasste Vorrichtung operativ im Bein verankert. <\/p>\n<p>Um die Verl\u00e4ngerung durchf\u00fchren zu k\u00f6nnen, muss der Arzt den Knochen in zwei Teile schneiden. Jedes der zwei Knochenteile wird dann mit speziellen Knochenschrauben oder -dr\u00e4hten am Fixateur externe befestigt. Bei einem runden Festhalter wird jedes Knochenteil an einem separaten Ring befestigt. Bei Schienenfesthaltern wird jedes Knochenteil an einer eigenen Stiftklemme befestigt. Die Anpassungen zur Verl\u00e4ngerung des Beins werden dann am Fixateur externe vorgenommen. <\/p>\n<p>Runde Festhalter k\u00f6nnen spezielle N\u00e4gel, sogenannte Streben, aufweisen, die zwischen den Ringen platziert werden. Mit diesen Streben kann der Knochen verl\u00e4ngert, gedreht und\/oder in jede Richtung abgewinkelt werden. Der Vorteil dieser Art von Fixateur externe ist, dass sie sehr vielseitig ist. Sie kann gleichzeitig zur Korrektur von Gliedma\u00dfenl\u00e4ngen und Deformit\u00e4ten verwendet werden. Der Nachteil dieses Rahmens ist, dass er sehr sperrig und dadurch unangenehm zu tragen ist. Schienenartige Fixateur externe sind nicht so gro\u00df, aber weniger vielseitig in Bezug auf die Kombinierung einer schrittweisen Korrektur einer Deformit\u00e4t und der Beinl\u00e4nge. Zur Beinverl\u00e4ngerung kann jedoch jede Art von Fixateur externe verwendet werden. <\/p>\n<p><img decoding=\"async\" class=\"size-full wp-image-1150 alignright\" src=\"https:\/\/nuvasiveso.wpengine.com\/wp-content\/uploads\/2017\/04\/externalfix450.png\" alt=\"\" width=\"196\" height=\"450\" srcset=\"https:\/\/www.reachyourheight.com\/wp-content\/uploads\/2017\/04\/externalfix450-131x300.png 131w, https:\/\/www.reachyourheight.com\/wp-content\/uploads\/2017\/04\/externalfix450.png 196w\" sizes=\"(max-width: 196px) 100vw, 196px\" \/>Der Knochen wird operativ auseinandergeschnitten und der Rahmen erweitert sich, wenn die Streben verl\u00e4ngert werden, was mehrmals am Tag durchgef\u00fchrt wird. Die Beinverl\u00e4ngerung beginnt in der Regel f\u00fcnf bis sieben Tage nach der Operation und der Prozess kann bis zu einem Jahr und l\u00e4nger dauern. Der Fixateur externe bleibt solange am Knochen befestigt, bis die Verl\u00e4ngerung abgeschlossen ist und der Knochen Gelegenheit hatte, hart zu werden. Nach Entfernung des Fixateurs externe sind m\u00f6glicherweise f\u00fcr einige Zeit ein Gips oder St\u00fctzen erforderlich. <\/p>\n<p>Die Fixierungsstifte bleiben dauerhaft mit dem Knochen verbunden, was zu Infektionen um den Stift herum und m\u00f6glichen Br\u00fcchen der Stifte f\u00fchren kann. Au\u00dferdem kann die Einf\u00fchrung von Stiften zu Nerven- und Gef\u00e4\u00dfsch\u00e4den f\u00fchren und es kann sich Weichgewebe um die Dr\u00e4hte oder Stifte herum bilden. Einige Patienten leiden an einer Knochenschw\u00e4che, w\u00e4hrend sie den Fixateur externe tragen. Zus\u00e4tzlich kann es zu dauerhaften Bewegungseinschr\u00e4nkungen in den nahegelegenen Gelenke kommen. Patienten k\u00f6nnen das Risiko eines dauerhaften Gelenkschadens stark reduzieren, indem sie nach der Operation die verordnete Physiotherapie durchf\u00fchren. <\/p>\n<p>Die Operationsschnitte zur Befestigung eines Fixateurs externe sind zwar sehr klein, aber es werden sechs bis acht davon \u00fcber das Bein verteilt vorgenommen. Dies kann auf einige Patienten im Vergleich zu den Operationsschnitten, die bei der intramedull\u00e4ren Verl\u00e4ngerung vorgenommen werden, unsch\u00f6n wirken. <\/p>\n<p>Zus\u00e4tzlich kann ein Rahmen, der au\u00dferhalb um Ihr Bein befestigt wird, st\u00f6rend f\u00fcr Sie sein. Ihre Kleidung muss vielleicht ge\u00e4ndert werden, damit sie \u00fcber das nun viel gr\u00f6\u00dfere Bein passt. Der Fixateur externe kann an das andere Bein sto\u00dfen oder Kratzer daran verursachen. Es kann auch einige Zeit dauern, bis Sie sich mit dem Fixateur externe am Bein richtig hinsetzen und hinlegen k\u00f6nnen. <\/p>\n<p>Nach der operativen Befestigung des Fixateurs externe bleiben die Patienten f\u00fcr gew\u00f6hnlich mindestens eine Woche im Krankenhaus. H\u00e4ufige Besuche des Arztes zur Anpassung der Stifte sind extrem wichtig und die Physiotherapie ist n\u00f6tig, damit der Patient lernt, sich normal zu bewegen. Um einer Infektion vorzubeugen, m\u00fcssen die Stifte und Schrauben speziell gereinigt und gesch\u00fctzt werden.<\/p>\n<\/div><div class=\"fusion-clearfix\"><\/div><\/div><\/div><\/div><\/div><div class=\"fusion-fullwidth fullwidth-box fusion-builder-row-3 nonhundred-percent-fullwidth non-hundred-percent-height-scrolling fusion-equal-height-columns cta\" style=\"--awb-border-radius-top-left:0px;--awb-border-radius-top-right:0px;--awb-border-radius-bottom-right:0px;--awb-border-radius-bottom-left:0px;--awb-padding-bottom:60px;--awb-flex-wrap:wrap;\" ><div class=\"fusion-builder-row fusion-row\"><div class=\"fusion-layout-column fusion_builder_column fusion-builder-column-2 fusion_builder_column_1_3 1_3 fusion-one-third fusion-column-first\" style=\"--awb-padding-top:94px;--awb-padding-bottom:94px;--awb-bg-color:#0099cc;--awb-bg-color-hover:#0099cc;--awb-bg-image:url(&#039;https:\/\/nuvasiveso.wpengine.com\/wp-content\/uploads\/2014\/12\/blue-docs.jpg&#039;);--awb-bg-position:center center;--awb-bg-size:cover;--awb-margin-bottom:0px;width:33.3333333333%;width:calc(33.3333333333% - ( ( 4% + 4% ) * 0.333333333333 ) );margin-right: 4%;\"><div class=\"fusion-column-wrapper fusion-flex-column-wrapper-legacy fusion-column-has-bg-image\" data-bg-url=\"https:\/\/nuvasiveso.wpengine.com\/wp-content\/uploads\/2014\/12\/blue-docs.jpg\"><div class=\"fusion-column-content-centered\"><div class=\"fusion-column-content\"><div class=\"fusion-text fusion-text-3\"><p>&nbsp;<\/p>\n<h2 style=\"text-align: center;\">Bereit f\u00fcr<br \/>\nden n\u00e4chsten Schritt?<\/h2>\n<p>&nbsp;<\/p>\n<p style=\"text-align: center;\"><a href=\"http:\/\/www.reachyourheight.com\/de\/finden-sie-einen-auf-beinverlangerungen-spezialisierten-chirurgen\/\">Einen Arzt finden<\/a><\/p>\n<\/div><\/div><\/div><div class=\"fusion-clearfix\"><\/div><\/div><\/div><div class=\"fusion-layout-column fusion_builder_column fusion-builder-column-3 fusion_builder_column_1_3 1_3 fusion-one-third\" style=\"--awb-padding-top:94px;--awb-padding-right:0px;--awb-padding-bottom:94px;--awb-padding-left:0px;--awb-bg-color:#a8b400;--awb-bg-color-hover:#a8b400;--awb-bg-image:url(&#039;https:\/\/nuvasiveso.wpengine.com\/wp-content\/uploads\/2014\/12\/success-stories.png&#039;);--awb-bg-position:center center;--awb-bg-size:cover;--awb-margin-bottom:0px;width:33.3333333333%;width:calc(33.3333333333% - ( ( 4% + 4% ) * 0.333333333333 ) );margin-right: 4%;\"><div class=\"fusion-column-wrapper fusion-flex-column-wrapper-legacy fusion-column-has-bg-image\" data-bg-url=\"https:\/\/nuvasiveso.wpengine.com\/wp-content\/uploads\/2014\/12\/success-stories.png\"><div class=\"fusion-column-content-centered\"><div class=\"fusion-column-content\"><div class=\"fusion-text fusion-text-4\"><h2 class=\"title\" style=\"text-align: center;\">PATIENTENGESCHICHTE<\/h2>\n<p>&nbsp;<\/p>\n<p style=\"text-align: center;\"><a href=\"http:\/\/www.reachyourheight.com\/de\/patientengeschichten\/\">Erfahren, wie es anderen<br \/>\nLLD-Patienten erging<\/a><\/p>\n<\/div><\/div><\/div><div class=\"fusion-clearfix\"><\/div><\/div><\/div><div class=\"fusion-layout-column fusion_builder_column fusion-builder-column-4 fusion_builder_column_1_3 1_3 fusion-one-third fusion-column-last\" style=\"--awb-padding-top:94px;--awb-padding-right:0px;--awb-padding-bottom:94px;--awb-padding-left:0px;--awb-bg-color:#f2df74;--awb-bg-color-hover:#f2df74;--awb-bg-image:url(&#039;https:\/\/nuvasiveso.wpengine.com\/wp-content\/uploads\/2017\/04\/blue-feet.png&#039;);--awb-bg-position:center center;--awb-bg-size:cover;--awb-margin-bottom:0px;width:33.3333333333%;width:calc(33.3333333333% - ( ( 4% + 4% ) * 0.333333333333 ) );\"><div class=\"fusion-column-wrapper fusion-flex-column-wrapper-legacy fusion-column-has-bg-image\" data-bg-url=\"https:\/\/nuvasiveso.wpengine.com\/wp-content\/uploads\/2017\/04\/blue-feet.png\"><div class=\"fusion-column-content-centered\"><div class=\"fusion-column-content\"><div class=\"fusion-text fusion-text-5\"><h2 class=\"title\" style=\"text-align: center;\">BEINL\u00c4NGEN-<br \/>\nDIFFERENZ<\/h2>\n<p>&nbsp;<\/p>\n<p style=\"text-align: center;\"><a href=\"http:\/\/www.reachyourheight.com\/de\/uber-beinlangendifferenz\/\">Mehr \u00fcber LLD und<br \/>\nBehandlungsoptionen f\u00fcr Patienten erfahren<\/a><\/p>\n<\/div><\/div><\/div><div class=\"fusion-clearfix\"><\/div><\/div><\/div><\/div><\/div><\/p>\n","protected":false},"excerpt":{"rendered":"","protected":false},"author":2,"featured_media":0,"parent":1510,"menu_order":30,"comment_status":"closed","ping_status":"closed","template":"","meta":{"footnotes":""},"class_list":["post-1428","page","type-page","status-publish","hentry"],"yoast_head":"<!-- This site is optimized with the Yoast SEO plugin v27.4 - https:\/\/yoast.com\/product\/yoast-seo-wordpress\/ -->\n<title>Externe Fixierung\u00a0\u2013\u00a0Behandlung einer Beinl\u00e4ngendifferenz (LLD)<\/title>\n<meta name=\"description\" content=\"Ein operativer Eingriff zur Beinverl\u00e4ngerung basiert auf dem Prinzip der Knochenregeneration. Bei einer externen Fixierung mit einem \u00e4u\u00dferen Festhalter ist das Bein von einer Vorrichtung umgeben (Fixateur externe), welche die Knochen auseinanderzieht und auf diese Weise das Knochenwachstum anregt.\" \/>\n<meta name=\"robots\" content=\"index, follow, max-snippet:-1, max-image-preview:large, max-video-preview:-1\" \/>\n<link rel=\"canonical\" href=\"https:\/\/www.reachyourheight.com\/de\/operations-und-behandlungsmoglichkeiten-zur-beinverlangerung\/operative-behandlung-externe-fixierung\/\" \/>\n<meta property=\"og:locale\" content=\"de_DE\" \/>\n<meta property=\"og:type\" content=\"article\" \/>\n<meta property=\"og:title\" content=\"Externe Fixierung\u00a0\u2013\u00a0Behandlung einer Beinl\u00e4ngendifferenz (LLD)\" \/>\n<meta property=\"og:description\" content=\"Ein operativer Eingriff zur Beinverl\u00e4ngerung basiert auf dem Prinzip der Knochenregeneration. Bei einer externen Fixierung mit einem \u00e4u\u00dferen Festhalter ist das Bein von einer Vorrichtung umgeben (Fixateur externe), welche die Knochen auseinanderzieht und auf diese Weise das Knochenwachstum anregt.\" \/>\n<meta property=\"og:url\" content=\"https:\/\/www.reachyourheight.com\/de\/operations-und-behandlungsmoglichkeiten-zur-beinverlangerung\/operative-behandlung-externe-fixierung\/\" \/>\n<meta property=\"og:site_name\" content=\"Reach Your Height: PRECICE Limb Lengthening System\" \/>\n<meta property=\"article:modified_time\" content=\"2019-06-14T18:38:13+00:00\" \/>\n<meta property=\"og:image\" content=\"https:\/\/nuvasiveso.wpengine.com\/wp-content\/uploads\/2017\/04\/RingPro_C_v4.jpg\" \/>\n<meta name=\"twitter:label1\" content=\"Gesch\u00e4tzte Lesezeit\" \/>\n\t<meta name=\"twitter:data1\" content=\"6 Minuten\" \/>\n<script type=\"application\/ld+json\" class=\"yoast-schema-graph\">{\"@context\":\"https:\\\/\\\/schema.org\",\"@graph\":[{\"@type\":\"WebPage\",\"@id\":\"https:\\\/\\\/www.reachyourheight.com\\\/de\\\/operations-und-behandlungsmoglichkeiten-zur-beinverlangerung\\\/operative-behandlung-externe-fixierung\\\/\",\"url\":\"https:\\\/\\\/www.reachyourheight.com\\\/de\\\/operations-und-behandlungsmoglichkeiten-zur-beinverlangerung\\\/operative-behandlung-externe-fixierung\\\/\",\"name\":\"Externe Fixierung\u00a0\u2013\u00a0Behandlung einer Beinl\u00e4ngendifferenz (LLD)\",\"isPartOf\":{\"@id\":\"https:\\\/\\\/www.reachyourheight.com\\\/#website\"},\"primaryImageOfPage\":{\"@id\":\"https:\\\/\\\/www.reachyourheight.com\\\/de\\\/operations-und-behandlungsmoglichkeiten-zur-beinverlangerung\\\/operative-behandlung-externe-fixierung\\\/#primaryimage\"},\"image\":{\"@id\":\"https:\\\/\\\/www.reachyourheight.com\\\/de\\\/operations-und-behandlungsmoglichkeiten-zur-beinverlangerung\\\/operative-behandlung-externe-fixierung\\\/#primaryimage\"},\"thumbnailUrl\":\"https:\\\/\\\/nuvasiveso.wpengine.com\\\/wp-content\\\/uploads\\\/2017\\\/04\\\/RingPro_C_v4.jpg\",\"datePublished\":\"2018-06-26T15:31:59+00:00\",\"dateModified\":\"2019-06-14T18:38:13+00:00\",\"description\":\"Ein operativer Eingriff zur Beinverl\u00e4ngerung basiert auf dem Prinzip der Knochenregeneration. Bei einer externen Fixierung mit einem \u00e4u\u00dferen Festhalter ist das Bein von einer Vorrichtung umgeben (Fixateur externe), welche die Knochen auseinanderzieht und auf diese Weise das Knochenwachstum anregt.\",\"breadcrumb\":{\"@id\":\"https:\\\/\\\/www.reachyourheight.com\\\/de\\\/operations-und-behandlungsmoglichkeiten-zur-beinverlangerung\\\/operative-behandlung-externe-fixierung\\\/#breadcrumb\"},\"inLanguage\":\"de-DE\",\"potentialAction\":[{\"@type\":\"ReadAction\",\"target\":[\"https:\\\/\\\/www.reachyourheight.com\\\/de\\\/operations-und-behandlungsmoglichkeiten-zur-beinverlangerung\\\/operative-behandlung-externe-fixierung\\\/\"]}]},{\"@type\":\"ImageObject\",\"inLanguage\":\"de-DE\",\"@id\":\"https:\\\/\\\/www.reachyourheight.com\\\/de\\\/operations-und-behandlungsmoglichkeiten-zur-beinverlangerung\\\/operative-behandlung-externe-fixierung\\\/#primaryimage\",\"url\":\"https:\\\/\\\/nuvasiveso.wpengine.com\\\/wp-content\\\/uploads\\\/2017\\\/04\\\/RingPro_C_v4.jpg\",\"contentUrl\":\"https:\\\/\\\/nuvasiveso.wpengine.com\\\/wp-content\\\/uploads\\\/2017\\\/04\\\/RingPro_C_v4.jpg\"},{\"@type\":\"BreadcrumbList\",\"@id\":\"https:\\\/\\\/www.reachyourheight.com\\\/de\\\/operations-und-behandlungsmoglichkeiten-zur-beinverlangerung\\\/operative-behandlung-externe-fixierung\\\/#breadcrumb\",\"itemListElement\":[{\"@type\":\"ListItem\",\"position\":1,\"name\":\"Home\",\"item\":\"https:\\\/\\\/www.reachyourheight.com\\\/de\\\/\"},{\"@type\":\"ListItem\",\"position\":2,\"name\":\"Operations- und Behandlungsm\u00f6glichkeiten zur Beinverl\u00e4ngerung\",\"item\":\"https:\\\/\\\/www.reachyourheight.com\\\/de\\\/operations-und-behandlungsmoglichkeiten-zur-beinverlangerung\\\/\"},{\"@type\":\"ListItem\",\"position\":3,\"name\":\"Operative Behandlung\u00a0\u2013\u00a0Externe Fixierung\"}]},{\"@type\":\"WebSite\",\"@id\":\"https:\\\/\\\/www.reachyourheight.com\\\/#website\",\"url\":\"https:\\\/\\\/www.reachyourheight.com\\\/\",\"name\":\"Reach Your Height: PRECICE Limb Lengthening System\",\"description\":\"Reach Your Height: PRECICE Limb Lengthening System\",\"potentialAction\":[{\"@type\":\"SearchAction\",\"target\":{\"@type\":\"EntryPoint\",\"urlTemplate\":\"https:\\\/\\\/www.reachyourheight.com\\\/?s={search_term_string}\"},\"query-input\":{\"@type\":\"PropertyValueSpecification\",\"valueRequired\":true,\"valueName\":\"search_term_string\"}}],\"inLanguage\":\"de-DE\"}]}<\/script>\n<!-- \/ Yoast SEO plugin. -->","yoast_head_json":{"title":"Externe Fixierung\u00a0\u2013\u00a0Behandlung einer Beinl\u00e4ngendifferenz (LLD)","description":"Ein operativer Eingriff zur Beinverl\u00e4ngerung basiert auf dem Prinzip der Knochenregeneration. Bei einer externen Fixierung mit einem \u00e4u\u00dferen Festhalter ist das Bein von einer Vorrichtung umgeben (Fixateur externe), welche die Knochen auseinanderzieht und auf diese Weise das Knochenwachstum anregt.","robots":{"index":"index","follow":"follow","max-snippet":"max-snippet:-1","max-image-preview":"max-image-preview:large","max-video-preview":"max-video-preview:-1"},"canonical":"https:\/\/www.reachyourheight.com\/de\/operations-und-behandlungsmoglichkeiten-zur-beinverlangerung\/operative-behandlung-externe-fixierung\/","og_locale":"de_DE","og_type":"article","og_title":"Externe Fixierung\u00a0\u2013\u00a0Behandlung einer Beinl\u00e4ngendifferenz (LLD)","og_description":"Ein operativer Eingriff zur Beinverl\u00e4ngerung basiert auf dem Prinzip der Knochenregeneration. Bei einer externen Fixierung mit einem \u00e4u\u00dferen Festhalter ist das Bein von einer Vorrichtung umgeben (Fixateur externe), welche die Knochen auseinanderzieht und auf diese Weise das Knochenwachstum anregt.","og_url":"https:\/\/www.reachyourheight.com\/de\/operations-und-behandlungsmoglichkeiten-zur-beinverlangerung\/operative-behandlung-externe-fixierung\/","og_site_name":"Reach Your Height: PRECICE Limb Lengthening System","article_modified_time":"2019-06-14T18:38:13+00:00","og_image":[{"url":"https:\/\/nuvasiveso.wpengine.com\/wp-content\/uploads\/2017\/04\/RingPro_C_v4.jpg","type":"","width":"","height":""}],"twitter_misc":{"Gesch\u00e4tzte Lesezeit":"6 Minuten"},"schema":{"@context":"https:\/\/schema.org","@graph":[{"@type":"WebPage","@id":"https:\/\/www.reachyourheight.com\/de\/operations-und-behandlungsmoglichkeiten-zur-beinverlangerung\/operative-behandlung-externe-fixierung\/","url":"https:\/\/www.reachyourheight.com\/de\/operations-und-behandlungsmoglichkeiten-zur-beinverlangerung\/operative-behandlung-externe-fixierung\/","name":"Externe Fixierung\u00a0\u2013\u00a0Behandlung einer Beinl\u00e4ngendifferenz (LLD)","isPartOf":{"@id":"https:\/\/www.reachyourheight.com\/#website"},"primaryImageOfPage":{"@id":"https:\/\/www.reachyourheight.com\/de\/operations-und-behandlungsmoglichkeiten-zur-beinverlangerung\/operative-behandlung-externe-fixierung\/#primaryimage"},"image":{"@id":"https:\/\/www.reachyourheight.com\/de\/operations-und-behandlungsmoglichkeiten-zur-beinverlangerung\/operative-behandlung-externe-fixierung\/#primaryimage"},"thumbnailUrl":"https:\/\/nuvasiveso.wpengine.com\/wp-content\/uploads\/2017\/04\/RingPro_C_v4.jpg","datePublished":"2018-06-26T15:31:59+00:00","dateModified":"2019-06-14T18:38:13+00:00","description":"Ein operativer Eingriff zur Beinverl\u00e4ngerung basiert auf dem Prinzip der Knochenregeneration. Bei einer externen Fixierung mit einem \u00e4u\u00dferen Festhalter ist das Bein von einer Vorrichtung umgeben (Fixateur externe), welche die Knochen auseinanderzieht und auf diese Weise das Knochenwachstum anregt.","breadcrumb":{"@id":"https:\/\/www.reachyourheight.com\/de\/operations-und-behandlungsmoglichkeiten-zur-beinverlangerung\/operative-behandlung-externe-fixierung\/#breadcrumb"},"inLanguage":"de-DE","potentialAction":[{"@type":"ReadAction","target":["https:\/\/www.reachyourheight.com\/de\/operations-und-behandlungsmoglichkeiten-zur-beinverlangerung\/operative-behandlung-externe-fixierung\/"]}]},{"@type":"ImageObject","inLanguage":"de-DE","@id":"https:\/\/www.reachyourheight.com\/de\/operations-und-behandlungsmoglichkeiten-zur-beinverlangerung\/operative-behandlung-externe-fixierung\/#primaryimage","url":"https:\/\/nuvasiveso.wpengine.com\/wp-content\/uploads\/2017\/04\/RingPro_C_v4.jpg","contentUrl":"https:\/\/nuvasiveso.wpengine.com\/wp-content\/uploads\/2017\/04\/RingPro_C_v4.jpg"},{"@type":"BreadcrumbList","@id":"https:\/\/www.reachyourheight.com\/de\/operations-und-behandlungsmoglichkeiten-zur-beinverlangerung\/operative-behandlung-externe-fixierung\/#breadcrumb","itemListElement":[{"@type":"ListItem","position":1,"name":"Home","item":"https:\/\/www.reachyourheight.com\/de\/"},{"@type":"ListItem","position":2,"name":"Operations- und Behandlungsm\u00f6glichkeiten zur Beinverl\u00e4ngerung","item":"https:\/\/www.reachyourheight.com\/de\/operations-und-behandlungsmoglichkeiten-zur-beinverlangerung\/"},{"@type":"ListItem","position":3,"name":"Operative Behandlung\u00a0\u2013\u00a0Externe Fixierung"}]},{"@type":"WebSite","@id":"https:\/\/www.reachyourheight.com\/#website","url":"https:\/\/www.reachyourheight.com\/","name":"Reach Your Height: PRECICE Limb Lengthening System","description":"Reach Your Height: PRECICE Limb Lengthening System","potentialAction":[{"@type":"SearchAction","target":{"@type":"EntryPoint","urlTemplate":"https:\/\/www.reachyourheight.com\/?s={search_term_string}"},"query-input":{"@type":"PropertyValueSpecification","valueRequired":true,"valueName":"search_term_string"}}],"inLanguage":"de-DE"}]}},"_links":{"self":[{"href":"https:\/\/www.reachyourheight.com\/de\/wp-json\/wp\/v2\/pages\/1428","targetHints":{"allow":["GET"]}}],"collection":[{"href":"https:\/\/www.reachyourheight.com\/de\/wp-json\/wp\/v2\/pages"}],"about":[{"href":"https:\/\/www.reachyourheight.com\/de\/wp-json\/wp\/v2\/types\/page"}],"author":[{"embeddable":true,"href":"https:\/\/www.reachyourheight.com\/de\/wp-json\/wp\/v2\/users\/2"}],"replies":[{"embeddable":true,"href":"https:\/\/www.reachyourheight.com\/de\/wp-json\/wp\/v2\/comments?post=1428"}],"version-history":[{"count":0,"href":"https:\/\/www.reachyourheight.com\/de\/wp-json\/wp\/v2\/pages\/1428\/revisions"}],"up":[{"embeddable":true,"href":"https:\/\/www.reachyourheight.com\/de\/wp-json\/wp\/v2\/pages\/1510"}],"wp:attachment":[{"href":"https:\/\/www.reachyourheight.com\/de\/wp-json\/wp\/v2\/media?parent=1428"}],"curies":[{"name":"wp","href":"https:\/\/api.w.org\/{rel}","templated":true}]}}