{"id":1474,"date":"2018-07-09T17:10:48","date_gmt":"2018-07-09T17:10:48","guid":{"rendered":"http:\/\/www.reachyourheight.com\/was-ist-eine-beinlangendifferenz\/"},"modified":"2020-09-24T10:39:48","modified_gmt":"2020-09-24T10:39:48","slug":"was-ist-eine-beinlangendifferenz","status":"publish","type":"page","link":"https:\/\/www.reachyourheight.com\/de\/was-ist-eine-beinlangendifferenz\/","title":{"rendered":"Was ist eine Beinl\u00e4ngendifferenz?"},"content":{"rendered":"<p><div class=\"fusion-fullwidth fullwidth-box fusion-builder-row-1 nonhundred-percent-fullwidth non-hundred-percent-height-scrolling\" style=\"--awb-border-radius-top-left:0px;--awb-border-radius-top-right:0px;--awb-border-radius-bottom-right:0px;--awb-border-radius-bottom-left:0px;--awb-padding-top:60px;--awb-padding-bottom:60px;--awb-flex-wrap:wrap;\" ><div class=\"fusion-builder-row fusion-row\"><div class=\"fusion-layout-column fusion_builder_column fusion-builder-column-0 fusion_builder_column_2_3 2_3 fusion-two-third fusion-column-first\" style=\"--awb-bg-size:cover;width:66.6666666667%;width:calc(66.6666666667% - ( ( 4% ) * 0.666666666667 ) );margin-right: 4%;\"><div class=\"fusion-column-wrapper fusion-flex-column-wrapper-legacy\"><div class=\"fusion-text fusion-text-1\"><p><strong>Eine Beinl\u00e4ngendifferenz (LLD), also ein Zustand, bei dem ein Bein k\u00fcrzer ist als das andere, kommt erstaunlich h\u00e4ufig vor. Bei vielen ist der L\u00e4ngenunterschied der Beine so gering, dass er keiner Behandlung bedarf und von den Patienten m\u00f6glicherweise nicht einmal bemerkt wird. Wenn Sie jedoch aufgrund einer Beinl\u00e4ngendifferenz Ihren Lieblingsaktivit\u00e4ten nicht mehr nachkommen k\u00f6nnen \u2013 sei es wegen chronischer Schmerzen oder Problemen beim Gehen \u2013 kann Ihnen eine Behandlung die M\u00f6glichkeit bieten, den Dingen, die Sie gerne tun, wieder nachzugehen.<\/strong><\/p>\n<\/div><div class=\"fusion-clearfix\"><\/div><\/div><\/div><div class=\"fusion-layout-column fusion_builder_column fusion-builder-column-1 fusion_builder_column_1_3 1_3 fusion-one-third fusion-column-last\" style=\"--awb-bg-size:cover;--awb-margin-bottom:0px;width:33.3333333333%;width:calc(33.3333333333% - ( ( 4% ) * 0.333333333333 ) );\"><div class=\"fusion-column-wrapper fusion-flex-column-wrapper-legacy\"><div class=\"fusion-text fusion-text-2\"><h2 style=\"margin-top: 0;\">Erfahren Sie mehr \u00fcber<\/p>\n<p>Beinl\u00e4ngendifferenzen:<\/h2>\n<ul>\n<li><a href=\"http:\/\/www.reachyourheight.com\/de\/uber-beinlangendifferenz\/\">Erfahren Sie mehr \u00fcber Beinl\u00e4ngendifferenzen<\/a><\/li>\n<li><a href=\"http:\/\/www.reachyourheight.com\/de\/operations-und-behandlungsmoglichkeiten-zur-beinverlangerung\/\">Entdecken Sie die Behandlungsm\u00f6glichkeiten<\/a><\/li>\n<li><a href=\"http:\/\/www.reachyourheight.com\/de\/finden-sie-einen-auf-beinverlangerungen-spezialisierten-chirurgen\/\">Finden Sie eine lebenslange L\u00f6sung<\/a><\/li>\n<\/ul>\n<\/div><div class=\"fusion-clearfix\"><\/div><\/div><\/div><\/div><\/div><div class=\"fusion-fullwidth fullwidth-box fusion-builder-row-2 nonhundred-percent-fullwidth non-hundred-percent-height-scrolling\" style=\"--awb-border-radius-top-left:0px;--awb-border-radius-top-right:0px;--awb-border-radius-bottom-right:0px;--awb-border-radius-bottom-left:0px;--awb-padding-top:0px;--awb-padding-bottom:60px;--awb-flex-wrap:wrap;\" ><div class=\"fusion-builder-row fusion-row\"><div class=\"fusion-layout-column fusion_builder_column fusion-builder-column-2 fusion_builder_column_1_1 1_1 fusion-one-full fusion-column-first fusion-column-last\" style=\"--awb-bg-size:cover;\"><div class=\"fusion-column-wrapper fusion-flex-column-wrapper-legacy\"><a class=\"awb-lightbox awb-lightbox-1 full-width-video\" href=\"https:\/\/www.youtube.com\/watch?v=uI__V3TVF6g&amp;rel=0&amp;autoplay=1\" data-rel=\"iLightbox\"><img decoding=\"async\" src=\"http:\/\/www.reachyourheight.com\/wp-content\/uploads\/2014\/12\/precice-play.jpg\"><\/a><div class=\"fusion-clearfix\"><\/div><\/div><\/div><\/div><\/div><div class=\"fusion-fullwidth fullwidth-box fusion-builder-row-3 nonhundred-percent-fullwidth non-hundred-percent-height-scrolling\" style=\"--awb-border-radius-top-left:0px;--awb-border-radius-top-right:0px;--awb-border-radius-bottom-right:0px;--awb-border-radius-bottom-left:0px;--awb-padding-top:0px;--awb-padding-bottom:60px;--awb-flex-wrap:wrap;\" ><div class=\"fusion-builder-row fusion-row\"><div class=\"fusion-layout-column fusion_builder_column fusion-builder-column-3 fusion_builder_column_1_1 1_1 fusion-one-full fusion-column-first fusion-column-last\" style=\"--awb-bg-size:cover;\"><div class=\"fusion-column-wrapper fusion-flex-column-wrapper-legacy\"><div class=\"fusion-counters-box counters-box row fusion-clearfix fusion-columns-3\" style=\"--awb-body-color:#2d2d2d;--awb-body-size:16;--awb-color:#662265;\"><div class=\"fusion-counter-box fusion-column col-counter-box counter-box-wrapper col-lg-4 col-md-4 col-sm-4\" data-animationOffset=\"top-into-view\"><div class=\"counter-box-container\"><div class=\"content-box-percentage content-box-counter\"><span class=\"display-counter\" data-value=\"1\" data-direction=\"up\" data-decimals=\"0\">0<\/span><\/div><div class=\"counter-box-content\">von 1.000\u00a0Kindern wird mit einer Beinl\u00e4ngendifferenz (LLD) geboren.<\/div><\/div><\/div><div class=\"fusion-counter-box fusion-column col-counter-box counter-box-wrapper col-lg-4 col-md-4 col-sm-4\" data-animationOffset=\"top-into-view\"><div class=\"counter-box-container\"><div class=\"content-box-percentage content-box-counter\"><span class=\"display-counter\" data-value=\"7\" data-direction=\"up\" data-decimals=\"0\">0<\/span><\/div><div class=\"counter-box-content\">Minuten t\u00e4glich reichen aus, damit die PRECICE<sup>\u00ae<\/sup> Technologie funktioniert.<sup>1<\/sup><\/div><\/div><\/div><div class=\"fusion-counter-box fusion-column col-counter-box counter-box-wrapper col-lg-4 col-md-4 col-sm-4\" data-animationOffset=\"top-into-view\"><div class=\"counter-box-container\"><div class=\"content-box-percentage content-box-counter\"><span class=\"display-counter\" data-value=\"600\" data-direction=\"up\" data-decimals=\"0\">0<\/span><span class=\"unit\">+<\/span><\/div><div class=\"counter-box-content\">\u00c4rzte wenden das PRECICE Verfahren zurzeit an.<\/div><\/div><\/div><\/div><div class=\"clearfix\"><\/div><div class=\"fusion-clearfix\"><\/div><\/div><\/div><\/div><\/div><div class=\"fusion-fullwidth fullwidth-box fusion-builder-row-4 nonhundred-percent-fullwidth non-hundred-percent-height-scrolling\" style=\"--awb-border-radius-top-left:0px;--awb-border-radius-top-right:0px;--awb-border-radius-bottom-right:0px;--awb-border-radius-bottom-left:0px;--awb-padding-top:0px;--awb-padding-bottom:0px;--awb-flex-wrap:wrap;\" ><div class=\"fusion-builder-row fusion-row\"><div class=\"fusion-layout-column fusion_builder_column fusion-builder-column-4 fusion_builder_column_1_1 1_1 fusion-one-full fusion-column-first fusion-column-last\" style=\"--awb-bg-size:cover;--awb-margin-bottom:0px;\"><div class=\"fusion-column-wrapper fusion-flex-column-wrapper-legacy\"><div class=\"fusion-text fusion-text-3\"><h2>Wodurch kommt es zu einer Beinl\u00e4ngendifferenz?<\/h2>\n<p>Zu erfahren, dass man selbst oder jemand, den man kennt, an einer Beinl\u00e4ngendifferenz leidet, kann zun\u00e4chst sehr schwer sein, aber denken Sie immer daran, Sie sind nicht allein! Bei vielen Neugeborenen liegen bereits Zust\u00e4nde vor, die dazu f\u00fchren k\u00f6nnen, dass ein Bein langsamer w\u00e4chst als das andere. Dar\u00fcber hinaus kann sich eine Beinl\u00e4ngendifferenz auch sp\u00e4ter im Leben als Folge einer Verletzung oder Infektion entwickeln.<\/p>\n<p>Wenn bei Ihnen oder jemandem, den Sie kennen, eine Beinl\u00e4ngendifferenz vorliegt, ist der erste Schritt auf dem Weg zur richtigen L\u00f6sung das Verst\u00e4ndnis der Ursache.<\/p>\n<p><a href=\"http:\/\/www.reachyourheight.com\/de\/uber-beinlangendifferenz\/\">Lesen Sie mehr \u00fcber LLD &gt;<\/a><\/p>\n<h2>Welche Behandlungsm\u00f6glichkeiten gibt es?<\/h2>\n<p>Es ist wichtig, sich gut \u00fcber alle verf\u00fcgbaren operativen und konservativen Behandlungsm\u00f6glichkeiten zu informieren, um die richtige Behandlung f\u00fcr sich zu finden. Nutzen Sie die hier aufgef\u00fchrten Informationen, um sich mit den Behandlungsm\u00f6glichkeiten vertraut zu machen, und besprechen Sie diese mit Ihrem auf Beinl\u00e4ngendifferenzen spezialisierten Arzt.<\/p>\n<p><a href=\"http:\/\/www.reachyourheight.com\/de\/operations-und-behandlungsmoglichkeiten-zur-beinverlangerung\/\">Erfahren Sie mehr \u00fcber die Behandlungsm\u00f6glichkeiten &gt;<\/a><\/p>\n<h2>Einen Arzt finden<\/h2>\n<p>Mithilfe unserer interaktiven Karte k\u00f6nnen Sie nach \u00c4rzten in Ihrer Region suchen, die auf Beinl\u00e4ngendifferenzen spezialisiert sind.<\/p>\n<p><a href=\"http:\/\/www.reachyourheight.com\/de\/finden-sie-einen-auf-beinverlangerungen-spezialisierten-chirurgen\/\">Einen Arzt finden &gt;<\/a><\/p>\n<\/div><div class=\"fusion-text fusion-text-4\"><div class=\"reference-text\"><sup><strong>1.<\/strong> D. Paley. PRECICE intramedullary limb lengthening system. <em>Expert Rev. Med. Devices<\/em> 2015;12(3):231-49.<\/sup><\/div>\n<\/div><style>\n.fusion-main-menu > ul > li > a {  \nline-height: 16px !important;    \npadding-top: 56px !important;   \nheight: 16px !important;    \npadding-bottom: 20px !important;}\n<\/style><div class=\"fusion-clearfix\"><\/div><\/div><\/div><\/div><\/div><\/p>\n","protected":false},"excerpt":{"rendered":"","protected":false},"author":2,"featured_media":0,"parent":0,"menu_order":0,"comment_status":"closed","ping_status":"closed","template":"","meta":{"footnotes":""},"class_list":["post-1474","page","type-page","status-publish","hentry"],"yoast_head":"<!-- This site is optimized with the Yoast SEO plugin v26.7 - https:\/\/yoast.com\/wordpress\/plugins\/seo\/ -->\n<title>PRECICE\u00ae: Ferngesteuertes magnetisches System zur Extremit\u00e4tenverl\u00e4ngerung<\/title>\n<meta name=\"description\" content=\"Wenn Sie (oder jemand, den Sie kennen) an einer Beinl\u00e4ngendifferenz leiden, kann Ihnen PRECICE dabei helfen, den Dingen, die Sie gerne tun, wieder nachzugehen.\" \/>\n<meta name=\"robots\" content=\"index, follow, max-snippet:-1, max-image-preview:large, max-video-preview:-1\" \/>\n<link rel=\"canonical\" href=\"https:\/\/www.reachyourheight.com\/de\/was-ist-eine-beinlangendifferenz\/\" \/>\n<meta property=\"og:locale\" content=\"de_DE\" \/>\n<meta property=\"og:type\" content=\"article\" \/>\n<meta property=\"og:title\" content=\"PRECICE\u00ae: Ferngesteuertes magnetisches System zur Extremit\u00e4tenverl\u00e4ngerung\" \/>\n<meta property=\"og:description\" content=\"Wenn Sie (oder jemand, den Sie kennen) an einer Beinl\u00e4ngendifferenz leiden, kann Ihnen PRECICE dabei helfen, den Dingen, die Sie gerne tun, wieder nachzugehen.\" \/>\n<meta property=\"og:url\" content=\"https:\/\/www.reachyourheight.com\/de\/was-ist-eine-beinlangendifferenz\/\" \/>\n<meta property=\"og:site_name\" content=\"Reach Your Height: PRECICE Limb Lengthening System\" \/>\n<meta property=\"article:modified_time\" content=\"2020-09-24T10:39:48+00:00\" \/>\n<meta property=\"og:image\" content=\"http:\/\/www.reachyourheight.com\/wp-content\/uploads\/2014\/12\/precice-play.jpg\" \/>\n<meta name=\"twitter:label1\" content=\"Gesch\u00e4tzte Lesezeit\" \/>\n\t<meta name=\"twitter:data1\" content=\"6 Minuten\" \/>\n<script type=\"application\/ld+json\" class=\"yoast-schema-graph\">{\"@context\":\"https:\/\/schema.org\",\"@graph\":[{\"@type\":\"WebPage\",\"@id\":\"https:\/\/www.reachyourheight.com\/de\/was-ist-eine-beinlangendifferenz\/\",\"url\":\"https:\/\/www.reachyourheight.com\/de\/was-ist-eine-beinlangendifferenz\/\",\"name\":\"PRECICE\u00ae: Ferngesteuertes magnetisches System zur Extremit\u00e4tenverl\u00e4ngerung\",\"isPartOf\":{\"@id\":\"https:\/\/www.reachyourheight.com\/#website\"},\"primaryImageOfPage\":{\"@id\":\"https:\/\/www.reachyourheight.com\/de\/was-ist-eine-beinlangendifferenz\/#primaryimage\"},\"image\":{\"@id\":\"https:\/\/www.reachyourheight.com\/de\/was-ist-eine-beinlangendifferenz\/#primaryimage\"},\"thumbnailUrl\":\"http:\/\/www.reachyourheight.com\/wp-content\/uploads\/2014\/12\/precice-play.jpg\",\"datePublished\":\"2018-07-09T17:10:48+00:00\",\"dateModified\":\"2020-09-24T10:39:48+00:00\",\"description\":\"Wenn Sie (oder jemand, den Sie kennen) an einer Beinl\u00e4ngendifferenz leiden, kann Ihnen PRECICE dabei helfen, den Dingen, die Sie gerne tun, wieder nachzugehen.\",\"breadcrumb\":{\"@id\":\"https:\/\/www.reachyourheight.com\/de\/was-ist-eine-beinlangendifferenz\/#breadcrumb\"},\"inLanguage\":\"de-DE\",\"potentialAction\":[{\"@type\":\"ReadAction\",\"target\":[\"https:\/\/www.reachyourheight.com\/de\/was-ist-eine-beinlangendifferenz\/\"]}]},{\"@type\":\"ImageObject\",\"inLanguage\":\"de-DE\",\"@id\":\"https:\/\/www.reachyourheight.com\/de\/was-ist-eine-beinlangendifferenz\/#primaryimage\",\"url\":\"http:\/\/www.reachyourheight.com\/wp-content\/uploads\/2014\/12\/precice-play.jpg\",\"contentUrl\":\"http:\/\/www.reachyourheight.com\/wp-content\/uploads\/2014\/12\/precice-play.jpg\"},{\"@type\":\"BreadcrumbList\",\"@id\":\"https:\/\/www.reachyourheight.com\/de\/was-ist-eine-beinlangendifferenz\/#breadcrumb\",\"itemListElement\":[{\"@type\":\"ListItem\",\"position\":1,\"name\":\"Home\",\"item\":\"https:\/\/www.reachyourheight.com\/de\/\"},{\"@type\":\"ListItem\",\"position\":2,\"name\":\"Was ist eine Beinl\u00e4ngendifferenz?\"}]},{\"@type\":\"WebSite\",\"@id\":\"https:\/\/www.reachyourheight.com\/#website\",\"url\":\"https:\/\/www.reachyourheight.com\/\",\"name\":\"Reach Your Height: PRECICE Limb Lengthening System\",\"description\":\"Reach Your Height: PRECICE Limb Lengthening System\",\"potentialAction\":[{\"@type\":\"SearchAction\",\"target\":{\"@type\":\"EntryPoint\",\"urlTemplate\":\"https:\/\/www.reachyourheight.com\/?s={search_term_string}\"},\"query-input\":{\"@type\":\"PropertyValueSpecification\",\"valueRequired\":true,\"valueName\":\"search_term_string\"}}],\"inLanguage\":\"de-DE\"}]}<\/script>\n<!-- \/ Yoast SEO plugin. -->","yoast_head_json":{"title":"PRECICE\u00ae: Ferngesteuertes magnetisches System zur Extremit\u00e4tenverl\u00e4ngerung","description":"Wenn Sie (oder jemand, den Sie kennen) an einer Beinl\u00e4ngendifferenz leiden, kann Ihnen PRECICE dabei helfen, den Dingen, die Sie gerne tun, wieder nachzugehen.","robots":{"index":"index","follow":"follow","max-snippet":"max-snippet:-1","max-image-preview":"max-image-preview:large","max-video-preview":"max-video-preview:-1"},"canonical":"https:\/\/www.reachyourheight.com\/de\/was-ist-eine-beinlangendifferenz\/","og_locale":"de_DE","og_type":"article","og_title":"PRECICE\u00ae: Ferngesteuertes magnetisches System zur Extremit\u00e4tenverl\u00e4ngerung","og_description":"Wenn Sie (oder jemand, den Sie kennen) an einer Beinl\u00e4ngendifferenz leiden, kann Ihnen PRECICE dabei helfen, den Dingen, die Sie gerne tun, wieder nachzugehen.","og_url":"https:\/\/www.reachyourheight.com\/de\/was-ist-eine-beinlangendifferenz\/","og_site_name":"Reach Your Height: PRECICE Limb Lengthening System","article_modified_time":"2020-09-24T10:39:48+00:00","og_image":[{"url":"http:\/\/www.reachyourheight.com\/wp-content\/uploads\/2014\/12\/precice-play.jpg","type":"","width":"","height":""}],"twitter_misc":{"Gesch\u00e4tzte Lesezeit":"6 Minuten"},"schema":{"@context":"https:\/\/schema.org","@graph":[{"@type":"WebPage","@id":"https:\/\/www.reachyourheight.com\/de\/was-ist-eine-beinlangendifferenz\/","url":"https:\/\/www.reachyourheight.com\/de\/was-ist-eine-beinlangendifferenz\/","name":"PRECICE\u00ae: Ferngesteuertes magnetisches System zur Extremit\u00e4tenverl\u00e4ngerung","isPartOf":{"@id":"https:\/\/www.reachyourheight.com\/#website"},"primaryImageOfPage":{"@id":"https:\/\/www.reachyourheight.com\/de\/was-ist-eine-beinlangendifferenz\/#primaryimage"},"image":{"@id":"https:\/\/www.reachyourheight.com\/de\/was-ist-eine-beinlangendifferenz\/#primaryimage"},"thumbnailUrl":"http:\/\/www.reachyourheight.com\/wp-content\/uploads\/2014\/12\/precice-play.jpg","datePublished":"2018-07-09T17:10:48+00:00","dateModified":"2020-09-24T10:39:48+00:00","description":"Wenn Sie (oder jemand, den Sie kennen) an einer Beinl\u00e4ngendifferenz leiden, kann Ihnen PRECICE dabei helfen, den Dingen, die Sie gerne tun, wieder nachzugehen.","breadcrumb":{"@id":"https:\/\/www.reachyourheight.com\/de\/was-ist-eine-beinlangendifferenz\/#breadcrumb"},"inLanguage":"de-DE","potentialAction":[{"@type":"ReadAction","target":["https:\/\/www.reachyourheight.com\/de\/was-ist-eine-beinlangendifferenz\/"]}]},{"@type":"ImageObject","inLanguage":"de-DE","@id":"https:\/\/www.reachyourheight.com\/de\/was-ist-eine-beinlangendifferenz\/#primaryimage","url":"http:\/\/www.reachyourheight.com\/wp-content\/uploads\/2014\/12\/precice-play.jpg","contentUrl":"http:\/\/www.reachyourheight.com\/wp-content\/uploads\/2014\/12\/precice-play.jpg"},{"@type":"BreadcrumbList","@id":"https:\/\/www.reachyourheight.com\/de\/was-ist-eine-beinlangendifferenz\/#breadcrumb","itemListElement":[{"@type":"ListItem","position":1,"name":"Home","item":"https:\/\/www.reachyourheight.com\/de\/"},{"@type":"ListItem","position":2,"name":"Was ist eine Beinl\u00e4ngendifferenz?"}]},{"@type":"WebSite","@id":"https:\/\/www.reachyourheight.com\/#website","url":"https:\/\/www.reachyourheight.com\/","name":"Reach Your Height: PRECICE Limb Lengthening System","description":"Reach Your Height: PRECICE Limb Lengthening System","potentialAction":[{"@type":"SearchAction","target":{"@type":"EntryPoint","urlTemplate":"https:\/\/www.reachyourheight.com\/?s={search_term_string}"},"query-input":{"@type":"PropertyValueSpecification","valueRequired":true,"valueName":"search_term_string"}}],"inLanguage":"de-DE"}]}},"_links":{"self":[{"href":"https:\/\/www.reachyourheight.com\/de\/wp-json\/wp\/v2\/pages\/1474","targetHints":{"allow":["GET"]}}],"collection":[{"href":"https:\/\/www.reachyourheight.com\/de\/wp-json\/wp\/v2\/pages"}],"about":[{"href":"https:\/\/www.reachyourheight.com\/de\/wp-json\/wp\/v2\/types\/page"}],"author":[{"embeddable":true,"href":"https:\/\/www.reachyourheight.com\/de\/wp-json\/wp\/v2\/users\/2"}],"replies":[{"embeddable":true,"href":"https:\/\/www.reachyourheight.com\/de\/wp-json\/wp\/v2\/comments?post=1474"}],"version-history":[{"count":0,"href":"https:\/\/www.reachyourheight.com\/de\/wp-json\/wp\/v2\/pages\/1474\/revisions"}],"wp:attachment":[{"href":"https:\/\/www.reachyourheight.com\/de\/wp-json\/wp\/v2\/media?parent=1474"}],"curies":[{"name":"wp","href":"https:\/\/api.w.org\/{rel}","templated":true}]}}