{"id":1475,"date":"2018-07-09T17:11:03","date_gmt":"2018-07-09T17:11:03","guid":{"rendered":"http:\/\/www.reachyourheight.com\/finden-sie-einen-auf-beinverlangerungen-spezialisierten-chirurgen\/"},"modified":"2025-09-03T15:07:32","modified_gmt":"2025-09-03T15:07:32","slug":"finden-sie-einen-auf-beinverlangerungen-spezialisierten-chirurgen","status":"publish","type":"page","link":"https:\/\/www.reachyourheight.com\/de\/finden-sie-einen-auf-beinverlangerungen-spezialisierten-chirurgen\/","title":{"rendered":"Finden Sie einen auf Beinverl\u00e4ngerungen spezialisierten Chirurgen"},"content":{"rendered":"<p><div class=\"fusion-fullwidth fullwidth-box fusion-builder-row-1 nonhundred-percent-fullwidth non-hundred-percent-height-scrolling\" style=\"--awb-border-radius-top-left:0px;--awb-border-radius-top-right:0px;--awb-border-radius-bottom-right:0px;--awb-border-radius-bottom-left:0px;--awb-flex-wrap:wrap;\" ><div class=\"fusion-builder-row fusion-row\"><div class=\"fusion-layout-column fusion_builder_column fusion-builder-column-0 fusion_builder_column_1_1 1_1 fusion-one-full fusion-column-first fusion-column-last\" style=\"--awb-bg-size:cover;\"><div class=\"fusion-column-wrapper fusion-flex-column-wrapper-legacy\"><div class=\"fusion-text fusion-text-1\"><div id=\"ryh-locator\"><\/div>\n<p><script src=\"\/\/pym.nprapps.org\/pym.v1.min.js\"><\/script><br \/>\n<script> var pymParent = new pym.Parent('ryh-locator', 'https:\/\/locator.reachyourheight.com\/', {});<\/script><\/p>\n<\/div><div class=\"fusion-clearfix\"><\/div><\/div><\/div><\/div><\/div><div class=\"fusion-fullwidth fullwidth-box fusion-builder-row-2 nonhundred-percent-fullwidth non-hundred-percent-height-scrolling\" style=\"--awb-border-radius-top-left:0px;--awb-border-radius-top-right:0px;--awb-border-radius-bottom-right:0px;--awb-border-radius-bottom-left:0px;--awb-padding-top:60px;--awb-padding-bottom:60px;--awb-flex-wrap:wrap;\" ><div class=\"fusion-builder-row fusion-row\"><div class=\"fusion-layout-column fusion_builder_column fusion-builder-column-1 fusion_builder_column_1_1 1_1 fusion-one-full fusion-column-first fusion-column-last\" style=\"--awb-bg-size:cover;--awb-margin-bottom:0px;\"><div class=\"fusion-column-wrapper fusion-flex-column-wrapper-legacy\"><div class=\"fusion-clearfix\"><\/div><\/div><\/div><\/div><\/div><div class=\"fusion-fullwidth fullwidth-box fusion-builder-row-3 nonhundred-percent-fullwidth non-hundred-percent-height-scrolling fusion-equal-height-columns cta\" style=\"--awb-border-radius-top-left:0px;--awb-border-radius-top-right:0px;--awb-border-radius-bottom-right:0px;--awb-border-radius-bottom-left:0px;--awb-padding-bottom:60px;--awb-flex-wrap:wrap;\" ><div class=\"fusion-builder-row fusion-row\"><div class=\"fusion-layout-column fusion_builder_column fusion-builder-column-2 fusion_builder_column_1_3 1_3 fusion-one-third fusion-column-first\" style=\"--awb-padding-top:94px;--awb-padding-bottom:94px;--awb-bg-color:#0099cc;--awb-bg-color-hover:#0099cc;--awb-bg-image:url(&#039;https:\/\/www.reachyourheight.com\/wp-content\/uploads\/2015\/10\/faq_blue.png&#039;);--awb-bg-position:center center;--awb-bg-size:cover;--awb-margin-bottom:0px;width:33.3333333333%;width:calc(33.3333333333% - ( ( 4% + 4% ) * 0.333333333333 ) );margin-right: 4%;\"><div class=\"fusion-column-wrapper fusion-flex-column-wrapper-legacy fusion-column-has-bg-image\" data-bg-url=\"https:\/\/www.reachyourheight.com\/wp-content\/uploads\/2015\/10\/faq_blue.png\"><div class=\"fusion-column-content-centered\"><div class=\"fusion-column-content\"><div class=\"fusion-text fusion-text-2\"><h2 style=\"text-align: center;\">LLD F&#038;A<\/h2>\n<p style=\"text-align: center;\"><a href=\"http:\/\/www.reachyourheight.com\/fa-zu-bein-und-extremitatenlangendifferenzen\/?lang=de\">H\u00e4ufig gestellte Fragen zu<br \/> Beinl\u00e4ngendifferenzen<\/a><\/p>\n<\/div><\/div><\/div><div class=\"fusion-clearfix\"><\/div><\/div><\/div><div class=\"fusion-layout-column fusion_builder_column fusion-builder-column-3 fusion_builder_column_1_3 1_3 fusion-one-third\" style=\"--awb-padding-top:94px;--awb-padding-right:0px;--awb-padding-bottom:94px;--awb-padding-left:0px;--awb-bg-color:#a8b400;--awb-bg-color-hover:#a8b400;--awb-bg-image:url(&#039;https:\/\/www.reachyourheight.com\/wp-content\/uploads\/2014\/12\/success-stories.png&#039;);--awb-bg-position:center center;--awb-bg-size:cover;--awb-margin-bottom:0px;width:33.3333333333%;width:calc(33.3333333333% - ( ( 4% + 4% ) * 0.333333333333 ) );margin-right: 4%;\"><div class=\"fusion-column-wrapper fusion-flex-column-wrapper-legacy fusion-column-has-bg-image\" data-bg-url=\"https:\/\/www.reachyourheight.com\/wp-content\/uploads\/2014\/12\/success-stories.png\"><div class=\"fusion-column-content-centered\"><div class=\"fusion-column-content\"><div class=\"fusion-text fusion-text-3\"><h2 class=\"title\" style=\"text-align: center;\">PATIENTENGESCHICHTE<\/h2>\n<p style=\"text-align: center;\"><a href=\"\/de\/patientengeschichten\/\">Erfahren Sie, wie es anderen<br \/>\nLLD-Patienten erging<\/a><\/p>\n<\/div><\/div><\/div><div class=\"fusion-clearfix\"><\/div><\/div><\/div><div class=\"fusion-layout-column fusion_builder_column fusion-builder-column-4 fusion_builder_column_1_3 1_3 fusion-one-third fusion-column-last\" style=\"--awb-padding-top:94px;--awb-padding-right:0px;--awb-padding-bottom:94px;--awb-padding-left:0px;--awb-bg-color:#f2df74;--awb-bg-color-hover:#f2df74;--awb-bg-image:url(&#039;https:\/\/www.reachyourheight.com\/wp-content\/uploads\/2017\/04\/blue-feet.png&#039;);--awb-bg-position:center center;--awb-bg-size:cover;--awb-margin-bottom:0px;width:33.3333333333%;width:calc(33.3333333333% - ( ( 4% + 4% ) * 0.333333333333 ) );\"><div class=\"fusion-column-wrapper fusion-flex-column-wrapper-legacy fusion-column-has-bg-image\" data-bg-url=\"https:\/\/www.reachyourheight.com\/wp-content\/uploads\/2017\/04\/blue-feet.png\"><div class=\"fusion-column-content-centered\"><div class=\"fusion-column-content\"><div class=\"fusion-text fusion-text-4\"><h2 class=\"title\" style=\"text-align: center;\">BEINL\u00c4NGEN-DIFFERENZ<\/h2>\n<p style=\"text-align: center;\"><a href=\"\/de\/uber-beinlangendifferenz\/\">Erfahren Sie mehr \u00fcber LLD und<br \/>\ndie Behandlungsoptionen f\u00fcr Patienten<\/a><\/p>\n<\/div><\/div><\/div><div class=\"fusion-clearfix\"><\/div><\/div><\/div><\/div><\/div><\/p>\n","protected":false},"excerpt":{"rendered":"","protected":false},"author":2,"featured_media":0,"parent":0,"menu_order":0,"comment_status":"closed","ping_status":"closed","template":"100-width.php","meta":{"footnotes":""},"class_list":["post-1475","page","type-page","status-publish","hentry"],"yoast_head":"<!-- This site is optimized with the Yoast SEO plugin v26.7 - https:\/\/yoast.com\/wordpress\/plugins\/seo\/ -->\n<title>Operation und Behandlung zur Beinverl\u00e4ngerung \u2013 PRECICE\u00ae \u2013 Einen Arzt finden<\/title>\n<meta name=\"description\" content=\"Wenn Sie an einer Beinl\u00e4ngendifferenz (LLD) leiden, ist es wichtig, einen Arzt zu finden, der mit allen Behandlungsm\u00f6glichkeiten vertraut ist. Finden Sie einen auf LLD spezialisierten Arzt in Ihrer N\u00e4he!\" \/>\n<meta name=\"robots\" content=\"index, follow, max-snippet:-1, max-image-preview:large, max-video-preview:-1\" \/>\n<link rel=\"canonical\" href=\"https:\/\/www.reachyourheight.com\/de\/finden-sie-einen-auf-beinverlangerungen-spezialisierten-chirurgen\/\" \/>\n<meta property=\"og:locale\" content=\"de_DE\" \/>\n<meta property=\"og:type\" content=\"article\" \/>\n<meta property=\"og:title\" content=\"Operation und Behandlung zur Beinverl\u00e4ngerung \u2013 PRECICE\u00ae \u2013 Einen Arzt finden\" \/>\n<meta property=\"og:description\" content=\"Wenn Sie an einer Beinl\u00e4ngendifferenz (LLD) leiden, ist es wichtig, einen Arzt zu finden, der mit allen Behandlungsm\u00f6glichkeiten vertraut ist. Finden Sie einen auf LLD spezialisierten Arzt in Ihrer N\u00e4he!\" \/>\n<meta property=\"og:url\" content=\"https:\/\/www.reachyourheight.com\/de\/finden-sie-einen-auf-beinverlangerungen-spezialisierten-chirurgen\/\" \/>\n<meta property=\"og:site_name\" content=\"Reach Your Height: PRECICE Limb Lengthening System\" \/>\n<meta property=\"article:modified_time\" content=\"2025-09-03T15:07:32+00:00\" \/>\n<meta name=\"twitter:label1\" content=\"Gesch\u00e4tzte Lesezeit\" \/>\n\t<meta name=\"twitter:data1\" content=\"4 Minuten\" \/>\n<script type=\"application\/ld+json\" class=\"yoast-schema-graph\">{\"@context\":\"https:\/\/schema.org\",\"@graph\":[{\"@type\":\"WebPage\",\"@id\":\"https:\/\/www.reachyourheight.com\/de\/finden-sie-einen-auf-beinverlangerungen-spezialisierten-chirurgen\/\",\"url\":\"https:\/\/www.reachyourheight.com\/de\/finden-sie-einen-auf-beinverlangerungen-spezialisierten-chirurgen\/\",\"name\":\"Operation und Behandlung zur Beinverl\u00e4ngerung \u2013 PRECICE\u00ae \u2013 Einen Arzt finden\",\"isPartOf\":{\"@id\":\"https:\/\/www.reachyourheight.com\/#website\"},\"datePublished\":\"2018-07-09T17:11:03+00:00\",\"dateModified\":\"2025-09-03T15:07:32+00:00\",\"description\":\"Wenn Sie an einer Beinl\u00e4ngendifferenz (LLD) leiden, ist es wichtig, einen Arzt zu finden, der mit allen Behandlungsm\u00f6glichkeiten vertraut ist. Finden Sie einen auf LLD spezialisierten Arzt in Ihrer N\u00e4he!\",\"breadcrumb\":{\"@id\":\"https:\/\/www.reachyourheight.com\/de\/finden-sie-einen-auf-beinverlangerungen-spezialisierten-chirurgen\/#breadcrumb\"},\"inLanguage\":\"de-DE\",\"potentialAction\":[{\"@type\":\"ReadAction\",\"target\":[\"https:\/\/www.reachyourheight.com\/de\/finden-sie-einen-auf-beinverlangerungen-spezialisierten-chirurgen\/\"]}]},{\"@type\":\"BreadcrumbList\",\"@id\":\"https:\/\/www.reachyourheight.com\/de\/finden-sie-einen-auf-beinverlangerungen-spezialisierten-chirurgen\/#breadcrumb\",\"itemListElement\":[{\"@type\":\"ListItem\",\"position\":1,\"name\":\"Home\",\"item\":\"https:\/\/www.reachyourheight.com\/de\/\"},{\"@type\":\"ListItem\",\"position\":2,\"name\":\"Finden Sie einen auf Beinverl\u00e4ngerungen spezialisierten Chirurgen\"}]},{\"@type\":\"WebSite\",\"@id\":\"https:\/\/www.reachyourheight.com\/#website\",\"url\":\"https:\/\/www.reachyourheight.com\/\",\"name\":\"Reach Your Height: PRECICE Limb Lengthening System\",\"description\":\"Reach Your Height: PRECICE Limb Lengthening System\",\"potentialAction\":[{\"@type\":\"SearchAction\",\"target\":{\"@type\":\"EntryPoint\",\"urlTemplate\":\"https:\/\/www.reachyourheight.com\/?s={search_term_string}\"},\"query-input\":{\"@type\":\"PropertyValueSpecification\",\"valueRequired\":true,\"valueName\":\"search_term_string\"}}],\"inLanguage\":\"de-DE\"}]}<\/script>\n<!-- \/ Yoast SEO plugin. -->","yoast_head_json":{"title":"Operation und Behandlung zur Beinverl\u00e4ngerung \u2013 PRECICE\u00ae \u2013 Einen Arzt finden","description":"Wenn Sie an einer Beinl\u00e4ngendifferenz (LLD) leiden, ist es wichtig, einen Arzt zu finden, der mit allen Behandlungsm\u00f6glichkeiten vertraut ist. Finden Sie einen auf LLD spezialisierten Arzt in Ihrer N\u00e4he!","robots":{"index":"index","follow":"follow","max-snippet":"max-snippet:-1","max-image-preview":"max-image-preview:large","max-video-preview":"max-video-preview:-1"},"canonical":"https:\/\/www.reachyourheight.com\/de\/finden-sie-einen-auf-beinverlangerungen-spezialisierten-chirurgen\/","og_locale":"de_DE","og_type":"article","og_title":"Operation und Behandlung zur Beinverl\u00e4ngerung \u2013 PRECICE\u00ae \u2013 Einen Arzt finden","og_description":"Wenn Sie an einer Beinl\u00e4ngendifferenz (LLD) leiden, ist es wichtig, einen Arzt zu finden, der mit allen Behandlungsm\u00f6glichkeiten vertraut ist. Finden Sie einen auf LLD spezialisierten Arzt in Ihrer N\u00e4he!","og_url":"https:\/\/www.reachyourheight.com\/de\/finden-sie-einen-auf-beinverlangerungen-spezialisierten-chirurgen\/","og_site_name":"Reach Your Height: PRECICE Limb Lengthening System","article_modified_time":"2025-09-03T15:07:32+00:00","twitter_misc":{"Gesch\u00e4tzte Lesezeit":"4 Minuten"},"schema":{"@context":"https:\/\/schema.org","@graph":[{"@type":"WebPage","@id":"https:\/\/www.reachyourheight.com\/de\/finden-sie-einen-auf-beinverlangerungen-spezialisierten-chirurgen\/","url":"https:\/\/www.reachyourheight.com\/de\/finden-sie-einen-auf-beinverlangerungen-spezialisierten-chirurgen\/","name":"Operation und Behandlung zur Beinverl\u00e4ngerung \u2013 PRECICE\u00ae \u2013 Einen Arzt finden","isPartOf":{"@id":"https:\/\/www.reachyourheight.com\/#website"},"datePublished":"2018-07-09T17:11:03+00:00","dateModified":"2025-09-03T15:07:32+00:00","description":"Wenn Sie an einer Beinl\u00e4ngendifferenz (LLD) leiden, ist es wichtig, einen Arzt zu finden, der mit allen Behandlungsm\u00f6glichkeiten vertraut ist. Finden Sie einen auf LLD spezialisierten Arzt in Ihrer N\u00e4he!","breadcrumb":{"@id":"https:\/\/www.reachyourheight.com\/de\/finden-sie-einen-auf-beinverlangerungen-spezialisierten-chirurgen\/#breadcrumb"},"inLanguage":"de-DE","potentialAction":[{"@type":"ReadAction","target":["https:\/\/www.reachyourheight.com\/de\/finden-sie-einen-auf-beinverlangerungen-spezialisierten-chirurgen\/"]}]},{"@type":"BreadcrumbList","@id":"https:\/\/www.reachyourheight.com\/de\/finden-sie-einen-auf-beinverlangerungen-spezialisierten-chirurgen\/#breadcrumb","itemListElement":[{"@type":"ListItem","position":1,"name":"Home","item":"https:\/\/www.reachyourheight.com\/de\/"},{"@type":"ListItem","position":2,"name":"Finden Sie einen auf Beinverl\u00e4ngerungen spezialisierten Chirurgen"}]},{"@type":"WebSite","@id":"https:\/\/www.reachyourheight.com\/#website","url":"https:\/\/www.reachyourheight.com\/","name":"Reach Your Height: PRECICE Limb Lengthening System","description":"Reach Your Height: PRECICE Limb Lengthening System","potentialAction":[{"@type":"SearchAction","target":{"@type":"EntryPoint","urlTemplate":"https:\/\/www.reachyourheight.com\/?s={search_term_string}"},"query-input":{"@type":"PropertyValueSpecification","valueRequired":true,"valueName":"search_term_string"}}],"inLanguage":"de-DE"}]}},"_links":{"self":[{"href":"https:\/\/www.reachyourheight.com\/de\/wp-json\/wp\/v2\/pages\/1475","targetHints":{"allow":["GET"]}}],"collection":[{"href":"https:\/\/www.reachyourheight.com\/de\/wp-json\/wp\/v2\/pages"}],"about":[{"href":"https:\/\/www.reachyourheight.com\/de\/wp-json\/wp\/v2\/types\/page"}],"author":[{"embeddable":true,"href":"https:\/\/www.reachyourheight.com\/de\/wp-json\/wp\/v2\/users\/2"}],"replies":[{"embeddable":true,"href":"https:\/\/www.reachyourheight.com\/de\/wp-json\/wp\/v2\/comments?post=1475"}],"version-history":[{"count":0,"href":"https:\/\/www.reachyourheight.com\/de\/wp-json\/wp\/v2\/pages\/1475\/revisions"}],"wp:attachment":[{"href":"https:\/\/www.reachyourheight.com\/de\/wp-json\/wp\/v2\/media?parent=1475"}],"curies":[{"name":"wp","href":"https:\/\/api.w.org\/{rel}","templated":true}]}}