{"id":1477,"date":"2018-07-09T17:12:05","date_gmt":"2018-07-09T17:12:05","guid":{"rendered":"http:\/\/www.reachyourheight.com\/uber-beinlangendifferenz\/"},"modified":"2024-10-23T19:43:29","modified_gmt":"2024-10-23T19:43:29","slug":"uber-beinlangendifferenz","status":"publish","type":"page","link":"https:\/\/www.reachyourheight.com\/de\/uber-beinlangendifferenz\/","title":{"rendered":"\u00dcber Beinl\u00e4ngendifferenzen"},"content":{"rendered":"<p><div class=\"fusion-fullwidth fullwidth-box fusion-builder-row-1 fusion-flex-container has-pattern-background has-mask-background nonhundred-percent-fullwidth non-hundred-percent-height-scrolling\" style=\"--awb-border-radius-top-left:0px;--awb-border-radius-top-right:0px;--awb-border-radius-bottom-right:0px;--awb-border-radius-bottom-left:0px;--awb-flex-wrap:wrap;\" ><div class=\"fusion-builder-row fusion-row fusion-flex-align-items-flex-start fusion-flex-content-wrap\" style=\"max-width:1144px;margin-left: calc(-4% \/ 2 );margin-right: calc(-4% \/ 2 );\"><div class=\"fusion-layout-column fusion_builder_column fusion-builder-column-0 fusion_builder_column_3_4 3_4 fusion-flex-column\" style=\"--awb-bg-size:cover;--awb-width-large:75%;--awb-margin-top-large:0px;--awb-spacing-right-large:2.56%;--awb-margin-bottom-large:20px;--awb-spacing-left-large:2.56%;--awb-width-medium:100%;--awb-order-medium:0;--awb-spacing-right-medium:1.92%;--awb-spacing-left-medium:1.92%;--awb-width-small:100%;--awb-order-small:0;--awb-spacing-right-small:1.92%;--awb-spacing-left-small:1.92%;\"><div class=\"fusion-column-wrapper fusion-column-has-shadow fusion-flex-justify-content-flex-start fusion-content-layout-column\"><div class=\"fusion-text fusion-text-1\"><p>Bei einer Beinl\u00e4ngendifferenz (bzw. Gliedma\u00dfenl\u00e4ngendifferenz), oder auch Anisomelie genannt, weisen die Beine unterschiedliche L\u00e4ngen auf. Dabei handelt es sich um einen orthop\u00e4dischen Zustand, der bereits in der Kindheit auftreten oder die Folge einer Verletzung oder Erkrankung sein kann, durch die die Wachstumsfuge besch\u00e4digt wurde. Kleinere Unterschiede in den Beinl\u00e4ngen gibt es bei den meisten Menschen. Gr\u00f6\u00dfere Unterschiede k\u00f6nnen jedoch das Wohlbefinden und die Lebensqualit\u00e4t beeintr\u00e4chtigen und dazu f\u00fchren, dass man an Aktivit\u00e4ten, die einem Spa\u00df machen, nicht mehr teilnehmen kann.<\/p>\n<h2>H\u00e4ufige Ursachen einer Beinl\u00e4ngendifferenz<\/h2>\n<p>Manche Kinder werden mit ungleich langen Armen oder Beinen geboren. Zun\u00e4chst kann der Unterschied gering sein, aber im Laufe der Zeit weiter zunehmen, sodass er sp\u00e4ter im Leben gro\u00dfe Probleme bereitet. Auch kann eine Erkrankung oder Verletzung, bei der die Wachstumsfuge besch\u00e4digt wurde, dazu f\u00fchren, dass sich sp\u00e4ter im Leben eine Beinl\u00e4ngendifferenz bzw. ein Kurzbeinsyndrom entwickelt.<\/p>\n<p>W\u00e4hrend Unterschiede in den Arml\u00e4ngen oft keine Behandlung erfordern, kann eine Beinl\u00e4ngendifferenz zu einem merklichen Hinken f\u00fchren oder es einem Kind erschweren, zu rennen oder zu spielen. Ab einer Differenz von 1,5 bis 2,0 cm empfehlen die meisten \u00c4rzte eine medizinische Beurteilung. Je nach K\u00f6rpergr\u00f6\u00dfe muss die Beinl\u00e4ngendifferenz m\u00f6glicherweise behandelt werden.<\/p>\n<p>Eine Beinl\u00e4ngendifferenz hat viele Ursachen, die in vier Hauptgruppen unterteilt werden:<\/p>\n<ul>\n<li><a href=\"http:\/\/www.reachyourheight.com\/de\/uber-beinlangendifferenz\/angeborene-beinlangendifferenz\/\" target=\"_blank\" rel=\"noopener noreferrer\">Angeboren<\/a> \u2013 Bei einer angeborenen Beinl\u00e4ngendifferenz ist die unterschiedliche L\u00e4nge der Beine bereits bei der Geburt erkennbar. F\u00fcr gew\u00f6hnlich ist der Unterschied gr\u00f6\u00dfer und nimmt im Laufe der Zeit weiter zu.<\/li>\n<li><a href=\"http:\/\/www.reachyourheight.com\/de\/uber-beinlangendifferenz\/entwicklungsbedingte-beinlangendifferenz\/\" target=\"_blank\" rel=\"noopener noreferrer\">Entwicklungsbedingt<\/a> \u2013 Eine entwicklungsbedingte Beinl\u00e4ngendifferenz entsteht durch eine Erkrankung oder eine Verletzung der Wachstumsfuge in der Kindheit. Die Erkrankung bzw. Verletzung verlangsamt das Wachstum eines Beins, wodurch es im Laufe der Zeit zu einem L\u00e4ngenunterschied kommt.<\/li>\n<li><a href=\"http:\/\/www.reachyourheight.com\/de\/uber-beinlangendifferenz\/posttraumatische-extremitatenlangendifferenz\/\" target=\"_blank\" rel=\"noopener noreferrer\">Posttraumatisch<\/a> \u2013 Frakturen und andere traumatische Knochenverletzungen k\u00f6nnen falsch verheilen, wodurch ein Bein k\u00fcrzer wird als das andere. In manchen F\u00e4llen k\u00f6nnen diese Verletzungen jedoch auch das Wachstum des verletzten Beins beschleunigen.<\/li>\n<li><a href=\"http:\/\/www.reachyourheight.com\/de\/uber-beinlangendifferenz\/tumorbedingte-beinlangendifferenz\/\" target=\"_blank\" rel=\"noopener noreferrer\">Knochentumoren<\/a> \u2013 Sowohl Knochentumoren selbst als auch die zur Behandlung angewandten Verfahren k\u00f6nnen das Knochenwachstum beeinflussen. Das trifft besonders zu, wenn die Erkrankung in der Kindheit auftritt.<\/li>\n<\/ul>\n<p>In manchen F\u00e4llen ist die Ursache der Beinl\u00e4ngendifferenz \u201eidiopathisch\u201c, also unbekannt. Auch wenn die genaue Ursache der Differenz m\u00f6glicherweise unbekannt ist, kann ein auf Beinl\u00e4ngendifferenzen spezialisierter Arzt Ihnen und Ihren Angeh\u00f6rigen bei der Wahl der f\u00fcr Sie am besten geeigneten Behandlung helfen.<\/p>\n<\/div><\/div><\/div><div class=\"fusion-layout-column fusion_builder_column fusion-builder-column-1 fusion_builder_column_1_4 1_4 fusion-flex-column\" style=\"--awb-bg-size:cover;--awb-width-large:25%;--awb-margin-top-large:0px;--awb-spacing-right-large:7.68%;--awb-margin-bottom-large:0px;--awb-spacing-left-large:3.84%;--awb-width-medium:100%;--awb-order-medium:0;--awb-spacing-right-medium:1.92%;--awb-spacing-left-medium:1.92%;--awb-width-small:100%;--awb-order-small:0;--awb-spacing-right-small:1.92%;--awb-spacing-left-small:1.92%;\"><div class=\"fusion-column-wrapper fusion-column-has-shadow fusion-flex-justify-content-flex-start fusion-content-layout-column\"><div class=\"fusion-image-element \" style=\"--awb-caption-title-font-family:var(--h2_typography-font-family);--awb-caption-title-font-weight:var(--h2_typography-font-weight);--awb-caption-title-font-style:var(--h2_typography-font-style);--awb-caption-title-size:var(--h2_typography-font-size);--awb-caption-title-transform:var(--h2_typography-text-transform);--awb-caption-title-line-height:var(--h2_typography-line-height);--awb-caption-title-letter-spacing:var(--h2_typography-letter-spacing);\"><span class=\" fusion-imageframe imageframe-none imageframe-1 hover-type-none\"><img decoding=\"async\" width=\"362\" height=\"395\" title=\"uneven legs\" src=\"http:\/\/www.reachyourheight.com\/wp-content\/uploads\/2020\/04\/uneven-legs.jpg\" alt class=\"img-responsive wp-image-2637\" srcset=\"https:\/\/www.reachyourheight.com\/wp-content\/uploads\/2020\/04\/uneven-legs-200x218.jpg 200w, https:\/\/www.reachyourheight.com\/wp-content\/uploads\/2020\/04\/uneven-legs.jpg 362w\" sizes=\"(max-width: 1024px) 100vw, (max-width: 640px) 100vw, 362px\" \/><\/span><\/div><div class=\"fusion-text fusion-text-2 findasurgeonsection\"><h2 class=\"fusion-responsive-typography-calculated\" style=\"text-align: center;\" data-fontsize=\"25.6\" data-lineheight=\"39.68px\"><span style=\"color: #ffffff;\">Bereit f\u00fcr<br \/>\nden<\/span><br \/>\n<span style=\"color: #ffffff;\">n\u00e4chsten Schritt?<\/span><\/h2>\n<p style=\"text-align: center;\"><span style=\"color: #ffffff;\"><a style=\"color: #ffffff;\" href=\"https:\/\/www.reachyourheight.com\/find-a-doctor\/\">Einen Arzt finden<\/a><\/span><\/p>\n<\/div><\/div><\/div><div class=\"fusion-layout-column fusion_builder_column fusion-builder-column-2 fusion_builder_column_1_4 1_4 fusion-flex-column\" style=\"--awb-bg-size:cover;--awb-width-large:25%;--awb-margin-top-large:0px;--awb-spacing-right-large:7.68%;--awb-margin-bottom-large:20px;--awb-spacing-left-large:7.68%;--awb-width-medium:100%;--awb-order-medium:0;--awb-spacing-right-medium:1.92%;--awb-spacing-left-medium:1.92%;--awb-width-small:100%;--awb-order-small:0;--awb-spacing-right-small:1.92%;--awb-spacing-left-small:1.92%;\"><div class=\"fusion-column-wrapper fusion-column-has-shadow fusion-flex-justify-content-flex-start fusion-content-layout-column\"><\/div><\/div><div class=\"fusion-layout-column fusion_builder_column fusion-builder-column-3 fusion_builder_column_1_2 1_2 fusion-flex-column\" style=\"--awb-bg-size:cover;--awb-width-large:50%;--awb-margin-top-large:0px;--awb-spacing-right-large:3.84%;--awb-margin-bottom-large:20px;--awb-spacing-left-large:3.84%;--awb-width-medium:100%;--awb-order-medium:0;--awb-spacing-right-medium:1.92%;--awb-spacing-left-medium:1.92%;--awb-width-small:100%;--awb-order-small:0;--awb-spacing-right-small:1.92%;--awb-spacing-left-small:1.92%;\"><div class=\"fusion-column-wrapper fusion-column-has-shadow fusion-flex-justify-content-flex-start fusion-content-layout-column\"><iframe width=\"560\" height=\"315\" style=\"margin-top: 40px; height: auto; width: 100%; aspect-ratio: 16 \/ 9;\" src=\"https:\/\/www.youtube-nocookie.com\/embed\/-CmKL4ldSQ0?si=9vx8BHtFfxdkGSsZ\" title=\"YouTube video player\" frameborder=\"0\" allow=\"accelerometer; autoplay; clipboard-write; encrypted-media; gyroscope; picture-in-picture; web-share\" referrerpolicy=\"strict-origin-when-cross-origin\" allowfullscreen><\/iframe><div class=\"fusion-separator fusion-full-width-sep\" style=\"align-self: center;margin-left: auto;margin-right: auto;width:100%;\"><\/div><div class=\"fusion-text fusion-text-3\"><p class=\"quote-text\">\u201eEs ist fast schon surreal, sich vorzustellen, dass ich wieder an diesem Punkt in meinem Leben angelangt bin.\u201c \u2013 Mark DuMoulin<\/p>\n<\/div><\/div><\/div><div class=\"fusion-layout-column fusion_builder_column fusion-builder-column-4 fusion_builder_column_1_4 1_4 fusion-flex-column\" style=\"--awb-bg-size:cover;--awb-width-large:25%;--awb-margin-top-large:0px;--awb-spacing-right-large:7.68%;--awb-margin-bottom-large:20px;--awb-spacing-left-large:7.68%;--awb-width-medium:100%;--awb-order-medium:0;--awb-spacing-right-medium:1.92%;--awb-spacing-left-medium:1.92%;--awb-width-small:100%;--awb-order-small:0;--awb-spacing-right-small:1.92%;--awb-spacing-left-small:1.92%;\"><div class=\"fusion-column-wrapper fusion-column-has-shadow fusion-flex-justify-content-flex-start fusion-content-layout-column\"><\/div><\/div><\/div><\/div><div class=\"fusion-fullwidth fullwidth-box fusion-builder-row-2 fusion-flex-container has-pattern-background has-mask-background nonhundred-percent-fullwidth non-hundred-percent-height-scrolling\" style=\"--awb-border-radius-top-left:0px;--awb-border-radius-top-right:0px;--awb-border-radius-bottom-right:0px;--awb-border-radius-bottom-left:0px;--awb-flex-wrap:wrap;\" ><div class=\"fusion-builder-row fusion-row fusion-flex-align-items-flex-start fusion-flex-content-wrap\" style=\"max-width:1144px;margin-left: calc(-4% \/ 2 );margin-right: calc(-4% \/ 2 );\"><div class=\"fusion-layout-column fusion_builder_column fusion-builder-column-5 fusion_builder_column_1_3 1_3 fusion-flex-column\" style=\"--awb-bg-size:cover;--awb-width-large:33.3333333333%;--awb-margin-top-large:0px;--awb-spacing-right-large:5.76%;--awb-margin-bottom-large:20px;--awb-spacing-left-large:5.76%;--awb-width-medium:100%;--awb-order-medium:0;--awb-spacing-right-medium:1.92%;--awb-spacing-left-medium:1.92%;--awb-width-small:100%;--awb-order-small:0;--awb-spacing-right-small:1.92%;--awb-spacing-left-small:1.92%;\"><div class=\"fusion-column-wrapper fusion-column-has-shadow fusion-flex-justify-content-flex-start fusion-content-layout-column\"><\/div><\/div><div class=\"fusion-layout-column fusion_builder_column fusion-builder-column-6 fusion_builder_column_1_3 1_3 fusion-flex-column\" style=\"--awb-bg-size:cover;--awb-width-large:33.3333333333%;--awb-margin-top-large:0px;--awb-spacing-right-large:5.76%;--awb-margin-bottom-large:20px;--awb-spacing-left-large:5.76%;--awb-width-medium:100%;--awb-order-medium:0;--awb-spacing-right-medium:1.92%;--awb-spacing-left-medium:1.92%;--awb-width-small:100%;--awb-order-small:0;--awb-spacing-right-small:1.92%;--awb-spacing-left-small:1.92%;\"><div class=\"fusion-column-wrapper fusion-column-has-shadow fusion-flex-justify-content-flex-start fusion-content-layout-column\"><\/div><\/div><div class=\"fusion-layout-column fusion_builder_column fusion-builder-column-7 fusion_builder_column_1_3 1_3 fusion-flex-column\" style=\"--awb-bg-size:cover;--awb-width-large:33.3333333333%;--awb-margin-top-large:0px;--awb-spacing-right-large:5.76%;--awb-margin-bottom-large:20px;--awb-spacing-left-large:5.76%;--awb-width-medium:100%;--awb-order-medium:0;--awb-spacing-right-medium:1.92%;--awb-spacing-left-medium:1.92%;--awb-width-small:100%;--awb-order-small:0;--awb-spacing-right-small:1.92%;--awb-spacing-left-small:1.92%;\"><div class=\"fusion-column-wrapper fusion-column-has-shadow fusion-flex-justify-content-flex-start fusion-content-layout-column\"><\/div><\/div><\/div><\/div><div class=\"fusion-fullwidth fullwidth-box fusion-builder-row-3 nonhundred-percent-fullwidth non-hundred-percent-height-scrolling fusion-equal-height-columns cta\" style=\"--awb-border-radius-top-left:0px;--awb-border-radius-top-right:0px;--awb-border-radius-bottom-right:0px;--awb-border-radius-bottom-left:0px;--awb-padding-bottom:60px;--awb-flex-wrap:wrap;\" ><div class=\"fusion-builder-row fusion-row\"><div class=\"fusion-layout-column fusion_builder_column fusion-builder-column-8 fusion_builder_column_1_3 1_3 fusion-one-third fusion-column-first\" style=\"--awb-padding-top:94px;--awb-padding-bottom:94px;--awb-bg-color:#0099cc;--awb-bg-color-hover:#0099cc;--awb-bg-image:url(&#039;https:\/\/nuvasiveso.wpengine.com\/wp-content\/uploads\/2014\/12\/blue-docs.jpg&#039;);--awb-bg-position:center center;--awb-bg-size:cover;--awb-margin-bottom:0px;width:33.3333333333%;width:calc(33.3333333333% - ( ( 4% + 4% ) * 0.333333333333 ) );margin-right: 4%;\"><div class=\"fusion-column-wrapper fusion-column-has-shadow fusion-flex-column-wrapper-legacy fusion-column-has-bg-image\" data-bg-url=\"https:\/\/nuvasiveso.wpengine.com\/wp-content\/uploads\/2014\/12\/blue-docs.jpg\"><div class=\"fusion-column-content-centered\"><div class=\"fusion-column-content\"><div class=\"fusion-text fusion-text-4\"><h2 style=\"text-align: center;\">Bereit f\u00fcr<br \/>\nden n\u00e4chsten Schritt?<\/h2>\n<p style=\"text-align: center;\"><a href=\"http:\/\/www.reachyourheight.com\/de\/finden-sie-einen-auf-beinverlangerungen-spezialisierten-chirurgen\/\">Einen Arzt finden<\/a><\/p>\n<\/div><\/div><\/div><div class=\"fusion-clearfix\"><\/div><\/div><\/div><div class=\"fusion-layout-column fusion_builder_column fusion-builder-column-9 fusion_builder_column_1_3 1_3 fusion-one-third\" style=\"--awb-padding-top:94px;--awb-padding-right:0px;--awb-padding-bottom:94px;--awb-padding-left:0px;--awb-bg-color:#a8b400;--awb-bg-color-hover:#a8b400;--awb-bg-image:url(&#039;https:\/\/nuvasiveso.wpengine.com\/wp-content\/uploads\/2014\/12\/success-stories.png&#039;);--awb-bg-position:center center;--awb-bg-size:cover;--awb-margin-bottom:0px;width:33.3333333333%;width:calc(33.3333333333% - ( ( 4% + 4% ) * 0.333333333333 ) );margin-right: 4%;\"><div class=\"fusion-column-wrapper fusion-flex-column-wrapper-legacy fusion-column-has-bg-image\" data-bg-url=\"https:\/\/nuvasiveso.wpengine.com\/wp-content\/uploads\/2014\/12\/success-stories.png\"><div class=\"fusion-column-content-centered\"><div class=\"fusion-column-content\"><div class=\"fusion-text fusion-text-5\"><h2 class=\"title\" style=\"text-align: center;\">ERFOLGS-<br \/>\nGESCHICHTEN<\/h2>\n<p style=\"text-align: center;\"><a href=\"http:\/\/www.reachyourheight.com\/de\/patientengeschichten\/\">Erfahren Sie, wie es anderen<br \/>\nLLD-Patienten erging<\/a><\/p>\n<\/div><\/div><\/div><div class=\"fusion-clearfix\"><\/div><\/div><\/div><div class=\"fusion-layout-column fusion_builder_column fusion-builder-column-10 fusion_builder_column_1_3 1_3 fusion-one-third fusion-column-last\" style=\"--awb-padding-top:94px;--awb-padding-right:0px;--awb-padding-bottom:94px;--awb-padding-left:0px;--awb-bg-color:#f2df74;--awb-bg-color-hover:#f2df74;--awb-bg-image:url(&#039;https:\/\/nuvasiveso.wpengine.com\/wp-content\/uploads\/2015\/10\/faq_blue.png&#039;);--awb-bg-position:center center;--awb-bg-size:cover;--awb-margin-bottom:0px;width:33.3333333333%;width:calc(33.3333333333% - ( ( 4% + 4% ) * 0.333333333333 ) );\"><div class=\"fusion-column-wrapper fusion-flex-column-wrapper-legacy fusion-column-has-bg-image\" data-bg-url=\"https:\/\/nuvasiveso.wpengine.com\/wp-content\/uploads\/2015\/10\/faq_blue.png\"><div class=\"fusion-column-content-centered\"><div class=\"fusion-column-content\"><div class=\"fusion-text fusion-text-6\"><h2 style=\"text-align: center;\">LLD<br \/>\nF&amp;A<\/h2>\n<p style=\"text-align: center;\"><a href=\"http:\/\/www.reachyourheight.com\/de\/fa-zu-bein-und-extremitatenlangendifferenzen\/\">H\u00e4ufig gestellte Fragen zu Beinl\u00e4ngendifferenzen <\/a><\/p>\n<\/div><\/div><\/div><div class=\"fusion-clearfix\"><\/div><\/div><\/div><\/div><\/div><\/p>\n","protected":false},"excerpt":{"rendered":"","protected":false},"author":2,"featured_media":0,"parent":0,"menu_order":0,"comment_status":"closed","ping_status":"closed","template":"100-width.php","meta":{"footnotes":""},"class_list":["post-1477","page","type-page","status-publish","hentry"],"yoast_head":"<!-- This site is optimized with the Yoast SEO plugin v27.4 - https:\/\/yoast.com\/product\/yoast-seo-wordpress\/ -->\n<title>Beinl\u00e4ngendifferenz (LLD) \u2013 H\u00e4ufige Ursachen und Krankheitsbild<\/title>\n<meta name=\"description\" content=\"Wenn Sie oder jemand, den Sie kennen, eine Beinl\u00e4ngendifferenz hat, ist das Verstehen der Ursache der erste Schritt, um die richtige L\u00f6sung zu finden.\" \/>\n<meta name=\"robots\" content=\"index, follow, max-snippet:-1, max-image-preview:large, max-video-preview:-1\" \/>\n<link rel=\"canonical\" href=\"https:\/\/www.reachyourheight.com\/de\/uber-beinlangendifferenz\/\" \/>\n<meta property=\"og:locale\" content=\"de_DE\" \/>\n<meta property=\"og:type\" content=\"article\" \/>\n<meta property=\"og:title\" content=\"Beinl\u00e4ngendifferenz (LLD) \u2013 H\u00e4ufige Ursachen und Krankheitsbild\" \/>\n<meta property=\"og:description\" content=\"Wenn Sie oder jemand, den Sie kennen, eine Beinl\u00e4ngendifferenz hat, ist das Verstehen der Ursache der erste Schritt, um die richtige L\u00f6sung zu finden.\" \/>\n<meta property=\"og:url\" content=\"https:\/\/www.reachyourheight.com\/de\/uber-beinlangendifferenz\/\" \/>\n<meta property=\"og:site_name\" content=\"Reach Your Height: PRECICE Limb Lengthening System\" \/>\n<meta property=\"article:modified_time\" content=\"2024-10-23T19:43:29+00:00\" \/>\n<meta name=\"twitter:label1\" content=\"Gesch\u00e4tzte Lesezeit\" \/>\n\t<meta name=\"twitter:data1\" content=\"25 Minuten\" \/>\n<script type=\"application\/ld+json\" class=\"yoast-schema-graph\">{\"@context\":\"https:\\\/\\\/schema.org\",\"@graph\":[{\"@type\":\"WebPage\",\"@id\":\"https:\\\/\\\/www.reachyourheight.com\\\/de\\\/uber-beinlangendifferenz\\\/\",\"url\":\"https:\\\/\\\/www.reachyourheight.com\\\/de\\\/uber-beinlangendifferenz\\\/\",\"name\":\"Beinl\u00e4ngendifferenz (LLD) \u2013 H\u00e4ufige Ursachen und Krankheitsbild\",\"isPartOf\":{\"@id\":\"https:\\\/\\\/www.reachyourheight.com\\\/#website\"},\"datePublished\":\"2018-07-09T17:12:05+00:00\",\"dateModified\":\"2024-10-23T19:43:29+00:00\",\"description\":\"Wenn Sie oder jemand, den Sie kennen, eine Beinl\u00e4ngendifferenz hat, ist das Verstehen der Ursache der erste Schritt, um die richtige L\u00f6sung zu finden.\",\"breadcrumb\":{\"@id\":\"https:\\\/\\\/www.reachyourheight.com\\\/de\\\/uber-beinlangendifferenz\\\/#breadcrumb\"},\"inLanguage\":\"de-DE\",\"potentialAction\":[{\"@type\":\"ReadAction\",\"target\":[\"https:\\\/\\\/www.reachyourheight.com\\\/de\\\/uber-beinlangendifferenz\\\/\"]}]},{\"@type\":\"BreadcrumbList\",\"@id\":\"https:\\\/\\\/www.reachyourheight.com\\\/de\\\/uber-beinlangendifferenz\\\/#breadcrumb\",\"itemListElement\":[{\"@type\":\"ListItem\",\"position\":1,\"name\":\"Home\",\"item\":\"https:\\\/\\\/www.reachyourheight.com\\\/de\\\/\"},{\"@type\":\"ListItem\",\"position\":2,\"name\":\"\u00dcber Beinl\u00e4ngendifferenzen\"}]},{\"@type\":\"WebSite\",\"@id\":\"https:\\\/\\\/www.reachyourheight.com\\\/#website\",\"url\":\"https:\\\/\\\/www.reachyourheight.com\\\/\",\"name\":\"Reach Your Height: PRECICE Limb Lengthening System\",\"description\":\"Reach Your Height: PRECICE Limb Lengthening System\",\"potentialAction\":[{\"@type\":\"SearchAction\",\"target\":{\"@type\":\"EntryPoint\",\"urlTemplate\":\"https:\\\/\\\/www.reachyourheight.com\\\/?s={search_term_string}\"},\"query-input\":{\"@type\":\"PropertyValueSpecification\",\"valueRequired\":true,\"valueName\":\"search_term_string\"}}],\"inLanguage\":\"de-DE\"}]}<\/script>\n<!-- \/ Yoast SEO plugin. -->","yoast_head_json":{"title":"Beinl\u00e4ngendifferenz (LLD) \u2013 H\u00e4ufige Ursachen und Krankheitsbild","description":"Wenn Sie oder jemand, den Sie kennen, eine Beinl\u00e4ngendifferenz hat, ist das Verstehen der Ursache der erste Schritt, um die richtige L\u00f6sung zu finden.","robots":{"index":"index","follow":"follow","max-snippet":"max-snippet:-1","max-image-preview":"max-image-preview:large","max-video-preview":"max-video-preview:-1"},"canonical":"https:\/\/www.reachyourheight.com\/de\/uber-beinlangendifferenz\/","og_locale":"de_DE","og_type":"article","og_title":"Beinl\u00e4ngendifferenz (LLD) \u2013 H\u00e4ufige Ursachen und Krankheitsbild","og_description":"Wenn Sie oder jemand, den Sie kennen, eine Beinl\u00e4ngendifferenz hat, ist das Verstehen der Ursache der erste Schritt, um die richtige L\u00f6sung zu finden.","og_url":"https:\/\/www.reachyourheight.com\/de\/uber-beinlangendifferenz\/","og_site_name":"Reach Your Height: PRECICE Limb Lengthening System","article_modified_time":"2024-10-23T19:43:29+00:00","twitter_misc":{"Gesch\u00e4tzte Lesezeit":"25 Minuten"},"schema":{"@context":"https:\/\/schema.org","@graph":[{"@type":"WebPage","@id":"https:\/\/www.reachyourheight.com\/de\/uber-beinlangendifferenz\/","url":"https:\/\/www.reachyourheight.com\/de\/uber-beinlangendifferenz\/","name":"Beinl\u00e4ngendifferenz (LLD) \u2013 H\u00e4ufige Ursachen und Krankheitsbild","isPartOf":{"@id":"https:\/\/www.reachyourheight.com\/#website"},"datePublished":"2018-07-09T17:12:05+00:00","dateModified":"2024-10-23T19:43:29+00:00","description":"Wenn Sie oder jemand, den Sie kennen, eine Beinl\u00e4ngendifferenz hat, ist das Verstehen der Ursache der erste Schritt, um die richtige L\u00f6sung zu finden.","breadcrumb":{"@id":"https:\/\/www.reachyourheight.com\/de\/uber-beinlangendifferenz\/#breadcrumb"},"inLanguage":"de-DE","potentialAction":[{"@type":"ReadAction","target":["https:\/\/www.reachyourheight.com\/de\/uber-beinlangendifferenz\/"]}]},{"@type":"BreadcrumbList","@id":"https:\/\/www.reachyourheight.com\/de\/uber-beinlangendifferenz\/#breadcrumb","itemListElement":[{"@type":"ListItem","position":1,"name":"Home","item":"https:\/\/www.reachyourheight.com\/de\/"},{"@type":"ListItem","position":2,"name":"\u00dcber Beinl\u00e4ngendifferenzen"}]},{"@type":"WebSite","@id":"https:\/\/www.reachyourheight.com\/#website","url":"https:\/\/www.reachyourheight.com\/","name":"Reach Your Height: PRECICE Limb Lengthening System","description":"Reach Your Height: PRECICE Limb Lengthening System","potentialAction":[{"@type":"SearchAction","target":{"@type":"EntryPoint","urlTemplate":"https:\/\/www.reachyourheight.com\/?s={search_term_string}"},"query-input":{"@type":"PropertyValueSpecification","valueRequired":true,"valueName":"search_term_string"}}],"inLanguage":"de-DE"}]}},"_links":{"self":[{"href":"https:\/\/www.reachyourheight.com\/de\/wp-json\/wp\/v2\/pages\/1477","targetHints":{"allow":["GET"]}}],"collection":[{"href":"https:\/\/www.reachyourheight.com\/de\/wp-json\/wp\/v2\/pages"}],"about":[{"href":"https:\/\/www.reachyourheight.com\/de\/wp-json\/wp\/v2\/types\/page"}],"author":[{"embeddable":true,"href":"https:\/\/www.reachyourheight.com\/de\/wp-json\/wp\/v2\/users\/2"}],"replies":[{"embeddable":true,"href":"https:\/\/www.reachyourheight.com\/de\/wp-json\/wp\/v2\/comments?post=1477"}],"version-history":[{"count":0,"href":"https:\/\/www.reachyourheight.com\/de\/wp-json\/wp\/v2\/pages\/1477\/revisions"}],"wp:attachment":[{"href":"https:\/\/www.reachyourheight.com\/de\/wp-json\/wp\/v2\/media?parent=1477"}],"curies":[{"name":"wp","href":"https:\/\/api.w.org\/{rel}","templated":true}]}}