{"id":1478,"date":"2018-07-09T17:12:18","date_gmt":"2018-07-09T17:12:18","guid":{"rendered":"http:\/\/www.reachyourheight.com\/erfolgsgeschichten\/"},"modified":"2021-04-09T20:56:18","modified_gmt":"2021-04-09T20:56:18","slug":"patientengeschichten","status":"publish","type":"page","link":"https:\/\/www.reachyourheight.com\/de\/patientengeschichten\/","title":{"rendered":"Patientengeschichten"},"content":{"rendered":"<p><div class=\"fusion-fullwidth fullwidth-box fusion-builder-row-1 nonhundred-percent-fullwidth non-hundred-percent-height-scrolling\" style=\"--awb-border-radius-top-left:0px;--awb-border-radius-top-right:0px;--awb-border-radius-bottom-right:0px;--awb-border-radius-bottom-left:0px;--awb-padding-top:60px;--awb-padding-bottom:60px;--awb-flex-wrap:wrap;\" ><div class=\"fusion-builder-row fusion-row\"><div class=\"fusion-layout-column fusion_builder_column fusion-builder-column-0 fusion_builder_column_1_1 1_1 fusion-one-full fusion-column-first fusion-column-last\" style=\"--awb-bg-size:cover;--awb-margin-bottom:0px;\"><div class=\"fusion-column-wrapper fusion-flex-column-wrapper-legacy\"><div class=\"fusion-text fusion-text-1\"><p><strong>Eine Beinl\u00e4ngendifferenz (LLD) stellt nicht f\u00fcr jeden ein Problem dar. Wenn Sie (oder jemand, den Sie kennen) Ihr Leben dadurch jedoch nicht in vollen Z\u00fcgen genie\u00dfen k\u00f6nnen, kann es schwer sein, positiv zu denken. Geben Sie nicht auf! Denken Sie immer daran: Sie sind nicht allein! Menschen auf der ganzen Welt haben mit Beinl\u00e4ngendifferenzen zu k\u00e4mpfen. Sie sind nun zusammengekommen, um eine Gemeinschaft zu bilden, die Unterst\u00fctzung und Verst\u00e4ndnis bietet.<\/strong><\/p>\n<p style=\"padding-bottom: 0px;\"><strong>Echte LLD-Patienten berichten \u00fcber ihre Erfahrungen mit dem PRECICE<sup>\u00ae<\/sup> internen Verl\u00e4ngerungssystem. Sehen Sie anhand von Vorher- und Nachher-Beispielen selbst, welche Erfolge die Beinverl\u00e4ngerungsoperation bei ihnen gebracht hat. Diese Patienten wissen aus erster Hand, was Sie durchmachen, und m\u00f6chten Ihnen deshalb Ihre Geschichten erz\u00e4hlen.<\/strong><\/p>\n<\/div><div class=\"fusion-clearfix\"><\/div><\/div><\/div><\/div><\/div><div class=\"fusion-fullwidth fullwidth-box fusion-builder-row-2 nonhundred-percent-fullwidth non-hundred-percent-height-scrolling\" style=\"--awb-border-radius-top-left:0px;--awb-border-radius-top-right:0px;--awb-border-radius-bottom-right:0px;--awb-border-radius-bottom-left:0px;--awb-padding-top:0px;--awb-padding-bottom:60px;--awb-flex-wrap:wrap;\" ><div class=\"fusion-builder-row fusion-row\"><div class=\"fusion-layout-column fusion_builder_column fusion-builder-column-1 fusion_builder_column_1_2 1_2 fusion-one-half fusion-column-first\" style=\"--awb-padding-top:20px;--awb-bg-size:cover;width:50%;width:calc(50% - ( ( 4% ) * 0.5 ) );margin-right: 4%;\"><div class=\"fusion-column-wrapper fusion-flex-column-wrapper-legacy\"><a class=\"awb-lightbox awb-lightbox-1\"><img decoding=\"async\" src=\"http:\/\/www.reachyourheight.com\/wp-content\/uploads\/revslider\/homepage\/patient_mark_nyc_2.jpg\"><\/a><div class=\"fusion-clearfix\"><\/div><\/div><\/div><div class=\"fusion-layout-column fusion_builder_column fusion-builder-column-2 fusion_builder_column_1_2 1_2 fusion-one-half fusion-column-last\" style=\"--awb-bg-size:cover;width:50%;width:calc(50% - ( ( 4% ) * 0.5 ) );\"><div class=\"fusion-column-wrapper fusion-flex-column-wrapper-legacy\"><div class=\"fusion-text fusion-text-2\"><h2>Die Geschichte von Mark<\/h2>\n<p>Bei einer Krebsdiagnose erwartet man normalerweise eine Operation, eine Chemotherapie oder eine Kombination aus beidem. Bei Mark DuMoulin brachte die operative Entfernung des Tumors, bei der ein gro\u00dfer Teil des Oberschenkelknochens (21 cm) entfernt werden musste, allerdings eine weitere Komplikation mit sich.<\/p>\n<p>Zwar konnten Marks Chirurgen seinen Oberschenkelknochen mit Teilen seines gesunden Knochens rekonstruieren und so den Defekt auff\u00fcllen, jedoch lag bei Mark noch immer eine Beinl\u00e4ngendifferenz von ca. 5 cm vor. Mithilfe des PRECICE internen Verl\u00e4ngerungssystems konnte Marks eigener Knochen nachwachsen und wieder seine volle L\u00e4nge erreichen.<\/p>\n<p>Im Video berichten Renee und Ihre Mutter, wie das PRECICE System zur Beinverl\u00e4ngerung Ihr Leben ver\u00e4ndert hat.<\/p>\n<p><a href=\"https:\/\/www.reachyourheight.com\/de\/patientengeschichten\/die-geschichte-von-mark\/?lang=de\">Erfahren Sie mehr<\/a><\/p>\n<\/div><div class=\"fusion-clearfix\"><\/div><\/div><\/div><\/div><\/div><div class=\"fusion-fullwidth fullwidth-box fusion-builder-row-3 nonhundred-percent-fullwidth non-hundred-percent-height-scrolling fusion-equal-height-columns cta\" style=\"--awb-border-radius-top-left:0px;--awb-border-radius-top-right:0px;--awb-border-radius-bottom-right:0px;--awb-border-radius-bottom-left:0px;--awb-padding-bottom:60px;--awb-flex-wrap:wrap;\" ><div class=\"fusion-builder-row fusion-row\"><div class=\"fusion-layout-column fusion_builder_column fusion-builder-column-3 fusion_builder_column_1_3 1_3 fusion-one-third fusion-column-first\" style=\"--awb-padding-top:94px;--awb-padding-bottom:94px;--awb-bg-color:#0099cc;--awb-bg-color-hover:#0099cc;--awb-bg-image:url(&#039;\/wp-content\/uploads\/2014\/12\/blue-docs.jpg&#039;);--awb-bg-position:center center;--awb-bg-size:cover;--awb-margin-bottom:0px;width:33.3333333333%;width:calc(33.3333333333% - ( ( 4% + 4% ) * 0.333333333333 ) );margin-right: 4%;\"><div class=\"fusion-column-wrapper fusion-flex-column-wrapper-legacy fusion-column-has-bg-image\" data-bg-url=\"\/wp-content\/uploads\/2014\/12\/blue-docs.jpg\"><div class=\"fusion-column-content-centered\"><div class=\"fusion-column-content\"><div class=\"fusion-text fusion-text-3\"><h2 style=\"text-align: center;\">Bereit f\u00fcr den n\u00e4chsten Schritt?<\/h2>\n<p style=\"text-align: center;\"><a href=\"https:\/\/www.reachyourheight.com\/de\/finden-sie-einen-auf-beinverlangerungen-spezialisierten-chirurgen\/?lang=de\">Einen Arzt finden<\/a><\/p>\n<\/div><\/div><\/div><div class=\"fusion-clearfix\"><\/div><\/div><\/div><div class=\"fusion-layout-column fusion_builder_column fusion-builder-column-4 fusion_builder_column_1_3 1_3 fusion-one-third\" style=\"--awb-padding-top:94px;--awb-padding-right:0px;--awb-padding-bottom:94px;--awb-padding-left:0px;--awb-bg-color:#a8b400;--awb-bg-color-hover:#a8b400;--awb-bg-image:url(&#039;\/wp-content\/uploads\/2017\/04\/faq_green.png&#039;);--awb-bg-position:center center;--awb-bg-size:cover;--awb-margin-bottom:0px;width:33.3333333333%;width:calc(33.3333333333% - ( ( 4% + 4% ) * 0.333333333333 ) );margin-right: 4%;\"><div class=\"fusion-column-wrapper fusion-flex-column-wrapper-legacy fusion-column-has-bg-image\" data-bg-url=\"\/wp-content\/uploads\/2017\/04\/faq_green.png\"><div class=\"fusion-column-content-centered\"><div class=\"fusion-column-content\"><div class=\"fusion-text fusion-text-4\"><h2 style=\"text-align: center;\">LLD F&amp;A<\/h2>\n<p style=\"text-align: center;\"><a href=\"http:\/\/www.reachyourheight.com\/fa-zu-bein-und-extremitatenlangendifferenzen\/?lang=de\">H\u00e4ufig gestellte Fragen zu <br \/>Beinl\u00e4ngendifferenzen<\/a><\/p>\n<\/div><\/div><\/div><div class=\"fusion-clearfix\"><\/div><\/div><\/div><div class=\"fusion-layout-column fusion_builder_column fusion-builder-column-5 fusion_builder_column_1_3 1_3 fusion-one-third fusion-column-last\" style=\"--awb-padding-top:94px;--awb-padding-right:0px;--awb-padding-bottom:94px;--awb-padding-left:0px;--awb-bg-color:#f2df74;--awb-bg-color-hover:#f2df74;--awb-bg-image:url(&#039;\/wp-content\/uploads\/2017\/04\/blue-feet.png&#039;);--awb-bg-position:center center;--awb-bg-size:cover;--awb-margin-bottom:0px;width:33.3333333333%;width:calc(33.3333333333% - ( ( 4% + 4% ) * 0.333333333333 ) );\"><div class=\"fusion-column-wrapper fusion-flex-column-wrapper-legacy fusion-column-has-bg-image\" data-bg-url=\"\/wp-content\/uploads\/2017\/04\/blue-feet.png\"><div class=\"fusion-column-content-centered\"><div class=\"fusion-column-content\"><div class=\"fusion-text fusion-text-5\"><h2 class=\"title\" style=\"text-align: center;\">BEINL\u00c4NGEN-DIFFERENZ<\/h2>\n<p style=\"text-align: center;\"><a href=\"https:\/\/www.reachyourheight.com\/de\/uber-beinlangendifferenz\/?lang=de\">Erfahren Sie mehr \u00fcber LLD und<br \/> die Behandlungsoptionen f\u00fcr Patienten<\/a><\/p>\n<\/div><\/div><\/div><div class=\"fusion-clearfix\"><\/div><\/div><\/div><\/div><\/div><\/p>\n","protected":false},"excerpt":{"rendered":"","protected":false},"author":2,"featured_media":0,"parent":0,"menu_order":0,"comment_status":"closed","ping_status":"closed","template":"100-width.php","meta":{"footnotes":""},"class_list":["post-1478","page","type-page","status-publish","hentry"],"yoast_head":"<!-- This site is optimized with the Yoast SEO plugin v27.4 - https:\/\/yoast.com\/product\/yoast-seo-wordpress\/ -->\n<title>Erfahrungen zum PRECICE\u00ae System zur Korrektur von Beinl\u00e4ngendifferenzen<\/title>\n<meta name=\"description\" content=\"Echte Patienten berichten \u00fcber ihre Erfahrungen mit dem PRECICE\u00ae internen Verl\u00e4ngerungssystem. Lassen Sie sich von den Ergebnissen der ehemaligen LLD-Patienten \u00fcberzeugen!\" \/>\n<meta name=\"robots\" content=\"index, follow, max-snippet:-1, max-image-preview:large, max-video-preview:-1\" \/>\n<link rel=\"canonical\" href=\"https:\/\/www.reachyourheight.com\/de\/patientengeschichten\/\" \/>\n<meta property=\"og:locale\" content=\"de_DE\" \/>\n<meta property=\"og:type\" content=\"article\" \/>\n<meta property=\"og:title\" content=\"Erfahrungen zum PRECICE\u00ae System zur Korrektur von Beinl\u00e4ngendifferenzen\" \/>\n<meta property=\"og:description\" content=\"Echte Patienten berichten \u00fcber ihre Erfahrungen mit dem PRECICE\u00ae internen Verl\u00e4ngerungssystem. Lassen Sie sich von den Ergebnissen der ehemaligen LLD-Patienten \u00fcberzeugen!\" \/>\n<meta property=\"og:url\" content=\"https:\/\/www.reachyourheight.com\/de\/patientengeschichten\/\" \/>\n<meta property=\"og:site_name\" content=\"Reach Your Height: PRECICE Limb Lengthening System\" \/>\n<meta property=\"article:modified_time\" content=\"2021-04-09T20:56:18+00:00\" \/>\n<meta property=\"og:image\" content=\"http:\/\/www.reachyourheight.com\/wp-content\/uploads\/revslider\/homepage\/patient_mark_nyc_2.jpg\" \/>\n<meta name=\"twitter:label1\" content=\"Gesch\u00e4tzte Lesezeit\" \/>\n\t<meta name=\"twitter:data1\" content=\"6 Minuten\" \/>\n<script type=\"application\/ld+json\" class=\"yoast-schema-graph\">{\"@context\":\"https:\\\/\\\/schema.org\",\"@graph\":[{\"@type\":\"WebPage\",\"@id\":\"https:\\\/\\\/www.reachyourheight.com\\\/de\\\/patientengeschichten\\\/\",\"url\":\"https:\\\/\\\/www.reachyourheight.com\\\/de\\\/patientengeschichten\\\/\",\"name\":\"Erfahrungen zum PRECICE\u00ae System zur Korrektur von Beinl\u00e4ngendifferenzen\",\"isPartOf\":{\"@id\":\"https:\\\/\\\/www.reachyourheight.com\\\/#website\"},\"primaryImageOfPage\":{\"@id\":\"https:\\\/\\\/www.reachyourheight.com\\\/de\\\/patientengeschichten\\\/#primaryimage\"},\"image\":{\"@id\":\"https:\\\/\\\/www.reachyourheight.com\\\/de\\\/patientengeschichten\\\/#primaryimage\"},\"thumbnailUrl\":\"http:\\\/\\\/www.reachyourheight.com\\\/wp-content\\\/uploads\\\/revslider\\\/homepage\\\/patient_mark_nyc_2.jpg\",\"datePublished\":\"2018-07-09T17:12:18+00:00\",\"dateModified\":\"2021-04-09T20:56:18+00:00\",\"description\":\"Echte Patienten berichten \u00fcber ihre Erfahrungen mit dem PRECICE\u00ae internen Verl\u00e4ngerungssystem. Lassen Sie sich von den Ergebnissen der ehemaligen LLD-Patienten \u00fcberzeugen!\",\"breadcrumb\":{\"@id\":\"https:\\\/\\\/www.reachyourheight.com\\\/de\\\/patientengeschichten\\\/#breadcrumb\"},\"inLanguage\":\"de-DE\",\"potentialAction\":[{\"@type\":\"ReadAction\",\"target\":[\"https:\\\/\\\/www.reachyourheight.com\\\/de\\\/patientengeschichten\\\/\"]}]},{\"@type\":\"ImageObject\",\"inLanguage\":\"de-DE\",\"@id\":\"https:\\\/\\\/www.reachyourheight.com\\\/de\\\/patientengeschichten\\\/#primaryimage\",\"url\":\"http:\\\/\\\/www.reachyourheight.com\\\/wp-content\\\/uploads\\\/revslider\\\/homepage\\\/patient_mark_nyc_2.jpg\",\"contentUrl\":\"http:\\\/\\\/www.reachyourheight.com\\\/wp-content\\\/uploads\\\/revslider\\\/homepage\\\/patient_mark_nyc_2.jpg\"},{\"@type\":\"BreadcrumbList\",\"@id\":\"https:\\\/\\\/www.reachyourheight.com\\\/de\\\/patientengeschichten\\\/#breadcrumb\",\"itemListElement\":[{\"@type\":\"ListItem\",\"position\":1,\"name\":\"Home\",\"item\":\"https:\\\/\\\/www.reachyourheight.com\\\/de\\\/\"},{\"@type\":\"ListItem\",\"position\":2,\"name\":\"Patientengeschichten\"}]},{\"@type\":\"WebSite\",\"@id\":\"https:\\\/\\\/www.reachyourheight.com\\\/#website\",\"url\":\"https:\\\/\\\/www.reachyourheight.com\\\/\",\"name\":\"Reach Your Height: PRECICE Limb Lengthening System\",\"description\":\"Reach Your Height: PRECICE Limb Lengthening System\",\"potentialAction\":[{\"@type\":\"SearchAction\",\"target\":{\"@type\":\"EntryPoint\",\"urlTemplate\":\"https:\\\/\\\/www.reachyourheight.com\\\/?s={search_term_string}\"},\"query-input\":{\"@type\":\"PropertyValueSpecification\",\"valueRequired\":true,\"valueName\":\"search_term_string\"}}],\"inLanguage\":\"de-DE\"}]}<\/script>\n<!-- \/ Yoast SEO plugin. -->","yoast_head_json":{"title":"Erfahrungen zum PRECICE\u00ae System zur Korrektur von Beinl\u00e4ngendifferenzen","description":"Echte Patienten berichten \u00fcber ihre Erfahrungen mit dem PRECICE\u00ae internen Verl\u00e4ngerungssystem. Lassen Sie sich von den Ergebnissen der ehemaligen LLD-Patienten \u00fcberzeugen!","robots":{"index":"index","follow":"follow","max-snippet":"max-snippet:-1","max-image-preview":"max-image-preview:large","max-video-preview":"max-video-preview:-1"},"canonical":"https:\/\/www.reachyourheight.com\/de\/patientengeschichten\/","og_locale":"de_DE","og_type":"article","og_title":"Erfahrungen zum PRECICE\u00ae System zur Korrektur von Beinl\u00e4ngendifferenzen","og_description":"Echte Patienten berichten \u00fcber ihre Erfahrungen mit dem PRECICE\u00ae internen Verl\u00e4ngerungssystem. Lassen Sie sich von den Ergebnissen der ehemaligen LLD-Patienten \u00fcberzeugen!","og_url":"https:\/\/www.reachyourheight.com\/de\/patientengeschichten\/","og_site_name":"Reach Your Height: PRECICE Limb Lengthening System","article_modified_time":"2021-04-09T20:56:18+00:00","og_image":[{"url":"http:\/\/www.reachyourheight.com\/wp-content\/uploads\/revslider\/homepage\/patient_mark_nyc_2.jpg","type":"","width":"","height":""}],"twitter_misc":{"Gesch\u00e4tzte Lesezeit":"6 Minuten"},"schema":{"@context":"https:\/\/schema.org","@graph":[{"@type":"WebPage","@id":"https:\/\/www.reachyourheight.com\/de\/patientengeschichten\/","url":"https:\/\/www.reachyourheight.com\/de\/patientengeschichten\/","name":"Erfahrungen zum PRECICE\u00ae System zur Korrektur von Beinl\u00e4ngendifferenzen","isPartOf":{"@id":"https:\/\/www.reachyourheight.com\/#website"},"primaryImageOfPage":{"@id":"https:\/\/www.reachyourheight.com\/de\/patientengeschichten\/#primaryimage"},"image":{"@id":"https:\/\/www.reachyourheight.com\/de\/patientengeschichten\/#primaryimage"},"thumbnailUrl":"http:\/\/www.reachyourheight.com\/wp-content\/uploads\/revslider\/homepage\/patient_mark_nyc_2.jpg","datePublished":"2018-07-09T17:12:18+00:00","dateModified":"2021-04-09T20:56:18+00:00","description":"Echte Patienten berichten \u00fcber ihre Erfahrungen mit dem PRECICE\u00ae internen Verl\u00e4ngerungssystem. Lassen Sie sich von den Ergebnissen der ehemaligen LLD-Patienten \u00fcberzeugen!","breadcrumb":{"@id":"https:\/\/www.reachyourheight.com\/de\/patientengeschichten\/#breadcrumb"},"inLanguage":"de-DE","potentialAction":[{"@type":"ReadAction","target":["https:\/\/www.reachyourheight.com\/de\/patientengeschichten\/"]}]},{"@type":"ImageObject","inLanguage":"de-DE","@id":"https:\/\/www.reachyourheight.com\/de\/patientengeschichten\/#primaryimage","url":"http:\/\/www.reachyourheight.com\/wp-content\/uploads\/revslider\/homepage\/patient_mark_nyc_2.jpg","contentUrl":"http:\/\/www.reachyourheight.com\/wp-content\/uploads\/revslider\/homepage\/patient_mark_nyc_2.jpg"},{"@type":"BreadcrumbList","@id":"https:\/\/www.reachyourheight.com\/de\/patientengeschichten\/#breadcrumb","itemListElement":[{"@type":"ListItem","position":1,"name":"Home","item":"https:\/\/www.reachyourheight.com\/de\/"},{"@type":"ListItem","position":2,"name":"Patientengeschichten"}]},{"@type":"WebSite","@id":"https:\/\/www.reachyourheight.com\/#website","url":"https:\/\/www.reachyourheight.com\/","name":"Reach Your Height: PRECICE Limb Lengthening System","description":"Reach Your Height: PRECICE Limb Lengthening System","potentialAction":[{"@type":"SearchAction","target":{"@type":"EntryPoint","urlTemplate":"https:\/\/www.reachyourheight.com\/?s={search_term_string}"},"query-input":{"@type":"PropertyValueSpecification","valueRequired":true,"valueName":"search_term_string"}}],"inLanguage":"de-DE"}]}},"_links":{"self":[{"href":"https:\/\/www.reachyourheight.com\/de\/wp-json\/wp\/v2\/pages\/1478","targetHints":{"allow":["GET"]}}],"collection":[{"href":"https:\/\/www.reachyourheight.com\/de\/wp-json\/wp\/v2\/pages"}],"about":[{"href":"https:\/\/www.reachyourheight.com\/de\/wp-json\/wp\/v2\/types\/page"}],"author":[{"embeddable":true,"href":"https:\/\/www.reachyourheight.com\/de\/wp-json\/wp\/v2\/users\/2"}],"replies":[{"embeddable":true,"href":"https:\/\/www.reachyourheight.com\/de\/wp-json\/wp\/v2\/comments?post=1478"}],"version-history":[{"count":0,"href":"https:\/\/www.reachyourheight.com\/de\/wp-json\/wp\/v2\/pages\/1478\/revisions"}],"wp:attachment":[{"href":"https:\/\/www.reachyourheight.com\/de\/wp-json\/wp\/v2\/media?parent=1478"}],"curies":[{"name":"wp","href":"https:\/\/api.w.org\/{rel}","templated":true}]}}