{"id":1510,"date":"2018-07-10T14:58:34","date_gmt":"2018-07-10T14:58:34","guid":{"rendered":"http:\/\/www.reachyourheight.com\/operations-und-behandlungsmoglichkeiten-zur-beinverlangerung\/"},"modified":"2020-12-15T19:35:31","modified_gmt":"2020-12-15T19:35:31","slug":"operations-und-behandlungsmoglichkeiten-zur-beinverlangerung","status":"publish","type":"page","link":"https:\/\/www.reachyourheight.com\/de\/operations-und-behandlungsmoglichkeiten-zur-beinverlangerung\/","title":{"rendered":"Operations- und Behandlungsm\u00f6glichkeiten zur Beinverl\u00e4ngerung"},"content":{"rendered":"<p><div class=\"fusion-fullwidth fullwidth-box fusion-builder-row-1 nonhundred-percent-fullwidth non-hundred-percent-height-scrolling\" style=\"--awb-border-radius-top-left:0px;--awb-border-radius-top-right:0px;--awb-border-radius-bottom-right:0px;--awb-border-radius-bottom-left:0px;--awb-padding-top:0px;--awb-flex-wrap:wrap;\" ><div class=\"fusion-builder-row fusion-row\"><div class=\"fusion-layout-column fusion_builder_column fusion-builder-column-0 fusion_builder_column_1_1 1_1 fusion-one-full fusion-column-first fusion-column-last\" style=\"--awb-bg-size:cover;--awb-margin-bottom:0px;\"><div class=\"fusion-column-wrapper fusion-flex-column-wrapper-legacy\"><div class=\"fusion-text fusion-text-1\"><h2><\/h2>\n<p><img decoding=\"async\" class=\"alignright size-full wp-image-1171\" src=\"\/wp-content\/uploads\/2018\/07\/fig-4.png\" alt=\"\" width=\"600\" \/>Eine Beinl\u00e4ngendifferenz (bzw. Gliedma\u00dfenl\u00e4ngendifferenz) verursacht nicht bei jedem Probleme. Wenn die Beinl\u00e4ngendifferenz allerdings zu Hinken oder Schmerzen f\u00fchrt, oder Sie an der Teilnahme an Aktivit\u00e4ten hindert, die Sie gerne durchf\u00fchren w\u00fcrden, haben Sie M\u00f6glichkeiten, etwas dagegen zu tun.<\/p>\n<p>Nutzen Sie die Informationen auf dieser Seite, um sich mit den Behandlungsoptionen vertraut zu machen und sich auf Ihr Gespr\u00e4ch mit einem auf Beinl\u00e4ngendifferenzen spezialisierten Arzt vorzubereiten.<\/p>\n<div class=\"videobox alignright\">\n<\/div>\n<h2>Ihr Wegweiser zu den Operations- und Behandlungsm\u00f6glichkeiten zur Beinverl\u00e4ngerung<\/h2>\n<p>Sich bei einer Beinl\u00e4ngendifferenz f\u00fcr die richtige Behandlung zu entscheiden, kann sehr schwer sein. Die Angaben auf dieser Seite dienen als Information \u00fcber die verf\u00fcgbaren Behandlungsoptionen. Nicht alle Informationen treffen auf Ihre individuelle Behandlung zu und sie sind nicht dazu gedacht, pers\u00f6nliche Gespr\u00e4che zu ersetzen, die Sie vielleicht mit Ihrem Arzt oder einem anderen Gesundheitsdienstleister f\u00fchren m\u00f6chten.<\/p>\n<p>Ein Arzt, der in den Techniken der Beinverl\u00e4ngerung erfahren ist, kann Ihnen die Behandlungsoptionen, Risiken und Nutzen im Detail erkl\u00e4ren\u00a0\u2013\u00a0Daher ist es wichtig, dass Sie einen auf Beinl\u00e4ngendifferenzen spezialisierten Arzt finden, um mit ihm zu besprechen, ob eine operative oder konservative Behandlung f\u00fcr Sie am besten w\u00e4re.<\/p>\n<h2>Was sind die Risiken einer Operation zur Beinverl\u00e4ngerung?<\/h2>\n<p>Wie jede andere Operation ist auch eine Beinverl\u00e4ngerung mit Risiken verbunden, und es ist wichtig, dass Sie diese Risiken mit Ihrem Arzt besprechen, um herauszufinden, ob eine Beinverl\u00e4ngerung das Richtige f\u00fcr Sie w\u00e4re. Zu den m\u00f6glichen Komplikationen z\u00e4hlen:<\/p>\n<ul>\n<li>Blutgerinnsel\u00a0\u2013\u00a0Nach der orthop\u00e4dischen Operation besteht f\u00fcr Patienten das Risiko einer Bildung von Blutgerinnseln, aber es gibt Ma\u00dfnahmen im Krankenhaus, um diese zu vermeiden.<\/li>\n<li>Verletzte Nerven und Blutgef\u00e4\u00dfe\u00a0\u2013\u00a0In manchen F\u00e4llen k\u00f6nnen w\u00e4hrend der Operation oder w\u00e4hrend der anschlie\u00dfenden Verl\u00e4ngerung des Knochens Nerven und Blutgef\u00e4\u00dfe verletzt werden.<\/li>\n<li>Infektion\u00a0\u2013\u00a0Wie bei jeder Operation besteht das Risiko einer Infektion. Da das PRECICE System in Ihren Knochen eingef\u00fchrt wird, ist das Infektionsrisiko jedoch sehr gering, nur etwa &lt;\u00a01\u00a0%. Wenn Sie bereits vorher eine Verl\u00e4ngerung mit einem Fixateur externe hatten, ist das Infektionsrisiko etwas h\u00f6her. Weitere Einzelheiten hierzu erhalten Sie bei Ihrem Arzt.<\/li>\n<li>Gelenksteifigkeit und Erh\u00e4rtung von Weichgewebe\u00a0\u2013\u00a0W\u00e4hrend Ihr Knochen verl\u00e4ngert wird, wird auch Ihr Weichgewebe gedehnt und die Muskeln werden stark angespannt. Daher ist es empfehlenswert, dass Sie weiterhin Ihre H\u00fcften, Knie und Kn\u00f6chel bewegen. Ein Physiotherapeut kann Ihnen \u00dcbungen beibringen, die diese Steifigkeit auf ein Minimum reduzieren.<\/li>\n<li>Gelenkinstabilit\u00e4t\u00a0\u2013\u00a0Nach langen Verl\u00e4ngerungsverfahren besteht ein geringes Risiko, dass ein nahe gelegenes Gelenk ausgerenkt wird.<\/li>\n<li>Verz\u00f6gerte Verheilung (Union)\u00a0\u2013\u00a0Kann auftreten, wenn sich w\u00e4hrend der Verl\u00e4ngerung kein Knochen bildet oder sehr lange f\u00fcr das Zusammenwachsen ben\u00f6tigt. Andere Gr\u00fcnde, die dazu f\u00fchren, dass der Knochen sich nicht verl\u00e4ngert, beruhen auf dem Dehnen von Nerven, Blutgef\u00e4\u00dfen, Muskeln und Sehnen.<\/li>\n<li>Erneuter Bruch\u00a0\u2013\u00a0Nach Entfernung des Systems besteht ein geringes Risiko, dass der verl\u00e4ngerte Knochen bricht. Wenn das passiert, muss das Bein m\u00f6glicherweise erneut operiert oder eingegipst oder geschient werden. Daher ist es wichtig, dass Sie den Rat Ihres Arztes bez\u00fcglich k\u00f6rperlicher Aktivit\u00e4ten befolgen.<\/li>\n<\/ul>\n<p>W\u00e4hrend eine kleine Beinl\u00e4ngendifferenz vielleicht gar keine Probleme verursacht, kann eine gro\u00dfe Differenz zu sichtbarem Hinken f\u00fchren und eine Behandlung erforderlich machen. Zu den konservativen Behandlungsoptionen z\u00e4hlen das \u201eAbwarten\u201c bei Kindern, die noch im Wachstum sind, sowie eine Schuherh\u00f6hung bei einer Beinl\u00e4ngendifferenz von weniger als 3 &#8211; 4\u00a0cm.<\/p>\n<p>Operative Behandlungsmethoden werden in der Regel f\u00fcr gr\u00f6\u00dfere Beinl\u00e4ngendifferenzen von mehr als 3 &#8211; 4\u00a0cm eingesetzt.<\/p>\n<ul>\n<li>Eine Beschr\u00e4nkung des Knochenwachstums (Epiphysiodese oder Wachstumsblockade) ist h\u00e4ufig wirksam, wenn sie zum richtigen Zeitpunkt w\u00e4hrend der Pubert\u00e4t durchgef\u00fchrt wird, kann aber zu einer geringeren K\u00f6rpergr\u00f6\u00dfe f\u00fchren.<\/li>\n<li>Eine Verk\u00fcrzung des Knochens ist zwar besser planbar als eine Epiphysiodese, zieht aber eine deutlich l\u00e4ngere Erholungszeit nach sich.<\/li>\n<li>Mit einer Operation zur Beinl\u00e4ngendifferenz kann der Patient seine volle K\u00f6rpergr\u00f6\u00dfe wiederherstellen. Vergleichbare M\u00f6glichkeiten f\u00fcr einen L\u00e4ngenausgleich sind die Externen Fixateure, die vergleichbare Ergebnisse liefern. Der Fixateuer hat im Vergleich zum internen Verl\u00e4ngerungsnagel eine erh\u00f6hte Komplikationsrate.<sup>3<\/sup><\/li>\n<\/ul>\n<p>Einige Beinl\u00e4ngendifferenzen m\u00fcssen unter Umst\u00e4nden gesondert behandelt werden, aber Sie und Ihr Arzt entscheiden, ob und welche Behandlung f\u00fcr Sie am besten geeignet ist.<\/p>\n<p><a href=\"https:\/\/www.reachyourheight.com\/de\/finden-sie-einen-auf-beinverlangerungen-spezialisierten-chirurgen\/?lang=de\">Einen Arzt finden &gt; <\/a><\/p>\n<p>Verwandte Links:<\/p>\n<ul>\n<li><a href=\"https:\/\/www.reachyourheight.com\/de\/operations-und-behandlungsmoglichkeiten-zur-beinverlangerung\/schuhzurichtungen-fur-beinlangendifferenzen\/?lang=de\" target=\"_blank\" rel=\"noopener noreferrer\">Schuherh\u00f6hung<\/a><\/li>\n<li><a href=\"https:\/\/www.reachyourheight.com\/de\/operations-und-behandlungsmoglichkeiten-zur-beinverlangerung\/knochenverkurzung-bei-beinlangendifferenzen\/?lang=de\" target=\"_blank\" rel=\"noopener noreferrer\">Knochenverk\u00fcrzung<\/a><\/li>\n<li><a href=\"https:\/\/www.reachyourheight.com\/de\/operations-und-behandlungsmoglichkeiten-zur-beinverlangerung\/operative-behandlung-epiphysiodese-wachstumsblockade\/?lang=de\" target=\"_blank\" rel=\"noopener noreferrer\">Epiphysiodese (Wachstumsblockade)<\/a><\/li>\n<li><a href=\"https:\/\/www.reachyourheight.com\/de\/operations-und-behandlungsmoglichkeiten-zur-beinverlangerung\/operative-behandlung-externe-fixierung\/?lang=de\" target=\"_blank\" rel=\"noopener noreferrer\">Externe Fixierung<\/a><\/li>\n<li><a href=\"https:\/\/www.reachyourheight.com\/de\/operations-und-behandlungsmoglichkeiten-zur-beinverlangerung\/operative-behandlung-precice-internes-verlangerungssystem\/?lang=de\" target=\"_blank\" rel=\"noopener noreferrer\">PRECICE<sup>\u00ae<\/sup> internes Verl\u00e4ngerungssystem<\/a><\/li>\n<\/ul>\n<div class=\"reference-text\">\n<p><sup><strong>1.<\/strong> Laubscher M, Mitchell C, Timms A, et al. Outcomes following femoral lengthening: An initial comparison of the PRECICE intramedullary lengthening nail and the LRS external fixator monorail system. <em>Bone Joint J<\/em> 2016;98-B:1382\u20138.<\/sup><\/p>\n<p><sup><strong>2.<\/strong> Landge V, Shabtai L, Gesheff M, et al. Patient satisfaction after leg lengthening with internal and external devices. <em>J Surg Orthop Adv<\/em> 2015;24(2):174-9.<\/sup><\/p>\n<p><sup><a href=\"\/wp-content\/uploads\/2018\/03\/2016-Herzenberg-patient-satisfaction-JSOA.pdf\"><strong>3.<\/strong> Patient Satisfaction After Limb Lengthening With Internal and External Devices<\/a><\/sup><\/p>\n<\/div>\n<\/div><div class=\"fusion-clearfix\"><\/div><\/div><\/div><\/div><\/div><div class=\"fusion-fullwidth fullwidth-box fusion-builder-row-2 nonhundred-percent-fullwidth non-hundred-percent-height-scrolling fusion-equal-height-columns cta\" style=\"--awb-border-radius-top-left:0px;--awb-border-radius-top-right:0px;--awb-border-radius-bottom-right:0px;--awb-border-radius-bottom-left:0px;--awb-padding-bottom:60px;--awb-flex-wrap:wrap;\" ><div class=\"fusion-builder-row fusion-row\"><div class=\"fusion-layout-column fusion_builder_column fusion-builder-column-1 fusion_builder_column_1_3 1_3 fusion-one-third fusion-column-first\" style=\"--awb-padding-top:94px;--awb-padding-bottom:94px;--awb-bg-color:#0099cc;--awb-bg-color-hover:#0099cc;--awb-bg-image:url(&#039;https:\/\/nuvasiveso.wpengine.com\/wp-content\/uploads\/2014\/12\/blue-docs.jpg&#039;);--awb-bg-position:center center;--awb-bg-size:cover;--awb-margin-bottom:0px;width:33.3333333333%;width:calc(33.3333333333% - ( ( 4% + 4% ) * 0.333333333333 ) );margin-right: 4%;\"><div class=\"fusion-column-wrapper fusion-flex-column-wrapper-legacy fusion-column-has-bg-image\" data-bg-url=\"https:\/\/nuvasiveso.wpengine.com\/wp-content\/uploads\/2014\/12\/blue-docs.jpg\"><div class=\"fusion-column-content-centered\"><div class=\"fusion-column-content\"><div class=\"fusion-text fusion-text-2\"><h2 style=\"text-align: center;\">Bereit f\u00fcr<br \/>\nden n\u00e4chsten Schritt?<\/h2>\n<p style=\"text-align: center;\"><a href=\"https:\/\/www.reachyourheight.com\/de\/finden-sie-einen-auf-beinverlangerungen-spezialisierten-chirurgen\/?lang=de\">Einen Arzt finden<\/a><\/p>\n<\/div><\/div><\/div><div class=\"fusion-clearfix\"><\/div><\/div><\/div><div class=\"fusion-layout-column fusion_builder_column fusion-builder-column-2 fusion_builder_column_1_3 1_3 fusion-one-third\" style=\"--awb-padding-top:94px;--awb-padding-right:0px;--awb-padding-bottom:94px;--awb-padding-left:0px;--awb-bg-color:#a8b400;--awb-bg-color-hover:#a8b400;--awb-bg-image:url(&#039;https:\/\/nuvasiveso.wpengine.com\/wp-content\/uploads\/2014\/12\/success-stories.png&#039;);--awb-bg-position:center center;--awb-bg-size:cover;--awb-margin-bottom:0px;width:33.3333333333%;width:calc(33.3333333333% - ( ( 4% + 4% ) * 0.333333333333 ) );margin-right: 4%;\"><div class=\"fusion-column-wrapper fusion-flex-column-wrapper-legacy fusion-column-has-bg-image\" data-bg-url=\"https:\/\/nuvasiveso.wpengine.com\/wp-content\/uploads\/2014\/12\/success-stories.png\"><div class=\"fusion-column-content-centered\"><div class=\"fusion-column-content\"><div class=\"fusion-text fusion-text-3\"><h2 class=\"title\" style=\"text-align: center;\">PATIENTENGESCHICHTE<\/h2>\n<p style=\"text-align: center;\"><a href=\"https:\/\/www.reachyourheight.com\/de\/patientengeschichten\/?lang=de\">Erfahren Sie, wie es anderen<br \/>\nLLD-Patienten erging<\/a><\/p>\n<\/div><\/div><\/div><div class=\"fusion-clearfix\"><\/div><\/div><\/div><div class=\"fusion-layout-column fusion_builder_column fusion-builder-column-3 fusion_builder_column_1_3 1_3 fusion-one-third fusion-column-last\" style=\"--awb-padding-top:94px;--awb-padding-right:0px;--awb-padding-bottom:94px;--awb-padding-left:0px;--awb-bg-color:#f2df74;--awb-bg-color-hover:#f2df74;--awb-bg-image:url(&#039;https:\/\/nuvasiveso.wpengine.com\/wp-content\/uploads\/2017\/04\/blue-feet.png&#039;);--awb-bg-position:center center;--awb-bg-size:cover;--awb-margin-bottom:0px;width:33.3333333333%;width:calc(33.3333333333% - ( ( 4% + 4% ) * 0.333333333333 ) );\"><div class=\"fusion-column-wrapper fusion-flex-column-wrapper-legacy fusion-column-has-bg-image\" data-bg-url=\"https:\/\/nuvasiveso.wpengine.com\/wp-content\/uploads\/2017\/04\/blue-feet.png\"><div class=\"fusion-column-content-centered\"><div class=\"fusion-column-content\"><div class=\"fusion-text fusion-text-4\"><h2 class=\"title\" style=\"text-align: center;\">BEINL\u00c4NGEN-DIFFERENZ<\/h2>\n<p style=\"text-align: center;\"><a href=\"https:\/\/www.reachyourheight.com\/de\/uber-beinlangendifferenz\/?lang=de\">Erfahren Sie mehr \u00fcber LLD und<br \/>\ndie Behandlungsoptionen f\u00fcr Patienten<\/a><\/p>\n<\/div><\/div><\/div><div class=\"fusion-clearfix\"><\/div><\/div><\/div><\/div><\/div><\/p>\n","protected":false},"excerpt":{"rendered":"","protected":false},"author":2,"featured_media":0,"parent":0,"menu_order":0,"comment_status":"closed","ping_status":"closed","template":"100-width.php","meta":{"footnotes":""},"class_list":["post-1510","page","type-page","status-publish","hentry"],"yoast_head":"<!-- This site is optimized with the Yoast SEO plugin v26.7 - https:\/\/yoast.com\/wordpress\/plugins\/seo\/ -->\n<title>Operations- und Behandlungsm\u00f6glichkeiten zur Beinverl\u00e4ngerung | PRECICE\u00ae<\/title>\n<meta name=\"description\" content=\"Die Behandlung einer Beinl\u00e4ngendifferenz h\u00e4ngt vom Ausma\u00df des Beinl\u00e4ngenunterschieds, dem Alter des Patienten und der Ursache ab. Hier k\u00f6nnen Sie sich die operativen und konservativen Behandlungsm\u00f6glichkeiten ansehen.\" \/>\n<meta name=\"robots\" content=\"index, follow, max-snippet:-1, max-image-preview:large, max-video-preview:-1\" \/>\n<link rel=\"canonical\" href=\"https:\/\/www.reachyourheight.com\/de\/operations-und-behandlungsmoglichkeiten-zur-beinverlangerung\/\" \/>\n<meta property=\"og:locale\" content=\"de_DE\" \/>\n<meta property=\"og:type\" content=\"article\" \/>\n<meta property=\"og:title\" content=\"Operations- und Behandlungsm\u00f6glichkeiten zur Beinverl\u00e4ngerung | PRECICE\u00ae\" \/>\n<meta property=\"og:description\" content=\"Die Behandlung einer Beinl\u00e4ngendifferenz h\u00e4ngt vom Ausma\u00df des Beinl\u00e4ngenunterschieds, dem Alter des Patienten und der Ursache ab. Hier k\u00f6nnen Sie sich die operativen und konservativen Behandlungsm\u00f6glichkeiten ansehen.\" \/>\n<meta property=\"og:url\" content=\"https:\/\/www.reachyourheight.com\/de\/operations-und-behandlungsmoglichkeiten-zur-beinverlangerung\/\" \/>\n<meta property=\"og:site_name\" content=\"Reach Your Height: PRECICE Limb Lengthening System\" \/>\n<meta property=\"article:modified_time\" content=\"2020-12-15T19:35:31+00:00\" \/>\n<meta property=\"og:image\" content=\"https:\/\/www.reachyourheight.com\/wp-content\/uploads\/2018\/07\/fig-4.png\" \/>\n<meta name=\"twitter:label1\" content=\"Gesch\u00e4tzte Lesezeit\" \/>\n\t<meta name=\"twitter:data1\" content=\"8 Minuten\" \/>\n<script type=\"application\/ld+json\" class=\"yoast-schema-graph\">{\"@context\":\"https:\/\/schema.org\",\"@graph\":[{\"@type\":\"WebPage\",\"@id\":\"https:\/\/www.reachyourheight.com\/de\/operations-und-behandlungsmoglichkeiten-zur-beinverlangerung\/\",\"url\":\"https:\/\/www.reachyourheight.com\/de\/operations-und-behandlungsmoglichkeiten-zur-beinverlangerung\/\",\"name\":\"Operations- und Behandlungsm\u00f6glichkeiten zur Beinverl\u00e4ngerung | PRECICE\u00ae\",\"isPartOf\":{\"@id\":\"https:\/\/www.reachyourheight.com\/#website\"},\"datePublished\":\"2018-07-10T14:58:34+00:00\",\"dateModified\":\"2020-12-15T19:35:31+00:00\",\"description\":\"Die Behandlung einer Beinl\u00e4ngendifferenz h\u00e4ngt vom Ausma\u00df des Beinl\u00e4ngenunterschieds, dem Alter des Patienten und der Ursache ab. Hier k\u00f6nnen Sie sich die operativen und konservativen Behandlungsm\u00f6glichkeiten ansehen.\",\"breadcrumb\":{\"@id\":\"https:\/\/www.reachyourheight.com\/de\/operations-und-behandlungsmoglichkeiten-zur-beinverlangerung\/#breadcrumb\"},\"inLanguage\":\"de-DE\",\"potentialAction\":[{\"@type\":\"ReadAction\",\"target\":[\"https:\/\/www.reachyourheight.com\/de\/operations-und-behandlungsmoglichkeiten-zur-beinverlangerung\/\"]}]},{\"@type\":\"BreadcrumbList\",\"@id\":\"https:\/\/www.reachyourheight.com\/de\/operations-und-behandlungsmoglichkeiten-zur-beinverlangerung\/#breadcrumb\",\"itemListElement\":[{\"@type\":\"ListItem\",\"position\":1,\"name\":\"Home\",\"item\":\"https:\/\/www.reachyourheight.com\/de\/\"},{\"@type\":\"ListItem\",\"position\":2,\"name\":\"Operations- und Behandlungsm\u00f6glichkeiten zur Beinverl\u00e4ngerung\"}]},{\"@type\":\"WebSite\",\"@id\":\"https:\/\/www.reachyourheight.com\/#website\",\"url\":\"https:\/\/www.reachyourheight.com\/\",\"name\":\"Reach Your Height: PRECICE Limb Lengthening System\",\"description\":\"Reach Your Height: PRECICE Limb Lengthening System\",\"potentialAction\":[{\"@type\":\"SearchAction\",\"target\":{\"@type\":\"EntryPoint\",\"urlTemplate\":\"https:\/\/www.reachyourheight.com\/?s={search_term_string}\"},\"query-input\":{\"@type\":\"PropertyValueSpecification\",\"valueRequired\":true,\"valueName\":\"search_term_string\"}}],\"inLanguage\":\"de-DE\"}]}<\/script>\n<!-- \/ Yoast SEO plugin. -->","yoast_head_json":{"title":"Operations- und Behandlungsm\u00f6glichkeiten zur Beinverl\u00e4ngerung | PRECICE\u00ae","description":"Die Behandlung einer Beinl\u00e4ngendifferenz h\u00e4ngt vom Ausma\u00df des Beinl\u00e4ngenunterschieds, dem Alter des Patienten und der Ursache ab. Hier k\u00f6nnen Sie sich die operativen und konservativen Behandlungsm\u00f6glichkeiten ansehen.","robots":{"index":"index","follow":"follow","max-snippet":"max-snippet:-1","max-image-preview":"max-image-preview:large","max-video-preview":"max-video-preview:-1"},"canonical":"https:\/\/www.reachyourheight.com\/de\/operations-und-behandlungsmoglichkeiten-zur-beinverlangerung\/","og_locale":"de_DE","og_type":"article","og_title":"Operations- und Behandlungsm\u00f6glichkeiten zur Beinverl\u00e4ngerung | PRECICE\u00ae","og_description":"Die Behandlung einer Beinl\u00e4ngendifferenz h\u00e4ngt vom Ausma\u00df des Beinl\u00e4ngenunterschieds, dem Alter des Patienten und der Ursache ab. Hier k\u00f6nnen Sie sich die operativen und konservativen Behandlungsm\u00f6glichkeiten ansehen.","og_url":"https:\/\/www.reachyourheight.com\/de\/operations-und-behandlungsmoglichkeiten-zur-beinverlangerung\/","og_site_name":"Reach Your Height: PRECICE Limb Lengthening System","article_modified_time":"2020-12-15T19:35:31+00:00","og_image":[{"url":"https:\/\/www.reachyourheight.com\/wp-content\/uploads\/2018\/07\/fig-4.png","type":"","width":"","height":""}],"twitter_misc":{"Gesch\u00e4tzte Lesezeit":"8 Minuten"},"schema":{"@context":"https:\/\/schema.org","@graph":[{"@type":"WebPage","@id":"https:\/\/www.reachyourheight.com\/de\/operations-und-behandlungsmoglichkeiten-zur-beinverlangerung\/","url":"https:\/\/www.reachyourheight.com\/de\/operations-und-behandlungsmoglichkeiten-zur-beinverlangerung\/","name":"Operations- und Behandlungsm\u00f6glichkeiten zur Beinverl\u00e4ngerung | PRECICE\u00ae","isPartOf":{"@id":"https:\/\/www.reachyourheight.com\/#website"},"datePublished":"2018-07-10T14:58:34+00:00","dateModified":"2020-12-15T19:35:31+00:00","description":"Die Behandlung einer Beinl\u00e4ngendifferenz h\u00e4ngt vom Ausma\u00df des Beinl\u00e4ngenunterschieds, dem Alter des Patienten und der Ursache ab. Hier k\u00f6nnen Sie sich die operativen und konservativen Behandlungsm\u00f6glichkeiten ansehen.","breadcrumb":{"@id":"https:\/\/www.reachyourheight.com\/de\/operations-und-behandlungsmoglichkeiten-zur-beinverlangerung\/#breadcrumb"},"inLanguage":"de-DE","potentialAction":[{"@type":"ReadAction","target":["https:\/\/www.reachyourheight.com\/de\/operations-und-behandlungsmoglichkeiten-zur-beinverlangerung\/"]}]},{"@type":"BreadcrumbList","@id":"https:\/\/www.reachyourheight.com\/de\/operations-und-behandlungsmoglichkeiten-zur-beinverlangerung\/#breadcrumb","itemListElement":[{"@type":"ListItem","position":1,"name":"Home","item":"https:\/\/www.reachyourheight.com\/de\/"},{"@type":"ListItem","position":2,"name":"Operations- und Behandlungsm\u00f6glichkeiten zur Beinverl\u00e4ngerung"}]},{"@type":"WebSite","@id":"https:\/\/www.reachyourheight.com\/#website","url":"https:\/\/www.reachyourheight.com\/","name":"Reach Your Height: PRECICE Limb Lengthening System","description":"Reach Your Height: PRECICE Limb Lengthening System","potentialAction":[{"@type":"SearchAction","target":{"@type":"EntryPoint","urlTemplate":"https:\/\/www.reachyourheight.com\/?s={search_term_string}"},"query-input":{"@type":"PropertyValueSpecification","valueRequired":true,"valueName":"search_term_string"}}],"inLanguage":"de-DE"}]}},"_links":{"self":[{"href":"https:\/\/www.reachyourheight.com\/de\/wp-json\/wp\/v2\/pages\/1510","targetHints":{"allow":["GET"]}}],"collection":[{"href":"https:\/\/www.reachyourheight.com\/de\/wp-json\/wp\/v2\/pages"}],"about":[{"href":"https:\/\/www.reachyourheight.com\/de\/wp-json\/wp\/v2\/types\/page"}],"author":[{"embeddable":true,"href":"https:\/\/www.reachyourheight.com\/de\/wp-json\/wp\/v2\/users\/2"}],"replies":[{"embeddable":true,"href":"https:\/\/www.reachyourheight.com\/de\/wp-json\/wp\/v2\/comments?post=1510"}],"version-history":[{"count":0,"href":"https:\/\/www.reachyourheight.com\/de\/wp-json\/wp\/v2\/pages\/1510\/revisions"}],"wp:attachment":[{"href":"https:\/\/www.reachyourheight.com\/de\/wp-json\/wp\/v2\/media?parent=1510"}],"curies":[{"name":"wp","href":"https:\/\/api.w.org\/{rel}","templated":true}]}}