{"id":1569,"date":"2018-11-02T16:26:40","date_gmt":"2018-11-02T16:26:40","guid":{"rendered":"http:\/\/www.reachyourheight.com\/reach-your-height-cookies-hinweis\/"},"modified":"2019-09-30T15:07:10","modified_gmt":"2019-09-30T15:07:10","slug":"reach-your-height-cookies-hinweis","status":"publish","type":"page","link":"https:\/\/www.reachyourheight.com\/de\/reach-your-height-cookies-hinweis\/","title":{"rendered":"REACH YOUR HEIGHT Cookies-Hinweis"},"content":{"rendered":"<p>Wie die meisten anderen Websites und Dienste, verwenden NuVasive und seine Partner mitunter Cookies und \u00e4hnliche Technologien, um die Funktionalit\u00e4t unserer Website und unserer Dienste zu vereinfachen und unsere Benutzererfahrung zu optimieren.<\/p>\n<h3>Was sind Cookies?<\/h3>\n<p>Bez\u00fcglich weiterer Informationen \u00fcber Cookies und \u00e4hnliche Technologien lesen Sie bitte unten weiter:<\/p>\n<ul>\n<li>Cookies: Cookies sind kleine Datendateien (die normalerweise Buchstaben und Zahlen enthalten), die in Ihrem Browser oder auf Ihrem Ger\u00e4t platziert werden k\u00f6nnen, wenn Sie eine Website besuchen. Cookies werden weithin verwendet, um den Betrieb von Websites zu vereinfachen, um ihre Funktion effizienter zu gestalten und um Analyseinformationen zu liefern.\u00a0 Sie k\u00f6nnen keine Computerviren verbreiten, andere Daten von der Festplatte Ihres Computers abrufen oder Ihre E-Mail-Adresse erfassen.<\/li>\n<li>Google Analytics: Analyse-Cookies erfassen und verarbeiten Informationen, die in aggregierter Form verwendet werden, um Erkenntnisse \u00fcber Benutzeraktivit\u00e4ten zu gewinnen und den Inhalt und die Funktionalit\u00e4t der Website zu optimieren.<\/li>\n<li>Flash-Cookies: Ein Flash-Cookie ist eine kleine Datendatei, die anhand von Adobe Flash oder einer \u00e4hnlichen Technologie, die in Ihren Computer integriert ist oder von Ihnen auf Ihren Computer heruntergeladen oder darauf installiert wird, auf einem Computer platziert wird. Diese Technologien werden zum Personalisieren und Optimieren Ihrer Online-Erfahrung, zum Vereinfachen von Prozessen und zum Personalisieren und speichern Ihrer Einstellungen verwendet.<\/li>\n<li>Web-Beacons: Ein Web-Beacon ist eine sehr kleine Klarbilddatei, die verwendet wird, um Ihre Navigation innerhalb einer einzelnen Website oder einer Reihe von Websites zu verfolgen. Sie werden bisweilen auch als \u201eWeb-Bugs\u201c oder \u201eClear-Gifs\u201c bezeichnet. Web-Beacons k\u00f6nnen mit Cookies verwendet werden, um Erkenntnisse dar\u00fcber zu erlangen, wie die Benutzer einer Website innerhalb der Website navigieren.<\/li>\n<li>SDKs: SDKs sind Code-Bl\u00f6cke, die von unseren Partnern bereitgestellt werden und in unseren Mobilanwendungen installiert werden k\u00f6nnen. SDKs k\u00f6nnen uns beim Erlangen von Erkenntnissen dar\u00fcber helfen, wie Sie mit unseren Mobilanwendungen interagieren, und erfassen bestimmte Informationen \u00fcber das Ger\u00e4t und das Netzwerk, die zum Zugreifen auf die Anwendung oder die anderen auf Ihrem Ger\u00e4t installierten Anwendungen verwendet werden.<\/li>\n<li>Lokale Speicherung: Lokale Speicherung umfasst HTML5 lokale Speicherung und Browser-Cache. Diese Web-Anwendungen k\u00f6nnen Daten lokal in Ihrem Browser oder auf Ihrem Ger\u00e4t speichern.<\/li>\n<\/ul>\n<h3>Wie kann ich Cookies kontrollieren?<\/h3>\n<p>Sie haben das Recht zu entscheiden, ob Sie Cookies akzeptieren oder ablehnen.<\/p>\n<p>Sie k\u00f6nnen Ihre Internetbrowser-Einstellungen so konfigurieren oder \u00e4ndern, dass Cookies akzeptiert oder abgelehnt werden. Wenn sie sich zum Ablehnen von Cookies entscheiden, k\u00f6nnen Sie weiterhin unsere Website nutzen, aber beachten Sie, dass die Funktionalit\u00e4t der Website m\u00f6glicherweise eingeschr\u00e4nkt oder nicht verf\u00fcgbar ist. Da die Vorgehensweise zum Ablehnen von Cookies \u00fcber die Konfiguration Ihrer Internetbrowser von Browser zu Browser variieren, sollten Sie das Hilfe-Men\u00fc Ihres Browsers aufrufen, um weitere Informationen zu erhalten.<\/p>\n<p>Um mehr \u00fcber Cookies zu erfahren, einschlie\u00dflich der Informationen, welche Cookies platziert wurden und wie man sie verwaltet und l\u00f6scht, k\u00f6nnen Sie folgende Seiten besuchen:<br \/>\n<strong><u><a href=\"https:\/\/www.aboutcookies.org\/\">WWW.ABOUTCOOKIES.ORG<\/a><\/u><\/strong>\u00a0oder\u00a0<strong><u><a href=\"http:\/\/www.allaboutcookies.org\/\">WWW.ALLABOUTCOOKIES.ORG<\/a><\/u><\/strong>.<\/p>\n<p>Um mehr dar\u00fcber zu erfahren, wie Google Analytics Daten erhebt und verarbeitet, und welche M\u00f6glichkeiten Google zur Steuerung dieser Aktivit\u00e4ten anbieten kann, besuchen Sie bitte:<br \/>\n<strong><u><a href=\"https:\/\/www.google.com\/intl\/en\/policies\/privacy\/\">HTTPS:\/\/WWW.GOOGLE.COM\/INTL\/EN\/POLICIES\/PRIVACY\/<\/a><\/u><\/strong>.<\/p>\n<p>Sie k\u00f6nnen Google daran hindern, Ihre Daten zu erheben und zu nutzen (Cookies und IP-Adresse), indem Sie das Browser-Plug-in herunterladen und auf Ihrem PC installieren, das verf\u00fcgbar ist unter:<br \/>\n<strong><u><a href=\"https:\/\/tools.google.com\/dlpage\/gaoptout?hl=en\">HTTPS:\/\/TOOLS.GOOGLE.COM\/DLPAGE\/GAOPTOUT?HL=EN<\/a><\/u><\/strong>.<\/p>\n<p>Weitere Informationen hinsichtlich der Gesch\u00e4ftsbedingungen und Datenschutzrichtlinien von Google finden sich unter:<br \/>\n<strong><u><a href=\"http:\/\/www.google.com\/analytics\/terms\/gb.html\">HTTP:\/\/WWW.GOOGLE.COM\/ANALYTICS\/TERMS\/GB.HTML<\/a><\/u><\/strong>.<\/p>\n<h3>Wie h\u00e4ufig aktualisieren Sie diesen Cookies-Hinweis?<\/h3>\n<p>Wir k\u00f6nnen diesen Cookies-Hinweis von Zeit zu Zeit aktualisieren, um beispielsweise \u00c4nderungen der von uns verwendeten Cookies wiederzugeben oder um anderen operativen, rechtlichen oder regulatorischen Erfordernissen nachzukommen.<\/p>\n<p>Deshalb bitten wir Sie, diesen Cookies-Hinweis regelm\u00e4\u00dfig zu besuchen, um bez\u00fcglich unserer Verwendung von Cookies und \u00e4hnlichen Technologien auf dem neuesten Stand zu bleiben.<\/p>\n<p>Das Datum oben in diesem Cookies-Hinweis gibt an, wann er zum letzten Mal aktualisiert wurde.<\/p>\n<h3>Wo kann ich weitere Informationen erhalten?<\/h3>\n<p>Wenn Sie Fragen \u00fcber unsere Verwendung von Cookies oder anderen Technologien haben, senden Sie uns bitte eine E-Mail unter\u00a0<strong><u><a href=\"mailto:privacy@nuvasive.com\">PRIVACY@NUVASIVE.COM<\/a><\/u><\/strong>.<\/p>\n<p>Wir verwenden Cookies,<br \/>\num die Funktionalit\u00e4t der Website zu optimieren und um Ihnen ein bestm\u00f6gliches Nutzererlebnis zu bieten.<\/p>\n<p>Um mehr \u00fcber Cookies und die M\u00f6glichkeiten, diese Art von Aktivit\u00e4ten zu steuern, zu erfahren, lesen Sie bitte unsere\u00a0<strong><u><a href=\"http:\/\/www.nuvasive.de\/impressum\/cookies-hinweis\/\">COOKIE-HINWEISE<\/a><\/u><\/strong>.<\/p>\n","protected":false},"excerpt":{"rendered":"<p>Wie die meisten anderen Websites und Dienste, verwenden NuVasive und  [&#8230;]<\/p>\n","protected":false},"author":2,"featured_media":0,"parent":0,"menu_order":0,"comment_status":"closed","ping_status":"closed","template":"","meta":{"footnotes":""},"class_list":["post-1569","page","type-page","status-publish","hentry"],"yoast_head":"<!-- This site is optimized with the Yoast SEO plugin v26.7 - https:\/\/yoast.com\/wordpress\/plugins\/seo\/ -->\n<title>REACH YOUR HEIGHT Cookies-Hinweis - Reach Your Height: PRECICE Limb Lengthening System<\/title>\n<meta name=\"robots\" content=\"index, follow, max-snippet:-1, max-image-preview:large, max-video-preview:-1\" \/>\n<link rel=\"canonical\" href=\"https:\/\/www.reachyourheight.com\/de\/reach-your-height-cookies-hinweis\/\" \/>\n<meta property=\"og:locale\" content=\"de_DE\" \/>\n<meta property=\"og:type\" content=\"article\" \/>\n<meta property=\"og:title\" content=\"REACH YOUR HEIGHT Cookies-Hinweis - Reach Your Height: PRECICE Limb Lengthening System\" \/>\n<meta property=\"og:description\" content=\"Wie die meisten anderen Websites und Dienste, verwenden NuVasive und [...]\" \/>\n<meta property=\"og:url\" content=\"https:\/\/www.reachyourheight.com\/de\/reach-your-height-cookies-hinweis\/\" \/>\n<meta property=\"og:site_name\" content=\"Reach Your Height: PRECICE Limb Lengthening System\" \/>\n<meta property=\"article:modified_time\" content=\"2019-09-30T15:07:10+00:00\" \/>\n<meta name=\"twitter:label1\" content=\"Gesch\u00e4tzte Lesezeit\" \/>\n\t<meta name=\"twitter:data1\" content=\"4 Minuten\" \/>\n<script type=\"application\/ld+json\" class=\"yoast-schema-graph\">{\"@context\":\"https:\/\/schema.org\",\"@graph\":[{\"@type\":\"WebPage\",\"@id\":\"https:\/\/www.reachyourheight.com\/de\/reach-your-height-cookies-hinweis\/\",\"url\":\"https:\/\/www.reachyourheight.com\/de\/reach-your-height-cookies-hinweis\/\",\"name\":\"REACH YOUR HEIGHT Cookies-Hinweis - Reach Your Height: PRECICE Limb Lengthening System\",\"isPartOf\":{\"@id\":\"https:\/\/www.reachyourheight.com\/#website\"},\"datePublished\":\"2018-11-02T16:26:40+00:00\",\"dateModified\":\"2019-09-30T15:07:10+00:00\",\"breadcrumb\":{\"@id\":\"https:\/\/www.reachyourheight.com\/de\/reach-your-height-cookies-hinweis\/#breadcrumb\"},\"inLanguage\":\"de-DE\",\"potentialAction\":[{\"@type\":\"ReadAction\",\"target\":[\"https:\/\/www.reachyourheight.com\/de\/reach-your-height-cookies-hinweis\/\"]}]},{\"@type\":\"BreadcrumbList\",\"@id\":\"https:\/\/www.reachyourheight.com\/de\/reach-your-height-cookies-hinweis\/#breadcrumb\",\"itemListElement\":[{\"@type\":\"ListItem\",\"position\":1,\"name\":\"Home\",\"item\":\"https:\/\/www.reachyourheight.com\/de\/\"},{\"@type\":\"ListItem\",\"position\":2,\"name\":\"REACH YOUR HEIGHT Cookies-Hinweis\"}]},{\"@type\":\"WebSite\",\"@id\":\"https:\/\/www.reachyourheight.com\/#website\",\"url\":\"https:\/\/www.reachyourheight.com\/\",\"name\":\"Reach Your Height: PRECICE Limb Lengthening System\",\"description\":\"Reach Your Height: PRECICE Limb Lengthening System\",\"potentialAction\":[{\"@type\":\"SearchAction\",\"target\":{\"@type\":\"EntryPoint\",\"urlTemplate\":\"https:\/\/www.reachyourheight.com\/?s={search_term_string}\"},\"query-input\":{\"@type\":\"PropertyValueSpecification\",\"valueRequired\":true,\"valueName\":\"search_term_string\"}}],\"inLanguage\":\"de-DE\"}]}<\/script>\n<!-- \/ Yoast SEO plugin. -->","yoast_head_json":{"title":"REACH YOUR HEIGHT Cookies-Hinweis - Reach Your Height: PRECICE Limb Lengthening System","robots":{"index":"index","follow":"follow","max-snippet":"max-snippet:-1","max-image-preview":"max-image-preview:large","max-video-preview":"max-video-preview:-1"},"canonical":"https:\/\/www.reachyourheight.com\/de\/reach-your-height-cookies-hinweis\/","og_locale":"de_DE","og_type":"article","og_title":"REACH YOUR HEIGHT Cookies-Hinweis - Reach Your Height: PRECICE Limb Lengthening System","og_description":"Wie die meisten anderen Websites und Dienste, verwenden NuVasive und [...]","og_url":"https:\/\/www.reachyourheight.com\/de\/reach-your-height-cookies-hinweis\/","og_site_name":"Reach Your Height: PRECICE Limb Lengthening System","article_modified_time":"2019-09-30T15:07:10+00:00","twitter_misc":{"Gesch\u00e4tzte Lesezeit":"4 Minuten"},"schema":{"@context":"https:\/\/schema.org","@graph":[{"@type":"WebPage","@id":"https:\/\/www.reachyourheight.com\/de\/reach-your-height-cookies-hinweis\/","url":"https:\/\/www.reachyourheight.com\/de\/reach-your-height-cookies-hinweis\/","name":"REACH YOUR HEIGHT Cookies-Hinweis - Reach Your Height: PRECICE Limb Lengthening System","isPartOf":{"@id":"https:\/\/www.reachyourheight.com\/#website"},"datePublished":"2018-11-02T16:26:40+00:00","dateModified":"2019-09-30T15:07:10+00:00","breadcrumb":{"@id":"https:\/\/www.reachyourheight.com\/de\/reach-your-height-cookies-hinweis\/#breadcrumb"},"inLanguage":"de-DE","potentialAction":[{"@type":"ReadAction","target":["https:\/\/www.reachyourheight.com\/de\/reach-your-height-cookies-hinweis\/"]}]},{"@type":"BreadcrumbList","@id":"https:\/\/www.reachyourheight.com\/de\/reach-your-height-cookies-hinweis\/#breadcrumb","itemListElement":[{"@type":"ListItem","position":1,"name":"Home","item":"https:\/\/www.reachyourheight.com\/de\/"},{"@type":"ListItem","position":2,"name":"REACH YOUR HEIGHT Cookies-Hinweis"}]},{"@type":"WebSite","@id":"https:\/\/www.reachyourheight.com\/#website","url":"https:\/\/www.reachyourheight.com\/","name":"Reach Your Height: PRECICE Limb Lengthening System","description":"Reach Your Height: PRECICE Limb Lengthening System","potentialAction":[{"@type":"SearchAction","target":{"@type":"EntryPoint","urlTemplate":"https:\/\/www.reachyourheight.com\/?s={search_term_string}"},"query-input":{"@type":"PropertyValueSpecification","valueRequired":true,"valueName":"search_term_string"}}],"inLanguage":"de-DE"}]}},"_links":{"self":[{"href":"https:\/\/www.reachyourheight.com\/de\/wp-json\/wp\/v2\/pages\/1569","targetHints":{"allow":["GET"]}}],"collection":[{"href":"https:\/\/www.reachyourheight.com\/de\/wp-json\/wp\/v2\/pages"}],"about":[{"href":"https:\/\/www.reachyourheight.com\/de\/wp-json\/wp\/v2\/types\/page"}],"author":[{"embeddable":true,"href":"https:\/\/www.reachyourheight.com\/de\/wp-json\/wp\/v2\/users\/2"}],"replies":[{"embeddable":true,"href":"https:\/\/www.reachyourheight.com\/de\/wp-json\/wp\/v2\/comments?post=1569"}],"version-history":[{"count":0,"href":"https:\/\/www.reachyourheight.com\/de\/wp-json\/wp\/v2\/pages\/1569\/revisions"}],"wp:attachment":[{"href":"https:\/\/www.reachyourheight.com\/de\/wp-json\/wp\/v2\/media?parent=1569"}],"curies":[{"name":"wp","href":"https:\/\/api.w.org\/{rel}","templated":true}]}}